{"id":1311,"date":"2022-03-08T15:50:02","date_gmt":"2022-03-08T18:50:02","guid":{"rendered":"http:\/\/bohngass.com.br\/?page_id=1311"},"modified":"2022-03-08T15:50:03","modified_gmt":"2022-03-08T18:50:03","slug":"2021-2","status":"publish","type":"page","link":"https:\/\/bohngass.com.br\/?page_id=1311","title":{"rendered":"2021"},"content":{"rendered":"\n<p><a href=\"https:\/\/bohngass.com.br\/?page_id=580\">Janeiro 2021<\/a> &#8211; 9 cita\u00e7\u00f5es<br><a href=\"https:\/\/bohngass.com.br\/?page_id=582\">Fevereiro 2021<\/a> &#8211; 36 cita\u00e7\u00f5es <br><a href=\"https:\/\/bohngass.com.br\/?page_id=584\">Mar\u00e7o 2021<\/a> &#8211; 73 cita\u00e7\u00f5es<br><a href=\"https:\/\/bohngass.com.br\/?page_id=348\">Abril 2021<\/a> &#8211; 83 cita\u00e7\u00f5es<br><a href=\"https:\/\/bohngass.com.br\/?page_id=643\">Maio 2021<\/a> &#8211; 102 cita\u00e7\u00f5es<br><a href=\"https:\/\/bohngass.com.br\/?page_id=751\">Junho 2021<\/a> &#8211; 119 cita\u00e7\u00f5es<br><a href=\"https:\/\/bohngass.com.br\/?page_id=871\">Julho 2021<\/a> &#8211; 80 cita\u00e7\u00f5es<br><a href=\"https:\/\/bohngass.com.br\/?page_id=935\">Agosto 2021<\/a> &#8211; 103 cita\u00e7\u00f5es<br><a href=\"https:\/\/bohngass.com.br\/?page_id=1181\">Setembro 2021<\/a> &#8211; 95 cita\u00e7\u00f5es<br><a href=\"https:\/\/bohngass.com.br\/?page_id=1192\">Outubro 2021<\/a> &#8211; 72 cita\u00e7\u00f5es<br><a href=\"https:\/\/bohngass.com.br\/?page_id=1230\">Novembro 2021<\/a> &#8211; 149 cita\u00e7\u00f5es<br><a href=\"https:\/\/bohngass.com.br\/?page_id=1307\">Dezembro 2021<\/a> &#8211; 90 cita\u00e7\u00f5es<\/p>\n","protected":false},"excerpt":{"rendered":"<p>Janeiro 2021 &#8211; 9 cita\u00e7\u00f5esFevereiro 2021 &#8211; 36 cita\u00e7\u00f5es Mar\u00e7o 2021 &#8211; 73 cita\u00e7\u00f5esAbril 2021 &#8211; 83 cita\u00e7\u00f5esMaio 2021 &#8211; 102 cita\u00e7\u00f5esJunho 2021 &#8211; 119 cita\u00e7\u00f5esJulho 2021 &#8211; 80 cita\u00e7\u00f5esAgosto 2021 &#8211; 103 cita\u00e7\u00f5esSetembro 2021 &#8211; 95 cita\u00e7\u00f5esOutubro 2021 &#8211; 72 cita\u00e7\u00f5esNovembro 2021 &#8211; 149 cita\u00e7\u00f5esDezembro 2021 &#8211; 90 cita\u00e7\u00f5es<\/p>\n","protected":false},"author":1,"featured_media":0,"parent":0,"menu_order":0,"comment_status":"closed","ping_status":"closed","template":"","meta":{"footnotes":""},"class_list":["post-1311","page","type-page","status-publish","hentry"],"yoast_head":"<!-- This site is optimized with the Yoast SEO plugin v22.7 - https:\/\/yoast.com\/wordpress\/plugins\/seo\/ -->\n<title>2021 - Deputado Federal Bohn Gass \u2605 PT\/RS<\/title>\n<meta name=\"robots\" content=\"index, follow, max-snippet:-1, max-image-preview:large, max-video-preview:-1\" \/>\n<link rel=\"canonical\" href=\"https:\/\/bohngass.com.br\/?page_id=1311\" \/>\n<meta property=\"og:locale\" content=\"pt_BR\" \/>\n<meta property=\"og:type\" content=\"article\" \/>\n<meta property=\"og:title\" content=\"2021 - Deputado Federal Bohn Gass \u2605 PT\/RS\" \/>\n<meta property=\"og:description\" content=\"Janeiro 2021 &#8211; 9 cita\u00e7\u00f5esFevereiro 2021 &#8211; 36 cita\u00e7\u00f5es Mar\u00e7o 2021 &#8211; 73 cita\u00e7\u00f5esAbril 2021 &#8211; 83 cita\u00e7\u00f5esMaio 2021 &#8211; 102 cita\u00e7\u00f5esJunho 2021 &#8211; 119 cita\u00e7\u00f5esJulho 2021 &#8211; 80 cita\u00e7\u00f5esAgosto 2021 &#8211; 103 cita\u00e7\u00f5esSetembro 2021 &#8211; 95 cita\u00e7\u00f5esOutubro 2021 &#8211; 72 cita\u00e7\u00f5esNovembro 2021 &#8211; 149 cita\u00e7\u00f5esDezembro 2021 &#8211; 90 cita\u00e7\u00f5es\" \/>\n<meta property=\"og:url\" content=\"https:\/\/bohngass.com.br\/?page_id=1311\" \/>\n<meta property=\"og:site_name\" content=\"Deputado Federal Bohn Gass \u2605 PT\/RS\" \/>\n<meta property=\"article:publisher\" content=\"https:\/\/www.facebook.com\/bohngass13\" \/>\n<meta property=\"article:modified_time\" content=\"2022-03-08T18:50:03+00:00\" \/>\n<meta name=\"twitter:card\" content=\"summary_large_image\" \/>\n<meta name=\"twitter:site\" content=\"@BohnGass\" \/>\n<meta name=\"twitter:label1\" content=\"Est. tempo de leitura\" \/>\n\t<meta name=\"twitter:data1\" content=\"1 minuto\" \/>\n<script type=\"application\/ld+json\" class=\"yoast-schema-graph\">{\"@context\":\"https:\/\/schema.org\",\"@graph\":[{\"@type\":\"WebPage\",\"@id\":\"https:\/\/bohngass.com.br\/?page_id=1311\",\"url\":\"https:\/\/bohngass.com.br\/?page_id=1311\",\"name\":\"2021 - Deputado Federal Bohn Gass \u2605 PT\/RS\",\"isPartOf\":{\"@id\":\"https:\/\/bohngass.com.br\/#website\"},\"datePublished\":\"2022-03-08T18:50:02+00:00\",\"dateModified\":\"2022-03-08T18:50:03+00:00\",\"breadcrumb\":{\"@id\":\"https:\/\/bohngass.com.br\/?page_id=1311#breadcrumb\"},\"inLanguage\":\"pt-BR\",\"potentialAction\":[{\"@type\":\"ReadAction\",\"target\":[\"https:\/\/bohngass.com.br\/?page_id=1311\"]}]},{\"@type\":\"BreadcrumbList\",\"@id\":\"https:\/\/bohngass.com.br\/?page_id=1311#breadcrumb\",\"itemListElement\":[{\"@type\":\"ListItem\",\"position\":1,\"name\":\"In\u00edcio\",\"item\":\"https:\/\/bohngass.com.br\/\"},{\"@type\":\"ListItem\",\"position\":2,\"name\":\"2021\"}]},{\"@type\":\"WebSite\",\"@id\":\"https:\/\/bohngass.com.br\/#website\",\"url\":\"https:\/\/bohngass.com.br\/\",\"name\":\"Deputado Federal Bohn Gass \u2605 PT\/RS\",\"description\":\"Deputado Federal Bohn Gass\",\"publisher\":{\"@id\":\"https:\/\/bohngass.com.br\/#organization\"},\"potentialAction\":[{\"@type\":\"SearchAction\",\"target\":{\"@type\":\"EntryPoint\",\"urlTemplate\":\"https:\/\/bohngass.com.br\/?s={search_term_string}\"},\"query-input\":\"required name=search_term_string\"}],\"inLanguage\":\"pt-BR\"},{\"@type\":\"Organization\",\"@id\":\"https:\/\/bohngass.com.br\/#organization\",\"name\":\"Deputado Bohn Gass\",\"url\":\"https:\/\/bohngass.com.br\/\",\"logo\":{\"@type\":\"ImageObject\",\"inLanguage\":\"pt-BR\",\"@id\":\"https:\/\/bohngass.com.br\/#\/schema\/logo\/image\/\",\"url\":\"http:\/\/bohngass.com.br\/wp-content\/uploads\/2021\/01\/logo.png\",\"contentUrl\":\"http:\/\/bohngass.com.br\/wp-content\/uploads\/2021\/01\/logo.png\",\"width\":357,\"height\":355,\"caption\":\"Deputado Bohn Gass\"},\"image\":{\"@id\":\"https:\/\/bohngass.com.br\/#\/schema\/logo\/image\/\"},\"sameAs\":[\"https:\/\/www.facebook.com\/bohngass13\",\"https:\/\/x.com\/BohnGass\",\"https:\/\/www.instagram.com\/bohn_gass\/\",\"https:\/\/www.youtube.com\/BohnGass13\/\",\"https:\/\/pt.wikipedia.org\/wiki\/Bohn_Gass\"]}]}<\/script>\n<!-- \/ Yoast SEO plugin. -->","yoast_head_json":{"title":"2021 - Deputado Federal Bohn Gass \u2605 PT\/RS","robots":{"index":"index","follow":"follow","max-snippet":"max-snippet:-1","max-image-preview":"max-image-preview:large","max-video-preview":"max-video-preview:-1"},"canonical":"https:\/\/bohngass.com.br\/?page_id=1311","og_locale":"pt_BR","og_type":"article","og_title":"2021 - Deputado Federal Bohn Gass \u2605 PT\/RS","og_description":"Janeiro 2021 &#8211; 9 cita\u00e7\u00f5esFevereiro 2021 &#8211; 36 cita\u00e7\u00f5es Mar\u00e7o 2021 &#8211; 73 cita\u00e7\u00f5esAbril 2021 &#8211; 83 cita\u00e7\u00f5esMaio 2021 &#8211; 102 cita\u00e7\u00f5esJunho 2021 &#8211; 119 cita\u00e7\u00f5esJulho 2021 &#8211; 80 cita\u00e7\u00f5esAgosto 2021 &#8211; 103 cita\u00e7\u00f5esSetembro 2021 &#8211; 95 cita\u00e7\u00f5esOutubro 2021 &#8211; 72 cita\u00e7\u00f5esNovembro 2021 &#8211; 149 cita\u00e7\u00f5esDezembro 2021 &#8211; 90 cita\u00e7\u00f5es","og_url":"https:\/\/bohngass.com.br\/?page_id=1311","og_site_name":"Deputado Federal Bohn Gass \u2605 PT\/RS","article_publisher":"https:\/\/www.facebook.com\/bohngass13","article_modified_time":"2022-03-08T18:50:03+00:00","twitter_card":"summary_large_image","twitter_site":"@BohnGass","twitter_misc":{"Est. tempo de leitura":"1 minuto"},"schema":{"@context":"https:\/\/schema.org","@graph":[{"@type":"WebPage","@id":"https:\/\/bohngass.com.br\/?page_id=1311","url":"https:\/\/bohngass.com.br\/?page_id=1311","name":"2021 - Deputado Federal Bohn Gass \u2605 PT\/RS","isPartOf":{"@id":"https:\/\/bohngass.com.br\/#website"},"datePublished":"2022-03-08T18:50:02+00:00","dateModified":"2022-03-08T18:50:03+00:00","breadcrumb":{"@id":"https:\/\/bohngass.com.br\/?page_id=1311#breadcrumb"},"inLanguage":"pt-BR","potentialAction":[{"@type":"ReadAction","target":["https:\/\/bohngass.com.br\/?page_id=1311"]}]},{"@type":"BreadcrumbList","@id":"https:\/\/bohngass.com.br\/?page_id=1311#breadcrumb","itemListElement":[{"@type":"ListItem","position":1,"name":"In\u00edcio","item":"https:\/\/bohngass.com.br\/"},{"@type":"ListItem","position":2,"name":"2021"}]},{"@type":"WebSite","@id":"https:\/\/bohngass.com.br\/#website","url":"https:\/\/bohngass.com.br\/","name":"Deputado Federal Bohn Gass \u2605 PT\/RS","description":"Deputado Federal Bohn Gass","publisher":{"@id":"https:\/\/bohngass.com.br\/#organization"},"potentialAction":[{"@type":"SearchAction","target":{"@type":"EntryPoint","urlTemplate":"https:\/\/bohngass.com.br\/?s={search_term_string}"},"query-input":"required name=search_term_string"}],"inLanguage":"pt-BR"},{"@type":"Organization","@id":"https:\/\/bohngass.com.br\/#organization","name":"Deputado Bohn Gass","url":"https:\/\/bohngass.com.br\/","logo":{"@type":"ImageObject","inLanguage":"pt-BR","@id":"https:\/\/bohngass.com.br\/#\/schema\/logo\/image\/","url":"http:\/\/bohngass.com.br\/wp-content\/uploads\/2021\/01\/logo.png","contentUrl":"http:\/\/bohngass.com.br\/wp-content\/uploads\/2021\/01\/logo.png","width":357,"height":355,"caption":"Deputado Bohn Gass"},"image":{"@id":"https:\/\/bohngass.com.br\/#\/schema\/logo\/image\/"},"sameAs":["https:\/\/www.facebook.com\/bohngass13","https:\/\/x.com\/BohnGass","https:\/\/www.instagram.com\/bohn_gass\/","https:\/\/www.youtube.com\/BohnGass13\/","https:\/\/pt.wikipedia.org\/wiki\/Bohn_Gass"]}]}},"_links":{"self":[{"href":"https:\/\/bohngass.com.br\/index.php?rest_route=\/wp\/v2\/pages\/1311","targetHints":{"allow":["GET"]}}],"collection":[{"href":"https:\/\/bohngass.com.br\/index.php?rest_route=\/wp\/v2\/pages"}],"about":[{"href":"https:\/\/bohngass.com.br\/index.php?rest_route=\/wp\/v2\/types\/page"}],"author":[{"embeddable":true,"href":"https:\/\/bohngass.com.br\/index.php?rest_route=\/wp\/v2\/users\/1"}],"replies":[{"embeddable":true,"href":"https:\/\/bohngass.com.br\/index.php?rest_route=%2Fwp%2Fv2%2Fcomments&post=1311"}],"version-history":[{"count":0,"href":"https:\/\/bohngass.com.br\/index.php?rest_route=\/wp\/v2\/pages\/1311\/revisions"}],"wp:attachment":[{"href":"https:\/\/bohngass.com.br\/index.php?rest_route=%2Fwp%2Fv2%2Fmedia&parent=1311"}],"curies":[{"name":"wp","href":"https:\/\/api.w.org\/{rel}","templated":true}]}}