{"id":171,"date":"2021-01-19T11:38:24","date_gmt":"2021-01-19T14:38:24","guid":{"rendered":"http:\/\/bohngass.lflr.com.br\/?page_id=171"},"modified":"2023-02-07T15:11:39","modified_gmt":"2023-02-07T18:11:39","slug":"projetos","status":"publish","type":"page","link":"https:\/\/bohngass.com.br\/?page_id=171","title":{"rendered":"Projetos"},"content":{"rendered":"\n<h2 class=\"wp-block-heading\">VIRARAM LEI<\/h2>\n\n\n\n<h4 class=\"wp-block-heading\"><a href=\"https:\/\/bohngass.com.br\/?page_id=2321\">Lei Assis Carvalho I<\/a><\/h4>\n\n\n\n<h4 class=\"wp-block-heading\"><a href=\"https:\/\/bohngass.com.br\/?page_id=2323\">Lei Assis Carvalho II<\/a><\/h4>\n\n\n\n<h4 class=\"wp-block-heading\"><a href=\"https:\/\/bohngass.com.br\/?page_id=2313\">Programa de Prote\u00e7\u00e3o e Promo\u00e7\u00e3o da Sa\u00fade Menstrual<\/a><\/h4>\n\n\n\n<h4 class=\"wp-block-heading\"><a href=\"https:\/\/bohngass.com.br\/?page_id=2319\">Vale G\u00e1s<\/a><\/h4>\n\n\n\n<h2 class=\"wp-block-heading\">EM TRAMITA\u00c7\u00c3O<\/h2>\n\n\n\n<h4 class=\"wp-block-heading\"><a href=\"https:\/\/bohngass.com.br\/?page_id=2251\">Agricultura Familiar na Constitui\u00e7\u00e3o<\/a><\/h4>\n\n\n\n<h4 class=\"wp-block-heading\"><a href=\"https:\/\/bohngass.com.br\/?page_id=2258\">Benef\u00edcio ao bom pagador do Banco da Terra<\/a><\/h4>\n\n\n\n<h4 class=\"wp-block-heading\"><a href=\"https:\/\/bohngass.com.br\/?page_id=2261\">Cidades Sustent\u00e1veis<\/a><\/h4>\n\n\n\n<h4 class=\"wp-block-heading\"><a href=\"https:\/\/bohngass.com.br\/?page_id=2253\">Estabilidade do contrato do agricultor integrado<\/a><\/h4>\n\n\n\n<h4 class=\"wp-block-heading\"><a href=\"https:\/\/bohngass.com.br\/?page_id=2264\">Extens\u00e3o rural como assist\u00eancia social<\/a><\/h4>\n\n\n\n<h4 class=\"wp-block-heading\"><a href=\"https:\/\/bohngass.com.br\/?page_id=321\">Fogos de Artif\u00edcio<\/a><\/h4>\n\n\n\n<h4 class=\"wp-block-heading\"><a href=\"https:\/\/bohngass.com.br\/?page_id=2298\">Isen\u00e7\u00f5es para pagamento de ped\u00e1gio<\/a><\/h4>\n\n\n\n<h4 class=\"wp-block-heading\"><a href=\"https:\/\/bohngass.com.br\/?page_id=2327\">Pens\u00e3o aos dependentes de v\u00edtimas da Covid-19<\/a><\/h4>\n\n\n\n<h4 class=\"wp-block-heading\"><a href=\"https:\/\/bohngass.com.br\/?page_id=2302\">Pol\u00edtica de valoriza\u00e7\u00e3o do sal\u00e1rio m\u00ednimo<\/a><\/h4>\n\n\n\n<h4 class=\"wp-block-heading\"><a href=\"https:\/\/bohngass.com.br\/?page_id=2293\">Pol\u00edtica Nacional de Economia Solid\u00e1ria<\/a><\/h4>\n\n\n\n<h4 class=\"wp-block-heading\"><a href=\"https:\/\/bohngass.com.br\/?page_id=2330\">Pol\u00edtica Nacional de Educa\u00e7\u00e3o do Campo<\/a><\/h4>\n\n\n\n<h4 class=\"wp-block-heading\"><a href=\"https:\/\/bohngass.com.br\/?page_id=2255\">Pro\u00edbe cobran\u00e7a de tarifa banc\u00e1ria de escolas<\/a><\/h4>\n\n\n\n<h4 class=\"wp-block-heading\"><a href=\"https:\/\/bohngass.com.br\/?page_id=315\">&#8220;Queijo Fake&#8221;<\/a><\/h4>\n\n\n\n<h4 class=\"wp-block-heading\"><a href=\"https:\/\/bohngass.com.br\/?page_id=2317\">Regras para desligamento de trabalhadores de aplicativos<\/a><\/h4>\n\n\n\n<h4 class=\"wp-block-heading\"><a href=\"https:\/\/bohngass.com.br\/?page_id=2305\">Rotulagem de Alimento<\/a><\/h4>\n\n\n\n<h4 class=\"wp-block-heading\"><a href=\"https:\/\/bohngass.com.br\/?page_id=2333\">Sistemas Produtivos de Agricultura Urbana<\/a><\/h4>\n\n\n\n<h4 class=\"wp-block-heading\"><a href=\"https:\/\/bohngass.com.br\/?page_id=282\">Territ\u00f3rio Livre de Agrot\u00f3xicos<\/a><\/h4>\n","protected":false},"excerpt":{"rendered":"<p>VIRARAM LEI Lei Assis Carvalho I Lei Assis Carvalho II Programa de Prote\u00e7\u00e3o e Promo\u00e7\u00e3o da Sa\u00fade Menstrual Vale G\u00e1s EM TRAMITA\u00c7\u00c3O Agricultura Familiar na Constitui\u00e7\u00e3o Benef\u00edcio ao bom pagador do Banco da Terra Cidades Sustent\u00e1veis Estabilidade do contrato do agricultor integrado Extens\u00e3o rural como assist\u00eancia social Fogos de Artif\u00edcio Isen\u00e7\u00f5es para pagamento de ped\u00e1gio [&hellip;]<\/p>\n","protected":false},"author":1,"featured_media":0,"parent":0,"menu_order":0,"comment_status":"closed","ping_status":"closed","template":"","meta":{"footnotes":""},"class_list":["post-171","page","type-page","status-publish","hentry"],"yoast_head":"<!-- This site is optimized with the Yoast SEO plugin v22.7 - https:\/\/yoast.com\/wordpress\/plugins\/seo\/ -->\n<title>Projetos - Deputado Federal Bohn Gass \u2605 PT\/RS<\/title>\n<meta name=\"robots\" content=\"index, follow, max-snippet:-1, max-image-preview:large, max-video-preview:-1\" \/>\n<link rel=\"canonical\" href=\"https:\/\/bohngass.com.br\/?page_id=171\" \/>\n<meta property=\"og:locale\" content=\"pt_BR\" \/>\n<meta property=\"og:type\" content=\"article\" \/>\n<meta property=\"og:title\" content=\"Projetos - Deputado Federal Bohn Gass \u2605 PT\/RS\" \/>\n<meta property=\"og:description\" content=\"VIRARAM LEI Lei Assis Carvalho I Lei Assis Carvalho II Programa de Prote\u00e7\u00e3o e Promo\u00e7\u00e3o da Sa\u00fade Menstrual Vale G\u00e1s EM TRAMITA\u00c7\u00c3O Agricultura Familiar na Constitui\u00e7\u00e3o Benef\u00edcio ao bom pagador do Banco da Terra Cidades Sustent\u00e1veis Estabilidade do contrato do agricultor integrado Extens\u00e3o rural como assist\u00eancia social Fogos de Artif\u00edcio Isen\u00e7\u00f5es para pagamento de ped\u00e1gio [&hellip;]\" \/>\n<meta property=\"og:url\" content=\"https:\/\/bohngass.com.br\/?page_id=171\" \/>\n<meta property=\"og:site_name\" content=\"Deputado Federal Bohn Gass \u2605 PT\/RS\" \/>\n<meta property=\"article:publisher\" content=\"https:\/\/www.facebook.com\/bohngass13\" \/>\n<meta property=\"article:modified_time\" content=\"2023-02-07T18:11:39+00:00\" \/>\n<meta name=\"twitter:card\" content=\"summary_large_image\" \/>\n<meta name=\"twitter:site\" content=\"@BohnGass\" \/>\n<meta name=\"twitter:label1\" content=\"Est. tempo de leitura\" \/>\n\t<meta name=\"twitter:data1\" content=\"1 minuto\" \/>\n<script type=\"application\/ld+json\" class=\"yoast-schema-graph\">{\"@context\":\"https:\/\/schema.org\",\"@graph\":[{\"@type\":\"WebPage\",\"@id\":\"https:\/\/bohngass.com.br\/?page_id=171\",\"url\":\"https:\/\/bohngass.com.br\/?page_id=171\",\"name\":\"Projetos - Deputado Federal Bohn Gass \u2605 PT\/RS\",\"isPartOf\":{\"@id\":\"https:\/\/bohngass.com.br\/#website\"},\"datePublished\":\"2021-01-19T14:38:24+00:00\",\"dateModified\":\"2023-02-07T18:11:39+00:00\",\"breadcrumb\":{\"@id\":\"https:\/\/bohngass.com.br\/?page_id=171#breadcrumb\"},\"inLanguage\":\"pt-BR\",\"potentialAction\":[{\"@type\":\"ReadAction\",\"target\":[\"https:\/\/bohngass.com.br\/?page_id=171\"]}]},{\"@type\":\"BreadcrumbList\",\"@id\":\"https:\/\/bohngass.com.br\/?page_id=171#breadcrumb\",\"itemListElement\":[{\"@type\":\"ListItem\",\"position\":1,\"name\":\"In\u00edcio\",\"item\":\"https:\/\/bohngass.com.br\/\"},{\"@type\":\"ListItem\",\"position\":2,\"name\":\"Projetos\"}]},{\"@type\":\"WebSite\",\"@id\":\"https:\/\/bohngass.com.br\/#website\",\"url\":\"https:\/\/bohngass.com.br\/\",\"name\":\"Deputado Federal Bohn Gass \u2605 PT\/RS\",\"description\":\"Deputado Federal Bohn Gass\",\"publisher\":{\"@id\":\"https:\/\/bohngass.com.br\/#organization\"},\"potentialAction\":[{\"@type\":\"SearchAction\",\"target\":{\"@type\":\"EntryPoint\",\"urlTemplate\":\"https:\/\/bohngass.com.br\/?s={search_term_string}\"},\"query-input\":\"required name=search_term_string\"}],\"inLanguage\":\"pt-BR\"},{\"@type\":\"Organization\",\"@id\":\"https:\/\/bohngass.com.br\/#organization\",\"name\":\"Deputado Bohn Gass\",\"url\":\"https:\/\/bohngass.com.br\/\",\"logo\":{\"@type\":\"ImageObject\",\"inLanguage\":\"pt-BR\",\"@id\":\"https:\/\/bohngass.com.br\/#\/schema\/logo\/image\/\",\"url\":\"http:\/\/bohngass.com.br\/wp-content\/uploads\/2021\/01\/logo.png\",\"contentUrl\":\"http:\/\/bohngass.com.br\/wp-content\/uploads\/2021\/01\/logo.png\",\"width\":357,\"height\":355,\"caption\":\"Deputado Bohn Gass\"},\"image\":{\"@id\":\"https:\/\/bohngass.com.br\/#\/schema\/logo\/image\/\"},\"sameAs\":[\"https:\/\/www.facebook.com\/bohngass13\",\"https:\/\/x.com\/BohnGass\",\"https:\/\/www.instagram.com\/bohn_gass\/\",\"https:\/\/www.youtube.com\/BohnGass13\/\",\"https:\/\/pt.wikipedia.org\/wiki\/Bohn_Gass\"]}]}<\/script>\n<!-- \/ Yoast SEO plugin. -->","yoast_head_json":{"title":"Projetos - Deputado Federal Bohn Gass \u2605 PT\/RS","robots":{"index":"index","follow":"follow","max-snippet":"max-snippet:-1","max-image-preview":"max-image-preview:large","max-video-preview":"max-video-preview:-1"},"canonical":"https:\/\/bohngass.com.br\/?page_id=171","og_locale":"pt_BR","og_type":"article","og_title":"Projetos - Deputado Federal Bohn Gass \u2605 PT\/RS","og_description":"VIRARAM LEI Lei Assis Carvalho I Lei Assis Carvalho II Programa de Prote\u00e7\u00e3o e Promo\u00e7\u00e3o da Sa\u00fade Menstrual Vale G\u00e1s EM TRAMITA\u00c7\u00c3O Agricultura Familiar na Constitui\u00e7\u00e3o Benef\u00edcio ao bom pagador do Banco da Terra Cidades Sustent\u00e1veis Estabilidade do contrato do agricultor integrado Extens\u00e3o rural como assist\u00eancia social Fogos de Artif\u00edcio Isen\u00e7\u00f5es para pagamento de ped\u00e1gio [&hellip;]","og_url":"https:\/\/bohngass.com.br\/?page_id=171","og_site_name":"Deputado Federal Bohn Gass \u2605 PT\/RS","article_publisher":"https:\/\/www.facebook.com\/bohngass13","article_modified_time":"2023-02-07T18:11:39+00:00","twitter_card":"summary_large_image","twitter_site":"@BohnGass","twitter_misc":{"Est. tempo de leitura":"1 minuto"},"schema":{"@context":"https:\/\/schema.org","@graph":[{"@type":"WebPage","@id":"https:\/\/bohngass.com.br\/?page_id=171","url":"https:\/\/bohngass.com.br\/?page_id=171","name":"Projetos - Deputado Federal Bohn Gass \u2605 PT\/RS","isPartOf":{"@id":"https:\/\/bohngass.com.br\/#website"},"datePublished":"2021-01-19T14:38:24+00:00","dateModified":"2023-02-07T18:11:39+00:00","breadcrumb":{"@id":"https:\/\/bohngass.com.br\/?page_id=171#breadcrumb"},"inLanguage":"pt-BR","potentialAction":[{"@type":"ReadAction","target":["https:\/\/bohngass.com.br\/?page_id=171"]}]},{"@type":"BreadcrumbList","@id":"https:\/\/bohngass.com.br\/?page_id=171#breadcrumb","itemListElement":[{"@type":"ListItem","position":1,"name":"In\u00edcio","item":"https:\/\/bohngass.com.br\/"},{"@type":"ListItem","position":2,"name":"Projetos"}]},{"@type":"WebSite","@id":"https:\/\/bohngass.com.br\/#website","url":"https:\/\/bohngass.com.br\/","name":"Deputado Federal Bohn Gass \u2605 PT\/RS","description":"Deputado Federal Bohn Gass","publisher":{"@id":"https:\/\/bohngass.com.br\/#organization"},"potentialAction":[{"@type":"SearchAction","target":{"@type":"EntryPoint","urlTemplate":"https:\/\/bohngass.com.br\/?s={search_term_string}"},"query-input":"required name=search_term_string"}],"inLanguage":"pt-BR"},{"@type":"Organization","@id":"https:\/\/bohngass.com.br\/#organization","name":"Deputado Bohn Gass","url":"https:\/\/bohngass.com.br\/","logo":{"@type":"ImageObject","inLanguage":"pt-BR","@id":"https:\/\/bohngass.com.br\/#\/schema\/logo\/image\/","url":"http:\/\/bohngass.com.br\/wp-content\/uploads\/2021\/01\/logo.png","contentUrl":"http:\/\/bohngass.com.br\/wp-content\/uploads\/2021\/01\/logo.png","width":357,"height":355,"caption":"Deputado Bohn Gass"},"image":{"@id":"https:\/\/bohngass.com.br\/#\/schema\/logo\/image\/"},"sameAs":["https:\/\/www.facebook.com\/bohngass13","https:\/\/x.com\/BohnGass","https:\/\/www.instagram.com\/bohn_gass\/","https:\/\/www.youtube.com\/BohnGass13\/","https:\/\/pt.wikipedia.org\/wiki\/Bohn_Gass"]}]}},"_links":{"self":[{"href":"https:\/\/bohngass.com.br\/index.php?rest_route=\/wp\/v2\/pages\/171","targetHints":{"allow":["GET"]}}],"collection":[{"href":"https:\/\/bohngass.com.br\/index.php?rest_route=\/wp\/v2\/pages"}],"about":[{"href":"https:\/\/bohngass.com.br\/index.php?rest_route=\/wp\/v2\/types\/page"}],"author":[{"embeddable":true,"href":"https:\/\/bohngass.com.br\/index.php?rest_route=\/wp\/v2\/users\/1"}],"replies":[{"embeddable":true,"href":"https:\/\/bohngass.com.br\/index.php?rest_route=%2Fwp%2Fv2%2Fcomments&post=171"}],"version-history":[{"count":0,"href":"https:\/\/bohngass.com.br\/index.php?rest_route=\/wp\/v2\/pages\/171\/revisions"}],"wp:attachment":[{"href":"https:\/\/bohngass.com.br\/index.php?rest_route=%2Fwp%2Fv2%2Fmedia&parent=171"}],"curies":[{"name":"wp","href":"https:\/\/api.w.org\/{rel}","templated":true}]}}