{"id":2032,"date":"2022-11-29T16:02:51","date_gmt":"2022-11-29T19:02:51","guid":{"rendered":"http:\/\/bohngass.com.br\/?page_id=2032"},"modified":"2023-12-13T15:50:46","modified_gmt":"2023-12-13T18:50:46","slug":"teste-publicacoes","status":"publish","type":"page","link":"https:\/\/bohngass.com.br\/?page_id=2032","title":{"rendered":"Publica\u00e7\u00f5es do Mandato"},"content":{"rendered":"\n<h2 class=\"wp-block-heading has-text-align-center\"><strong>Brasil no Rumo Certo<\/strong><\/h2>\n\n\n\n<p>Revista da Lideran\u00e7a do PT na C\u00e2mara dos Deputados. A revista \u00e9 dirigida \u00e0s lideran\u00e7as, para ser utilizada junto a nossos dirigentes partid\u00e1rios, de movimentos populares, sociais e sindicais, vereador@s, prefeit@s, candidat@s, parlamentares estaduais etc.<\/p>\n\n\n\n<div class=\"_df_book df-lite\" id=\"df_3203\"  _slug=\"3203\" data-title=\"\" wpoptions=\"true\" thumb=\"https:\/\/bohngass.com.br\/wp-content\/uploads\/2023\/12\/revistapt.png\" thumbtype=\"\" ><\/div><script class=\"df-shortcode-script\" nowprocket type=\"application\/javascript\">window.option_df_3203 = {\"outline\":[],\"autoEnableOutline\":\"false\",\"autoEnableThumbnail\":\"false\",\"overwritePDFOutline\":\"false\",\"direction\":\"1\",\"pageSize\":\"0\",\"source\":\"https:\\\/\\\/bohngass.com.br\\\/wp-content\\\/uploads\\\/2023\\\/12\\\/Matriz_Dezembro-2023-Oficial-Grafica.pdf\",\"wpOptions\":\"true\"}; if(window.DFLIP && window.DFLIP.parseBooks){window.DFLIP.parseBooks();}<\/script>\n\n\n\n<h2 class=\"wp-block-heading has-text-align-center\"><strong>Cartilha Bolsa Fam\u00edlia<\/strong><\/h2>\n\n\n\n<div class=\"_df_book df-lite\" id=\"df_2627\"  _slug=\"2627\" data-title=\"cartilha-bolsa-familia\" wpoptions=\"true\" thumbtype=\"\" ><\/div><script class=\"df-shortcode-script\" nowprocket type=\"application\/javascript\">window.option_df_2627 = {\"outline\":[],\"autoEnableOutline\":\"false\",\"autoEnableThumbnail\":\"false\",\"overwritePDFOutline\":\"false\",\"direction\":\"1\",\"pageSize\":\"0\",\"source\":\"http:\\\/\\\/bohngass.com.br\\\/wp-content\\\/uploads\\\/2023\\\/03\\\/Cartilha_Bolsa_Familia_Interativo.pdf\",\"wpOptions\":\"true\"}; if(window.DFLIP && window.DFLIP.parseBooks){window.DFLIP.parseBooks();}<\/script>\n\n\n\n<h2 class=\"wp-block-heading has-text-align-center\"><strong>Lula, da persegui\u00e7\u00e3o \u00e0 esperan\u00e7a renovada<\/strong><\/h2>\n\n\n\n<h4 class=\"wp-block-heading has-text-align-center\"><strong>Uma Hist\u00f3ria em Quadrinhos<\/strong><\/h4>\n\n\n\n<div class=\"_df_book df-lite\" id=\"df_2036\"  _slug=\"lula-da-perseguicao-a-esperanca-renovada-uma-historia-em-quadrinhos\" data-title=\"lula-da-perseguicao-a-esperanca-renovada-uma-historia-em-quadrinhos\" wpoptions=\"true\" thumb=\"http:\/\/bohngass.com.br\/wp-content\/uploads\/2022\/11\/lula-gibi.png\" thumbtype=\"\" ><\/div><script class=\"df-shortcode-script\" nowprocket type=\"application\/javascript\">window.option_df_2036 = {\"outline\":[],\"autoEnableOutline\":\"false\",\"autoEnableThumbnail\":\"false\",\"overwritePDFOutline\":\"false\",\"direction\":\"1\",\"pageSize\":\"0\",\"source\":\"http:\\\/\\\/bohngass.com.br\\\/wp-content\\\/uploads\\\/2022\\\/11\\\/pt_hq_lula_mini.pdf\",\"wpOptions\":\"true\"}; if(window.DFLIP && window.DFLIP.parseBooks){window.DFLIP.parseBooks();}<\/script><p><\/p>\n\n\n\n<hr class=\"wp-block-separator aligncenter has-alpha-channel-opacity\"\/>\n\n\n\n<h2 class=\"wp-block-heading has-text-align-center\"><strong>Por que Lula \u00e9 inocente e por que tentaram destruir o maior l\u00edder do Brasil<\/strong><\/h2>\n\n\n\n<h4 class=\"wp-block-heading has-text-align-center\"><strong>Como a defesa derrotou a farsa da Lava Jato | As mentiras que envenenaram o pa\u00eds<\/strong><\/h4>\n\n\n\n<div class=\"_df_book df-lite\" id=\"df_2041\"  _slug=\"como-a-defesa-derrotou-a-farsa-da-lava-jato-as-mentiras-que-envenenaram-o-pais\" data-title=\"como-a-defesa-derrotou-a-farsa-da-lava-jato-as-mentiras-que-envenenaram-o-pais\" wpoptions=\"true\" thumb=\"http:\/\/bohngass.com.br\/wp-content\/uploads\/2022\/11\/lula-inocente.png\" thumbtype=\"\" ><\/div><script class=\"df-shortcode-script\" nowprocket type=\"application\/javascript\">window.option_df_2041 = {\"outline\":[],\"autoEnableOutline\":\"false\",\"autoEnableThumbnail\":\"false\",\"overwritePDFOutline\":\"false\",\"direction\":\"1\",\"pageSize\":\"0\",\"source\":\"http:\\\/\\\/bohngass.com.br\\\/wp-content\\\/uploads\\\/2022\\\/11\\\/Memorial-da-Verdade-Versao-Digital.pdf\",\"wpOptions\":\"true\"}; if(window.DFLIP && window.DFLIP.parseBooks){window.DFLIP.parseBooks();}<\/script><p><\/p>\n\n\n\n<hr class=\"wp-block-separator aligncenter has-alpha-channel-opacity\"\/>\n\n\n\n<h2 class=\"wp-block-heading has-text-align-center\"><strong>Precisamos falar sobre impostos<\/strong><\/h2>\n\n\n\n<h2 class=\"wp-block-heading\"><\/h2>\n\n\n\n<div class=\"_df_book df-lite\" id=\"df_2083\"  _slug=\"precisamos-falar-sobre-impostos\" data-title=\"precisamos-falar-sobre-impostos\" wpoptions=\"true\" thumbtype=\"\" ><\/div><script class=\"df-shortcode-script\" nowprocket type=\"application\/javascript\">window.option_df_2083 = {\"outline\":[],\"autoEnableOutline\":\"false\",\"autoEnableThumbnail\":\"false\",\"overwritePDFOutline\":\"false\",\"direction\":\"1\",\"pageSize\":\"0\",\"source\":\"http:\\\/\\\/bohngass.com.br\\\/wp-content\\\/uploads\\\/2022\\\/11\\\/precisamos-falar-sobre-impostos.pdf\",\"wpOptions\":\"true\"}; if(window.DFLIP && window.DFLIP.parseBooks){window.DFLIP.parseBooks();}<\/script>\n\n\n\n<div class=\"wp-block-columns is-layout-flex wp-container-core-columns-is-layout-9d6595d7 wp-block-columns-is-layout-flex\"><\/div>\n","protected":false},"excerpt":{"rendered":"<p>Brasil no Rumo Certo Revista da Lideran\u00e7a do PT na C\u00e2mara dos Deputados. A revista \u00e9 dirigida \u00e0s lideran\u00e7as, para ser utilizada junto a nossos dirigentes partid\u00e1rios, de movimentos populares, sociais e sindicais, vereador@s, prefeit@s, candidat@s, parlamentares estaduais etc. Cartilha Bolsa Fam\u00edlia Lula, da persegui\u00e7\u00e3o \u00e0 esperan\u00e7a renovada Uma Hist\u00f3ria em Quadrinhos Por que Lula [&hellip;]<\/p>\n","protected":false},"author":1,"featured_media":0,"parent":0,"menu_order":0,"comment_status":"closed","ping_status":"closed","template":"","meta":{"footnotes":""},"class_list":["post-2032","page","type-page","status-publish","hentry"],"yoast_head":"<!-- This site is optimized with the Yoast SEO plugin v22.7 - https:\/\/yoast.com\/wordpress\/plugins\/seo\/ -->\n<title>Publica\u00e7\u00f5es do Mandato - Deputado Federal Bohn Gass \u2605 PT\/RS<\/title>\n<meta name=\"robots\" content=\"index, follow, max-snippet:-1, max-image-preview:large, max-video-preview:-1\" \/>\n<link rel=\"canonical\" href=\"https:\/\/bohngass.com.br\/?page_id=2032\" \/>\n<meta property=\"og:locale\" content=\"pt_BR\" \/>\n<meta property=\"og:type\" content=\"article\" \/>\n<meta property=\"og:title\" content=\"Publica\u00e7\u00f5es do Mandato - Deputado Federal Bohn Gass \u2605 PT\/RS\" \/>\n<meta property=\"og:description\" content=\"Brasil no Rumo Certo Revista da Lideran\u00e7a do PT na C\u00e2mara dos Deputados. A revista \u00e9 dirigida \u00e0s lideran\u00e7as, para ser utilizada junto a nossos dirigentes partid\u00e1rios, de movimentos populares, sociais e sindicais, vereador@s, prefeit@s, candidat@s, parlamentares estaduais etc. Cartilha Bolsa Fam\u00edlia Lula, da persegui\u00e7\u00e3o \u00e0 esperan\u00e7a renovada Uma Hist\u00f3ria em Quadrinhos Por que Lula [&hellip;]\" \/>\n<meta property=\"og:url\" content=\"https:\/\/bohngass.com.br\/?page_id=2032\" \/>\n<meta property=\"og:site_name\" content=\"Deputado Federal Bohn Gass \u2605 PT\/RS\" \/>\n<meta property=\"article:publisher\" content=\"https:\/\/www.facebook.com\/bohngass13\" \/>\n<meta property=\"article:modified_time\" content=\"2023-12-13T18:50:46+00:00\" \/>\n<meta name=\"twitter:card\" content=\"summary_large_image\" \/>\n<meta name=\"twitter:site\" content=\"@BohnGass\" \/>\n<meta name=\"twitter:label1\" content=\"Est. tempo de leitura\" \/>\n\t<meta name=\"twitter:data1\" content=\"1 minuto\" \/>\n<script type=\"application\/ld+json\" class=\"yoast-schema-graph\">{\"@context\":\"https:\/\/schema.org\",\"@graph\":[{\"@type\":\"WebPage\",\"@id\":\"https:\/\/bohngass.com.br\/?page_id=2032\",\"url\":\"https:\/\/bohngass.com.br\/?page_id=2032\",\"name\":\"Publica\u00e7\u00f5es do Mandato - Deputado Federal Bohn Gass \u2605 PT\/RS\",\"isPartOf\":{\"@id\":\"https:\/\/bohngass.com.br\/#website\"},\"datePublished\":\"2022-11-29T19:02:51+00:00\",\"dateModified\":\"2023-12-13T18:50:46+00:00\",\"breadcrumb\":{\"@id\":\"https:\/\/bohngass.com.br\/?page_id=2032#breadcrumb\"},\"inLanguage\":\"pt-BR\",\"potentialAction\":[{\"@type\":\"ReadAction\",\"target\":[\"https:\/\/bohngass.com.br\/?page_id=2032\"]}]},{\"@type\":\"BreadcrumbList\",\"@id\":\"https:\/\/bohngass.com.br\/?page_id=2032#breadcrumb\",\"itemListElement\":[{\"@type\":\"ListItem\",\"position\":1,\"name\":\"In\u00edcio\",\"item\":\"https:\/\/bohngass.com.br\/\"},{\"@type\":\"ListItem\",\"position\":2,\"name\":\"Publica\u00e7\u00f5es do Mandato\"}]},{\"@type\":\"WebSite\",\"@id\":\"https:\/\/bohngass.com.br\/#website\",\"url\":\"https:\/\/bohngass.com.br\/\",\"name\":\"Deputado Federal Bohn Gass \u2605 PT\/RS\",\"description\":\"Deputado Federal Bohn Gass\",\"publisher\":{\"@id\":\"https:\/\/bohngass.com.br\/#organization\"},\"potentialAction\":[{\"@type\":\"SearchAction\",\"target\":{\"@type\":\"EntryPoint\",\"urlTemplate\":\"https:\/\/bohngass.com.br\/?s={search_term_string}\"},\"query-input\":\"required name=search_term_string\"}],\"inLanguage\":\"pt-BR\"},{\"@type\":\"Organization\",\"@id\":\"https:\/\/bohngass.com.br\/#organization\",\"name\":\"Deputado Bohn Gass\",\"url\":\"https:\/\/bohngass.com.br\/\",\"logo\":{\"@type\":\"ImageObject\",\"inLanguage\":\"pt-BR\",\"@id\":\"https:\/\/bohngass.com.br\/#\/schema\/logo\/image\/\",\"url\":\"http:\/\/bohngass.com.br\/wp-content\/uploads\/2021\/01\/logo.png\",\"contentUrl\":\"http:\/\/bohngass.com.br\/wp-content\/uploads\/2021\/01\/logo.png\",\"width\":357,\"height\":355,\"caption\":\"Deputado Bohn Gass\"},\"image\":{\"@id\":\"https:\/\/bohngass.com.br\/#\/schema\/logo\/image\/\"},\"sameAs\":[\"https:\/\/www.facebook.com\/bohngass13\",\"https:\/\/x.com\/BohnGass\",\"https:\/\/www.instagram.com\/bohn_gass\/\",\"https:\/\/www.youtube.com\/BohnGass13\/\",\"https:\/\/pt.wikipedia.org\/wiki\/Bohn_Gass\"]}]}<\/script>\n<!-- \/ Yoast SEO plugin. -->","yoast_head_json":{"title":"Publica\u00e7\u00f5es do Mandato - Deputado Federal Bohn Gass \u2605 PT\/RS","robots":{"index":"index","follow":"follow","max-snippet":"max-snippet:-1","max-image-preview":"max-image-preview:large","max-video-preview":"max-video-preview:-1"},"canonical":"https:\/\/bohngass.com.br\/?page_id=2032","og_locale":"pt_BR","og_type":"article","og_title":"Publica\u00e7\u00f5es do Mandato - Deputado Federal Bohn Gass \u2605 PT\/RS","og_description":"Brasil no Rumo Certo Revista da Lideran\u00e7a do PT na C\u00e2mara dos Deputados. A revista \u00e9 dirigida \u00e0s lideran\u00e7as, para ser utilizada junto a nossos dirigentes partid\u00e1rios, de movimentos populares, sociais e sindicais, vereador@s, prefeit@s, candidat@s, parlamentares estaduais etc. Cartilha Bolsa Fam\u00edlia Lula, da persegui\u00e7\u00e3o \u00e0 esperan\u00e7a renovada Uma Hist\u00f3ria em Quadrinhos Por que Lula [&hellip;]","og_url":"https:\/\/bohngass.com.br\/?page_id=2032","og_site_name":"Deputado Federal Bohn Gass \u2605 PT\/RS","article_publisher":"https:\/\/www.facebook.com\/bohngass13","article_modified_time":"2023-12-13T18:50:46+00:00","twitter_card":"summary_large_image","twitter_site":"@BohnGass","twitter_misc":{"Est. tempo de leitura":"1 minuto"},"schema":{"@context":"https:\/\/schema.org","@graph":[{"@type":"WebPage","@id":"https:\/\/bohngass.com.br\/?page_id=2032","url":"https:\/\/bohngass.com.br\/?page_id=2032","name":"Publica\u00e7\u00f5es do Mandato - Deputado Federal Bohn Gass \u2605 PT\/RS","isPartOf":{"@id":"https:\/\/bohngass.com.br\/#website"},"datePublished":"2022-11-29T19:02:51+00:00","dateModified":"2023-12-13T18:50:46+00:00","breadcrumb":{"@id":"https:\/\/bohngass.com.br\/?page_id=2032#breadcrumb"},"inLanguage":"pt-BR","potentialAction":[{"@type":"ReadAction","target":["https:\/\/bohngass.com.br\/?page_id=2032"]}]},{"@type":"BreadcrumbList","@id":"https:\/\/bohngass.com.br\/?page_id=2032#breadcrumb","itemListElement":[{"@type":"ListItem","position":1,"name":"In\u00edcio","item":"https:\/\/bohngass.com.br\/"},{"@type":"ListItem","position":2,"name":"Publica\u00e7\u00f5es do Mandato"}]},{"@type":"WebSite","@id":"https:\/\/bohngass.com.br\/#website","url":"https:\/\/bohngass.com.br\/","name":"Deputado Federal Bohn Gass \u2605 PT\/RS","description":"Deputado Federal Bohn Gass","publisher":{"@id":"https:\/\/bohngass.com.br\/#organization"},"potentialAction":[{"@type":"SearchAction","target":{"@type":"EntryPoint","urlTemplate":"https:\/\/bohngass.com.br\/?s={search_term_string}"},"query-input":"required name=search_term_string"}],"inLanguage":"pt-BR"},{"@type":"Organization","@id":"https:\/\/bohngass.com.br\/#organization","name":"Deputado Bohn Gass","url":"https:\/\/bohngass.com.br\/","logo":{"@type":"ImageObject","inLanguage":"pt-BR","@id":"https:\/\/bohngass.com.br\/#\/schema\/logo\/image\/","url":"http:\/\/bohngass.com.br\/wp-content\/uploads\/2021\/01\/logo.png","contentUrl":"http:\/\/bohngass.com.br\/wp-content\/uploads\/2021\/01\/logo.png","width":357,"height":355,"caption":"Deputado Bohn Gass"},"image":{"@id":"https:\/\/bohngass.com.br\/#\/schema\/logo\/image\/"},"sameAs":["https:\/\/www.facebook.com\/bohngass13","https:\/\/x.com\/BohnGass","https:\/\/www.instagram.com\/bohn_gass\/","https:\/\/www.youtube.com\/BohnGass13\/","https:\/\/pt.wikipedia.org\/wiki\/Bohn_Gass"]}]}},"_links":{"self":[{"href":"https:\/\/bohngass.com.br\/index.php?rest_route=\/wp\/v2\/pages\/2032","targetHints":{"allow":["GET"]}}],"collection":[{"href":"https:\/\/bohngass.com.br\/index.php?rest_route=\/wp\/v2\/pages"}],"about":[{"href":"https:\/\/bohngass.com.br\/index.php?rest_route=\/wp\/v2\/types\/page"}],"author":[{"embeddable":true,"href":"https:\/\/bohngass.com.br\/index.php?rest_route=\/wp\/v2\/users\/1"}],"replies":[{"embeddable":true,"href":"https:\/\/bohngass.com.br\/index.php?rest_route=%2Fwp%2Fv2%2Fcomments&post=2032"}],"version-history":[{"count":0,"href":"https:\/\/bohngass.com.br\/index.php?rest_route=\/wp\/v2\/pages\/2032\/revisions"}],"wp:attachment":[{"href":"https:\/\/bohngass.com.br\/index.php?rest_route=%2Fwp%2Fv2%2Fmedia&parent=2032"}],"curies":[{"name":"wp","href":"https:\/\/api.w.org\/{rel}","templated":true}]}}