{"id":2251,"date":"2023-02-01T15:36:45","date_gmt":"2023-02-01T18:36:45","guid":{"rendered":"http:\/\/bohngass.com.br\/?page_id=2251"},"modified":"2023-02-02T10:15:10","modified_gmt":"2023-02-02T13:15:10","slug":"agricultura-familiar-na-constituicao","status":"publish","type":"page","link":"https:\/\/bohngass.com.br\/?page_id=2251","title":{"rendered":"Agricultura Familiar na Constitui\u00e7\u00e3o"},"content":{"rendered":"\n<p><strong>PEC 356\/2017<\/strong> &#8211; Insere na Constitui\u00e7\u00e3o Federal a garantia de formula\u00e7\u00e3o de pol\u00edticas espec\u00edficas para a agricultura familiar<\/p>\n\n\n\n<p><strong>Ementa<\/strong>: Inclui par\u00e1grafo 3\u00ba no Art. 187 na Constitui\u00e7\u00e3o Federal, para assegurar a formula\u00e7\u00e3o de pol\u00edticas especificas para a agricultura familiar.<\/p>\n\n\n\n<h2 class=\"wp-block-heading\"><strong>Situa\u00e7\u00e3o:<\/strong> <\/h2>\n\n\n\n<p>Apensada \u00e0 PEC 338\/2013<\/p>\n\n\n\n<p><strong>Comiss\u00e3o de Constitui\u00e7\u00e3o e Justi\u00e7a:<\/strong> Aguardando relator para admissibilidade<\/p>\n\n\n\n<div class=\"wp-block-buttons is-layout-flex wp-block-buttons-is-layout-flex\">\n<div class=\"wp-block-button\"><a class=\"wp-block-button__link wp-element-button\" href=\"https:\/\/www.camara.leg.br\/propostas-legislativas\/598955\">Acesse aqui a p\u00e1gina da mat\u00e9ria<\/a><\/div>\n<\/div>\n\n\n\n<h2 class=\"wp-block-heading\"><strong>\u00a0<\/strong><\/h2>\n\n\n\n<h2 class=\"wp-block-heading\"><strong>Justificativa:<\/strong><\/h2>\n\n\n\n<p>A agricultura familiar constitui-se um segmento social no campo brasileiro, que abarca mais de 4,4 milh\u00f5es de estabelecimentos rurais. A este contingente, acrescenta-se ainda, os pescadores e aquicultores, extrativistas, povos e comunidades tradicionais, o que amplia o seu escopo e sua import\u00e2ncia estrat\u00e9gica para o pa\u00eds. Em todas as regi\u00f5es e biomas, encontram-se agricultores familiares, com sua produ\u00e7\u00e3o diversificada, suas express\u00f5es culturais e religiosas e a presta\u00e7\u00e3o de servi\u00e7os como a gastronomia e o turismo rural. \u00c9 a multifuncionalidade da agricultura familiar, que lhe permite o dinamismo econ\u00f4mico e a capacidade de adapta\u00e7\u00e3o a diferentes conjunturas sociais, pol\u00edticas e econ\u00f4micas.&nbsp;<\/p>\n\n\n\n<p>Agricultores familiares produzem alimentos para consumo direto da popula\u00e7\u00e3o, utilizando predominante da m\u00e3o de obra dos membros da fam\u00edlia, com autogest\u00e3o do estabelecimento ou do grupamento de fam\u00edlias e pessoas, gerando renda majoritariamente das atividades desenvolvidas na sua unidade de produ\u00e7\u00e3o. Este universo \u00e9 revelado para o conjunto da sociedade brasileira, por meio dos alimentos que s\u00e3o a marca da produ\u00e7\u00e3o familiar, como hortali\u00e7as, l\u00e1cteos de diferentes tipos,&nbsp; diferentes queijos, a variedade de doces e compotas, farinhas de todos os tipos, bebidas t\u00edpicas como a cacha\u00e7a, os embutidos e defumados de carnes, e tamb\u00e9m por meio dos artesanatos, ricos em express\u00f5es art\u00edsticas e culturais, al\u00e9m dos incont\u00e1veis roteiros tur\u00edsticos existentes no Brasil, que tem na agricultura familiar, a base para seu desenvolvimento.&nbsp;<\/p>\n\n\n\n<p>Portanto, as pol\u00edticas p\u00fablicas para a agricultura familiar, precisam ser elaboradas a partir deste universo e com a representatividade que lhe \u00e9 conferida. O mosaico de situa\u00e7\u00f5es exige reflex\u00e3o, planejamento, vis\u00e3o de futuro e acima de tudo, respeito as suas caracter\u00edsticas.<\/p>\n\n\n\n<p>A Constitui\u00e7\u00e3o Federal, que em 1988 conferiu a diversos segmentos da sociedade brasileira, avan\u00e7os pol\u00edticos e visibilidade, mas n\u00e3o tratou da agricultura familiar com a devida pertin\u00eancia, mantendo-a inserida no rol de \u201cprodutores\u201d. Os produtores rurais n\u00e3o s\u00e3o iguais em suas caracter\u00edsticas. Ent\u00e3o as pol\u00edticas p\u00fablicas precisam verificar esta condi\u00e7\u00e3o e aprofundar sua formula\u00e7\u00e3o para dar conta das diferentes demandas impostas por cada segmento. Muito se fez pela agricultura familiar nas primeiras d\u00e9cadas dos anos 2000, com pol\u00edticas p\u00fablicas de financiamento e seguro da produ\u00e7\u00e3o, comercializa\u00e7\u00e3o, assist\u00eancia t\u00e9cnica e extens\u00e3o rural, desenvolvimento territorial, de inclus\u00e3o para a juventude rural, para a igualdade de g\u00eanero, ra\u00e7a e etnia. Mas resta uma evolu\u00e7\u00e3o a ser concebida: a sua cita\u00e7\u00e3o e reconhecimento na Carta Magna. \u00c9 a agricultura familiar que responde pelos alimentos na mesa dos brasileiros e merece o devido destaque na carta maior da nossa legisla\u00e7\u00e3o. Por isto, conto com o apoio dos nobres pares, para que esta proposi\u00e7\u00e3o avance e permita dar aos agricultores familiares deste pa\u00eds, o reconhecimento na Constitui\u00e7\u00e3o Federal, que j\u00e1 \u00e9 consagrado pela popula\u00e7\u00e3o brasileira.<\/p>\n","protected":false},"excerpt":{"rendered":"<p>PEC 356\/2017 &#8211; Insere na Constitui\u00e7\u00e3o Federal a garantia de formula\u00e7\u00e3o de pol\u00edticas espec\u00edficas para a agricultura familiar Ementa: Inclui par\u00e1grafo 3\u00ba no Art. 187 na Constitui\u00e7\u00e3o Federal, para assegurar a formula\u00e7\u00e3o de pol\u00edticas especificas para a agricultura familiar. Situa\u00e7\u00e3o: Apensada \u00e0 PEC 338\/2013 Comiss\u00e3o de Constitui\u00e7\u00e3o e Justi\u00e7a: Aguardando relator para admissibilidade \u00a0 Justificativa: [&hellip;]<\/p>\n","protected":false},"author":1,"featured_media":0,"parent":0,"menu_order":0,"comment_status":"closed","ping_status":"closed","template":"","meta":{"footnotes":""},"class_list":["post-2251","page","type-page","status-publish","hentry"],"yoast_head":"<!-- This site is optimized with the Yoast SEO plugin v22.7 - https:\/\/yoast.com\/wordpress\/plugins\/seo\/ -->\n<title>Agricultura Familiar na Constitui\u00e7\u00e3o - Deputado Federal Bohn Gass \u2605 PT\/RS<\/title>\n<meta name=\"robots\" content=\"index, follow, max-snippet:-1, max-image-preview:large, max-video-preview:-1\" \/>\n<link rel=\"canonical\" href=\"https:\/\/bohngass.com.br\/?page_id=2251\" \/>\n<meta property=\"og:locale\" content=\"pt_BR\" \/>\n<meta property=\"og:type\" content=\"article\" \/>\n<meta property=\"og:title\" content=\"Agricultura Familiar na Constitui\u00e7\u00e3o - Deputado Federal Bohn Gass \u2605 PT\/RS\" \/>\n<meta property=\"og:description\" content=\"PEC 356\/2017 &#8211; Insere na Constitui\u00e7\u00e3o Federal a garantia de formula\u00e7\u00e3o de pol\u00edticas espec\u00edficas para a agricultura familiar Ementa: Inclui par\u00e1grafo 3\u00ba no Art. 187 na Constitui\u00e7\u00e3o Federal, para assegurar a formula\u00e7\u00e3o de pol\u00edticas especificas para a agricultura familiar. Situa\u00e7\u00e3o: Apensada \u00e0 PEC 338\/2013 Comiss\u00e3o de Constitui\u00e7\u00e3o e Justi\u00e7a: Aguardando relator para admissibilidade \u00a0 Justificativa: [&hellip;]\" \/>\n<meta property=\"og:url\" content=\"https:\/\/bohngass.com.br\/?page_id=2251\" \/>\n<meta property=\"og:site_name\" content=\"Deputado Federal Bohn Gass \u2605 PT\/RS\" \/>\n<meta property=\"article:publisher\" content=\"https:\/\/www.facebook.com\/bohngass13\" \/>\n<meta property=\"article:modified_time\" content=\"2023-02-02T13:15:10+00:00\" \/>\n<meta name=\"twitter:card\" content=\"summary_large_image\" \/>\n<meta name=\"twitter:site\" content=\"@BohnGass\" \/>\n<meta name=\"twitter:label1\" content=\"Est. tempo de leitura\" \/>\n\t<meta name=\"twitter:data1\" content=\"3 minutos\" \/>\n<script type=\"application\/ld+json\" class=\"yoast-schema-graph\">{\"@context\":\"https:\/\/schema.org\",\"@graph\":[{\"@type\":\"WebPage\",\"@id\":\"https:\/\/bohngass.com.br\/?page_id=2251\",\"url\":\"https:\/\/bohngass.com.br\/?page_id=2251\",\"name\":\"Agricultura Familiar na Constitui\u00e7\u00e3o - Deputado Federal Bohn Gass \u2605 PT\/RS\",\"isPartOf\":{\"@id\":\"https:\/\/bohngass.com.br\/#website\"},\"datePublished\":\"2023-02-01T18:36:45+00:00\",\"dateModified\":\"2023-02-02T13:15:10+00:00\",\"breadcrumb\":{\"@id\":\"https:\/\/bohngass.com.br\/?page_id=2251#breadcrumb\"},\"inLanguage\":\"pt-BR\",\"potentialAction\":[{\"@type\":\"ReadAction\",\"target\":[\"https:\/\/bohngass.com.br\/?page_id=2251\"]}]},{\"@type\":\"BreadcrumbList\",\"@id\":\"https:\/\/bohngass.com.br\/?page_id=2251#breadcrumb\",\"itemListElement\":[{\"@type\":\"ListItem\",\"position\":1,\"name\":\"In\u00edcio\",\"item\":\"https:\/\/bohngass.com.br\/\"},{\"@type\":\"ListItem\",\"position\":2,\"name\":\"Agricultura Familiar na Constitui\u00e7\u00e3o\"}]},{\"@type\":\"WebSite\",\"@id\":\"https:\/\/bohngass.com.br\/#website\",\"url\":\"https:\/\/bohngass.com.br\/\",\"name\":\"Deputado Federal Bohn Gass \u2605 PT\/RS\",\"description\":\"Deputado Federal Bohn Gass\",\"publisher\":{\"@id\":\"https:\/\/bohngass.com.br\/#organization\"},\"potentialAction\":[{\"@type\":\"SearchAction\",\"target\":{\"@type\":\"EntryPoint\",\"urlTemplate\":\"https:\/\/bohngass.com.br\/?s={search_term_string}\"},\"query-input\":\"required name=search_term_string\"}],\"inLanguage\":\"pt-BR\"},{\"@type\":\"Organization\",\"@id\":\"https:\/\/bohngass.com.br\/#organization\",\"name\":\"Deputado Bohn Gass\",\"url\":\"https:\/\/bohngass.com.br\/\",\"logo\":{\"@type\":\"ImageObject\",\"inLanguage\":\"pt-BR\",\"@id\":\"https:\/\/bohngass.com.br\/#\/schema\/logo\/image\/\",\"url\":\"http:\/\/bohngass.com.br\/wp-content\/uploads\/2021\/01\/logo.png\",\"contentUrl\":\"http:\/\/bohngass.com.br\/wp-content\/uploads\/2021\/01\/logo.png\",\"width\":357,\"height\":355,\"caption\":\"Deputado Bohn Gass\"},\"image\":{\"@id\":\"https:\/\/bohngass.com.br\/#\/schema\/logo\/image\/\"},\"sameAs\":[\"https:\/\/www.facebook.com\/bohngass13\",\"https:\/\/x.com\/BohnGass\",\"https:\/\/www.instagram.com\/bohn_gass\/\",\"https:\/\/www.youtube.com\/BohnGass13\/\",\"https:\/\/pt.wikipedia.org\/wiki\/Bohn_Gass\"]}]}<\/script>\n<!-- \/ Yoast SEO plugin. -->","yoast_head_json":{"title":"Agricultura Familiar na Constitui\u00e7\u00e3o - Deputado Federal Bohn Gass \u2605 PT\/RS","robots":{"index":"index","follow":"follow","max-snippet":"max-snippet:-1","max-image-preview":"max-image-preview:large","max-video-preview":"max-video-preview:-1"},"canonical":"https:\/\/bohngass.com.br\/?page_id=2251","og_locale":"pt_BR","og_type":"article","og_title":"Agricultura Familiar na Constitui\u00e7\u00e3o - Deputado Federal Bohn Gass \u2605 PT\/RS","og_description":"PEC 356\/2017 &#8211; Insere na Constitui\u00e7\u00e3o Federal a garantia de formula\u00e7\u00e3o de pol\u00edticas espec\u00edficas para a agricultura familiar Ementa: Inclui par\u00e1grafo 3\u00ba no Art. 187 na Constitui\u00e7\u00e3o Federal, para assegurar a formula\u00e7\u00e3o de pol\u00edticas especificas para a agricultura familiar. Situa\u00e7\u00e3o: Apensada \u00e0 PEC 338\/2013 Comiss\u00e3o de Constitui\u00e7\u00e3o e Justi\u00e7a: Aguardando relator para admissibilidade \u00a0 Justificativa: [&hellip;]","og_url":"https:\/\/bohngass.com.br\/?page_id=2251","og_site_name":"Deputado Federal Bohn Gass \u2605 PT\/RS","article_publisher":"https:\/\/www.facebook.com\/bohngass13","article_modified_time":"2023-02-02T13:15:10+00:00","twitter_card":"summary_large_image","twitter_site":"@BohnGass","twitter_misc":{"Est. tempo de leitura":"3 minutos"},"schema":{"@context":"https:\/\/schema.org","@graph":[{"@type":"WebPage","@id":"https:\/\/bohngass.com.br\/?page_id=2251","url":"https:\/\/bohngass.com.br\/?page_id=2251","name":"Agricultura Familiar na Constitui\u00e7\u00e3o - Deputado Federal Bohn Gass \u2605 PT\/RS","isPartOf":{"@id":"https:\/\/bohngass.com.br\/#website"},"datePublished":"2023-02-01T18:36:45+00:00","dateModified":"2023-02-02T13:15:10+00:00","breadcrumb":{"@id":"https:\/\/bohngass.com.br\/?page_id=2251#breadcrumb"},"inLanguage":"pt-BR","potentialAction":[{"@type":"ReadAction","target":["https:\/\/bohngass.com.br\/?page_id=2251"]}]},{"@type":"BreadcrumbList","@id":"https:\/\/bohngass.com.br\/?page_id=2251#breadcrumb","itemListElement":[{"@type":"ListItem","position":1,"name":"In\u00edcio","item":"https:\/\/bohngass.com.br\/"},{"@type":"ListItem","position":2,"name":"Agricultura Familiar na Constitui\u00e7\u00e3o"}]},{"@type":"WebSite","@id":"https:\/\/bohngass.com.br\/#website","url":"https:\/\/bohngass.com.br\/","name":"Deputado Federal Bohn Gass \u2605 PT\/RS","description":"Deputado Federal Bohn Gass","publisher":{"@id":"https:\/\/bohngass.com.br\/#organization"},"potentialAction":[{"@type":"SearchAction","target":{"@type":"EntryPoint","urlTemplate":"https:\/\/bohngass.com.br\/?s={search_term_string}"},"query-input":"required name=search_term_string"}],"inLanguage":"pt-BR"},{"@type":"Organization","@id":"https:\/\/bohngass.com.br\/#organization","name":"Deputado Bohn Gass","url":"https:\/\/bohngass.com.br\/","logo":{"@type":"ImageObject","inLanguage":"pt-BR","@id":"https:\/\/bohngass.com.br\/#\/schema\/logo\/image\/","url":"http:\/\/bohngass.com.br\/wp-content\/uploads\/2021\/01\/logo.png","contentUrl":"http:\/\/bohngass.com.br\/wp-content\/uploads\/2021\/01\/logo.png","width":357,"height":355,"caption":"Deputado Bohn Gass"},"image":{"@id":"https:\/\/bohngass.com.br\/#\/schema\/logo\/image\/"},"sameAs":["https:\/\/www.facebook.com\/bohngass13","https:\/\/x.com\/BohnGass","https:\/\/www.instagram.com\/bohn_gass\/","https:\/\/www.youtube.com\/BohnGass13\/","https:\/\/pt.wikipedia.org\/wiki\/Bohn_Gass"]}]}},"_links":{"self":[{"href":"https:\/\/bohngass.com.br\/index.php?rest_route=\/wp\/v2\/pages\/2251","targetHints":{"allow":["GET"]}}],"collection":[{"href":"https:\/\/bohngass.com.br\/index.php?rest_route=\/wp\/v2\/pages"}],"about":[{"href":"https:\/\/bohngass.com.br\/index.php?rest_route=\/wp\/v2\/types\/page"}],"author":[{"embeddable":true,"href":"https:\/\/bohngass.com.br\/index.php?rest_route=\/wp\/v2\/users\/1"}],"replies":[{"embeddable":true,"href":"https:\/\/bohngass.com.br\/index.php?rest_route=%2Fwp%2Fv2%2Fcomments&post=2251"}],"version-history":[{"count":0,"href":"https:\/\/bohngass.com.br\/index.php?rest_route=\/wp\/v2\/pages\/2251\/revisions"}],"wp:attachment":[{"href":"https:\/\/bohngass.com.br\/index.php?rest_route=%2Fwp%2Fv2%2Fmedia&parent=2251"}],"curies":[{"name":"wp","href":"https:\/\/api.w.org\/{rel}","templated":true}]}}