{"id":2253,"date":"2023-02-01T15:39:27","date_gmt":"2023-02-01T18:39:27","guid":{"rendered":"http:\/\/bohngass.com.br\/?page_id=2253"},"modified":"2023-02-02T10:26:23","modified_gmt":"2023-02-02T13:26:23","slug":"estabilidade-do-contrato-do-agricultor-integrado","status":"publish","type":"page","link":"https:\/\/bohngass.com.br\/?page_id=2253","title":{"rendered":"Estabilidade do contrato do agricultor integrado"},"content":{"rendered":"\n<p><strong>PL 8311\/2017<\/strong> &#8211; Garante que o produtor integrado que fizer parte dos \u00f3rg\u00e3os de negocia\u00e7\u00e3o entre produtores e empresas n\u00e3o poder\u00e3o ter altera\u00e7\u00e3o unilateral de seus contratos durante a dura\u00e7\u00e3o de seus mandatos e at\u00e9 um ano ap\u00f3s.<\/p>\n\n\n\n<p><strong>Ementa<\/strong>: Inclui os par\u00e1grafos 6\u00ba e 7\u00ba no art. 6\u00ba da Lei n.\u00ba 13.288, de 16 de maio de 2016, que &#8220;disp\u00f5e sobre os contratos de integra\u00e7\u00e3o, obriga\u00e7\u00f5es e responsabilidades nas rela\u00e7\u00f5es contratuais entre produtores integrados e integradores, e d\u00e1 outras provid\u00eancias&#8221;.<\/p>\n\n\n\n<h2 class=\"wp-block-heading\"><strong>Situa\u00e7\u00e3o:<\/strong>&nbsp; <\/h2>\n\n\n\n<p><strong>COMISS\u00c3O DE AGRICULTURA, PECU\u00c1RIA, ABASTECIMENTO E DESENVOLVIMENTO RURAL<\/strong><\/p>\n\n\n\n<p>Rejeitada em 06\/12\/2017<a href=\"https:\/\/www.camara.leg.br\/proposicoesWeb\/prop_mostrarintegra?codteor=1623578\"><\/a><\/p>\n\n\n\n<p>Parecer do Relator, Dep. Valdir Colatto (PMDB-SC), pela rejei\u00e7\u00e3o.<\/p>\n\n\n\n<p><strong>COMISS\u00c3O DE DESENVOLVIMENTO ECON\u00d4MICO, IND\u00daSTRIA, COM\u00c9RCIO E SERVI\u00c7OS<\/strong><\/p>\n\n\n\n<p>Aprovada com altera\u00e7\u00f5es em 14\/12\/2022<a href=\"https:\/\/www.camara.leg.br\/proposicoesWeb\/prop_mostrarintegra?codteor=2221858\"><\/a><\/p>\n\n\n\n<p>Parecer do Relator, Dep. Bosco Saraiva (SOLIDARI-AM), pela aprova\u00e7\u00e3o, com Substitutivo.<\/p>\n\n\n\n<p><strong>COMISS\u00c3O DE CONSTITUI\u00c7\u00c3O E JUSTI\u00c7A E DE CIDADANIA<\/strong><\/p>\n\n\n\n<p>Aguardando Designa\u00e7\u00e3o de Relator<\/p>\n\n\n\n<div class=\"wp-block-buttons is-layout-flex wp-block-buttons-is-layout-flex\">\n<div class=\"wp-block-button\"><a class=\"wp-block-button__link wp-element-button\" href=\"https:\/\/www.camara.leg.br\/propostas-legislativas\/2148157\">Acesse aqui a p\u00e1gina da mat\u00e9ria<\/a><\/div>\n<\/div>\n\n\n\n<p><\/p>\n\n\n\n<h2 class=\"wp-block-heading\"><strong>Justificativa<\/strong><\/h2>\n\n\n\n<p>O prop\u00f3sito do PL 8311\/2017 \u00e9 garantir aos representantes dos produtores, membros das Comiss\u00f5es de Acompanhamento, Desenvolvimento e Concilia\u00e7\u00e3o da Integra\u00e7\u00e3o (Cadecs) e do F\u00f3rum Nacional de Integra\u00e7\u00e3o (FONIAGRO), condi\u00e7\u00f5es para o pleno e livre exerc\u00edcio da representa\u00e7\u00e3o dos interesses da categoria dos produtores integrados. A pr\u00e1tica demonstra a exist\u00eancia de algumas \u201cretalia\u00e7\u00f5es\u201d a esses representantes por parte das empresas integradoras. Como forma de evitar que ocorram retalia\u00e7\u00f5es das pessoas que est\u00e3o exercendo a representa\u00e7\u00e3o por parte dos produtores prop\u00f5e-se a inclus\u00e3o dos par\u00e1grafos 6\u00ba e 7\u00ba no art. 6\u00ba da Lei 13.288, de 16 de maio de 2016.&nbsp;<\/p>\n\n\n\n<p>O par\u00e1grafo 6\u00ba veda a realiza\u00e7\u00e3o unilateral de ajustes financeiros, econ\u00f4micos ou comerciais por parte das empresas com as quais mantenham contratos de integra\u00e7\u00e3o, durante o exerc\u00edcio dos respectivos mandatos e at\u00e9 um ano ap\u00f3s a extin\u00e7\u00e3o dos mesmos.&nbsp;<\/p>\n\n\n\n<p>O par\u00e1grafo 7\u00ba prev\u00ea san\u00e7\u00e3o \u00e0s eventuais empresas infratoras. \u00c9 uma medida coercitiva e protetiva necess\u00e1ria para coibir a realiza\u00e7\u00e3o de pr\u00e1ticas que possam prejudicar ou retaliar quem exerce esse tipo de fun\u00e7\u00e3o.&nbsp;<\/p>\n\n\n\n<p>Numa sociedade democr\u00e1tica pressup\u00f5e o livre direito de organiza\u00e7\u00e3o sindical sem a ocorr\u00eancia de pr\u00e1ticas retaliat\u00f3rias. Acredita-se que com a inclus\u00e3o desses par\u00e1grafos se garantir\u00e1 um maior equil\u00edbrio nas rela\u00e7\u00f5es contratuais entre produtores integrados e integradores.<\/p>\n\n\n\n<iframe loading=\"lazy\" width=\"560\" height=\"315\" src=\"https:\/\/www.youtube.com\/embed\/HP2v8kDkPAM\" title=\"YouTube video player\" frameborder=\"0\" allow=\"accelerometer; autoplay; clipboard-write; encrypted-media; gyroscope; picture-in-picture; web-share\" allowfullscreen=\"\"><\/iframe>\n","protected":false},"excerpt":{"rendered":"<p>PL 8311\/2017 &#8211; Garante que o produtor integrado que fizer parte dos \u00f3rg\u00e3os de negocia\u00e7\u00e3o entre produtores e empresas n\u00e3o poder\u00e3o ter altera\u00e7\u00e3o unilateral de seus contratos durante a dura\u00e7\u00e3o de seus mandatos e at\u00e9 um ano ap\u00f3s. Ementa: Inclui os par\u00e1grafos 6\u00ba e 7\u00ba no art. 6\u00ba da Lei n.\u00ba 13.288, de 16 de [&hellip;]<\/p>\n","protected":false},"author":1,"featured_media":0,"parent":0,"menu_order":0,"comment_status":"closed","ping_status":"closed","template":"","meta":{"footnotes":""},"class_list":["post-2253","page","type-page","status-publish","hentry"],"yoast_head":"<!-- This site is optimized with the Yoast SEO plugin v22.7 - https:\/\/yoast.com\/wordpress\/plugins\/seo\/ -->\n<title>Estabilidade do contrato do agricultor integrado - Deputado Federal Bohn Gass \u2605 PT\/RS<\/title>\n<meta name=\"robots\" content=\"index, follow, max-snippet:-1, max-image-preview:large, max-video-preview:-1\" \/>\n<link rel=\"canonical\" href=\"https:\/\/bohngass.com.br\/?page_id=2253\" \/>\n<meta property=\"og:locale\" content=\"pt_BR\" \/>\n<meta property=\"og:type\" content=\"article\" \/>\n<meta property=\"og:title\" content=\"Estabilidade do contrato do agricultor integrado - Deputado Federal Bohn Gass \u2605 PT\/RS\" \/>\n<meta property=\"og:description\" content=\"PL 8311\/2017 &#8211; Garante que o produtor integrado que fizer parte dos \u00f3rg\u00e3os de negocia\u00e7\u00e3o entre produtores e empresas n\u00e3o poder\u00e3o ter altera\u00e7\u00e3o unilateral de seus contratos durante a dura\u00e7\u00e3o de seus mandatos e at\u00e9 um ano ap\u00f3s. Ementa: Inclui os par\u00e1grafos 6\u00ba e 7\u00ba no art. 6\u00ba da Lei n.\u00ba 13.288, de 16 de [&hellip;]\" \/>\n<meta property=\"og:url\" content=\"https:\/\/bohngass.com.br\/?page_id=2253\" \/>\n<meta property=\"og:site_name\" content=\"Deputado Federal Bohn Gass \u2605 PT\/RS\" \/>\n<meta property=\"article:publisher\" content=\"https:\/\/www.facebook.com\/bohngass13\" \/>\n<meta property=\"article:modified_time\" content=\"2023-02-02T13:26:23+00:00\" \/>\n<meta name=\"twitter:card\" content=\"summary_large_image\" \/>\n<meta name=\"twitter:site\" content=\"@BohnGass\" \/>\n<meta name=\"twitter:label1\" content=\"Est. tempo de leitura\" \/>\n\t<meta name=\"twitter:data1\" content=\"2 minutos\" \/>\n<script type=\"application\/ld+json\" class=\"yoast-schema-graph\">{\"@context\":\"https:\/\/schema.org\",\"@graph\":[{\"@type\":\"WebPage\",\"@id\":\"https:\/\/bohngass.com.br\/?page_id=2253\",\"url\":\"https:\/\/bohngass.com.br\/?page_id=2253\",\"name\":\"Estabilidade do contrato do agricultor integrado - Deputado Federal Bohn Gass \u2605 PT\/RS\",\"isPartOf\":{\"@id\":\"https:\/\/bohngass.com.br\/#website\"},\"datePublished\":\"2023-02-01T18:39:27+00:00\",\"dateModified\":\"2023-02-02T13:26:23+00:00\",\"breadcrumb\":{\"@id\":\"https:\/\/bohngass.com.br\/?page_id=2253#breadcrumb\"},\"inLanguage\":\"pt-BR\",\"potentialAction\":[{\"@type\":\"ReadAction\",\"target\":[\"https:\/\/bohngass.com.br\/?page_id=2253\"]}]},{\"@type\":\"BreadcrumbList\",\"@id\":\"https:\/\/bohngass.com.br\/?page_id=2253#breadcrumb\",\"itemListElement\":[{\"@type\":\"ListItem\",\"position\":1,\"name\":\"In\u00edcio\",\"item\":\"https:\/\/bohngass.com.br\/\"},{\"@type\":\"ListItem\",\"position\":2,\"name\":\"Estabilidade do contrato do agricultor integrado\"}]},{\"@type\":\"WebSite\",\"@id\":\"https:\/\/bohngass.com.br\/#website\",\"url\":\"https:\/\/bohngass.com.br\/\",\"name\":\"Deputado Federal Bohn Gass \u2605 PT\/RS\",\"description\":\"Deputado Federal Bohn Gass\",\"publisher\":{\"@id\":\"https:\/\/bohngass.com.br\/#organization\"},\"potentialAction\":[{\"@type\":\"SearchAction\",\"target\":{\"@type\":\"EntryPoint\",\"urlTemplate\":\"https:\/\/bohngass.com.br\/?s={search_term_string}\"},\"query-input\":\"required name=search_term_string\"}],\"inLanguage\":\"pt-BR\"},{\"@type\":\"Organization\",\"@id\":\"https:\/\/bohngass.com.br\/#organization\",\"name\":\"Deputado Bohn Gass\",\"url\":\"https:\/\/bohngass.com.br\/\",\"logo\":{\"@type\":\"ImageObject\",\"inLanguage\":\"pt-BR\",\"@id\":\"https:\/\/bohngass.com.br\/#\/schema\/logo\/image\/\",\"url\":\"http:\/\/bohngass.com.br\/wp-content\/uploads\/2021\/01\/logo.png\",\"contentUrl\":\"http:\/\/bohngass.com.br\/wp-content\/uploads\/2021\/01\/logo.png\",\"width\":357,\"height\":355,\"caption\":\"Deputado Bohn Gass\"},\"image\":{\"@id\":\"https:\/\/bohngass.com.br\/#\/schema\/logo\/image\/\"},\"sameAs\":[\"https:\/\/www.facebook.com\/bohngass13\",\"https:\/\/x.com\/BohnGass\",\"https:\/\/www.instagram.com\/bohn_gass\/\",\"https:\/\/www.youtube.com\/BohnGass13\/\",\"https:\/\/pt.wikipedia.org\/wiki\/Bohn_Gass\"]}]}<\/script>\n<!-- \/ Yoast SEO plugin. -->","yoast_head_json":{"title":"Estabilidade do contrato do agricultor integrado - Deputado Federal Bohn Gass \u2605 PT\/RS","robots":{"index":"index","follow":"follow","max-snippet":"max-snippet:-1","max-image-preview":"max-image-preview:large","max-video-preview":"max-video-preview:-1"},"canonical":"https:\/\/bohngass.com.br\/?page_id=2253","og_locale":"pt_BR","og_type":"article","og_title":"Estabilidade do contrato do agricultor integrado - Deputado Federal Bohn Gass \u2605 PT\/RS","og_description":"PL 8311\/2017 &#8211; Garante que o produtor integrado que fizer parte dos \u00f3rg\u00e3os de negocia\u00e7\u00e3o entre produtores e empresas n\u00e3o poder\u00e3o ter altera\u00e7\u00e3o unilateral de seus contratos durante a dura\u00e7\u00e3o de seus mandatos e at\u00e9 um ano ap\u00f3s. Ementa: Inclui os par\u00e1grafos 6\u00ba e 7\u00ba no art. 6\u00ba da Lei n.\u00ba 13.288, de 16 de [&hellip;]","og_url":"https:\/\/bohngass.com.br\/?page_id=2253","og_site_name":"Deputado Federal Bohn Gass \u2605 PT\/RS","article_publisher":"https:\/\/www.facebook.com\/bohngass13","article_modified_time":"2023-02-02T13:26:23+00:00","twitter_card":"summary_large_image","twitter_site":"@BohnGass","twitter_misc":{"Est. tempo de leitura":"2 minutos"},"schema":{"@context":"https:\/\/schema.org","@graph":[{"@type":"WebPage","@id":"https:\/\/bohngass.com.br\/?page_id=2253","url":"https:\/\/bohngass.com.br\/?page_id=2253","name":"Estabilidade do contrato do agricultor integrado - Deputado Federal Bohn Gass \u2605 PT\/RS","isPartOf":{"@id":"https:\/\/bohngass.com.br\/#website"},"datePublished":"2023-02-01T18:39:27+00:00","dateModified":"2023-02-02T13:26:23+00:00","breadcrumb":{"@id":"https:\/\/bohngass.com.br\/?page_id=2253#breadcrumb"},"inLanguage":"pt-BR","potentialAction":[{"@type":"ReadAction","target":["https:\/\/bohngass.com.br\/?page_id=2253"]}]},{"@type":"BreadcrumbList","@id":"https:\/\/bohngass.com.br\/?page_id=2253#breadcrumb","itemListElement":[{"@type":"ListItem","position":1,"name":"In\u00edcio","item":"https:\/\/bohngass.com.br\/"},{"@type":"ListItem","position":2,"name":"Estabilidade do contrato do agricultor integrado"}]},{"@type":"WebSite","@id":"https:\/\/bohngass.com.br\/#website","url":"https:\/\/bohngass.com.br\/","name":"Deputado Federal Bohn Gass \u2605 PT\/RS","description":"Deputado Federal Bohn Gass","publisher":{"@id":"https:\/\/bohngass.com.br\/#organization"},"potentialAction":[{"@type":"SearchAction","target":{"@type":"EntryPoint","urlTemplate":"https:\/\/bohngass.com.br\/?s={search_term_string}"},"query-input":"required name=search_term_string"}],"inLanguage":"pt-BR"},{"@type":"Organization","@id":"https:\/\/bohngass.com.br\/#organization","name":"Deputado Bohn Gass","url":"https:\/\/bohngass.com.br\/","logo":{"@type":"ImageObject","inLanguage":"pt-BR","@id":"https:\/\/bohngass.com.br\/#\/schema\/logo\/image\/","url":"http:\/\/bohngass.com.br\/wp-content\/uploads\/2021\/01\/logo.png","contentUrl":"http:\/\/bohngass.com.br\/wp-content\/uploads\/2021\/01\/logo.png","width":357,"height":355,"caption":"Deputado Bohn Gass"},"image":{"@id":"https:\/\/bohngass.com.br\/#\/schema\/logo\/image\/"},"sameAs":["https:\/\/www.facebook.com\/bohngass13","https:\/\/x.com\/BohnGass","https:\/\/www.instagram.com\/bohn_gass\/","https:\/\/www.youtube.com\/BohnGass13\/","https:\/\/pt.wikipedia.org\/wiki\/Bohn_Gass"]}]}},"_links":{"self":[{"href":"https:\/\/bohngass.com.br\/index.php?rest_route=\/wp\/v2\/pages\/2253","targetHints":{"allow":["GET"]}}],"collection":[{"href":"https:\/\/bohngass.com.br\/index.php?rest_route=\/wp\/v2\/pages"}],"about":[{"href":"https:\/\/bohngass.com.br\/index.php?rest_route=\/wp\/v2\/types\/page"}],"author":[{"embeddable":true,"href":"https:\/\/bohngass.com.br\/index.php?rest_route=\/wp\/v2\/users\/1"}],"replies":[{"embeddable":true,"href":"https:\/\/bohngass.com.br\/index.php?rest_route=%2Fwp%2Fv2%2Fcomments&post=2253"}],"version-history":[{"count":0,"href":"https:\/\/bohngass.com.br\/index.php?rest_route=\/wp\/v2\/pages\/2253\/revisions"}],"wp:attachment":[{"href":"https:\/\/bohngass.com.br\/index.php?rest_route=%2Fwp%2Fv2%2Fmedia&parent=2253"}],"curies":[{"name":"wp","href":"https:\/\/api.w.org\/{rel}","templated":true}]}}