{"id":2261,"date":"2023-02-01T16:46:41","date_gmt":"2023-02-01T19:46:41","guid":{"rendered":"http:\/\/bohngass.com.br\/?page_id=2261"},"modified":"2023-02-02T10:53:34","modified_gmt":"2023-02-02T13:53:34","slug":"cidades-sustentaveis","status":"publish","type":"page","link":"https:\/\/bohngass.com.br\/?page_id=2261","title":{"rendered":"Cidades Sustent\u00e1veis"},"content":{"rendered":"\n<p><strong>PL 4095\/2012<\/strong> &#8211; Cidades Sustent\u00e1veis<\/p>\n\n\n\n<p><strong>Ementa:<\/strong> Altera a Lei n\u00ba 10.257, de 10 de julho 2001, que regulamenta os artigos 182 e 183 da Constitui\u00e7\u00e3o Federal, estabelece diretrizes gerais da pol\u00edtica urbana e d\u00e1 outras provid\u00eancias, no sentido da promo\u00e7\u00e3o do equil\u00edbrio ambiental e das cidades sustent\u00e1veis.<\/p>\n\n\n\n<h2 class=\"wp-block-heading\"><strong>Situa\u00e7\u00e3o:<\/strong> <\/h2>\n\n\n\n<p><strong>COMISS\u00c3O DE MEIO AMBIENTE E DESENVOLVIMENTO SUSTENT\u00c1VEL<\/strong><\/p>\n\n\n\n<p>Aprovada com altera\u00e7\u00f5es em 12\/06\/2013<a href=\"https:\/\/www.camara.leg.br\/proposicoesWeb\/prop_mostrarintegra?codteor=1088285\"><\/a><\/p>\n\n\n\n<p>Parecer da Relatora, Dep. Marina Santanna (PT-GO), pela aprova\u00e7\u00e3o, com emenda.<\/p>\n\n\n\n<p><strong>COMISS\u00c3O DE DESENVOLVIMENTO URBANO<\/strong><\/p>\n\n\n\n<p>Aprovada com altera\u00e7\u00f5es em 21\/05\/2014<a href=\"https:\/\/www.camara.leg.br\/proposicoesWeb\/prop_mostrarintegra?codteor=1257755\"><\/a><\/p>\n\n\n\n<p>Parecer pela aprova\u00e7\u00e3o deste e da emenda da Comiss\u00e3o de Meio Ambiente e Desenvolvimento Sustent\u00e1vel, com Complementa\u00e7\u00e3o de Voto.<a href=\"https:\/\/www.camara.leg.br\/proposicoesWeb\/prop_mostrarintegra?codteor=1171777\"><\/a><\/p>\n\n\n\n<p>Parecer do Relator, Dep. Eurico J\u00fanior, pela aprova\u00e7\u00e3o, com emenda da Comiss\u00e3o de Meio Ambiente e Desenvolvimento Sustent\u00e1vel.<\/p>\n\n\n\n<p><strong>COMISS\u00c3O DE FINAN\u00c7AS E TRIBUTA\u00c7\u00c3O<\/strong><\/p>\n\n\n\n<p>Aprovada com altera\u00e7\u00f5es em 23\/11\/2016<a href=\"https:\/\/www.camara.leg.br\/proposicoesWeb\/prop_mostrarintegra?codteor=1472493\"><\/a><\/p>\n\n\n\n<p>Parecer do relator, Dep. Enio Verri, pela n\u00e3o implica\u00e7\u00e3o da mat\u00e9ria em aumento ou diminui\u00e7\u00e3o da receita ou da despesa p\u00fablicas, n\u00e3o cabendo pronunciamento quanto \u00e0 adequa\u00e7\u00e3o financeira e or\u00e7ament\u00e1ria do Projeto de Lei n\u00ba 4095\/2012 e das Emendas da Comiss\u00e3o de Meio Ambiente e Desenvolvimento Sustent\u00e1vel, e da Comiss\u00e3o de Desenvolvimento Urbano; e, no m\u00e9rito, pela aprova\u00e7\u00e3o do PL n\u00ba 4095\/2012, e das Emendas da CMADS e da CDU.<\/p>\n\n\n\n<p><strong>COMISS\u00c3O DE CONSTITUI\u00c7\u00c3O E JUSTI\u00c7A E DE CIDADANIA<\/strong><\/p>\n\n\n\n<p>Aguardando Parecer do Relator <\/p>\n\n\n\n<div class=\"wp-block-buttons is-layout-flex wp-block-buttons-is-layout-flex\">\n<div class=\"wp-block-button\"><a class=\"wp-block-button__link wp-element-button\" href=\"https:\/\/www.camara.leg.br\/propostas-legislativas\/548629\">Acesse aqui a p\u00e1gina da mat\u00e9ria<\/a><\/div>\n<\/div>\n\n\n\n<p><\/p>\n\n\n\n<h2 class=\"wp-block-heading\"><strong>Justificativa:<\/strong><\/h2>\n\n\n\n<p>Depois da Agenda Habitat, nascida da Confer\u00eancia das Na\u00e7\u00f5es Unidas sobre Assentamentos Humanos \u2013 Habitat 2, realizada em Istambul, em 1996 e que tratou do desenvolvimento sustent\u00e1vel de assentamentos humanos, foram indicadas algumas estrat\u00e9gias para o enfrentamento das quest\u00f5es urbanas ambientais.<\/p>\n\n\n\n<p>Desde ent\u00e3o, tem se consolidado a concep\u00e7\u00e3o de \u201ccidades sustent\u00e1veis\u201d, baseada, principalmente, nas quest\u00f5es do cumprimento da fun\u00e7\u00e3o socioambiental da propriedade, do adensamento, do bloqueio da especula\u00e7\u00e3o imobili\u00e1ria, com destaque para a solu\u00e7\u00e3o dos problemas de circula\u00e7\u00e3o urbana, de conserva\u00e7\u00e3o de \u00e1gua e de energia e de permeabilidade do solo, tendo em vista as emiss\u00f5es de gases de efeito estufa, o aquecimento global e as consequentes mudan\u00e7as clim\u00e1ticas, de efeito devastador nos assentamentos urbanos, conforme temos visto a cada esta\u00e7\u00e3o de chuvas.<\/p>\n\n\n\n<p>O Estatuto da Cidade, Lei no 10.257\/2001, definiu instrumentos que regulam e principalmente orientam o uso, a apropria\u00e7\u00e3o e a produ\u00e7\u00e3o do espa\u00e7o f\u00edsico dentro do princ\u00edpio da realiza\u00e7\u00e3o dos direitos fundamentais do homem e atrav\u00e9s do cumprimento da fun\u00e7\u00e3o socioambiental da propriedade. O texto traz a obrigatoriedade de exist\u00eancia e execu\u00e7\u00e3o do Plano Diretor nos casos de munic\u00edpios com mais de 20 mil habitantes ou que estejam inseridos em regi\u00f5es metropolitanas ou \u00e1reas de interesse tur\u00edstico. Ele aparece como um instrumento de planejamento, disciplinando o desenvolvimento e a gest\u00e3o das cidades.&nbsp;<\/p>\n\n\n\n<p>A iniciativa deste Projeto de Lei \u00e9 de adequar o Estatuto das Cidades \u00e0s demandas de mitiga\u00e7\u00e3o e adapta\u00e7\u00e3o \u00e0s mudan\u00e7as clim\u00e1ticas, procurando, por meio das exig\u00eancias m\u00ednimas do Plano Diretor e de instrumentos econ\u00f4micos fiscais e credit\u00edcios, promover o projeto das cidades sustent\u00e1veis.<\/p>\n\n\n\n<p>Os aspectos escolhidos a serem promovidos foram: conserva\u00e7\u00e3o e uso racional da \u00e1gua, conserva\u00e7\u00e3o e uso racional de energia, permeabiliza\u00e7\u00e3o do solo, tendo em vista melhor drenagem e preven\u00e7\u00e3o de enchentes e de desmoronamentos, e circula\u00e7\u00e3o e mobilidade urbana. Os instrumentos de pol\u00edtica urbana selecionados na Lei para receberem a adequa\u00e7\u00e3o pretendida foram o planejamento urbano, no caso o Plano Diretor, e os instrumentos econ\u00f4micos de ordem tribut\u00e1ria e credit\u00edcia.<\/p>\n","protected":false},"excerpt":{"rendered":"<p>PL 4095\/2012 &#8211; Cidades Sustent\u00e1veis Ementa: Altera a Lei n\u00ba 10.257, de 10 de julho 2001, que regulamenta os artigos 182 e 183 da Constitui\u00e7\u00e3o Federal, estabelece diretrizes gerais da pol\u00edtica urbana e d\u00e1 outras provid\u00eancias, no sentido da promo\u00e7\u00e3o do equil\u00edbrio ambiental e das cidades sustent\u00e1veis. Situa\u00e7\u00e3o: COMISS\u00c3O DE MEIO AMBIENTE E DESENVOLVIMENTO SUSTENT\u00c1VEL [&hellip;]<\/p>\n","protected":false},"author":1,"featured_media":0,"parent":0,"menu_order":0,"comment_status":"closed","ping_status":"closed","template":"","meta":{"footnotes":""},"class_list":["post-2261","page","type-page","status-publish","hentry"],"yoast_head":"<!-- This site is optimized with the Yoast SEO plugin v22.7 - https:\/\/yoast.com\/wordpress\/plugins\/seo\/ -->\n<title>Cidades Sustent\u00e1veis - Deputado Federal Bohn Gass \u2605 PT\/RS<\/title>\n<meta name=\"robots\" content=\"index, follow, max-snippet:-1, max-image-preview:large, max-video-preview:-1\" \/>\n<link rel=\"canonical\" href=\"https:\/\/bohngass.com.br\/?page_id=2261\" \/>\n<meta property=\"og:locale\" content=\"pt_BR\" \/>\n<meta property=\"og:type\" content=\"article\" \/>\n<meta property=\"og:title\" content=\"Cidades Sustent\u00e1veis - Deputado Federal Bohn Gass \u2605 PT\/RS\" \/>\n<meta property=\"og:description\" content=\"PL 4095\/2012 &#8211; Cidades Sustent\u00e1veis Ementa: Altera a Lei n\u00ba 10.257, de 10 de julho 2001, que regulamenta os artigos 182 e 183 da Constitui\u00e7\u00e3o Federal, estabelece diretrizes gerais da pol\u00edtica urbana e d\u00e1 outras provid\u00eancias, no sentido da promo\u00e7\u00e3o do equil\u00edbrio ambiental e das cidades sustent\u00e1veis. Situa\u00e7\u00e3o: COMISS\u00c3O DE MEIO AMBIENTE E DESENVOLVIMENTO SUSTENT\u00c1VEL [&hellip;]\" \/>\n<meta property=\"og:url\" content=\"https:\/\/bohngass.com.br\/?page_id=2261\" \/>\n<meta property=\"og:site_name\" content=\"Deputado Federal Bohn Gass \u2605 PT\/RS\" \/>\n<meta property=\"article:publisher\" content=\"https:\/\/www.facebook.com\/bohngass13\" \/>\n<meta property=\"article:modified_time\" content=\"2023-02-02T13:53:34+00:00\" \/>\n<meta name=\"twitter:card\" content=\"summary_large_image\" \/>\n<meta name=\"twitter:site\" content=\"@BohnGass\" \/>\n<meta name=\"twitter:label1\" content=\"Est. tempo de leitura\" \/>\n\t<meta name=\"twitter:data1\" content=\"3 minutos\" \/>\n<script type=\"application\/ld+json\" class=\"yoast-schema-graph\">{\"@context\":\"https:\/\/schema.org\",\"@graph\":[{\"@type\":\"WebPage\",\"@id\":\"https:\/\/bohngass.com.br\/?page_id=2261\",\"url\":\"https:\/\/bohngass.com.br\/?page_id=2261\",\"name\":\"Cidades Sustent\u00e1veis - Deputado Federal Bohn Gass \u2605 PT\/RS\",\"isPartOf\":{\"@id\":\"https:\/\/bohngass.com.br\/#website\"},\"datePublished\":\"2023-02-01T19:46:41+00:00\",\"dateModified\":\"2023-02-02T13:53:34+00:00\",\"breadcrumb\":{\"@id\":\"https:\/\/bohngass.com.br\/?page_id=2261#breadcrumb\"},\"inLanguage\":\"pt-BR\",\"potentialAction\":[{\"@type\":\"ReadAction\",\"target\":[\"https:\/\/bohngass.com.br\/?page_id=2261\"]}]},{\"@type\":\"BreadcrumbList\",\"@id\":\"https:\/\/bohngass.com.br\/?page_id=2261#breadcrumb\",\"itemListElement\":[{\"@type\":\"ListItem\",\"position\":1,\"name\":\"In\u00edcio\",\"item\":\"https:\/\/bohngass.com.br\/\"},{\"@type\":\"ListItem\",\"position\":2,\"name\":\"Cidades Sustent\u00e1veis\"}]},{\"@type\":\"WebSite\",\"@id\":\"https:\/\/bohngass.com.br\/#website\",\"url\":\"https:\/\/bohngass.com.br\/\",\"name\":\"Deputado Federal Bohn Gass \u2605 PT\/RS\",\"description\":\"Deputado Federal Bohn Gass\",\"publisher\":{\"@id\":\"https:\/\/bohngass.com.br\/#organization\"},\"potentialAction\":[{\"@type\":\"SearchAction\",\"target\":{\"@type\":\"EntryPoint\",\"urlTemplate\":\"https:\/\/bohngass.com.br\/?s={search_term_string}\"},\"query-input\":\"required name=search_term_string\"}],\"inLanguage\":\"pt-BR\"},{\"@type\":\"Organization\",\"@id\":\"https:\/\/bohngass.com.br\/#organization\",\"name\":\"Deputado Bohn Gass\",\"url\":\"https:\/\/bohngass.com.br\/\",\"logo\":{\"@type\":\"ImageObject\",\"inLanguage\":\"pt-BR\",\"@id\":\"https:\/\/bohngass.com.br\/#\/schema\/logo\/image\/\",\"url\":\"http:\/\/bohngass.com.br\/wp-content\/uploads\/2021\/01\/logo.png\",\"contentUrl\":\"http:\/\/bohngass.com.br\/wp-content\/uploads\/2021\/01\/logo.png\",\"width\":357,\"height\":355,\"caption\":\"Deputado Bohn Gass\"},\"image\":{\"@id\":\"https:\/\/bohngass.com.br\/#\/schema\/logo\/image\/\"},\"sameAs\":[\"https:\/\/www.facebook.com\/bohngass13\",\"https:\/\/x.com\/BohnGass\",\"https:\/\/www.instagram.com\/bohn_gass\/\",\"https:\/\/www.youtube.com\/BohnGass13\/\",\"https:\/\/pt.wikipedia.org\/wiki\/Bohn_Gass\"]}]}<\/script>\n<!-- \/ Yoast SEO plugin. -->","yoast_head_json":{"title":"Cidades Sustent\u00e1veis - Deputado Federal Bohn Gass \u2605 PT\/RS","robots":{"index":"index","follow":"follow","max-snippet":"max-snippet:-1","max-image-preview":"max-image-preview:large","max-video-preview":"max-video-preview:-1"},"canonical":"https:\/\/bohngass.com.br\/?page_id=2261","og_locale":"pt_BR","og_type":"article","og_title":"Cidades Sustent\u00e1veis - Deputado Federal Bohn Gass \u2605 PT\/RS","og_description":"PL 4095\/2012 &#8211; Cidades Sustent\u00e1veis Ementa: Altera a Lei n\u00ba 10.257, de 10 de julho 2001, que regulamenta os artigos 182 e 183 da Constitui\u00e7\u00e3o Federal, estabelece diretrizes gerais da pol\u00edtica urbana e d\u00e1 outras provid\u00eancias, no sentido da promo\u00e7\u00e3o do equil\u00edbrio ambiental e das cidades sustent\u00e1veis. Situa\u00e7\u00e3o: COMISS\u00c3O DE MEIO AMBIENTE E DESENVOLVIMENTO SUSTENT\u00c1VEL [&hellip;]","og_url":"https:\/\/bohngass.com.br\/?page_id=2261","og_site_name":"Deputado Federal Bohn Gass \u2605 PT\/RS","article_publisher":"https:\/\/www.facebook.com\/bohngass13","article_modified_time":"2023-02-02T13:53:34+00:00","twitter_card":"summary_large_image","twitter_site":"@BohnGass","twitter_misc":{"Est. tempo de leitura":"3 minutos"},"schema":{"@context":"https:\/\/schema.org","@graph":[{"@type":"WebPage","@id":"https:\/\/bohngass.com.br\/?page_id=2261","url":"https:\/\/bohngass.com.br\/?page_id=2261","name":"Cidades Sustent\u00e1veis - Deputado Federal Bohn Gass \u2605 PT\/RS","isPartOf":{"@id":"https:\/\/bohngass.com.br\/#website"},"datePublished":"2023-02-01T19:46:41+00:00","dateModified":"2023-02-02T13:53:34+00:00","breadcrumb":{"@id":"https:\/\/bohngass.com.br\/?page_id=2261#breadcrumb"},"inLanguage":"pt-BR","potentialAction":[{"@type":"ReadAction","target":["https:\/\/bohngass.com.br\/?page_id=2261"]}]},{"@type":"BreadcrumbList","@id":"https:\/\/bohngass.com.br\/?page_id=2261#breadcrumb","itemListElement":[{"@type":"ListItem","position":1,"name":"In\u00edcio","item":"https:\/\/bohngass.com.br\/"},{"@type":"ListItem","position":2,"name":"Cidades Sustent\u00e1veis"}]},{"@type":"WebSite","@id":"https:\/\/bohngass.com.br\/#website","url":"https:\/\/bohngass.com.br\/","name":"Deputado Federal Bohn Gass \u2605 PT\/RS","description":"Deputado Federal Bohn Gass","publisher":{"@id":"https:\/\/bohngass.com.br\/#organization"},"potentialAction":[{"@type":"SearchAction","target":{"@type":"EntryPoint","urlTemplate":"https:\/\/bohngass.com.br\/?s={search_term_string}"},"query-input":"required name=search_term_string"}],"inLanguage":"pt-BR"},{"@type":"Organization","@id":"https:\/\/bohngass.com.br\/#organization","name":"Deputado Bohn Gass","url":"https:\/\/bohngass.com.br\/","logo":{"@type":"ImageObject","inLanguage":"pt-BR","@id":"https:\/\/bohngass.com.br\/#\/schema\/logo\/image\/","url":"http:\/\/bohngass.com.br\/wp-content\/uploads\/2021\/01\/logo.png","contentUrl":"http:\/\/bohngass.com.br\/wp-content\/uploads\/2021\/01\/logo.png","width":357,"height":355,"caption":"Deputado Bohn Gass"},"image":{"@id":"https:\/\/bohngass.com.br\/#\/schema\/logo\/image\/"},"sameAs":["https:\/\/www.facebook.com\/bohngass13","https:\/\/x.com\/BohnGass","https:\/\/www.instagram.com\/bohn_gass\/","https:\/\/www.youtube.com\/BohnGass13\/","https:\/\/pt.wikipedia.org\/wiki\/Bohn_Gass"]}]}},"_links":{"self":[{"href":"https:\/\/bohngass.com.br\/index.php?rest_route=\/wp\/v2\/pages\/2261","targetHints":{"allow":["GET"]}}],"collection":[{"href":"https:\/\/bohngass.com.br\/index.php?rest_route=\/wp\/v2\/pages"}],"about":[{"href":"https:\/\/bohngass.com.br\/index.php?rest_route=\/wp\/v2\/types\/page"}],"author":[{"embeddable":true,"href":"https:\/\/bohngass.com.br\/index.php?rest_route=\/wp\/v2\/users\/1"}],"replies":[{"embeddable":true,"href":"https:\/\/bohngass.com.br\/index.php?rest_route=%2Fwp%2Fv2%2Fcomments&post=2261"}],"version-history":[{"count":0,"href":"https:\/\/bohngass.com.br\/index.php?rest_route=\/wp\/v2\/pages\/2261\/revisions"}],"wp:attachment":[{"href":"https:\/\/bohngass.com.br\/index.php?rest_route=%2Fwp%2Fv2%2Fmedia&parent=2261"}],"curies":[{"name":"wp","href":"https:\/\/api.w.org\/{rel}","templated":true}]}}