{"id":2264,"date":"2023-02-01T16:48:50","date_gmt":"2023-02-01T19:48:50","guid":{"rendered":"http:\/\/bohngass.com.br\/?page_id=2264"},"modified":"2023-07-31T09:55:22","modified_gmt":"2023-07-31T12:55:22","slug":"extensao-rural-como-assistencia-social","status":"publish","type":"page","link":"https:\/\/bohngass.com.br\/?page_id=2264","title":{"rendered":"Extens\u00e3o rural como assist\u00eancia social"},"content":{"rendered":"\n<p><strong>PL 4327\/2012<\/strong> &#8211; Considera os servi\u00e7os de extens\u00e3o rural como a\u00e7\u00f5es de assist\u00eancia social<\/p>\n\n\n\n<p><strong>Ementa:<\/strong> Altera a Lei n\u00ba 8.742, de 7 de dezembro de 1993, para considerar os servi\u00e7os de extens\u00e3o rural como a\u00e7\u00f5es de assist\u00eancia social em conson\u00e2ncia com a referida lei, possibilitando base legal para apoio financeiro e recebimento de isen\u00e7\u00f5es fiscais e previdenci\u00e1rias pelas institui\u00e7\u00f5es e organiza\u00e7\u00f5es que realizam servi\u00e7os de extens\u00e3o rural destinados aos benefici\u00e1rios das Leis n\u00ba 11.326 de 24 de julho de 2006 e n\u00ba 12.188 de 11 de janeiro de 2010, respectivamente.<\/p>\n\n\n\n<h2 class=\"wp-block-heading\"><strong>Situa\u00e7\u00e3o:<\/strong> <\/h2>\n\n\n\n<p><strong>COMISS\u00c3O DE AGRICULTURA, PECU\u00c1RIA, ABASTECIMENTO E DESENVOLVIMENTO RURAL<\/strong><\/p>\n\n\n\n<p>Aprovada com altera\u00e7\u00f5es em 12\/12\/2012<\/p>\n\n\n\n<p>Parecer com Complementa\u00e7\u00e3o de Voto, Dep. Junji Abe (PSD-SP), pela aprova\u00e7\u00e3o, com duas emendas.<a href=\"https:\/\/www.camara.leg.br\/proposicoesWeb\/prop_mostrarintegra?codteor=1041448\"><\/a><\/p>\n\n\n\n<p>Parecer do Relator, Dep. Junji Abe (PSD-SP), pela aprova\u00e7\u00e3o.<\/p>\n\n\n\n<p><strong>COMISS\u00c3O DE SEGURIDADE SOCIAL E FAM\u00cdLIA<\/strong><\/p>\n\n\n\n<p>Aprovada com altera\u00e7\u00f5es em 04\/08\/2021<a href=\"https:\/\/www.camara.leg.br\/proposicoesWeb\/prop_mostrarintegra?codteor=2012362\"><\/a><\/p>\n\n\n\n<p>Parecer do Relator, Dep. Jorge Solla (PT-BA), pela aprova\u00e7\u00e3o deste, e das Emendas de Relator 1 e 2 da CAPADR.<\/p>\n\n\n\n<p><strong>Comiss\u00e3o de Finan\u00e7as e Tributa\u00e7\u00e3o (CFT)<\/strong><\/p>\n\n\n\n<p>Relator Designado, deputado Z\u00e9 Neto (PT-BA)<\/p>\n\n\n\n<div class=\"wp-block-buttons has-custom-font-size has-medium-font-size is-content-justification-left is-layout-flex wp-container-core-buttons-is-layout-fdcfc74e wp-block-buttons-is-layout-flex\">\n<div class=\"wp-block-button\"><a class=\"wp-block-button__link wp-element-button\" href=\"https:\/\/www.camara.leg.br\/propostas-legislativas\/553639\">Veja aqui a p\u00e1gina do projeto<\/a><\/div>\n<\/div>\n\n\n\n<h2 class=\"wp-block-heading\"><strong>Justificativa:<\/strong><\/h2>\n\n\n\n<p>Os servi\u00e7os de extens\u00e3o rural realizados em territ\u00f3rio nacional possuem car\u00e1ter s\u00f3cio assistencial. Constituem atividade sem fins lucrativos e ofertados de forma p\u00fablica e gratuita aos benefici\u00e1rios da Lei n\u00ba 11.326, de 24 de julho de 2006 e da Lei n\u00ba 12.188 de 11 de janeiro de 2010. O assessoramento das fam\u00edlias de agricultores familiares e os benefici\u00e1rios dos programas de reforma agr\u00e1ria \u00e9 determinante para assegurar a seguran\u00e7a alimentar e nutricional e o devido aprimoramento produtivo, garantindo melhoria nutricional e de renda, especialmente para fam\u00edlias em situa\u00e7\u00e3o de pobreza.&nbsp;<\/p>\n\n\n\n<p>Ao acrescentar o inciso IV no art. 2\u00ba da Lei n\u00ba 8.742, de 1993, inclu\u00edmos o termo \u201cretomada\u201d da produ\u00e7\u00e3o agropecu\u00e1ria, porque podemos nos deparar com um p\u00fablico que perdeu todas as condi\u00e7\u00f5es de produzir, como aquelas vitimadas pelas estiagens. Os termos \u201cmanuten\u00e7\u00e3o\u201d e \u201camplia\u00e7\u00e3o\u201d da produ\u00e7\u00e3o agropecu\u00e1ria, foram utilizados com o objetivo de evitar que estas fam\u00edlias se precarizem ainda mais e para buscar um maior patamar de renda, respectivamente. As demais altera\u00e7\u00f5es propostas \u00e0 Lei n\u00ba 8.742, de 1993, visam a considerar os servi\u00e7os de extens\u00e3o rural como a\u00e7\u00f5es de assist\u00eancia social e consonantes com a respectiva Lei.&nbsp;<\/p>\n\n\n\n<p>O objetivo \u00e9 criar uma base legal para apoio financeiro e a aplica\u00e7\u00e3o de isen\u00e7\u00f5es fiscais e previdenci\u00e1rias pelas institui\u00e7\u00f5es e organiza\u00e7\u00f5es que realizam esses servi\u00e7os destinados aos benefici\u00e1rios das Leis 11.326 e 12.188. Para avan\u00e7ar no desenvolvimento destas a\u00e7\u00f5es praticadas por institui\u00e7\u00f5es p\u00fablicas e privadas, \u00e9 necess\u00e1rio a desonera\u00e7\u00e3o do custeio das atividades prec\u00edpuas da extens\u00e3o rural. Os custos fiscais e previdenci\u00e1rios acabam inviabilizando o aumento das equipes em campo e a redu\u00e7\u00e3o das estruturas dessas institui\u00e7\u00f5es afeta diretamente a qualidade dos servi\u00e7os praticados.&nbsp; Para evitar a estagna\u00e7\u00e3o da rede de extens\u00e3o rural e a precariza\u00e7\u00e3o dos servi\u00e7os realizados, afetando enorme contingente populacional brasileiro, estamos apresentando a presente iniciativa.<\/p>\n\n\n\n<iframe loading=\"lazy\" width=\"560\" height=\"315\" src=\"https:\/\/www.youtube.com\/embed\/ETdmf9QQaIA\" title=\"YouTube video player\" frameborder=\"0\" allow=\"accelerometer; autoplay; clipboard-write; encrypted-media; gyroscope; picture-in-picture; web-share\" allowfullscreen=\"\"><\/iframe>\n\n\n\n<iframe loading=\"lazy\" width=\"560\" height=\"315\" src=\"https:\/\/www.youtube.com\/embed\/fjuicdY06Ok\" title=\"YouTube video player\" frameborder=\"0\" allow=\"accelerometer; autoplay; clipboard-write; encrypted-media; gyroscope; picture-in-picture; web-share\" allowfullscreen=\"\"><\/iframe>\n","protected":false},"excerpt":{"rendered":"<p>PL 4327\/2012 &#8211; Considera os servi\u00e7os de extens\u00e3o rural como a\u00e7\u00f5es de assist\u00eancia social Ementa: Altera a Lei n\u00ba 8.742, de 7 de dezembro de 1993, para considerar os servi\u00e7os de extens\u00e3o rural como a\u00e7\u00f5es de assist\u00eancia social em conson\u00e2ncia com a referida lei, possibilitando base legal para apoio financeiro e recebimento de isen\u00e7\u00f5es fiscais [&hellip;]<\/p>\n","protected":false},"author":1,"featured_media":0,"parent":171,"menu_order":0,"comment_status":"closed","ping_status":"closed","template":"","meta":{"footnotes":""},"class_list":["post-2264","page","type-page","status-publish","hentry"],"yoast_head":"<!-- This site is optimized with the Yoast SEO plugin v22.7 - https:\/\/yoast.com\/wordpress\/plugins\/seo\/ -->\n<title>Extens\u00e3o rural como assist\u00eancia social - Deputado Federal Bohn Gass \u2605 PT\/RS<\/title>\n<meta name=\"robots\" content=\"index, follow, max-snippet:-1, max-image-preview:large, max-video-preview:-1\" \/>\n<link rel=\"canonical\" href=\"https:\/\/bohngass.com.br\/?page_id=2264\" \/>\n<meta property=\"og:locale\" content=\"pt_BR\" \/>\n<meta property=\"og:type\" content=\"article\" \/>\n<meta property=\"og:title\" content=\"Extens\u00e3o rural como assist\u00eancia social - Deputado Federal Bohn Gass \u2605 PT\/RS\" \/>\n<meta property=\"og:description\" content=\"PL 4327\/2012 &#8211; Considera os servi\u00e7os de extens\u00e3o rural como a\u00e7\u00f5es de assist\u00eancia social Ementa: Altera a Lei n\u00ba 8.742, de 7 de dezembro de 1993, para considerar os servi\u00e7os de extens\u00e3o rural como a\u00e7\u00f5es de assist\u00eancia social em conson\u00e2ncia com a referida lei, possibilitando base legal para apoio financeiro e recebimento de isen\u00e7\u00f5es fiscais [&hellip;]\" \/>\n<meta property=\"og:url\" content=\"https:\/\/bohngass.com.br\/?page_id=2264\" \/>\n<meta property=\"og:site_name\" content=\"Deputado Federal Bohn Gass \u2605 PT\/RS\" \/>\n<meta property=\"article:publisher\" content=\"https:\/\/www.facebook.com\/bohngass13\" \/>\n<meta property=\"article:modified_time\" content=\"2023-07-31T12:55:22+00:00\" \/>\n<meta name=\"twitter:card\" content=\"summary_large_image\" \/>\n<meta name=\"twitter:site\" content=\"@BohnGass\" \/>\n<meta name=\"twitter:label1\" content=\"Est. tempo de leitura\" \/>\n\t<meta name=\"twitter:data1\" content=\"3 minutos\" \/>\n<script type=\"application\/ld+json\" class=\"yoast-schema-graph\">{\"@context\":\"https:\/\/schema.org\",\"@graph\":[{\"@type\":\"WebPage\",\"@id\":\"https:\/\/bohngass.com.br\/?page_id=2264\",\"url\":\"https:\/\/bohngass.com.br\/?page_id=2264\",\"name\":\"Extens\u00e3o rural como assist\u00eancia social - Deputado Federal Bohn Gass \u2605 PT\/RS\",\"isPartOf\":{\"@id\":\"https:\/\/bohngass.com.br\/#website\"},\"datePublished\":\"2023-02-01T19:48:50+00:00\",\"dateModified\":\"2023-07-31T12:55:22+00:00\",\"breadcrumb\":{\"@id\":\"https:\/\/bohngass.com.br\/?page_id=2264#breadcrumb\"},\"inLanguage\":\"pt-BR\",\"potentialAction\":[{\"@type\":\"ReadAction\",\"target\":[\"https:\/\/bohngass.com.br\/?page_id=2264\"]}]},{\"@type\":\"BreadcrumbList\",\"@id\":\"https:\/\/bohngass.com.br\/?page_id=2264#breadcrumb\",\"itemListElement\":[{\"@type\":\"ListItem\",\"position\":1,\"name\":\"In\u00edcio\",\"item\":\"https:\/\/bohngass.com.br\/\"},{\"@type\":\"ListItem\",\"position\":2,\"name\":\"Projetos\",\"item\":\"https:\/\/bohngass.com.br\/?page_id=171\"},{\"@type\":\"ListItem\",\"position\":3,\"name\":\"Extens\u00e3o rural como assist\u00eancia social\"}]},{\"@type\":\"WebSite\",\"@id\":\"https:\/\/bohngass.com.br\/#website\",\"url\":\"https:\/\/bohngass.com.br\/\",\"name\":\"Deputado Federal Bohn Gass \u2605 PT\/RS\",\"description\":\"Deputado Federal Bohn Gass\",\"publisher\":{\"@id\":\"https:\/\/bohngass.com.br\/#organization\"},\"potentialAction\":[{\"@type\":\"SearchAction\",\"target\":{\"@type\":\"EntryPoint\",\"urlTemplate\":\"https:\/\/bohngass.com.br\/?s={search_term_string}\"},\"query-input\":\"required name=search_term_string\"}],\"inLanguage\":\"pt-BR\"},{\"@type\":\"Organization\",\"@id\":\"https:\/\/bohngass.com.br\/#organization\",\"name\":\"Deputado Bohn Gass\",\"url\":\"https:\/\/bohngass.com.br\/\",\"logo\":{\"@type\":\"ImageObject\",\"inLanguage\":\"pt-BR\",\"@id\":\"https:\/\/bohngass.com.br\/#\/schema\/logo\/image\/\",\"url\":\"http:\/\/bohngass.com.br\/wp-content\/uploads\/2021\/01\/logo.png\",\"contentUrl\":\"http:\/\/bohngass.com.br\/wp-content\/uploads\/2021\/01\/logo.png\",\"width\":357,\"height\":355,\"caption\":\"Deputado Bohn Gass\"},\"image\":{\"@id\":\"https:\/\/bohngass.com.br\/#\/schema\/logo\/image\/\"},\"sameAs\":[\"https:\/\/www.facebook.com\/bohngass13\",\"https:\/\/x.com\/BohnGass\",\"https:\/\/www.instagram.com\/bohn_gass\/\",\"https:\/\/www.youtube.com\/BohnGass13\/\",\"https:\/\/pt.wikipedia.org\/wiki\/Bohn_Gass\"]}]}<\/script>\n<!-- \/ Yoast SEO plugin. -->","yoast_head_json":{"title":"Extens\u00e3o rural como assist\u00eancia social - Deputado Federal Bohn Gass \u2605 PT\/RS","robots":{"index":"index","follow":"follow","max-snippet":"max-snippet:-1","max-image-preview":"max-image-preview:large","max-video-preview":"max-video-preview:-1"},"canonical":"https:\/\/bohngass.com.br\/?page_id=2264","og_locale":"pt_BR","og_type":"article","og_title":"Extens\u00e3o rural como assist\u00eancia social - Deputado Federal Bohn Gass \u2605 PT\/RS","og_description":"PL 4327\/2012 &#8211; Considera os servi\u00e7os de extens\u00e3o rural como a\u00e7\u00f5es de assist\u00eancia social Ementa: Altera a Lei n\u00ba 8.742, de 7 de dezembro de 1993, para considerar os servi\u00e7os de extens\u00e3o rural como a\u00e7\u00f5es de assist\u00eancia social em conson\u00e2ncia com a referida lei, possibilitando base legal para apoio financeiro e recebimento de isen\u00e7\u00f5es fiscais [&hellip;]","og_url":"https:\/\/bohngass.com.br\/?page_id=2264","og_site_name":"Deputado Federal Bohn Gass \u2605 PT\/RS","article_publisher":"https:\/\/www.facebook.com\/bohngass13","article_modified_time":"2023-07-31T12:55:22+00:00","twitter_card":"summary_large_image","twitter_site":"@BohnGass","twitter_misc":{"Est. tempo de leitura":"3 minutos"},"schema":{"@context":"https:\/\/schema.org","@graph":[{"@type":"WebPage","@id":"https:\/\/bohngass.com.br\/?page_id=2264","url":"https:\/\/bohngass.com.br\/?page_id=2264","name":"Extens\u00e3o rural como assist\u00eancia social - Deputado Federal Bohn Gass \u2605 PT\/RS","isPartOf":{"@id":"https:\/\/bohngass.com.br\/#website"},"datePublished":"2023-02-01T19:48:50+00:00","dateModified":"2023-07-31T12:55:22+00:00","breadcrumb":{"@id":"https:\/\/bohngass.com.br\/?page_id=2264#breadcrumb"},"inLanguage":"pt-BR","potentialAction":[{"@type":"ReadAction","target":["https:\/\/bohngass.com.br\/?page_id=2264"]}]},{"@type":"BreadcrumbList","@id":"https:\/\/bohngass.com.br\/?page_id=2264#breadcrumb","itemListElement":[{"@type":"ListItem","position":1,"name":"In\u00edcio","item":"https:\/\/bohngass.com.br\/"},{"@type":"ListItem","position":2,"name":"Projetos","item":"https:\/\/bohngass.com.br\/?page_id=171"},{"@type":"ListItem","position":3,"name":"Extens\u00e3o rural como assist\u00eancia social"}]},{"@type":"WebSite","@id":"https:\/\/bohngass.com.br\/#website","url":"https:\/\/bohngass.com.br\/","name":"Deputado Federal Bohn Gass \u2605 PT\/RS","description":"Deputado Federal Bohn Gass","publisher":{"@id":"https:\/\/bohngass.com.br\/#organization"},"potentialAction":[{"@type":"SearchAction","target":{"@type":"EntryPoint","urlTemplate":"https:\/\/bohngass.com.br\/?s={search_term_string}"},"query-input":"required name=search_term_string"}],"inLanguage":"pt-BR"},{"@type":"Organization","@id":"https:\/\/bohngass.com.br\/#organization","name":"Deputado Bohn Gass","url":"https:\/\/bohngass.com.br\/","logo":{"@type":"ImageObject","inLanguage":"pt-BR","@id":"https:\/\/bohngass.com.br\/#\/schema\/logo\/image\/","url":"http:\/\/bohngass.com.br\/wp-content\/uploads\/2021\/01\/logo.png","contentUrl":"http:\/\/bohngass.com.br\/wp-content\/uploads\/2021\/01\/logo.png","width":357,"height":355,"caption":"Deputado Bohn Gass"},"image":{"@id":"https:\/\/bohngass.com.br\/#\/schema\/logo\/image\/"},"sameAs":["https:\/\/www.facebook.com\/bohngass13","https:\/\/x.com\/BohnGass","https:\/\/www.instagram.com\/bohn_gass\/","https:\/\/www.youtube.com\/BohnGass13\/","https:\/\/pt.wikipedia.org\/wiki\/Bohn_Gass"]}]}},"_links":{"self":[{"href":"https:\/\/bohngass.com.br\/index.php?rest_route=\/wp\/v2\/pages\/2264","targetHints":{"allow":["GET"]}}],"collection":[{"href":"https:\/\/bohngass.com.br\/index.php?rest_route=\/wp\/v2\/pages"}],"about":[{"href":"https:\/\/bohngass.com.br\/index.php?rest_route=\/wp\/v2\/types\/page"}],"author":[{"embeddable":true,"href":"https:\/\/bohngass.com.br\/index.php?rest_route=\/wp\/v2\/users\/1"}],"replies":[{"embeddable":true,"href":"https:\/\/bohngass.com.br\/index.php?rest_route=%2Fwp%2Fv2%2Fcomments&post=2264"}],"version-history":[{"count":0,"href":"https:\/\/bohngass.com.br\/index.php?rest_route=\/wp\/v2\/pages\/2264\/revisions"}],"up":[{"embeddable":true,"href":"https:\/\/bohngass.com.br\/index.php?rest_route=\/wp\/v2\/pages\/171"}],"wp:attachment":[{"href":"https:\/\/bohngass.com.br\/index.php?rest_route=%2Fwp%2Fv2%2Fmedia&parent=2264"}],"curies":[{"name":"wp","href":"https:\/\/api.w.org\/{rel}","templated":true}]}}