{"id":2293,"date":"2023-02-02T11:34:57","date_gmt":"2023-02-02T14:34:57","guid":{"rendered":"http:\/\/bohngass.com.br\/?page_id=2293"},"modified":"2023-11-22T14:57:38","modified_gmt":"2023-11-22T17:57:38","slug":"politica-nacional-de-economia-solidaria","status":"publish","type":"page","link":"https:\/\/bohngass.com.br\/?page_id=2293","title":{"rendered":"Pol\u00edtica Nacional de Economia Solid\u00e1ria"},"content":{"rendered":"\n<p><strong>PL 6606\/2019<\/strong> (N\u00ba Anterior: PL 4685\/2012) &#8211; (Com outros deputados) Cria a Pol\u00edtica Nacional de Economia Solid\u00e1ria<\/p>\n\n\n\n<p><strong>Ementa:<\/strong> Disp\u00f5e sobre a Pol\u00edtica Nacional de Economia Solid\u00e1ria e os empreendimentos econ\u00f4micos solid\u00e1rios, cria o Sistema Nacional de Economia Solid\u00e1ria e d\u00e1 outras provid\u00eancias.<\/p>\n\n\n\n<h2 class=\"wp-block-heading\"><strong>Situa\u00e7\u00e3o:<\/strong> <\/h2>\n\n\n\n<p><strong>C\u00c2MARA DOS DEPUTADOS<\/strong><\/p>\n\n\n\n<p>Aprovado em 08\/11\/2012<a href=\"https:\/\/www.camara.leg.br\/proposicoesWeb\/prop_mostrarintegra?codteor=1088285\"><\/a><\/p>\n\n\n\n<p><strong>SENADO FEDERAL<\/strong><\/p>\n\n\n\n<p>Aprovado, com emendas, em 08\/11\/2017<a href=\"https:\/\/www.camara.leg.br\/proposicoesWeb\/prop_mostrarintegra?codteor=1257755\"><\/a><\/p>\n\n\n\n<p><strong>AN\u00c1LISE DE EMENDAS NA C\u00c2MARA DOS DEPUTADOS<\/strong><\/p>\n\n\n\n<p><strong>COMISS\u00c3O DE DESENVOLVIMENTO ECON\u00d4MICO, IND\u00daSTRIA, COM\u00c9RCIO E SERVI\u00c7OS<\/strong><\/p>\n\n\n\n<p>Aprovada em 29\/06\/2022<\/p>\n\n\n\n<p><strong>COMISS\u00c3O DE FINAN\u00c7AS E TRIBUTA\u00c7\u00c3O<\/strong><\/p>\n\n\n\n<p>Aprovada em 09\/08\/2023<\/p>\n\n\n\n<p><strong>COMISS\u00c3O DE CONSTITUI\u00c7\u00c3O E JUSTI\u00c7A E DE CIDADANIA<\/strong><\/p>\n\n\n\n<p>Aprovada em 22\/11\/2023<\/p>\n\n\n\n<div class=\"wp-block-buttons is-layout-flex wp-block-buttons-is-layout-flex\">\n<div class=\"wp-block-button\"><a class=\"wp-block-button__link wp-element-button\" href=\"https:\/\/www.camara.leg.br\/propostas-legislativas\/559138\">Acesse aqui a p\u00e1gina da mat\u00e9ria<\/a><\/div>\n<\/div>\n\n\n\n<p><\/p>\n\n\n\n<h2 class=\"wp-block-heading\"><strong>Justificativa:<\/strong><\/h2>\n\n\n\n<p>A Economia Solid\u00e1ria tem prosperado em diversas partes do mundo, malgrado as dificuldades, das mais diversas naturezas, pelas quais passam seus praticantes. Pode-se mencionar, al\u00e9m das car\u00eancias financeiras, de treinamento e mesmo de reconhecimento social, dificuldades de ordem legal. Isso porque a legisla\u00e7\u00e3o de diversos pa\u00edses \u00e9 omissa em rela\u00e7\u00e3o \u00e0s pr\u00e1ticas da economia solid\u00e1ria. Infelizmente, o Brasil n\u00e3o \u00e9 exce\u00e7\u00e3o: tamb\u00e9m aqui a legisla\u00e7\u00e3o n\u00e3o contempla sequer a caracteriza\u00e7\u00e3o das organiza\u00e7\u00f5es da Economia Solid\u00e1ria, que dir\u00e1 prever incentivos para seu desenvolvimento.&nbsp;<\/p>\n\n\n\n<p>Este Projeto de Lei pretende sanar essa dificuldade legal, reconhecendo os empreendimentos econ\u00f4micos solid\u00e1rios como sujeitos de direito. Na proposi\u00e7\u00e3o prevemos a cria\u00e7\u00e3o do Fundo Nacional de Economia Solid\u00e1ria (FNAES), para centralizar e potencializar os recursos a serem investidos no desenvolvimento da Economia Solid\u00e1ria.&nbsp;<\/p>\n\n\n\n<p>Assim, pretende-se, tamb\u00e9m, que a proposi\u00e7\u00e3o contribua de maneira significativa para solucionar as dificuldades de natureza financeira dos empreendimentos da Economia Solid\u00e1ria. Os outros grandes empecilhos apontados &#8211; a car\u00eancia de treinamento e de reconhecimento social &#8211; tamb\u00e9m ser\u00e3o contemplados pela correta implanta\u00e7\u00e3o e aplica\u00e7\u00e3o da Lei que, espera-se, decorrer\u00e1 desta proposi\u00e7\u00e3o. O reconhecimento legal, por si s\u00f3, implicar\u00e1 maior aceita\u00e7\u00e3o social dos empreendimentos dessa parcela da economia. Al\u00e9m disso, a exist\u00eancia de pol\u00edtica p\u00fablica, apoiada nos recursos que compor\u00e3o o citado Fundo, al\u00e9m das diversas atividades de governo voltadas para o desenvolvimento da Economia Solid\u00e1ria, como aqui proposto, dar\u00e3o o impulso que falta para que esses empreendimentos possam deslanchar e progredir, o que implicar\u00e1 na cria\u00e7\u00e3o de muitos empregos, pois o segmento, tipicamente, apresenta elevada demanda por recursos humanos.<\/p>\n\n\n\n<figure class=\"wp-block-embed is-type-video is-provider-youtube wp-block-embed-youtube wp-embed-aspect-16-9 wp-has-aspect-ratio\"><div class=\"wp-block-embed__wrapper\">\n<iframe loading=\"lazy\" title=\"Pol\u00edtica Nacional de Economia Solid\u00e1ria avan\u00e7a na C\u00e2mara\" width=\"500\" height=\"281\" src=\"https:\/\/www.youtube.com\/embed\/MiTlgY8vRFQ?feature=oembed\" frameborder=\"0\" allow=\"accelerometer; autoplay; clipboard-write; encrypted-media; gyroscope; picture-in-picture; web-share\" referrerpolicy=\"strict-origin-when-cross-origin\" allowfullscreen><\/iframe>\n<\/div><\/figure>\n","protected":false},"excerpt":{"rendered":"<p>PL 6606\/2019 (N\u00ba Anterior: PL 4685\/2012) &#8211; (Com outros deputados) Cria a Pol\u00edtica Nacional de Economia Solid\u00e1ria Ementa: Disp\u00f5e sobre a Pol\u00edtica Nacional de Economia Solid\u00e1ria e os empreendimentos econ\u00f4micos solid\u00e1rios, cria o Sistema Nacional de Economia Solid\u00e1ria e d\u00e1 outras provid\u00eancias. Situa\u00e7\u00e3o: C\u00c2MARA DOS DEPUTADOS Aprovado em 08\/11\/2012 SENADO FEDERAL Aprovado, com emendas, em [&hellip;]<\/p>\n","protected":false},"author":1,"featured_media":0,"parent":0,"menu_order":0,"comment_status":"closed","ping_status":"closed","template":"","meta":{"footnotes":""},"class_list":["post-2293","page","type-page","status-publish","hentry"],"yoast_head":"<!-- This site is optimized with the Yoast SEO plugin v22.7 - https:\/\/yoast.com\/wordpress\/plugins\/seo\/ -->\n<title>Pol\u00edtica Nacional de Economia Solid\u00e1ria - Deputado Federal Bohn Gass \u2605 PT\/RS<\/title>\n<meta name=\"robots\" content=\"index, follow, max-snippet:-1, max-image-preview:large, max-video-preview:-1\" \/>\n<link rel=\"canonical\" href=\"https:\/\/bohngass.com.br\/?page_id=2293\" \/>\n<meta property=\"og:locale\" content=\"pt_BR\" \/>\n<meta property=\"og:type\" content=\"article\" \/>\n<meta property=\"og:title\" content=\"Pol\u00edtica Nacional de Economia Solid\u00e1ria - Deputado Federal Bohn Gass \u2605 PT\/RS\" \/>\n<meta property=\"og:description\" content=\"PL 6606\/2019 (N\u00ba Anterior: PL 4685\/2012) &#8211; (Com outros deputados) Cria a Pol\u00edtica Nacional de Economia Solid\u00e1ria Ementa: Disp\u00f5e sobre a Pol\u00edtica Nacional de Economia Solid\u00e1ria e os empreendimentos econ\u00f4micos solid\u00e1rios, cria o Sistema Nacional de Economia Solid\u00e1ria e d\u00e1 outras provid\u00eancias. Situa\u00e7\u00e3o: C\u00c2MARA DOS DEPUTADOS Aprovado em 08\/11\/2012 SENADO FEDERAL Aprovado, com emendas, em [&hellip;]\" \/>\n<meta property=\"og:url\" content=\"https:\/\/bohngass.com.br\/?page_id=2293\" \/>\n<meta property=\"og:site_name\" content=\"Deputado Federal Bohn Gass \u2605 PT\/RS\" \/>\n<meta property=\"article:publisher\" content=\"https:\/\/www.facebook.com\/bohngass13\" \/>\n<meta property=\"article:modified_time\" content=\"2023-11-22T17:57:38+00:00\" \/>\n<meta name=\"twitter:card\" content=\"summary_large_image\" \/>\n<meta name=\"twitter:site\" content=\"@BohnGass\" \/>\n<meta name=\"twitter:label1\" content=\"Est. tempo de leitura\" \/>\n\t<meta name=\"twitter:data1\" content=\"2 minutos\" \/>\n<script type=\"application\/ld+json\" class=\"yoast-schema-graph\">{\"@context\":\"https:\/\/schema.org\",\"@graph\":[{\"@type\":\"WebPage\",\"@id\":\"https:\/\/bohngass.com.br\/?page_id=2293\",\"url\":\"https:\/\/bohngass.com.br\/?page_id=2293\",\"name\":\"Pol\u00edtica Nacional de Economia Solid\u00e1ria - Deputado Federal Bohn Gass \u2605 PT\/RS\",\"isPartOf\":{\"@id\":\"https:\/\/bohngass.com.br\/#website\"},\"datePublished\":\"2023-02-02T14:34:57+00:00\",\"dateModified\":\"2023-11-22T17:57:38+00:00\",\"breadcrumb\":{\"@id\":\"https:\/\/bohngass.com.br\/?page_id=2293#breadcrumb\"},\"inLanguage\":\"pt-BR\",\"potentialAction\":[{\"@type\":\"ReadAction\",\"target\":[\"https:\/\/bohngass.com.br\/?page_id=2293\"]}]},{\"@type\":\"BreadcrumbList\",\"@id\":\"https:\/\/bohngass.com.br\/?page_id=2293#breadcrumb\",\"itemListElement\":[{\"@type\":\"ListItem\",\"position\":1,\"name\":\"In\u00edcio\",\"item\":\"https:\/\/bohngass.com.br\/\"},{\"@type\":\"ListItem\",\"position\":2,\"name\":\"Pol\u00edtica Nacional de Economia Solid\u00e1ria\"}]},{\"@type\":\"WebSite\",\"@id\":\"https:\/\/bohngass.com.br\/#website\",\"url\":\"https:\/\/bohngass.com.br\/\",\"name\":\"Deputado Federal Bohn Gass \u2605 PT\/RS\",\"description\":\"Deputado Federal Bohn Gass\",\"publisher\":{\"@id\":\"https:\/\/bohngass.com.br\/#organization\"},\"potentialAction\":[{\"@type\":\"SearchAction\",\"target\":{\"@type\":\"EntryPoint\",\"urlTemplate\":\"https:\/\/bohngass.com.br\/?s={search_term_string}\"},\"query-input\":\"required name=search_term_string\"}],\"inLanguage\":\"pt-BR\"},{\"@type\":\"Organization\",\"@id\":\"https:\/\/bohngass.com.br\/#organization\",\"name\":\"Deputado Bohn Gass\",\"url\":\"https:\/\/bohngass.com.br\/\",\"logo\":{\"@type\":\"ImageObject\",\"inLanguage\":\"pt-BR\",\"@id\":\"https:\/\/bohngass.com.br\/#\/schema\/logo\/image\/\",\"url\":\"http:\/\/bohngass.com.br\/wp-content\/uploads\/2021\/01\/logo.png\",\"contentUrl\":\"http:\/\/bohngass.com.br\/wp-content\/uploads\/2021\/01\/logo.png\",\"width\":357,\"height\":355,\"caption\":\"Deputado Bohn Gass\"},\"image\":{\"@id\":\"https:\/\/bohngass.com.br\/#\/schema\/logo\/image\/\"},\"sameAs\":[\"https:\/\/www.facebook.com\/bohngass13\",\"https:\/\/x.com\/BohnGass\",\"https:\/\/www.instagram.com\/bohn_gass\/\",\"https:\/\/www.youtube.com\/BohnGass13\/\",\"https:\/\/pt.wikipedia.org\/wiki\/Bohn_Gass\"]}]}<\/script>\n<!-- \/ Yoast SEO plugin. -->","yoast_head_json":{"title":"Pol\u00edtica Nacional de Economia Solid\u00e1ria - Deputado Federal Bohn Gass \u2605 PT\/RS","robots":{"index":"index","follow":"follow","max-snippet":"max-snippet:-1","max-image-preview":"max-image-preview:large","max-video-preview":"max-video-preview:-1"},"canonical":"https:\/\/bohngass.com.br\/?page_id=2293","og_locale":"pt_BR","og_type":"article","og_title":"Pol\u00edtica Nacional de Economia Solid\u00e1ria - Deputado Federal Bohn Gass \u2605 PT\/RS","og_description":"PL 6606\/2019 (N\u00ba Anterior: PL 4685\/2012) &#8211; (Com outros deputados) Cria a Pol\u00edtica Nacional de Economia Solid\u00e1ria Ementa: Disp\u00f5e sobre a Pol\u00edtica Nacional de Economia Solid\u00e1ria e os empreendimentos econ\u00f4micos solid\u00e1rios, cria o Sistema Nacional de Economia Solid\u00e1ria e d\u00e1 outras provid\u00eancias. Situa\u00e7\u00e3o: C\u00c2MARA DOS DEPUTADOS Aprovado em 08\/11\/2012 SENADO FEDERAL Aprovado, com emendas, em [&hellip;]","og_url":"https:\/\/bohngass.com.br\/?page_id=2293","og_site_name":"Deputado Federal Bohn Gass \u2605 PT\/RS","article_publisher":"https:\/\/www.facebook.com\/bohngass13","article_modified_time":"2023-11-22T17:57:38+00:00","twitter_card":"summary_large_image","twitter_site":"@BohnGass","twitter_misc":{"Est. tempo de leitura":"2 minutos"},"schema":{"@context":"https:\/\/schema.org","@graph":[{"@type":"WebPage","@id":"https:\/\/bohngass.com.br\/?page_id=2293","url":"https:\/\/bohngass.com.br\/?page_id=2293","name":"Pol\u00edtica Nacional de Economia Solid\u00e1ria - Deputado Federal Bohn Gass \u2605 PT\/RS","isPartOf":{"@id":"https:\/\/bohngass.com.br\/#website"},"datePublished":"2023-02-02T14:34:57+00:00","dateModified":"2023-11-22T17:57:38+00:00","breadcrumb":{"@id":"https:\/\/bohngass.com.br\/?page_id=2293#breadcrumb"},"inLanguage":"pt-BR","potentialAction":[{"@type":"ReadAction","target":["https:\/\/bohngass.com.br\/?page_id=2293"]}]},{"@type":"BreadcrumbList","@id":"https:\/\/bohngass.com.br\/?page_id=2293#breadcrumb","itemListElement":[{"@type":"ListItem","position":1,"name":"In\u00edcio","item":"https:\/\/bohngass.com.br\/"},{"@type":"ListItem","position":2,"name":"Pol\u00edtica Nacional de Economia Solid\u00e1ria"}]},{"@type":"WebSite","@id":"https:\/\/bohngass.com.br\/#website","url":"https:\/\/bohngass.com.br\/","name":"Deputado Federal Bohn Gass \u2605 PT\/RS","description":"Deputado Federal Bohn Gass","publisher":{"@id":"https:\/\/bohngass.com.br\/#organization"},"potentialAction":[{"@type":"SearchAction","target":{"@type":"EntryPoint","urlTemplate":"https:\/\/bohngass.com.br\/?s={search_term_string}"},"query-input":"required name=search_term_string"}],"inLanguage":"pt-BR"},{"@type":"Organization","@id":"https:\/\/bohngass.com.br\/#organization","name":"Deputado Bohn Gass","url":"https:\/\/bohngass.com.br\/","logo":{"@type":"ImageObject","inLanguage":"pt-BR","@id":"https:\/\/bohngass.com.br\/#\/schema\/logo\/image\/","url":"http:\/\/bohngass.com.br\/wp-content\/uploads\/2021\/01\/logo.png","contentUrl":"http:\/\/bohngass.com.br\/wp-content\/uploads\/2021\/01\/logo.png","width":357,"height":355,"caption":"Deputado Bohn Gass"},"image":{"@id":"https:\/\/bohngass.com.br\/#\/schema\/logo\/image\/"},"sameAs":["https:\/\/www.facebook.com\/bohngass13","https:\/\/x.com\/BohnGass","https:\/\/www.instagram.com\/bohn_gass\/","https:\/\/www.youtube.com\/BohnGass13\/","https:\/\/pt.wikipedia.org\/wiki\/Bohn_Gass"]}]}},"_links":{"self":[{"href":"https:\/\/bohngass.com.br\/index.php?rest_route=\/wp\/v2\/pages\/2293","targetHints":{"allow":["GET"]}}],"collection":[{"href":"https:\/\/bohngass.com.br\/index.php?rest_route=\/wp\/v2\/pages"}],"about":[{"href":"https:\/\/bohngass.com.br\/index.php?rest_route=\/wp\/v2\/types\/page"}],"author":[{"embeddable":true,"href":"https:\/\/bohngass.com.br\/index.php?rest_route=\/wp\/v2\/users\/1"}],"replies":[{"embeddable":true,"href":"https:\/\/bohngass.com.br\/index.php?rest_route=%2Fwp%2Fv2%2Fcomments&post=2293"}],"version-history":[{"count":0,"href":"https:\/\/bohngass.com.br\/index.php?rest_route=\/wp\/v2\/pages\/2293\/revisions"}],"wp:attachment":[{"href":"https:\/\/bohngass.com.br\/index.php?rest_route=%2Fwp%2Fv2%2Fmedia&parent=2293"}],"curies":[{"name":"wp","href":"https:\/\/api.w.org\/{rel}","templated":true}]}}