{"id":2298,"date":"2023-02-02T11:42:30","date_gmt":"2023-02-02T14:42:30","guid":{"rendered":"http:\/\/bohngass.com.br\/?page_id=2298"},"modified":"2023-02-02T11:42:31","modified_gmt":"2023-02-02T14:42:31","slug":"isencoes-para-pagamento-de-pedagio","status":"publish","type":"page","link":"https:\/\/bohngass.com.br\/?page_id=2298","title":{"rendered":"Isen\u00e7\u00f5es para pagamento de ped\u00e1gio"},"content":{"rendered":"\n<p><strong><strong>PL 2858\/2011<\/strong> &#8211; <\/strong>Isenta de pagamento de ped\u00e1gio os condutores que tenham resid\u00eancia permanente ou exer\u00e7am atividade profissional no munic\u00edpio onde funciona a pra\u00e7a de ped\u00e1gio<\/p>\n\n\n\n<p><strong>Ementa:<\/strong> Acrescenta artigo \u00e0 Lei n\u00ba 8.987, de 13 de fevereiro de 1995, para isentar do pagamento de ped\u00e1gio os condutores que tenham resid\u00eancia permanente ou exer\u00e7am atividades profissionais no mesmo Munic\u00edpio onde funcione pra\u00e7a para a arrecada\u00e7\u00e3o dessa tarifa.<\/p>\n\n\n\n<h2 class=\"wp-block-heading\"><strong>Situa\u00e7\u00e3o:<\/strong> <\/h2>\n\n\n\n<p><strong>COMISS\u00c3O DE VIA\u00c7\u00c3O E TRANSPORTES<\/strong><\/p>\n\n\n\n<p>Aprovada em 07\/05\/2014<a href=\"https:\/\/www.camara.leg.br\/proposicoesWeb\/prop_mostrarintegra?codteor=1075748\"><\/a><\/p>\n\n\n\n<p>Parecer do Relator, Dep. Jaime Martins (PR-MG), pela aprova\u00e7\u00e3o deste e pela rejei\u00e7\u00e3o do PL 4.169\/12, apensado.<\/p>\n\n\n\n<p><strong>COMISS\u00c3O DE FINAN\u00c7AS E TRIBUTA\u00c7\u00c3O<\/strong><\/p>\n\n\n\n<p>Encerrado o prazo para emendas ao projeto. N\u00e3o foram apresentadas emendas.ParecerParecer<\/p>\n\n\n\n<p><a href=\"https:\/\/www.camara.leg.br\/proposicoesWeb\/prop_mostrarintegra?codteor=1501592\"><\/a><\/p>\n\n\n\n<p>Parecer do Relator, Dep. Leonardo Quint\u00e3o (PMDB-MG), pela n\u00e3o implica\u00e7\u00e3o da mat\u00e9ria em aumento ou diminui\u00e7\u00e3o da receita ou da despesa p\u00fablicas, n\u00e3o cabendo pronunciamento quanto \u00e0 adequa\u00e7\u00e3o financeira e or\u00e7ament\u00e1ria, do Projeto de Lei 858\/2011 e do PL 4169\/2012, apensado; e, no m\u00e9rito, pela aprova\u00e7\u00e3o do PL 2858\/2011 e pela rejei\u00e7\u00e3o do PL 4169\/2012, apensado.<\/p>\n\n\n\n<div class=\"wp-block-buttons has-custom-font-size has-medium-font-size is-content-justification-left is-layout-flex wp-container-core-buttons-is-layout-fdcfc74e wp-block-buttons-is-layout-flex\">\n<div class=\"wp-block-button\"><a class=\"wp-block-button__link wp-element-button\" href=\"https:\/\/www.camara.leg.br\/propostas-legislativas\/530283\">Veja aqui a p\u00e1gina do projeto<\/a><\/div>\n<\/div>\n\n\n\n<h2 class=\"wp-block-heading\"><strong>Justificativa:<\/strong><\/h2>\n\n\n\n<p>A cobran\u00e7a de ped\u00e1gio nas rodovias exploradas diretamente pelo Poder P\u00fablico ou pela iniciativa privada, em regime de concess\u00e3o, deve ser pautada tamb\u00e9m pela racionalidade, e n\u00e3o apenas pela exclusiva necessidade de cobrir os custos com a manuten\u00e7\u00e3o da via. A cobran\u00e7a de ped\u00e1gio para pessoas que moram e trabalham no mesmo munic\u00edpio em que se assentam os postos de arrecada\u00e7\u00e3o constitui uma a\u00e7\u00e3o inaceit\u00e1vel, porque imp\u00f5e custos alt\u00edssimos a esses cidad\u00e3os para fazer face \u00e0s suas necessidades b\u00e1sicas de deslocamento di\u00e1rio. N\u00e3o podemos esquecer que esses cidad\u00e3os nem sempre t\u00eam a op\u00e7\u00e3o de circular por vias alternativas municipais, sendo obrigados a usar a via com ped\u00e1gio, para circular dentro do pr\u00f3prio munic\u00edpio. O custo com o pagamento obrigat\u00f3rio dessa tarifa pode acabar lhes restringindo o direito de ir e vir, e tamb\u00e9m limitar o desenvolvimento de suas fun\u00e7\u00f5es e atividades, com repercuss\u00e3o danosa para suas condi\u00e7\u00f5es socioecon\u00f4micas. Para evitar que essa distor\u00e7\u00e3o afeta um enorme contingente populacional brasileiro, estamos apresentando a presente iniciativa.<\/p>\n","protected":false},"excerpt":{"rendered":"<p>PL 2858\/2011 &#8211; Isenta de pagamento de ped\u00e1gio os condutores que tenham resid\u00eancia permanente ou exer\u00e7am atividade profissional no munic\u00edpio onde funciona a pra\u00e7a de ped\u00e1gio Ementa: Acrescenta artigo \u00e0 Lei n\u00ba 8.987, de 13 de fevereiro de 1995, para isentar do pagamento de ped\u00e1gio os condutores que tenham resid\u00eancia permanente ou exer\u00e7am atividades profissionais [&hellip;]<\/p>\n","protected":false},"author":1,"featured_media":0,"parent":0,"menu_order":0,"comment_status":"closed","ping_status":"closed","template":"","meta":{"footnotes":""},"class_list":["post-2298","page","type-page","status-publish","hentry"],"yoast_head":"<!-- This site is optimized with the Yoast SEO plugin v22.7 - https:\/\/yoast.com\/wordpress\/plugins\/seo\/ -->\n<title>Isen\u00e7\u00f5es para pagamento de ped\u00e1gio - Deputado Federal Bohn Gass \u2605 PT\/RS<\/title>\n<meta name=\"robots\" content=\"index, follow, max-snippet:-1, max-image-preview:large, max-video-preview:-1\" \/>\n<link rel=\"canonical\" href=\"https:\/\/bohngass.com.br\/?page_id=2298\" \/>\n<meta property=\"og:locale\" content=\"pt_BR\" \/>\n<meta property=\"og:type\" content=\"article\" \/>\n<meta property=\"og:title\" content=\"Isen\u00e7\u00f5es para pagamento de ped\u00e1gio - Deputado Federal Bohn Gass \u2605 PT\/RS\" \/>\n<meta property=\"og:description\" content=\"PL 2858\/2011 &#8211; Isenta de pagamento de ped\u00e1gio os condutores que tenham resid\u00eancia permanente ou exer\u00e7am atividade profissional no munic\u00edpio onde funciona a pra\u00e7a de ped\u00e1gio Ementa: Acrescenta artigo \u00e0 Lei n\u00ba 8.987, de 13 de fevereiro de 1995, para isentar do pagamento de ped\u00e1gio os condutores que tenham resid\u00eancia permanente ou exer\u00e7am atividades profissionais [&hellip;]\" \/>\n<meta property=\"og:url\" content=\"https:\/\/bohngass.com.br\/?page_id=2298\" \/>\n<meta property=\"og:site_name\" content=\"Deputado Federal Bohn Gass \u2605 PT\/RS\" \/>\n<meta property=\"article:publisher\" content=\"https:\/\/www.facebook.com\/bohngass13\" \/>\n<meta property=\"article:modified_time\" content=\"2023-02-02T14:42:31+00:00\" \/>\n<meta name=\"twitter:card\" content=\"summary_large_image\" \/>\n<meta name=\"twitter:site\" content=\"@BohnGass\" \/>\n<meta name=\"twitter:label1\" content=\"Est. tempo de leitura\" \/>\n\t<meta name=\"twitter:data1\" content=\"2 minutos\" \/>\n<script type=\"application\/ld+json\" class=\"yoast-schema-graph\">{\"@context\":\"https:\/\/schema.org\",\"@graph\":[{\"@type\":\"WebPage\",\"@id\":\"https:\/\/bohngass.com.br\/?page_id=2298\",\"url\":\"https:\/\/bohngass.com.br\/?page_id=2298\",\"name\":\"Isen\u00e7\u00f5es para pagamento de ped\u00e1gio - Deputado Federal Bohn Gass \u2605 PT\/RS\",\"isPartOf\":{\"@id\":\"https:\/\/bohngass.com.br\/#website\"},\"datePublished\":\"2023-02-02T14:42:30+00:00\",\"dateModified\":\"2023-02-02T14:42:31+00:00\",\"breadcrumb\":{\"@id\":\"https:\/\/bohngass.com.br\/?page_id=2298#breadcrumb\"},\"inLanguage\":\"pt-BR\",\"potentialAction\":[{\"@type\":\"ReadAction\",\"target\":[\"https:\/\/bohngass.com.br\/?page_id=2298\"]}]},{\"@type\":\"BreadcrumbList\",\"@id\":\"https:\/\/bohngass.com.br\/?page_id=2298#breadcrumb\",\"itemListElement\":[{\"@type\":\"ListItem\",\"position\":1,\"name\":\"In\u00edcio\",\"item\":\"https:\/\/bohngass.com.br\/\"},{\"@type\":\"ListItem\",\"position\":2,\"name\":\"Isen\u00e7\u00f5es para pagamento de ped\u00e1gio\"}]},{\"@type\":\"WebSite\",\"@id\":\"https:\/\/bohngass.com.br\/#website\",\"url\":\"https:\/\/bohngass.com.br\/\",\"name\":\"Deputado Federal Bohn Gass \u2605 PT\/RS\",\"description\":\"Deputado Federal Bohn Gass\",\"publisher\":{\"@id\":\"https:\/\/bohngass.com.br\/#organization\"},\"potentialAction\":[{\"@type\":\"SearchAction\",\"target\":{\"@type\":\"EntryPoint\",\"urlTemplate\":\"https:\/\/bohngass.com.br\/?s={search_term_string}\"},\"query-input\":\"required name=search_term_string\"}],\"inLanguage\":\"pt-BR\"},{\"@type\":\"Organization\",\"@id\":\"https:\/\/bohngass.com.br\/#organization\",\"name\":\"Deputado Bohn Gass\",\"url\":\"https:\/\/bohngass.com.br\/\",\"logo\":{\"@type\":\"ImageObject\",\"inLanguage\":\"pt-BR\",\"@id\":\"https:\/\/bohngass.com.br\/#\/schema\/logo\/image\/\",\"url\":\"http:\/\/bohngass.com.br\/wp-content\/uploads\/2021\/01\/logo.png\",\"contentUrl\":\"http:\/\/bohngass.com.br\/wp-content\/uploads\/2021\/01\/logo.png\",\"width\":357,\"height\":355,\"caption\":\"Deputado Bohn Gass\"},\"image\":{\"@id\":\"https:\/\/bohngass.com.br\/#\/schema\/logo\/image\/\"},\"sameAs\":[\"https:\/\/www.facebook.com\/bohngass13\",\"https:\/\/x.com\/BohnGass\",\"https:\/\/www.instagram.com\/bohn_gass\/\",\"https:\/\/www.youtube.com\/BohnGass13\/\",\"https:\/\/pt.wikipedia.org\/wiki\/Bohn_Gass\"]}]}<\/script>\n<!-- \/ Yoast SEO plugin. -->","yoast_head_json":{"title":"Isen\u00e7\u00f5es para pagamento de ped\u00e1gio - Deputado Federal Bohn Gass \u2605 PT\/RS","robots":{"index":"index","follow":"follow","max-snippet":"max-snippet:-1","max-image-preview":"max-image-preview:large","max-video-preview":"max-video-preview:-1"},"canonical":"https:\/\/bohngass.com.br\/?page_id=2298","og_locale":"pt_BR","og_type":"article","og_title":"Isen\u00e7\u00f5es para pagamento de ped\u00e1gio - Deputado Federal Bohn Gass \u2605 PT\/RS","og_description":"PL 2858\/2011 &#8211; Isenta de pagamento de ped\u00e1gio os condutores que tenham resid\u00eancia permanente ou exer\u00e7am atividade profissional no munic\u00edpio onde funciona a pra\u00e7a de ped\u00e1gio Ementa: Acrescenta artigo \u00e0 Lei n\u00ba 8.987, de 13 de fevereiro de 1995, para isentar do pagamento de ped\u00e1gio os condutores que tenham resid\u00eancia permanente ou exer\u00e7am atividades profissionais [&hellip;]","og_url":"https:\/\/bohngass.com.br\/?page_id=2298","og_site_name":"Deputado Federal Bohn Gass \u2605 PT\/RS","article_publisher":"https:\/\/www.facebook.com\/bohngass13","article_modified_time":"2023-02-02T14:42:31+00:00","twitter_card":"summary_large_image","twitter_site":"@BohnGass","twitter_misc":{"Est. tempo de leitura":"2 minutos"},"schema":{"@context":"https:\/\/schema.org","@graph":[{"@type":"WebPage","@id":"https:\/\/bohngass.com.br\/?page_id=2298","url":"https:\/\/bohngass.com.br\/?page_id=2298","name":"Isen\u00e7\u00f5es para pagamento de ped\u00e1gio - Deputado Federal Bohn Gass \u2605 PT\/RS","isPartOf":{"@id":"https:\/\/bohngass.com.br\/#website"},"datePublished":"2023-02-02T14:42:30+00:00","dateModified":"2023-02-02T14:42:31+00:00","breadcrumb":{"@id":"https:\/\/bohngass.com.br\/?page_id=2298#breadcrumb"},"inLanguage":"pt-BR","potentialAction":[{"@type":"ReadAction","target":["https:\/\/bohngass.com.br\/?page_id=2298"]}]},{"@type":"BreadcrumbList","@id":"https:\/\/bohngass.com.br\/?page_id=2298#breadcrumb","itemListElement":[{"@type":"ListItem","position":1,"name":"In\u00edcio","item":"https:\/\/bohngass.com.br\/"},{"@type":"ListItem","position":2,"name":"Isen\u00e7\u00f5es para pagamento de ped\u00e1gio"}]},{"@type":"WebSite","@id":"https:\/\/bohngass.com.br\/#website","url":"https:\/\/bohngass.com.br\/","name":"Deputado Federal Bohn Gass \u2605 PT\/RS","description":"Deputado Federal Bohn Gass","publisher":{"@id":"https:\/\/bohngass.com.br\/#organization"},"potentialAction":[{"@type":"SearchAction","target":{"@type":"EntryPoint","urlTemplate":"https:\/\/bohngass.com.br\/?s={search_term_string}"},"query-input":"required name=search_term_string"}],"inLanguage":"pt-BR"},{"@type":"Organization","@id":"https:\/\/bohngass.com.br\/#organization","name":"Deputado Bohn Gass","url":"https:\/\/bohngass.com.br\/","logo":{"@type":"ImageObject","inLanguage":"pt-BR","@id":"https:\/\/bohngass.com.br\/#\/schema\/logo\/image\/","url":"http:\/\/bohngass.com.br\/wp-content\/uploads\/2021\/01\/logo.png","contentUrl":"http:\/\/bohngass.com.br\/wp-content\/uploads\/2021\/01\/logo.png","width":357,"height":355,"caption":"Deputado Bohn Gass"},"image":{"@id":"https:\/\/bohngass.com.br\/#\/schema\/logo\/image\/"},"sameAs":["https:\/\/www.facebook.com\/bohngass13","https:\/\/x.com\/BohnGass","https:\/\/www.instagram.com\/bohn_gass\/","https:\/\/www.youtube.com\/BohnGass13\/","https:\/\/pt.wikipedia.org\/wiki\/Bohn_Gass"]}]}},"_links":{"self":[{"href":"https:\/\/bohngass.com.br\/index.php?rest_route=\/wp\/v2\/pages\/2298","targetHints":{"allow":["GET"]}}],"collection":[{"href":"https:\/\/bohngass.com.br\/index.php?rest_route=\/wp\/v2\/pages"}],"about":[{"href":"https:\/\/bohngass.com.br\/index.php?rest_route=\/wp\/v2\/types\/page"}],"author":[{"embeddable":true,"href":"https:\/\/bohngass.com.br\/index.php?rest_route=\/wp\/v2\/users\/1"}],"replies":[{"embeddable":true,"href":"https:\/\/bohngass.com.br\/index.php?rest_route=%2Fwp%2Fv2%2Fcomments&post=2298"}],"version-history":[{"count":0,"href":"https:\/\/bohngass.com.br\/index.php?rest_route=\/wp\/v2\/pages\/2298\/revisions"}],"wp:attachment":[{"href":"https:\/\/bohngass.com.br\/index.php?rest_route=%2Fwp%2Fv2%2Fmedia&parent=2298"}],"curies":[{"name":"wp","href":"https:\/\/api.w.org\/{rel}","templated":true}]}}