{"id":2302,"date":"2023-02-02T11:50:23","date_gmt":"2023-02-02T14:50:23","guid":{"rendered":"http:\/\/bohngass.com.br\/?page_id=2302"},"modified":"2023-02-02T11:50:24","modified_gmt":"2023-02-02T14:50:24","slug":"politica-de-valorizacao-do-salario-minimo","status":"publish","type":"page","link":"https:\/\/bohngass.com.br\/?page_id=2302","title":{"rendered":"Pol\u00edtica de valoriza\u00e7\u00e3o do sal\u00e1rio m\u00ednimo"},"content":{"rendered":"\n<p><strong><strong>PL 370\/2019<\/strong> &#8211; Disp\u00f5e sobre a pol\u00edtica de valoriza\u00e7\u00e3o do sal\u00e1rio m\u00ednimo.<\/strong><\/p>\n\n\n\n<p><strong>Ementa:<\/strong> Disp\u00f5e sobre a pol\u00edtica de valoriza\u00e7\u00e3o do sal\u00e1rio m\u00ednimo<\/p>\n\n\n\n<h2 class=\"wp-block-heading\"><strong>Situa\u00e7\u00e3o:<\/strong> <\/h2>\n\n\n\n<p><strong>COMISS\u00c3O DE TRABALHO, DE ADMINISTRA\u00c7\u00c3O E SERVI\u00c7O P\u00daBLICO<\/strong><\/p>\n\n\n\n<p>Encerrado o prazo de 5 sess\u00f5es para apresenta\u00e7\u00e3o de emendas ao substitutivo (de 08\/10\/2021 a 26\/10\/2021). N\u00e3o foram apresentadas emendas ao substitutivo.Parecer<\/p>\n\n\n\n<p><a href=\"https:\/\/www.camara.leg.br\/proposicoesWeb\/prop_mostrarintegra?codteor=2087113\"><\/a><\/p>\n\n\n\n<p>Parecer da Relatora, Dep. Erika Kokay (PT-DF), pela aprova\u00e7\u00e3o deste e do Projeto de Lei N\u00ba 2.378\/19, apensado, com substitutivo.<\/p>\n\n\n\n<div class=\"wp-block-buttons has-custom-font-size has-medium-font-size is-content-justification-left is-layout-flex wp-container-core-buttons-is-layout-fdcfc74e wp-block-buttons-is-layout-flex\">\n<div class=\"wp-block-button\"><a class=\"wp-block-button__link wp-element-button\" href=\"https:\/\/www.camara.leg.br\/propostas-legislativas\/2190993\">Veja aqui a p\u00e1gina do projeto<\/a><\/div>\n<\/div>\n\n\n\n<h2 class=\"wp-block-heading\"><strong>Justificativa:<\/strong><\/h2>\n\n\n\n<p>Desde 2006, quando o presidente Lula firmou com as centrais sindicais um acordo que definiu a regra de reajuste com ganhos reais, o valor do sal\u00e1rio m\u00ednimo tem sido corrigido pela infla\u00e7\u00e3o do ano anterior, medida pelo INPC, acrescida da varia\u00e7\u00e3o do PIB de dois anos antes. Desde 2011, com a aprova\u00e7\u00e3o da Lei 12.382\/2011, essa regra est\u00e1 prevista em lei. Essa pol\u00edtica de valoriza\u00e7\u00e3o do sal\u00e1rio m\u00ednimo adotada nos governos Lula e Dilma exerceu um papel central nas quedas da pobreza e da desigualdade de renda verificadas nos governos do PT. Nos governos FHC, entre 1995 e 2002, a incid\u00eancia de pobreza na popula\u00e7\u00e3o n\u00e3o se alterou, permanecendo est\u00e1vel em 30%. Por outro lado, do in\u00edcio do governo Lula at\u00e9 2013, a pobreza despencou de 30% para 11,5% da popula\u00e7\u00e3o. Fatores relacionados ao sal\u00e1rio m\u00ednimo (incluindo mercado de trabalho, previd\u00eancia e BPC) foram respons\u00e1veis por 40% dessa redu\u00e7\u00e3o na pobreza, que foi mais forte ainda nas regi\u00f5es Norte e Nordeste, ajudando a reduzir as desigualdades regionais.&nbsp;<\/p>\n\n\n\n<p>Pela legisla\u00e7\u00e3o vigente, a regra de valoriza\u00e7\u00e3o do sal\u00e1rio m\u00ednimo acabou em 1\u00ba de janeiro de 2019. O PL 370\/2019 pretende ampliar a regra at\u00e9 2023, para que a pobreza e a desigualdade continuem sendo reduzidas e melhore o poder de compra do trabalhador. O texto prev\u00ea um ganho real m\u00ednimo de 1% para o sal\u00e1rio m\u00ednimo todos os anos, para que o trabalhador n\u00e3o deixe de ter aumento real em momentos de crise. Deve-se observar que, justamente nos momentos de crise, \u00e9 necess\u00e1rio aumentar o sal\u00e1rio dos trabalhadores para que haja um aumento da demanda agregada via consumo e a economia volte a crescer.<\/p>\n\n\n\n<iframe loading=\"lazy\" width=\"560\" height=\"315\" src=\"https:\/\/www.youtube.com\/embed\/6GEsqS2SAiE\" title=\"YouTube video player\" frameborder=\"0\" allow=\"accelerometer; autoplay; clipboard-write; encrypted-media; gyroscope; picture-in-picture; web-share\" allowfullscreen><\/iframe>\n\n\n\n<iframe loading=\"lazy\" width=\"560\" height=\"315\" src=\"https:\/\/www.youtube.com\/embed\/94swaUgqScA\" title=\"YouTube video player\" frameborder=\"0\" allow=\"accelerometer; autoplay; clipboard-write; encrypted-media; gyroscope; picture-in-picture; web-share\" allowfullscreen><\/iframe>\n\n\n\n<iframe loading=\"lazy\" width=\"560\" height=\"315\" src=\"https:\/\/www.youtube.com\/embed\/3QXCLEKoYXw\" title=\"YouTube video player\" frameborder=\"0\" allow=\"accelerometer; autoplay; clipboard-write; encrypted-media; gyroscope; picture-in-picture; web-share\" allowfullscreen><\/iframe>\n","protected":false},"excerpt":{"rendered":"<p>PL 370\/2019 &#8211; Disp\u00f5e sobre a pol\u00edtica de valoriza\u00e7\u00e3o do sal\u00e1rio m\u00ednimo. Ementa: Disp\u00f5e sobre a pol\u00edtica de valoriza\u00e7\u00e3o do sal\u00e1rio m\u00ednimo Situa\u00e7\u00e3o: COMISS\u00c3O DE TRABALHO, DE ADMINISTRA\u00c7\u00c3O E SERVI\u00c7O P\u00daBLICO Encerrado o prazo de 5 sess\u00f5es para apresenta\u00e7\u00e3o de emendas ao substitutivo (de 08\/10\/2021 a 26\/10\/2021). N\u00e3o foram apresentadas emendas ao substitutivo.Parecer Parecer da [&hellip;]<\/p>\n","protected":false},"author":1,"featured_media":0,"parent":0,"menu_order":0,"comment_status":"closed","ping_status":"closed","template":"","meta":{"footnotes":""},"class_list":["post-2302","page","type-page","status-publish","hentry"],"yoast_head":"<!-- This site is optimized with the Yoast SEO plugin v22.7 - https:\/\/yoast.com\/wordpress\/plugins\/seo\/ -->\n<title>Pol\u00edtica de valoriza\u00e7\u00e3o do sal\u00e1rio m\u00ednimo - Deputado Federal Bohn Gass \u2605 PT\/RS<\/title>\n<meta name=\"robots\" content=\"index, follow, max-snippet:-1, max-image-preview:large, max-video-preview:-1\" \/>\n<link rel=\"canonical\" href=\"https:\/\/bohngass.com.br\/?page_id=2302\" \/>\n<meta property=\"og:locale\" content=\"pt_BR\" \/>\n<meta property=\"og:type\" content=\"article\" \/>\n<meta property=\"og:title\" content=\"Pol\u00edtica de valoriza\u00e7\u00e3o do sal\u00e1rio m\u00ednimo - Deputado Federal Bohn Gass \u2605 PT\/RS\" \/>\n<meta property=\"og:description\" content=\"PL 370\/2019 &#8211; Disp\u00f5e sobre a pol\u00edtica de valoriza\u00e7\u00e3o do sal\u00e1rio m\u00ednimo. Ementa: Disp\u00f5e sobre a pol\u00edtica de valoriza\u00e7\u00e3o do sal\u00e1rio m\u00ednimo Situa\u00e7\u00e3o: COMISS\u00c3O DE TRABALHO, DE ADMINISTRA\u00c7\u00c3O E SERVI\u00c7O P\u00daBLICO Encerrado o prazo de 5 sess\u00f5es para apresenta\u00e7\u00e3o de emendas ao substitutivo (de 08\/10\/2021 a 26\/10\/2021). N\u00e3o foram apresentadas emendas ao substitutivo.Parecer Parecer da [&hellip;]\" \/>\n<meta property=\"og:url\" content=\"https:\/\/bohngass.com.br\/?page_id=2302\" \/>\n<meta property=\"og:site_name\" content=\"Deputado Federal Bohn Gass \u2605 PT\/RS\" \/>\n<meta property=\"article:publisher\" content=\"https:\/\/www.facebook.com\/bohngass13\" \/>\n<meta property=\"article:modified_time\" content=\"2023-02-02T14:50:24+00:00\" \/>\n<meta name=\"twitter:card\" content=\"summary_large_image\" \/>\n<meta name=\"twitter:site\" content=\"@BohnGass\" \/>\n<meta name=\"twitter:label1\" content=\"Est. tempo de leitura\" \/>\n\t<meta name=\"twitter:data1\" content=\"2 minutos\" \/>\n<script type=\"application\/ld+json\" class=\"yoast-schema-graph\">{\"@context\":\"https:\/\/schema.org\",\"@graph\":[{\"@type\":\"WebPage\",\"@id\":\"https:\/\/bohngass.com.br\/?page_id=2302\",\"url\":\"https:\/\/bohngass.com.br\/?page_id=2302\",\"name\":\"Pol\u00edtica de valoriza\u00e7\u00e3o do sal\u00e1rio m\u00ednimo - Deputado Federal Bohn Gass \u2605 PT\/RS\",\"isPartOf\":{\"@id\":\"https:\/\/bohngass.com.br\/#website\"},\"datePublished\":\"2023-02-02T14:50:23+00:00\",\"dateModified\":\"2023-02-02T14:50:24+00:00\",\"breadcrumb\":{\"@id\":\"https:\/\/bohngass.com.br\/?page_id=2302#breadcrumb\"},\"inLanguage\":\"pt-BR\",\"potentialAction\":[{\"@type\":\"ReadAction\",\"target\":[\"https:\/\/bohngass.com.br\/?page_id=2302\"]}]},{\"@type\":\"BreadcrumbList\",\"@id\":\"https:\/\/bohngass.com.br\/?page_id=2302#breadcrumb\",\"itemListElement\":[{\"@type\":\"ListItem\",\"position\":1,\"name\":\"In\u00edcio\",\"item\":\"https:\/\/bohngass.com.br\/\"},{\"@type\":\"ListItem\",\"position\":2,\"name\":\"Pol\u00edtica de valoriza\u00e7\u00e3o do sal\u00e1rio m\u00ednimo\"}]},{\"@type\":\"WebSite\",\"@id\":\"https:\/\/bohngass.com.br\/#website\",\"url\":\"https:\/\/bohngass.com.br\/\",\"name\":\"Deputado Federal Bohn Gass \u2605 PT\/RS\",\"description\":\"Deputado Federal Bohn Gass\",\"publisher\":{\"@id\":\"https:\/\/bohngass.com.br\/#organization\"},\"potentialAction\":[{\"@type\":\"SearchAction\",\"target\":{\"@type\":\"EntryPoint\",\"urlTemplate\":\"https:\/\/bohngass.com.br\/?s={search_term_string}\"},\"query-input\":\"required name=search_term_string\"}],\"inLanguage\":\"pt-BR\"},{\"@type\":\"Organization\",\"@id\":\"https:\/\/bohngass.com.br\/#organization\",\"name\":\"Deputado Bohn Gass\",\"url\":\"https:\/\/bohngass.com.br\/\",\"logo\":{\"@type\":\"ImageObject\",\"inLanguage\":\"pt-BR\",\"@id\":\"https:\/\/bohngass.com.br\/#\/schema\/logo\/image\/\",\"url\":\"http:\/\/bohngass.com.br\/wp-content\/uploads\/2021\/01\/logo.png\",\"contentUrl\":\"http:\/\/bohngass.com.br\/wp-content\/uploads\/2021\/01\/logo.png\",\"width\":357,\"height\":355,\"caption\":\"Deputado Bohn Gass\"},\"image\":{\"@id\":\"https:\/\/bohngass.com.br\/#\/schema\/logo\/image\/\"},\"sameAs\":[\"https:\/\/www.facebook.com\/bohngass13\",\"https:\/\/x.com\/BohnGass\",\"https:\/\/www.instagram.com\/bohn_gass\/\",\"https:\/\/www.youtube.com\/BohnGass13\/\",\"https:\/\/pt.wikipedia.org\/wiki\/Bohn_Gass\"]}]}<\/script>\n<!-- \/ Yoast SEO plugin. -->","yoast_head_json":{"title":"Pol\u00edtica de valoriza\u00e7\u00e3o do sal\u00e1rio m\u00ednimo - Deputado Federal Bohn Gass \u2605 PT\/RS","robots":{"index":"index","follow":"follow","max-snippet":"max-snippet:-1","max-image-preview":"max-image-preview:large","max-video-preview":"max-video-preview:-1"},"canonical":"https:\/\/bohngass.com.br\/?page_id=2302","og_locale":"pt_BR","og_type":"article","og_title":"Pol\u00edtica de valoriza\u00e7\u00e3o do sal\u00e1rio m\u00ednimo - Deputado Federal Bohn Gass \u2605 PT\/RS","og_description":"PL 370\/2019 &#8211; Disp\u00f5e sobre a pol\u00edtica de valoriza\u00e7\u00e3o do sal\u00e1rio m\u00ednimo. Ementa: Disp\u00f5e sobre a pol\u00edtica de valoriza\u00e7\u00e3o do sal\u00e1rio m\u00ednimo Situa\u00e7\u00e3o: COMISS\u00c3O DE TRABALHO, DE ADMINISTRA\u00c7\u00c3O E SERVI\u00c7O P\u00daBLICO Encerrado o prazo de 5 sess\u00f5es para apresenta\u00e7\u00e3o de emendas ao substitutivo (de 08\/10\/2021 a 26\/10\/2021). N\u00e3o foram apresentadas emendas ao substitutivo.Parecer Parecer da [&hellip;]","og_url":"https:\/\/bohngass.com.br\/?page_id=2302","og_site_name":"Deputado Federal Bohn Gass \u2605 PT\/RS","article_publisher":"https:\/\/www.facebook.com\/bohngass13","article_modified_time":"2023-02-02T14:50:24+00:00","twitter_card":"summary_large_image","twitter_site":"@BohnGass","twitter_misc":{"Est. tempo de leitura":"2 minutos"},"schema":{"@context":"https:\/\/schema.org","@graph":[{"@type":"WebPage","@id":"https:\/\/bohngass.com.br\/?page_id=2302","url":"https:\/\/bohngass.com.br\/?page_id=2302","name":"Pol\u00edtica de valoriza\u00e7\u00e3o do sal\u00e1rio m\u00ednimo - Deputado Federal Bohn Gass \u2605 PT\/RS","isPartOf":{"@id":"https:\/\/bohngass.com.br\/#website"},"datePublished":"2023-02-02T14:50:23+00:00","dateModified":"2023-02-02T14:50:24+00:00","breadcrumb":{"@id":"https:\/\/bohngass.com.br\/?page_id=2302#breadcrumb"},"inLanguage":"pt-BR","potentialAction":[{"@type":"ReadAction","target":["https:\/\/bohngass.com.br\/?page_id=2302"]}]},{"@type":"BreadcrumbList","@id":"https:\/\/bohngass.com.br\/?page_id=2302#breadcrumb","itemListElement":[{"@type":"ListItem","position":1,"name":"In\u00edcio","item":"https:\/\/bohngass.com.br\/"},{"@type":"ListItem","position":2,"name":"Pol\u00edtica de valoriza\u00e7\u00e3o do sal\u00e1rio m\u00ednimo"}]},{"@type":"WebSite","@id":"https:\/\/bohngass.com.br\/#website","url":"https:\/\/bohngass.com.br\/","name":"Deputado Federal Bohn Gass \u2605 PT\/RS","description":"Deputado Federal Bohn Gass","publisher":{"@id":"https:\/\/bohngass.com.br\/#organization"},"potentialAction":[{"@type":"SearchAction","target":{"@type":"EntryPoint","urlTemplate":"https:\/\/bohngass.com.br\/?s={search_term_string}"},"query-input":"required name=search_term_string"}],"inLanguage":"pt-BR"},{"@type":"Organization","@id":"https:\/\/bohngass.com.br\/#organization","name":"Deputado Bohn Gass","url":"https:\/\/bohngass.com.br\/","logo":{"@type":"ImageObject","inLanguage":"pt-BR","@id":"https:\/\/bohngass.com.br\/#\/schema\/logo\/image\/","url":"http:\/\/bohngass.com.br\/wp-content\/uploads\/2021\/01\/logo.png","contentUrl":"http:\/\/bohngass.com.br\/wp-content\/uploads\/2021\/01\/logo.png","width":357,"height":355,"caption":"Deputado Bohn Gass"},"image":{"@id":"https:\/\/bohngass.com.br\/#\/schema\/logo\/image\/"},"sameAs":["https:\/\/www.facebook.com\/bohngass13","https:\/\/x.com\/BohnGass","https:\/\/www.instagram.com\/bohn_gass\/","https:\/\/www.youtube.com\/BohnGass13\/","https:\/\/pt.wikipedia.org\/wiki\/Bohn_Gass"]}]}},"_links":{"self":[{"href":"https:\/\/bohngass.com.br\/index.php?rest_route=\/wp\/v2\/pages\/2302","targetHints":{"allow":["GET"]}}],"collection":[{"href":"https:\/\/bohngass.com.br\/index.php?rest_route=\/wp\/v2\/pages"}],"about":[{"href":"https:\/\/bohngass.com.br\/index.php?rest_route=\/wp\/v2\/types\/page"}],"author":[{"embeddable":true,"href":"https:\/\/bohngass.com.br\/index.php?rest_route=\/wp\/v2\/users\/1"}],"replies":[{"embeddable":true,"href":"https:\/\/bohngass.com.br\/index.php?rest_route=%2Fwp%2Fv2%2Fcomments&post=2302"}],"version-history":[{"count":0,"href":"https:\/\/bohngass.com.br\/index.php?rest_route=\/wp\/v2\/pages\/2302\/revisions"}],"wp:attachment":[{"href":"https:\/\/bohngass.com.br\/index.php?rest_route=%2Fwp%2Fv2%2Fmedia&parent=2302"}],"curies":[{"name":"wp","href":"https:\/\/api.w.org\/{rel}","templated":true}]}}