{"id":2313,"date":"2023-02-07T14:02:22","date_gmt":"2023-02-07T17:02:22","guid":{"rendered":"http:\/\/bohngass.com.br\/?page_id=2313"},"modified":"2023-02-07T14:02:23","modified_gmt":"2023-02-07T17:02:23","slug":"programa-de-protecao-e-promocao-da-saude-menstrual","status":"publish","type":"page","link":"https:\/\/bohngass.com.br\/?page_id=2313","title":{"rendered":"Programa de Prote\u00e7\u00e3o e Promo\u00e7\u00e3o da Sa\u00fade Menstrual"},"content":{"rendered":"\n<p><strong><strong><strong>PL 4968\/2019<\/strong> &#8211; <\/strong><\/strong>Institui o Programa de Fornecimento de Absorventes Higi\u00eanicos nas escolas p\u00fablicas que ofertam anos finais de ensino fundamental e ensino m\u00e9dio.<\/p>\n\n\n\n<p><strong>Ementa:<\/strong> Institui o Programa de Prote\u00e7\u00e3o e Promo\u00e7\u00e3o da Sa\u00fade Menstrual; e altera a Lei n\u00ba 11.346, de 15 de setembro de 2006.<\/p>\n\n\n\n<h2 class=\"wp-block-heading\"><strong>Situa\u00e7\u00e3o:<\/strong> <\/h2>\n\n\n\n<p><strong>Transformada na Lei Ordin\u00e1ria 14214\/2021<\/strong><\/p>\n\n\n\n<div class=\"wp-block-buttons has-custom-font-size has-medium-font-size is-content-justification-left is-layout-flex wp-container-core-buttons-is-layout-fdcfc74e wp-block-buttons-is-layout-flex\">\n<div class=\"wp-block-button\"><a class=\"wp-block-button__link wp-element-button\" href=\"https:\/\/www.camara.leg.br\/propostas-legislativas\/2219676\">Veja aqui a p\u00e1gina do projeto<\/a><\/div>\n<\/div>\n\n\n\n<p><\/p>\n\n\n\n<h2 class=\"wp-block-heading\"><strong>Justificativa:<\/strong><\/h2>\n\n\n\n<p>Em junho de 2019, entrou em vigor, na cidade do Rio de Janeiro, a Lei n\u00ba 6.603, que institui o Programa de Fornecimento de Absorventes Higi\u00eanicos nas escolas p\u00fablicas do Munic\u00edpio. A proposta origina-se no Projeto de Lei n\u00ba 798, de 2018, do vereador Leonel Brizola Neto, que o submeteu \u00e0 aprecia\u00e7\u00e3o da C\u00e2mara Municipal. A iniciativa consiste no fornecimento de absorventes higi\u00eanicos para estudantes do sexo feminino, para a preven\u00e7\u00e3o de doen\u00e7as, bem como da evas\u00e3o escolar. A distribui\u00e7\u00e3o ser\u00e1 feita por meio de m\u00e1quinas de reposi\u00e7\u00e3o instaladas nos banheiros das escolas p\u00fablicas da rede municipal. Em mat\u00e9ria publicada no Jornal O Globo, de 14 de junho de 2019, o autor da proposta e presidente da Comiss\u00e3o de Direitos da Crian\u00e7a e do Adolescente da C\u00e2mara Municipal esclareceu que a demanda partiu das pr\u00f3prias fam\u00edlias. Em visitas feitas pela Comiss\u00e3o \u00e0s escolas p\u00fablicas, essas fam\u00edlias relataram dificuldades financeiras para a compra dos produtos e situa\u00e7\u00f5es de constrangimento vividas pelas alunas, que resultam em sucessivas faltas \u00e0s aulas.<\/p>\n\n\n\n<p>Consideramos a proposta aprovada bastante merit\u00f3ria e entendemos que a iniciativa deve ser levada \u00e0s escolas p\u00fablicas do restante do Pa\u00eds. \u00c9 um problema real para as adolescentes, configurando a chamada precariedade menstrual. A falta de acesso a produtos de higiene para lidar com o per\u00edodo menstrual traz enormes riscos \u00e0 sa\u00fade dessas jovens, muitas vezes em virtude das solu\u00e7\u00f5es prec\u00e1rias e insalubres a que recorrem. Ademais, na falta de absorventes higi\u00eanicos, muitas perdem dias letivos, chegando a abandonar os estudos por constrangimentos vividos. Essa realidade alcan\u00e7a muitos outros pa\u00edses.&nbsp;<\/p>\n\n\n\n<p>Em 2019, o filme \u201cAbsorvendo o tabu\u201d, dirigido por Rayka Zehtabchi, venceu o Oscar de melhor document\u00e1rio de curta-metragem ao abordar o estigma que a menstrua\u00e7\u00e3o ainda suscita na sociedade e trazer \u00e0 tona o tema das dificuldades de acesso da popula\u00e7\u00e3o feminina a absorventes ou outros recursos de higiene.&nbsp;<\/p>\n\n\n\n<p>A relev\u00e2ncia do tema est\u00e1 tamb\u00e9m refletida em projetos espalhados pelo mundo, implementados por organiza\u00e7\u00f5es n\u00e3o-governamentais e liderados por mulheres, cujo objetivo \u00e9 encontrar alternativas para viabilizar o acesso a produtos de higiene no per\u00edodo menstrual para meninas e mulheres atingidas por esse tipo de vulnerabilidade, sendo uma delas a organiza\u00e7\u00e3o nigeriana PeachAID Medical Initiative.<\/p>\n\n\n\n<iframe loading=\"lazy\" width=\"560\" height=\"315\" src=\"https:\/\/www.youtube.com\/embed\/OCcnt4qwzHc\" title=\"YouTube video player\" frameborder=\"0\" allow=\"accelerometer; autoplay; clipboard-write; encrypted-media; gyroscope; picture-in-picture; web-share\" allowfullscreen><\/iframe>\n","protected":false},"excerpt":{"rendered":"<p>PL 4968\/2019 &#8211; Institui o Programa de Fornecimento de Absorventes Higi\u00eanicos nas escolas p\u00fablicas que ofertam anos finais de ensino fundamental e ensino m\u00e9dio. Ementa: Institui o Programa de Prote\u00e7\u00e3o e Promo\u00e7\u00e3o da Sa\u00fade Menstrual; e altera a Lei n\u00ba 11.346, de 15 de setembro de 2006. Situa\u00e7\u00e3o: Transformada na Lei Ordin\u00e1ria 14214\/2021 Justificativa: Em [&hellip;]<\/p>\n","protected":false},"author":1,"featured_media":0,"parent":0,"menu_order":0,"comment_status":"closed","ping_status":"closed","template":"","meta":{"footnotes":""},"class_list":["post-2313","page","type-page","status-publish","hentry"],"yoast_head":"<!-- This site is optimized with the Yoast SEO plugin v27.4 - https:\/\/yoast.com\/product\/yoast-seo-wordpress\/ -->\n<title>Programa de Prote\u00e7\u00e3o e Promo\u00e7\u00e3o da Sa\u00fade Menstrual - Deputado Federal Bohn Gass \u2605 PT\/RS<\/title>\n<meta name=\"robots\" content=\"index, follow, max-snippet:-1, max-image-preview:large, max-video-preview:-1\" \/>\n<link rel=\"canonical\" href=\"https:\/\/bohngass.com.br\/?page_id=2313\" \/>\n<meta property=\"og:locale\" content=\"pt_BR\" \/>\n<meta property=\"og:type\" content=\"article\" \/>\n<meta property=\"og:title\" content=\"Programa de Prote\u00e7\u00e3o e Promo\u00e7\u00e3o da Sa\u00fade Menstrual - Deputado Federal Bohn Gass \u2605 PT\/RS\" \/>\n<meta property=\"og:description\" content=\"PL 4968\/2019 &#8211; Institui o Programa de Fornecimento de Absorventes Higi\u00eanicos nas escolas p\u00fablicas que ofertam anos finais de ensino fundamental e ensino m\u00e9dio. Ementa: Institui o Programa de Prote\u00e7\u00e3o e Promo\u00e7\u00e3o da Sa\u00fade Menstrual; e altera a Lei n\u00ba 11.346, de 15 de setembro de 2006. Situa\u00e7\u00e3o: Transformada na Lei Ordin\u00e1ria 14214\/2021 Justificativa: Em [&hellip;]\" \/>\n<meta property=\"og:url\" content=\"https:\/\/bohngass.com.br\/?page_id=2313\" \/>\n<meta property=\"og:site_name\" content=\"Deputado Federal Bohn Gass \u2605 PT\/RS\" \/>\n<meta property=\"article:publisher\" content=\"https:\/\/www.facebook.com\/bohngass13\" \/>\n<meta property=\"article:modified_time\" content=\"2023-02-07T17:02:23+00:00\" \/>\n<meta name=\"twitter:card\" content=\"summary_large_image\" \/>\n<meta name=\"twitter:site\" content=\"@BohnGass\" \/>\n<meta name=\"twitter:label1\" content=\"Est. tempo de leitura\" \/>\n\t<meta name=\"twitter:data1\" content=\"3 minutos\" \/>\n<script type=\"application\/ld+json\" class=\"yoast-schema-graph\">{\"@context\":\"https:\\\/\\\/schema.org\",\"@graph\":[{\"@type\":\"WebPage\",\"@id\":\"https:\\\/\\\/bohngass.com.br\\\/?page_id=2313\",\"url\":\"https:\\\/\\\/bohngass.com.br\\\/?page_id=2313\",\"name\":\"Programa de Prote\u00e7\u00e3o e Promo\u00e7\u00e3o da Sa\u00fade Menstrual - Deputado Federal Bohn Gass \u2605 PT\\\/RS\",\"isPartOf\":{\"@id\":\"https:\\\/\\\/bohngass.com.br\\\/#website\"},\"datePublished\":\"2023-02-07T17:02:22+00:00\",\"dateModified\":\"2023-02-07T17:02:23+00:00\",\"breadcrumb\":{\"@id\":\"https:\\\/\\\/bohngass.com.br\\\/?page_id=2313#breadcrumb\"},\"inLanguage\":\"pt-BR\",\"potentialAction\":[{\"@type\":\"ReadAction\",\"target\":[\"https:\\\/\\\/bohngass.com.br\\\/?page_id=2313\"]}]},{\"@type\":\"BreadcrumbList\",\"@id\":\"https:\\\/\\\/bohngass.com.br\\\/?page_id=2313#breadcrumb\",\"itemListElement\":[{\"@type\":\"ListItem\",\"position\":1,\"name\":\"In\u00edcio\",\"item\":\"https:\\\/\\\/bohngass.com.br\\\/\"},{\"@type\":\"ListItem\",\"position\":2,\"name\":\"Programa de Prote\u00e7\u00e3o e Promo\u00e7\u00e3o da Sa\u00fade Menstrual\"}]},{\"@type\":\"WebSite\",\"@id\":\"https:\\\/\\\/bohngass.com.br\\\/#website\",\"url\":\"https:\\\/\\\/bohngass.com.br\\\/\",\"name\":\"Deputado Federal Bohn Gass \u2605 PT\\\/RS\",\"description\":\"Deputado Federal Bohn Gass\",\"publisher\":{\"@id\":\"https:\\\/\\\/bohngass.com.br\\\/#organization\"},\"potentialAction\":[{\"@type\":\"SearchAction\",\"target\":{\"@type\":\"EntryPoint\",\"urlTemplate\":\"https:\\\/\\\/bohngass.com.br\\\/?s={search_term_string}\"},\"query-input\":{\"@type\":\"PropertyValueSpecification\",\"valueRequired\":true,\"valueName\":\"search_term_string\"}}],\"inLanguage\":\"pt-BR\"},{\"@type\":\"Organization\",\"@id\":\"https:\\\/\\\/bohngass.com.br\\\/#organization\",\"name\":\"Deputado Bohn Gass\",\"url\":\"https:\\\/\\\/bohngass.com.br\\\/\",\"logo\":{\"@type\":\"ImageObject\",\"inLanguage\":\"pt-BR\",\"@id\":\"https:\\\/\\\/bohngass.com.br\\\/#\\\/schema\\\/logo\\\/image\\\/\",\"url\":\"http:\\\/\\\/bohngass.com.br\\\/wp-content\\\/uploads\\\/2021\\\/01\\\/logo.png\",\"contentUrl\":\"http:\\\/\\\/bohngass.com.br\\\/wp-content\\\/uploads\\\/2021\\\/01\\\/logo.png\",\"width\":357,\"height\":355,\"caption\":\"Deputado Bohn Gass\"},\"image\":{\"@id\":\"https:\\\/\\\/bohngass.com.br\\\/#\\\/schema\\\/logo\\\/image\\\/\"},\"sameAs\":[\"https:\\\/\\\/www.facebook.com\\\/bohngass13\",\"https:\\\/\\\/x.com\\\/BohnGass\",\"https:\\\/\\\/www.instagram.com\\\/bohn_gass\\\/\",\"https:\\\/\\\/www.youtube.com\\\/BohnGass13\\\/\",\"https:\\\/\\\/pt.wikipedia.org\\\/wiki\\\/Bohn_Gass\"]}]}<\/script>\n<!-- \/ Yoast SEO plugin. -->","yoast_head_json":{"title":"Programa de Prote\u00e7\u00e3o e Promo\u00e7\u00e3o da Sa\u00fade Menstrual - Deputado Federal Bohn Gass \u2605 PT\/RS","robots":{"index":"index","follow":"follow","max-snippet":"max-snippet:-1","max-image-preview":"max-image-preview:large","max-video-preview":"max-video-preview:-1"},"canonical":"https:\/\/bohngass.com.br\/?page_id=2313","og_locale":"pt_BR","og_type":"article","og_title":"Programa de Prote\u00e7\u00e3o e Promo\u00e7\u00e3o da Sa\u00fade Menstrual - Deputado Federal Bohn Gass \u2605 PT\/RS","og_description":"PL 4968\/2019 &#8211; Institui o Programa de Fornecimento de Absorventes Higi\u00eanicos nas escolas p\u00fablicas que ofertam anos finais de ensino fundamental e ensino m\u00e9dio. Ementa: Institui o Programa de Prote\u00e7\u00e3o e Promo\u00e7\u00e3o da Sa\u00fade Menstrual; e altera a Lei n\u00ba 11.346, de 15 de setembro de 2006. Situa\u00e7\u00e3o: Transformada na Lei Ordin\u00e1ria 14214\/2021 Justificativa: Em [&hellip;]","og_url":"https:\/\/bohngass.com.br\/?page_id=2313","og_site_name":"Deputado Federal Bohn Gass \u2605 PT\/RS","article_publisher":"https:\/\/www.facebook.com\/bohngass13","article_modified_time":"2023-02-07T17:02:23+00:00","twitter_card":"summary_large_image","twitter_site":"@BohnGass","twitter_misc":{"Est. tempo de leitura":"3 minutos"},"schema":{"@context":"https:\/\/schema.org","@graph":[{"@type":"WebPage","@id":"https:\/\/bohngass.com.br\/?page_id=2313","url":"https:\/\/bohngass.com.br\/?page_id=2313","name":"Programa de Prote\u00e7\u00e3o e Promo\u00e7\u00e3o da Sa\u00fade Menstrual - Deputado Federal Bohn Gass \u2605 PT\/RS","isPartOf":{"@id":"https:\/\/bohngass.com.br\/#website"},"datePublished":"2023-02-07T17:02:22+00:00","dateModified":"2023-02-07T17:02:23+00:00","breadcrumb":{"@id":"https:\/\/bohngass.com.br\/?page_id=2313#breadcrumb"},"inLanguage":"pt-BR","potentialAction":[{"@type":"ReadAction","target":["https:\/\/bohngass.com.br\/?page_id=2313"]}]},{"@type":"BreadcrumbList","@id":"https:\/\/bohngass.com.br\/?page_id=2313#breadcrumb","itemListElement":[{"@type":"ListItem","position":1,"name":"In\u00edcio","item":"https:\/\/bohngass.com.br\/"},{"@type":"ListItem","position":2,"name":"Programa de Prote\u00e7\u00e3o e Promo\u00e7\u00e3o da Sa\u00fade Menstrual"}]},{"@type":"WebSite","@id":"https:\/\/bohngass.com.br\/#website","url":"https:\/\/bohngass.com.br\/","name":"Deputado Federal Bohn Gass \u2605 PT\/RS","description":"Deputado Federal Bohn Gass","publisher":{"@id":"https:\/\/bohngass.com.br\/#organization"},"potentialAction":[{"@type":"SearchAction","target":{"@type":"EntryPoint","urlTemplate":"https:\/\/bohngass.com.br\/?s={search_term_string}"},"query-input":{"@type":"PropertyValueSpecification","valueRequired":true,"valueName":"search_term_string"}}],"inLanguage":"pt-BR"},{"@type":"Organization","@id":"https:\/\/bohngass.com.br\/#organization","name":"Deputado Bohn Gass","url":"https:\/\/bohngass.com.br\/","logo":{"@type":"ImageObject","inLanguage":"pt-BR","@id":"https:\/\/bohngass.com.br\/#\/schema\/logo\/image\/","url":"http:\/\/bohngass.com.br\/wp-content\/uploads\/2021\/01\/logo.png","contentUrl":"http:\/\/bohngass.com.br\/wp-content\/uploads\/2021\/01\/logo.png","width":357,"height":355,"caption":"Deputado Bohn Gass"},"image":{"@id":"https:\/\/bohngass.com.br\/#\/schema\/logo\/image\/"},"sameAs":["https:\/\/www.facebook.com\/bohngass13","https:\/\/x.com\/BohnGass","https:\/\/www.instagram.com\/bohn_gass\/","https:\/\/www.youtube.com\/BohnGass13\/","https:\/\/pt.wikipedia.org\/wiki\/Bohn_Gass"]}]}},"_links":{"self":[{"href":"https:\/\/bohngass.com.br\/index.php?rest_route=\/wp\/v2\/pages\/2313","targetHints":{"allow":["GET"]}}],"collection":[{"href":"https:\/\/bohngass.com.br\/index.php?rest_route=\/wp\/v2\/pages"}],"about":[{"href":"https:\/\/bohngass.com.br\/index.php?rest_route=\/wp\/v2\/types\/page"}],"author":[{"embeddable":true,"href":"https:\/\/bohngass.com.br\/index.php?rest_route=\/wp\/v2\/users\/1"}],"replies":[{"embeddable":true,"href":"https:\/\/bohngass.com.br\/index.php?rest_route=%2Fwp%2Fv2%2Fcomments&post=2313"}],"version-history":[{"count":0,"href":"https:\/\/bohngass.com.br\/index.php?rest_route=\/wp\/v2\/pages\/2313\/revisions"}],"wp:attachment":[{"href":"https:\/\/bohngass.com.br\/index.php?rest_route=%2Fwp%2Fv2%2Fmedia&parent=2313"}],"curies":[{"name":"wp","href":"https:\/\/api.w.org\/{rel}","templated":true}]}}