{"id":2319,"date":"2023-02-07T14:20:58","date_gmt":"2023-02-07T17:20:58","guid":{"rendered":"http:\/\/bohngass.com.br\/?page_id=2319"},"modified":"2023-02-07T14:20:58","modified_gmt":"2023-02-07T17:20:58","slug":"vale-gas","status":"publish","type":"page","link":"https:\/\/bohngass.com.br\/?page_id=2319","title":{"rendered":"Vale G\u00e1s"},"content":{"rendered":"\n<p><strong><strong><strong>PL 1922\/2020<\/strong> &#8211; <\/strong><\/strong>Vale G\u00e1s<\/p>\n\n\n\n<p><strong>Ementa:<\/strong> Disp\u00f5e sobre aux\u00edlio emergencial para compra de g\u00e1s liquefeito de petr\u00f3leo enquanto perdurar o estado de calamidade p\u00fablica institu\u00eddo pelo Decreto Legislativo N\u00ba 6, 2020, e d\u00e1 outras provid\u00eancias.<\/p>\n\n\n\n<h2 class=\"wp-block-heading\"><strong>Situa\u00e7\u00e3o:<\/strong> <\/h2>\n\n\n\n<p><strong>Transformada em Lei Ordin\u00e1ria n\u00ba 14.237, de 19 de novembro de 2021<\/strong><\/p>\n\n\n\n<p><\/p>\n\n\n\n<div class=\"wp-block-buttons has-custom-font-size has-medium-font-size is-content-justification-left is-layout-flex wp-container-core-buttons-is-layout-fdcfc74e wp-block-buttons-is-layout-flex\">\n<div class=\"wp-block-button\"><a class=\"wp-block-button__link wp-element-button\" href=\"https:\/\/www.camara.leg.br\/propostas-legislativas\/2248306\">Veja aqui a p\u00e1gina do projeto<\/a><\/div>\n<\/div>\n\n\n\n<p><\/p>\n\n\n\n<h2 class=\"wp-block-heading\"><strong>Justificativa:<\/strong><\/h2>\n\n\n\n<p>O estado de calamidade p\u00fablica foi institu\u00eddo pelo Decreto Legislativo n\u00ba 6, 2020, em raz\u00e3o da pandemia do coronav\u00edrus. Reconhecendo a excepcionalidade do momento, o Executivo e Legislativo t\u00eam tomado medidas no sentido de proteger as popula\u00e7\u00f5es mais carentes e tornar fact\u00edvel o isolamento social. Nesse sentido, \u00e9 importante instituir um aux\u00edlio emergencial para compra de g\u00e1s de cozinha, g\u00e1s liquefeito de petr\u00f3leo (GLP), o \u201cAux\u00edlio G\u00e1s\u201d, enquanto perdurar o estado de calamidade p\u00fablica. Posteriormente, \u00e9 esperado que se defina uma pol\u00edtica perene de pre\u00e7os que torne esse insumo acess\u00edvel \u00e0 popula\u00e7\u00e3o, que \u00e9 compat\u00edvel com nossas reservas de petr\u00f3leo e g\u00e1s.<\/p>\n","protected":false},"excerpt":{"rendered":"<p>PL 1922\/2020 &#8211; Vale G\u00e1s Ementa: Disp\u00f5e sobre aux\u00edlio emergencial para compra de g\u00e1s liquefeito de petr\u00f3leo enquanto perdurar o estado de calamidade p\u00fablica institu\u00eddo pelo Decreto Legislativo N\u00ba 6, 2020, e d\u00e1 outras provid\u00eancias. Situa\u00e7\u00e3o: Transformada em Lei Ordin\u00e1ria n\u00ba 14.237, de 19 de novembro de 2021 Justificativa: O estado de calamidade p\u00fablica foi [&hellip;]<\/p>\n","protected":false},"author":1,"featured_media":0,"parent":0,"menu_order":0,"comment_status":"closed","ping_status":"closed","template":"","meta":{"footnotes":""},"class_list":["post-2319","page","type-page","status-publish","hentry"],"yoast_head":"<!-- This site is optimized with the Yoast SEO plugin v22.7 - https:\/\/yoast.com\/wordpress\/plugins\/seo\/ -->\n<title>Vale G\u00e1s - Deputado Federal Bohn Gass \u2605 PT\/RS<\/title>\n<meta name=\"robots\" content=\"index, follow, max-snippet:-1, max-image-preview:large, max-video-preview:-1\" \/>\n<link rel=\"canonical\" href=\"https:\/\/bohngass.com.br\/?page_id=2319\" \/>\n<meta property=\"og:locale\" content=\"pt_BR\" \/>\n<meta property=\"og:type\" content=\"article\" \/>\n<meta property=\"og:title\" content=\"Vale G\u00e1s - Deputado Federal Bohn Gass \u2605 PT\/RS\" \/>\n<meta property=\"og:description\" content=\"PL 1922\/2020 &#8211; Vale G\u00e1s Ementa: Disp\u00f5e sobre aux\u00edlio emergencial para compra de g\u00e1s liquefeito de petr\u00f3leo enquanto perdurar o estado de calamidade p\u00fablica institu\u00eddo pelo Decreto Legislativo N\u00ba 6, 2020, e d\u00e1 outras provid\u00eancias. Situa\u00e7\u00e3o: Transformada em Lei Ordin\u00e1ria n\u00ba 14.237, de 19 de novembro de 2021 Justificativa: O estado de calamidade p\u00fablica foi [&hellip;]\" \/>\n<meta property=\"og:url\" content=\"https:\/\/bohngass.com.br\/?page_id=2319\" \/>\n<meta property=\"og:site_name\" content=\"Deputado Federal Bohn Gass \u2605 PT\/RS\" \/>\n<meta property=\"article:publisher\" content=\"https:\/\/www.facebook.com\/bohngass13\" \/>\n<meta name=\"twitter:card\" content=\"summary_large_image\" \/>\n<meta name=\"twitter:site\" content=\"@BohnGass\" \/>\n<meta name=\"twitter:label1\" content=\"Est. tempo de leitura\" \/>\n\t<meta name=\"twitter:data1\" content=\"1 minuto\" \/>\n<script type=\"application\/ld+json\" class=\"yoast-schema-graph\">{\"@context\":\"https:\/\/schema.org\",\"@graph\":[{\"@type\":\"WebPage\",\"@id\":\"https:\/\/bohngass.com.br\/?page_id=2319\",\"url\":\"https:\/\/bohngass.com.br\/?page_id=2319\",\"name\":\"Vale G\u00e1s - Deputado Federal Bohn Gass \u2605 PT\/RS\",\"isPartOf\":{\"@id\":\"https:\/\/bohngass.com.br\/#website\"},\"datePublished\":\"2023-02-07T17:20:58+00:00\",\"dateModified\":\"2023-02-07T17:20:58+00:00\",\"breadcrumb\":{\"@id\":\"https:\/\/bohngass.com.br\/?page_id=2319#breadcrumb\"},\"inLanguage\":\"pt-BR\",\"potentialAction\":[{\"@type\":\"ReadAction\",\"target\":[\"https:\/\/bohngass.com.br\/?page_id=2319\"]}]},{\"@type\":\"BreadcrumbList\",\"@id\":\"https:\/\/bohngass.com.br\/?page_id=2319#breadcrumb\",\"itemListElement\":[{\"@type\":\"ListItem\",\"position\":1,\"name\":\"In\u00edcio\",\"item\":\"https:\/\/bohngass.com.br\/\"},{\"@type\":\"ListItem\",\"position\":2,\"name\":\"Vale G\u00e1s\"}]},{\"@type\":\"WebSite\",\"@id\":\"https:\/\/bohngass.com.br\/#website\",\"url\":\"https:\/\/bohngass.com.br\/\",\"name\":\"Deputado Federal Bohn Gass \u2605 PT\/RS\",\"description\":\"Deputado Federal Bohn Gass\",\"publisher\":{\"@id\":\"https:\/\/bohngass.com.br\/#organization\"},\"potentialAction\":[{\"@type\":\"SearchAction\",\"target\":{\"@type\":\"EntryPoint\",\"urlTemplate\":\"https:\/\/bohngass.com.br\/?s={search_term_string}\"},\"query-input\":\"required name=search_term_string\"}],\"inLanguage\":\"pt-BR\"},{\"@type\":\"Organization\",\"@id\":\"https:\/\/bohngass.com.br\/#organization\",\"name\":\"Deputado Bohn Gass\",\"url\":\"https:\/\/bohngass.com.br\/\",\"logo\":{\"@type\":\"ImageObject\",\"inLanguage\":\"pt-BR\",\"@id\":\"https:\/\/bohngass.com.br\/#\/schema\/logo\/image\/\",\"url\":\"http:\/\/bohngass.com.br\/wp-content\/uploads\/2021\/01\/logo.png\",\"contentUrl\":\"http:\/\/bohngass.com.br\/wp-content\/uploads\/2021\/01\/logo.png\",\"width\":357,\"height\":355,\"caption\":\"Deputado Bohn Gass\"},\"image\":{\"@id\":\"https:\/\/bohngass.com.br\/#\/schema\/logo\/image\/\"},\"sameAs\":[\"https:\/\/www.facebook.com\/bohngass13\",\"https:\/\/x.com\/BohnGass\",\"https:\/\/www.instagram.com\/bohn_gass\/\",\"https:\/\/www.youtube.com\/BohnGass13\/\",\"https:\/\/pt.wikipedia.org\/wiki\/Bohn_Gass\"]}]}<\/script>\n<!-- \/ Yoast SEO plugin. -->","yoast_head_json":{"title":"Vale G\u00e1s - Deputado Federal Bohn Gass \u2605 PT\/RS","robots":{"index":"index","follow":"follow","max-snippet":"max-snippet:-1","max-image-preview":"max-image-preview:large","max-video-preview":"max-video-preview:-1"},"canonical":"https:\/\/bohngass.com.br\/?page_id=2319","og_locale":"pt_BR","og_type":"article","og_title":"Vale G\u00e1s - Deputado Federal Bohn Gass \u2605 PT\/RS","og_description":"PL 1922\/2020 &#8211; Vale G\u00e1s Ementa: Disp\u00f5e sobre aux\u00edlio emergencial para compra de g\u00e1s liquefeito de petr\u00f3leo enquanto perdurar o estado de calamidade p\u00fablica institu\u00eddo pelo Decreto Legislativo N\u00ba 6, 2020, e d\u00e1 outras provid\u00eancias. Situa\u00e7\u00e3o: Transformada em Lei Ordin\u00e1ria n\u00ba 14.237, de 19 de novembro de 2021 Justificativa: O estado de calamidade p\u00fablica foi [&hellip;]","og_url":"https:\/\/bohngass.com.br\/?page_id=2319","og_site_name":"Deputado Federal Bohn Gass \u2605 PT\/RS","article_publisher":"https:\/\/www.facebook.com\/bohngass13","twitter_card":"summary_large_image","twitter_site":"@BohnGass","twitter_misc":{"Est. tempo de leitura":"1 minuto"},"schema":{"@context":"https:\/\/schema.org","@graph":[{"@type":"WebPage","@id":"https:\/\/bohngass.com.br\/?page_id=2319","url":"https:\/\/bohngass.com.br\/?page_id=2319","name":"Vale G\u00e1s - Deputado Federal Bohn Gass \u2605 PT\/RS","isPartOf":{"@id":"https:\/\/bohngass.com.br\/#website"},"datePublished":"2023-02-07T17:20:58+00:00","dateModified":"2023-02-07T17:20:58+00:00","breadcrumb":{"@id":"https:\/\/bohngass.com.br\/?page_id=2319#breadcrumb"},"inLanguage":"pt-BR","potentialAction":[{"@type":"ReadAction","target":["https:\/\/bohngass.com.br\/?page_id=2319"]}]},{"@type":"BreadcrumbList","@id":"https:\/\/bohngass.com.br\/?page_id=2319#breadcrumb","itemListElement":[{"@type":"ListItem","position":1,"name":"In\u00edcio","item":"https:\/\/bohngass.com.br\/"},{"@type":"ListItem","position":2,"name":"Vale G\u00e1s"}]},{"@type":"WebSite","@id":"https:\/\/bohngass.com.br\/#website","url":"https:\/\/bohngass.com.br\/","name":"Deputado Federal Bohn Gass \u2605 PT\/RS","description":"Deputado Federal Bohn Gass","publisher":{"@id":"https:\/\/bohngass.com.br\/#organization"},"potentialAction":[{"@type":"SearchAction","target":{"@type":"EntryPoint","urlTemplate":"https:\/\/bohngass.com.br\/?s={search_term_string}"},"query-input":"required name=search_term_string"}],"inLanguage":"pt-BR"},{"@type":"Organization","@id":"https:\/\/bohngass.com.br\/#organization","name":"Deputado Bohn Gass","url":"https:\/\/bohngass.com.br\/","logo":{"@type":"ImageObject","inLanguage":"pt-BR","@id":"https:\/\/bohngass.com.br\/#\/schema\/logo\/image\/","url":"http:\/\/bohngass.com.br\/wp-content\/uploads\/2021\/01\/logo.png","contentUrl":"http:\/\/bohngass.com.br\/wp-content\/uploads\/2021\/01\/logo.png","width":357,"height":355,"caption":"Deputado Bohn Gass"},"image":{"@id":"https:\/\/bohngass.com.br\/#\/schema\/logo\/image\/"},"sameAs":["https:\/\/www.facebook.com\/bohngass13","https:\/\/x.com\/BohnGass","https:\/\/www.instagram.com\/bohn_gass\/","https:\/\/www.youtube.com\/BohnGass13\/","https:\/\/pt.wikipedia.org\/wiki\/Bohn_Gass"]}]}},"_links":{"self":[{"href":"https:\/\/bohngass.com.br\/index.php?rest_route=\/wp\/v2\/pages\/2319","targetHints":{"allow":["GET"]}}],"collection":[{"href":"https:\/\/bohngass.com.br\/index.php?rest_route=\/wp\/v2\/pages"}],"about":[{"href":"https:\/\/bohngass.com.br\/index.php?rest_route=\/wp\/v2\/types\/page"}],"author":[{"embeddable":true,"href":"https:\/\/bohngass.com.br\/index.php?rest_route=\/wp\/v2\/users\/1"}],"replies":[{"embeddable":true,"href":"https:\/\/bohngass.com.br\/index.php?rest_route=%2Fwp%2Fv2%2Fcomments&post=2319"}],"version-history":[{"count":0,"href":"https:\/\/bohngass.com.br\/index.php?rest_route=\/wp\/v2\/pages\/2319\/revisions"}],"wp:attachment":[{"href":"https:\/\/bohngass.com.br\/index.php?rest_route=%2Fwp%2Fv2%2Fmedia&parent=2319"}],"curies":[{"name":"wp","href":"https:\/\/api.w.org\/{rel}","templated":true}]}}