{"id":2321,"date":"2023-02-07T14:32:49","date_gmt":"2023-02-07T17:32:49","guid":{"rendered":"http:\/\/bohngass.com.br\/?page_id=2321"},"modified":"2023-02-07T14:46:20","modified_gmt":"2023-02-07T17:46:20","slug":"lei-assis-carvalho-i","status":"publish","type":"page","link":"https:\/\/bohngass.com.br\/?page_id=2321","title":{"rendered":"Lei Assis Carvalho I"},"content":{"rendered":"\n<p><strong><strong><strong>PL 735\/2020<\/strong><\/strong> &#8211; <\/strong>Lei Assis Carvalho I<\/p>\n\n\n\n<p><strong>Ementa:<\/strong> Disp\u00f5e sobre medidas emergenciais de amparo aos agricultores familiares do Brasil para mitigar os impactos socioecon\u00f4micos da Covid-19; altera as Leis n\u00bas 13.340, de 28 de setembro de 2016, e 13.606, de 9 de janeiro de 2018; e d\u00e1 outras provid\u00eancias (Lei Assis Carvalho).<\/p>\n\n\n\n<h2 class=\"wp-block-heading\"><strong>Situa\u00e7\u00e3o:<\/strong> <\/h2>\n\n\n\n<p><strong>Transformada na Lei Ordin\u00e1ria 14048\/2020<\/strong><\/p>\n\n\n\n<p><\/p>\n\n\n\n<div class=\"wp-block-buttons has-custom-font-size has-medium-font-size is-content-justification-left is-layout-flex wp-container-core-buttons-is-layout-fdcfc74e wp-block-buttons-is-layout-flex\">\n<div class=\"wp-block-button\"><a class=\"wp-block-button__link wp-element-button\" href=\"https:\/\/www.camara.leg.br\/propostas-legislativas\/2239605\">Veja aqui a p\u00e1gina do projeto<\/a><\/div>\n<\/div>\n\n\n\n<p><\/p>\n\n\n\n<h2 class=\"wp-block-heading\"><strong>Justificativa:<\/strong><\/h2>\n\n\n\n<p>Conforme dados do \u00faltimo Censo Agropecu\u00e1rio realizado pelo IBGE a agricultura familiar no Brasil somou 3,897 milh\u00f5es de estabelecimentos agropecu\u00e1rios, isso responde por 76,8% da quantidade total de estabelecimentos agropecu\u00e1rios, respondendo por 10,1 milh\u00f5es de ocupa\u00e7\u00f5es no campo \u2013 66,96% do total. Importante destacar tamb\u00e9m que conforme podemos observar na tabela abaixo, a agricultura familiar responde por 82,26% dos estabelecimentos que produzem hortali\u00e7as, 79,93% dos que produzem lavouras tempor\u00e1rias, tendo significativa participa\u00e7\u00e3o na produ\u00e7\u00e3o pecu\u00e1ria, lavouras permanentes, pesca e produ\u00e7\u00e3o florestal de florestas nativas, fica assim patente a import\u00e2ncia deste segmento para a produ\u00e7\u00e3o agropecu\u00e1ria brasileira e a gera\u00e7\u00e3o de empregos no campo.<\/p>\n\n\n\n<p>No abastecimento interno a agricultura familiar tem papel de destaque, respondendo pela maior parte da produ\u00e7\u00e3o e alimentos de consumo interno, um indicador objetivo desta especialidade \u00e9 o valor da produ\u00e7\u00e3o dos estabelecimentos agropecu\u00e1rios da horticultura, o valor total em 2017 somou R$ 8,1 bilh\u00f5es, sendo que deste valor total a agricultura familiar respondeu por R$ 4,88 bilh\u00f5es, 60%. Apesar de sua signific\u00e2ncia econ\u00f4mica e social h\u00e1 uma vulnerabilidade econ\u00f4mica significativa, decorrente de diferentes fatores como limita\u00e7\u00e3o no acesso a equipamentos que aumentam a produtividade do trabalho, dist\u00e2ncia das cidades, escala da produ\u00e7\u00e3o, explora\u00e7\u00e3o de atravessadores dentre outros mecanismos, tal processo implica que enquanto a m\u00e9dia de renda por estabelecimento da agricultura n\u00e3o familiar em 2017 foi de R$ 337 mil reais na agricultura familiar esta m\u00e9dia foi de R$ 28,87 mil reais.<\/p>\n\n\n\n<p>Considerando que em decorr\u00eancia das medidas de emerg\u00eancia que est\u00e3o sendo adotadas, em fun\u00e7\u00e3o da pandemia de Covid-19 a comercializa\u00e7\u00e3o de alimentos, sobretudo em feiras livres ser\u00e1 diretamente afetada limitando a renda das fam\u00edlias, e poder\u00e1 levar a interrup\u00e7\u00e3o da atividade agropecu\u00e1ria gerando escassez de alimentos num momento seguinte, inclusive quando da recupera\u00e7\u00e3o das atividades produtivas e da circula\u00e7\u00e3o de pessoas, o que poder\u00e1 gerar um press\u00e3o inflacion\u00e1ria dos alimentos.<\/p>\n\n\n\n<iframe loading=\"lazy\" width=\"560\" height=\"315\" src=\"https:\/\/www.youtube.com\/embed\/xUp44akl_PM\" title=\"YouTube video player\" frameborder=\"0\" allow=\"accelerometer; autoplay; clipboard-write; encrypted-media; gyroscope; picture-in-picture; web-share\" allowfullscreen><\/iframe>\n","protected":false},"excerpt":{"rendered":"<p>PL 735\/2020 &#8211; Lei Assis Carvalho I Ementa: Disp\u00f5e sobre medidas emergenciais de amparo aos agricultores familiares do Brasil para mitigar os impactos socioecon\u00f4micos da Covid-19; altera as Leis n\u00bas 13.340, de 28 de setembro de 2016, e 13.606, de 9 de janeiro de 2018; e d\u00e1 outras provid\u00eancias (Lei Assis Carvalho). Situa\u00e7\u00e3o: Transformada na [&hellip;]<\/p>\n","protected":false},"author":1,"featured_media":0,"parent":0,"menu_order":0,"comment_status":"closed","ping_status":"closed","template":"","meta":{"footnotes":""},"class_list":["post-2321","page","type-page","status-publish","hentry"],"yoast_head":"<!-- This site is optimized with the Yoast SEO plugin v22.7 - https:\/\/yoast.com\/wordpress\/plugins\/seo\/ -->\n<title>Lei Assis Carvalho I - Deputado Federal Bohn Gass \u2605 PT\/RS<\/title>\n<meta name=\"robots\" content=\"index, follow, max-snippet:-1, max-image-preview:large, max-video-preview:-1\" \/>\n<link rel=\"canonical\" href=\"https:\/\/bohngass.com.br\/?page_id=2321\" \/>\n<meta property=\"og:locale\" content=\"pt_BR\" \/>\n<meta property=\"og:type\" content=\"article\" \/>\n<meta property=\"og:title\" content=\"Lei Assis Carvalho I - Deputado Federal Bohn Gass \u2605 PT\/RS\" \/>\n<meta property=\"og:description\" content=\"PL 735\/2020 &#8211; Lei Assis Carvalho I Ementa: Disp\u00f5e sobre medidas emergenciais de amparo aos agricultores familiares do Brasil para mitigar os impactos socioecon\u00f4micos da Covid-19; altera as Leis n\u00bas 13.340, de 28 de setembro de 2016, e 13.606, de 9 de janeiro de 2018; e d\u00e1 outras provid\u00eancias (Lei Assis Carvalho). Situa\u00e7\u00e3o: Transformada na [&hellip;]\" \/>\n<meta property=\"og:url\" content=\"https:\/\/bohngass.com.br\/?page_id=2321\" \/>\n<meta property=\"og:site_name\" content=\"Deputado Federal Bohn Gass \u2605 PT\/RS\" \/>\n<meta property=\"article:publisher\" content=\"https:\/\/www.facebook.com\/bohngass13\" \/>\n<meta property=\"article:modified_time\" content=\"2023-02-07T17:46:20+00:00\" \/>\n<meta name=\"twitter:card\" content=\"summary_large_image\" \/>\n<meta name=\"twitter:site\" content=\"@BohnGass\" \/>\n<meta name=\"twitter:label1\" content=\"Est. tempo de leitura\" \/>\n\t<meta name=\"twitter:data1\" content=\"3 minutos\" \/>\n<script type=\"application\/ld+json\" class=\"yoast-schema-graph\">{\"@context\":\"https:\/\/schema.org\",\"@graph\":[{\"@type\":\"WebPage\",\"@id\":\"https:\/\/bohngass.com.br\/?page_id=2321\",\"url\":\"https:\/\/bohngass.com.br\/?page_id=2321\",\"name\":\"Lei Assis Carvalho I - Deputado Federal Bohn Gass \u2605 PT\/RS\",\"isPartOf\":{\"@id\":\"https:\/\/bohngass.com.br\/#website\"},\"datePublished\":\"2023-02-07T17:32:49+00:00\",\"dateModified\":\"2023-02-07T17:46:20+00:00\",\"breadcrumb\":{\"@id\":\"https:\/\/bohngass.com.br\/?page_id=2321#breadcrumb\"},\"inLanguage\":\"pt-BR\",\"potentialAction\":[{\"@type\":\"ReadAction\",\"target\":[\"https:\/\/bohngass.com.br\/?page_id=2321\"]}]},{\"@type\":\"BreadcrumbList\",\"@id\":\"https:\/\/bohngass.com.br\/?page_id=2321#breadcrumb\",\"itemListElement\":[{\"@type\":\"ListItem\",\"position\":1,\"name\":\"In\u00edcio\",\"item\":\"https:\/\/bohngass.com.br\/\"},{\"@type\":\"ListItem\",\"position\":2,\"name\":\"Lei Assis Carvalho I\"}]},{\"@type\":\"WebSite\",\"@id\":\"https:\/\/bohngass.com.br\/#website\",\"url\":\"https:\/\/bohngass.com.br\/\",\"name\":\"Deputado Federal Bohn Gass \u2605 PT\/RS\",\"description\":\"Deputado Federal Bohn Gass\",\"publisher\":{\"@id\":\"https:\/\/bohngass.com.br\/#organization\"},\"potentialAction\":[{\"@type\":\"SearchAction\",\"target\":{\"@type\":\"EntryPoint\",\"urlTemplate\":\"https:\/\/bohngass.com.br\/?s={search_term_string}\"},\"query-input\":\"required name=search_term_string\"}],\"inLanguage\":\"pt-BR\"},{\"@type\":\"Organization\",\"@id\":\"https:\/\/bohngass.com.br\/#organization\",\"name\":\"Deputado Bohn Gass\",\"url\":\"https:\/\/bohngass.com.br\/\",\"logo\":{\"@type\":\"ImageObject\",\"inLanguage\":\"pt-BR\",\"@id\":\"https:\/\/bohngass.com.br\/#\/schema\/logo\/image\/\",\"url\":\"http:\/\/bohngass.com.br\/wp-content\/uploads\/2021\/01\/logo.png\",\"contentUrl\":\"http:\/\/bohngass.com.br\/wp-content\/uploads\/2021\/01\/logo.png\",\"width\":357,\"height\":355,\"caption\":\"Deputado Bohn Gass\"},\"image\":{\"@id\":\"https:\/\/bohngass.com.br\/#\/schema\/logo\/image\/\"},\"sameAs\":[\"https:\/\/www.facebook.com\/bohngass13\",\"https:\/\/x.com\/BohnGass\",\"https:\/\/www.instagram.com\/bohn_gass\/\",\"https:\/\/www.youtube.com\/BohnGass13\/\",\"https:\/\/pt.wikipedia.org\/wiki\/Bohn_Gass\"]}]}<\/script>\n<!-- \/ Yoast SEO plugin. -->","yoast_head_json":{"title":"Lei Assis Carvalho I - Deputado Federal Bohn Gass \u2605 PT\/RS","robots":{"index":"index","follow":"follow","max-snippet":"max-snippet:-1","max-image-preview":"max-image-preview:large","max-video-preview":"max-video-preview:-1"},"canonical":"https:\/\/bohngass.com.br\/?page_id=2321","og_locale":"pt_BR","og_type":"article","og_title":"Lei Assis Carvalho I - Deputado Federal Bohn Gass \u2605 PT\/RS","og_description":"PL 735\/2020 &#8211; Lei Assis Carvalho I Ementa: Disp\u00f5e sobre medidas emergenciais de amparo aos agricultores familiares do Brasil para mitigar os impactos socioecon\u00f4micos da Covid-19; altera as Leis n\u00bas 13.340, de 28 de setembro de 2016, e 13.606, de 9 de janeiro de 2018; e d\u00e1 outras provid\u00eancias (Lei Assis Carvalho). Situa\u00e7\u00e3o: Transformada na [&hellip;]","og_url":"https:\/\/bohngass.com.br\/?page_id=2321","og_site_name":"Deputado Federal Bohn Gass \u2605 PT\/RS","article_publisher":"https:\/\/www.facebook.com\/bohngass13","article_modified_time":"2023-02-07T17:46:20+00:00","twitter_card":"summary_large_image","twitter_site":"@BohnGass","twitter_misc":{"Est. tempo de leitura":"3 minutos"},"schema":{"@context":"https:\/\/schema.org","@graph":[{"@type":"WebPage","@id":"https:\/\/bohngass.com.br\/?page_id=2321","url":"https:\/\/bohngass.com.br\/?page_id=2321","name":"Lei Assis Carvalho I - Deputado Federal Bohn Gass \u2605 PT\/RS","isPartOf":{"@id":"https:\/\/bohngass.com.br\/#website"},"datePublished":"2023-02-07T17:32:49+00:00","dateModified":"2023-02-07T17:46:20+00:00","breadcrumb":{"@id":"https:\/\/bohngass.com.br\/?page_id=2321#breadcrumb"},"inLanguage":"pt-BR","potentialAction":[{"@type":"ReadAction","target":["https:\/\/bohngass.com.br\/?page_id=2321"]}]},{"@type":"BreadcrumbList","@id":"https:\/\/bohngass.com.br\/?page_id=2321#breadcrumb","itemListElement":[{"@type":"ListItem","position":1,"name":"In\u00edcio","item":"https:\/\/bohngass.com.br\/"},{"@type":"ListItem","position":2,"name":"Lei Assis Carvalho I"}]},{"@type":"WebSite","@id":"https:\/\/bohngass.com.br\/#website","url":"https:\/\/bohngass.com.br\/","name":"Deputado Federal Bohn Gass \u2605 PT\/RS","description":"Deputado Federal Bohn Gass","publisher":{"@id":"https:\/\/bohngass.com.br\/#organization"},"potentialAction":[{"@type":"SearchAction","target":{"@type":"EntryPoint","urlTemplate":"https:\/\/bohngass.com.br\/?s={search_term_string}"},"query-input":"required name=search_term_string"}],"inLanguage":"pt-BR"},{"@type":"Organization","@id":"https:\/\/bohngass.com.br\/#organization","name":"Deputado Bohn Gass","url":"https:\/\/bohngass.com.br\/","logo":{"@type":"ImageObject","inLanguage":"pt-BR","@id":"https:\/\/bohngass.com.br\/#\/schema\/logo\/image\/","url":"http:\/\/bohngass.com.br\/wp-content\/uploads\/2021\/01\/logo.png","contentUrl":"http:\/\/bohngass.com.br\/wp-content\/uploads\/2021\/01\/logo.png","width":357,"height":355,"caption":"Deputado Bohn Gass"},"image":{"@id":"https:\/\/bohngass.com.br\/#\/schema\/logo\/image\/"},"sameAs":["https:\/\/www.facebook.com\/bohngass13","https:\/\/x.com\/BohnGass","https:\/\/www.instagram.com\/bohn_gass\/","https:\/\/www.youtube.com\/BohnGass13\/","https:\/\/pt.wikipedia.org\/wiki\/Bohn_Gass"]}]}},"_links":{"self":[{"href":"https:\/\/bohngass.com.br\/index.php?rest_route=\/wp\/v2\/pages\/2321","targetHints":{"allow":["GET"]}}],"collection":[{"href":"https:\/\/bohngass.com.br\/index.php?rest_route=\/wp\/v2\/pages"}],"about":[{"href":"https:\/\/bohngass.com.br\/index.php?rest_route=\/wp\/v2\/types\/page"}],"author":[{"embeddable":true,"href":"https:\/\/bohngass.com.br\/index.php?rest_route=\/wp\/v2\/users\/1"}],"replies":[{"embeddable":true,"href":"https:\/\/bohngass.com.br\/index.php?rest_route=%2Fwp%2Fv2%2Fcomments&post=2321"}],"version-history":[{"count":0,"href":"https:\/\/bohngass.com.br\/index.php?rest_route=\/wp\/v2\/pages\/2321\/revisions"}],"wp:attachment":[{"href":"https:\/\/bohngass.com.br\/index.php?rest_route=%2Fwp%2Fv2%2Fmedia&parent=2321"}],"curies":[{"name":"wp","href":"https:\/\/api.w.org\/{rel}","templated":true}]}}