{"id":2333,"date":"2023-02-07T15:10:28","date_gmt":"2023-02-07T18:10:28","guid":{"rendered":"http:\/\/bohngass.com.br\/?page_id=2333"},"modified":"2023-02-07T15:10:29","modified_gmt":"2023-02-07T18:10:29","slug":"sistemas-produtivos-de-agricultura-urbana","status":"publish","type":"page","link":"https:\/\/bohngass.com.br\/?page_id=2333","title":{"rendered":"Sistemas Produtivos de Agricultura Urbana"},"content":{"rendered":"\n<p><strong><strong><strong>PL 4074\/2021<\/strong> <\/strong><\/strong>(Com outros deputados) &#8211; Disp\u00f5e sobre a sobre a reserva de \u00e1reas para implementa\u00e7\u00e3o de sistemas produtivos de agricultura urbana ou periurbana no \u00e2mbito de programas habitacionais p\u00fablicos federais ou financiados com recursos p\u00fablicos federais.<\/p>\n\n\n\n<p><strong>Ementa: <\/strong>Disp\u00f5e sobre a sobre a reserva de \u00e1reas para implementa\u00e7\u00e3o de sistemas produtivos de agricultura urbana ou periurbana no \u00e2mbito de programas habitacionais p\u00fablicos federais ou financiados com recursos p\u00fablicos federais.<\/p>\n\n\n\n<h2 class=\"wp-block-heading\"><strong>Situa\u00e7\u00e3o:<\/strong> <\/h2>\n\n\n\n<p><strong>COMISS\u00c3O DE AGRICULTURA, PECU\u00c1RIA, ABASTECIMENTO E DESENVOLVIMENTO RURAL<\/strong><\/p>\n\n\n\n<p>Aprovada com altera\u00e7\u00f5es em 08\/06\/2022<\/p>\n\n\n\n<p><a href=\"https:\/\/www.camara.leg.br\/proposicoesWeb\/prop_mostrarintegra?codteor=2170586\"><\/a><\/p>\n\n\n\n<p>Parecer do Relator, Dep. Christino Aureo (PP-RJ), pela aprova\u00e7\u00e3o, com emenda.<\/p>\n\n\n\n<p><strong>COMISS\u00c3O DE DESENVOLVIMENTO URBANO<\/strong><\/p>\n\n\n\n<p>Aguardando relator<\/p>\n\n\n\n<div class=\"wp-block-buttons has-custom-font-size has-medium-font-size is-content-justification-left is-layout-flex wp-container-core-buttons-is-layout-fdcfc74e wp-block-buttons-is-layout-flex\">\n<div class=\"wp-block-button\"><a class=\"wp-block-button__link wp-element-button\" href=\"https:\/\/www.camara.leg.br\/propostas-legislativas\/2307615\">Veja aqui a p\u00e1gina do projeto<\/a><\/div>\n<\/div>\n\n\n\n<p><\/p>\n\n\n\n<h2 class=\"wp-block-heading\"><strong>Justificativa:<\/strong><\/h2>\n\n\n\n<p>De acordo com prospecto das Na\u00e7\u00f5es Unidas, o Brasil j\u00e1 deve apresentar no ano de 2020 mais de 87% de sua popula\u00e7\u00e3o residindo em cidades. Tal propor\u00e7\u00e3o \u00e9 superior \u00e0 presentada para toda a Am\u00e9rica Latina e Caribe (81,2%) e consideravelmente superior \u00e0 propor\u00e7\u00e3o mundial (56,2%). O mesmo prospecto aponta que, at\u00e9 2050, \u00e9 esperado que o Brasil tenha mais de 92% de sua popula\u00e7\u00e3o residindo em cidades. \u00c9 evidente, portanto, a import\u00e2ncia do delineamento de solu\u00e7\u00f5es para dotar as cidades de sustentabilidade econ\u00f4mica, financeira, social e ambiental. Com praticamente toda a popula\u00e7\u00e3o brasileira vivendo em cidades no m\u00e9dio prazo, o planejamento urbano n\u00e3o tem outra op\u00e7\u00e3o a n\u00e3o ser adotar uma abordagem mais hol\u00edstica, capaz de agregar as diversas importantes dimens\u00f5es da vida tanto no aspecto individual como de comunidade.<\/p>\n\n\n\n<p>A agricultura urbana e periurbana, por meio de hortas comunit\u00e1rias, por exemplo, tem se mostrado como instrumento important\u00edssimo para o aprimoramento das cidades e da qualidade de vida das pessoas. Mais especificamente, ela tem sido \u201capontada como uma das pr\u00e1ticas mais recomendadas entre os diversos programas que visam a constru\u00e7\u00e3o de cidades sustent\u00e1veis e de espa\u00e7os urbanos mais saud\u00e1veis e inclusivos\u201d, haja vista que pode trazer diversos benef\u00edcios, entres os quais se destacam:<\/p>\n\n\n\n<p>a) suporte \u00e0 seguran\u00e7a alimentar e nutricional, na medida em facilita o acesso aos alimentos;<\/p>\n\n\n\n<p>b) benef\u00edcios para sa\u00fade da popula\u00e7\u00e3o (estudo aponta que adultos inclu\u00eddos na din\u00e2mica de hortas comunit\u00e1rias consomem quase 50% a mais de frutas e de vegetais por<br>dia do que aqueles que n\u00e3o participam dessas inciativas)<\/p>\n\n\n\n<p>c) cria\u00e7\u00e3o de trabalho e eleva\u00e7\u00e3o da renda, por meio da possibilidade de venda dos produtos produzidos e da presta\u00e7\u00e3o de servi\u00e7os para manuten\u00e7\u00e3o da horta;<\/p>\n\n\n\n<p>d) estreitamento da conviv\u00eancia em comunidade e de a\u00e7\u00f5es colaborativas, com consequente eleva\u00e7\u00e3o da coes\u00e3o social e do ativismo pol\u00edtico.<\/p>\n\n\n\n<p>e) favorecimento de inclus\u00e3o social e redu\u00e7\u00e3o de desigualdades de g\u00eanero (estudo aponta que 63% dos agricultores urbanos s\u00e3o mulheres, o que pode ser explicado pela facilidade em conciliar o trabalho e a cria\u00e7\u00e3o dos filhos dada a proximidade entre a horta e as resid\u00eancias das fam\u00edlias)<\/p>\n\n\n\n<p>f) suporte a a\u00e7\u00f5es de educa\u00e7\u00e3o ambiental, inclusive com apoio de institui\u00e7\u00f5es escolares;<\/p>\n\n\n\n<p>g) capta\u00e7\u00e3o de g\u00e1s carb\u00f4nico com consequente contribui\u00e7\u00e3o para a desacelera\u00e7\u00e3o das mudan\u00e7as clim\u00e1ticas;<\/p>\n\n\n\n<p>h) melhoria da paisagem e do microclima urbanos e do bem-estar da popula\u00e7\u00e3o;<\/p>\n\n\n\n<p>i) benef\u00edcios ecol\u00f3gicos associados \u00e0 redu\u00e7\u00e3o da gera\u00e7\u00e3o de lixo, eleva\u00e7\u00e3o da biodiversidade no meio urbano, melhoria da qualidade do ar e redu\u00e7\u00e3o dos impactos<br>ambientais associados a transporte e armazenagem de alimentos; e<\/p>\n\n\n\n<p>j) capta\u00e7\u00e3o de \u00e1guas das chuvas, com redu\u00e7\u00e3o dos efeitos de enchentes e enxurradas nas cidades.<\/p>\n\n\n\n<p>No Brasil, as experi\u00eancias com hortas comunit\u00e1rias s\u00e3o ainda isoladas, mas capazes de ratificar os diversos benef\u00edcios elencados. Como pol\u00edtica p\u00fablica de amplo alcance, tem-se o Programa Nacional de Agricultura Urbana e Periurbana, institu\u00eddo em 2018 no \u00e2mbito do Minist\u00e9rio do Desenvolvimento Social. A implementa\u00e7\u00e3o do programa, ao menos do<br>ponto de vista or\u00e7ament\u00e1rio, ainda parece incipiente9 e, ademais, tem muito foco em seguran\u00e7a alimentar e nutricional, o que pode indicar lacunas em outros eixos importantes da agricultura urbana e periurbana, como as quest\u00f5es ambientais e econ\u00f4micas.<\/p>\n\n\n\n<p>Dessa forma, diante da extensa lista de benef\u00edcios da agricultura urbana e periurbana e da necessidade de remodela\u00e7\u00e3o das cidades para garantia da sustentabilidade e da qualidade de vida das pessoas, propomos que os projetos habitacionais p\u00fablicos ou financiados com recursos p\u00fablicos sejam vinculados a projetos de agricultura urbana e periurbana, por meio de celebra\u00e7\u00e3o de acordos entre o governo Federal e o entes benefici\u00e1rios da pol\u00edtica habitacional.<\/p>\n","protected":false},"excerpt":{"rendered":"<p>PL 4074\/2021 (Com outros deputados) &#8211; Disp\u00f5e sobre a sobre a reserva de \u00e1reas para implementa\u00e7\u00e3o de sistemas produtivos de agricultura urbana ou periurbana no \u00e2mbito de programas habitacionais p\u00fablicos federais ou financiados com recursos p\u00fablicos federais. Ementa: Disp\u00f5e sobre a sobre a reserva de \u00e1reas para implementa\u00e7\u00e3o de sistemas produtivos de agricultura urbana ou [&hellip;]<\/p>\n","protected":false},"author":1,"featured_media":0,"parent":0,"menu_order":0,"comment_status":"closed","ping_status":"closed","template":"","meta":{"footnotes":""},"class_list":["post-2333","page","type-page","status-publish","hentry"],"yoast_head":"<!-- This site is optimized with the Yoast SEO plugin v22.7 - https:\/\/yoast.com\/wordpress\/plugins\/seo\/ -->\n<title>Sistemas Produtivos de Agricultura Urbana - Deputado Federal Bohn Gass \u2605 PT\/RS<\/title>\n<meta name=\"robots\" content=\"index, follow, max-snippet:-1, max-image-preview:large, max-video-preview:-1\" \/>\n<link rel=\"canonical\" href=\"https:\/\/bohngass.com.br\/?page_id=2333\" \/>\n<meta property=\"og:locale\" content=\"pt_BR\" \/>\n<meta property=\"og:type\" content=\"article\" \/>\n<meta property=\"og:title\" content=\"Sistemas Produtivos de Agricultura Urbana - Deputado Federal Bohn Gass \u2605 PT\/RS\" \/>\n<meta property=\"og:description\" content=\"PL 4074\/2021 (Com outros deputados) &#8211; Disp\u00f5e sobre a sobre a reserva de \u00e1reas para implementa\u00e7\u00e3o de sistemas produtivos de agricultura urbana ou periurbana no \u00e2mbito de programas habitacionais p\u00fablicos federais ou financiados com recursos p\u00fablicos federais. Ementa: Disp\u00f5e sobre a sobre a reserva de \u00e1reas para implementa\u00e7\u00e3o de sistemas produtivos de agricultura urbana ou [&hellip;]\" \/>\n<meta property=\"og:url\" content=\"https:\/\/bohngass.com.br\/?page_id=2333\" \/>\n<meta property=\"og:site_name\" content=\"Deputado Federal Bohn Gass \u2605 PT\/RS\" \/>\n<meta property=\"article:publisher\" content=\"https:\/\/www.facebook.com\/bohngass13\" \/>\n<meta property=\"article:modified_time\" content=\"2023-02-07T18:10:29+00:00\" \/>\n<meta name=\"twitter:card\" content=\"summary_large_image\" \/>\n<meta name=\"twitter:site\" content=\"@BohnGass\" \/>\n<meta name=\"twitter:label1\" content=\"Est. tempo de leitura\" \/>\n\t<meta name=\"twitter:data1\" content=\"4 minutos\" \/>\n<script type=\"application\/ld+json\" class=\"yoast-schema-graph\">{\"@context\":\"https:\/\/schema.org\",\"@graph\":[{\"@type\":\"WebPage\",\"@id\":\"https:\/\/bohngass.com.br\/?page_id=2333\",\"url\":\"https:\/\/bohngass.com.br\/?page_id=2333\",\"name\":\"Sistemas Produtivos de Agricultura Urbana - Deputado Federal Bohn Gass \u2605 PT\/RS\",\"isPartOf\":{\"@id\":\"https:\/\/bohngass.com.br\/#website\"},\"datePublished\":\"2023-02-07T18:10:28+00:00\",\"dateModified\":\"2023-02-07T18:10:29+00:00\",\"breadcrumb\":{\"@id\":\"https:\/\/bohngass.com.br\/?page_id=2333#breadcrumb\"},\"inLanguage\":\"pt-BR\",\"potentialAction\":[{\"@type\":\"ReadAction\",\"target\":[\"https:\/\/bohngass.com.br\/?page_id=2333\"]}]},{\"@type\":\"BreadcrumbList\",\"@id\":\"https:\/\/bohngass.com.br\/?page_id=2333#breadcrumb\",\"itemListElement\":[{\"@type\":\"ListItem\",\"position\":1,\"name\":\"In\u00edcio\",\"item\":\"https:\/\/bohngass.com.br\/\"},{\"@type\":\"ListItem\",\"position\":2,\"name\":\"Sistemas Produtivos de Agricultura Urbana\"}]},{\"@type\":\"WebSite\",\"@id\":\"https:\/\/bohngass.com.br\/#website\",\"url\":\"https:\/\/bohngass.com.br\/\",\"name\":\"Deputado Federal Bohn Gass \u2605 PT\/RS\",\"description\":\"Deputado Federal Bohn Gass\",\"publisher\":{\"@id\":\"https:\/\/bohngass.com.br\/#organization\"},\"potentialAction\":[{\"@type\":\"SearchAction\",\"target\":{\"@type\":\"EntryPoint\",\"urlTemplate\":\"https:\/\/bohngass.com.br\/?s={search_term_string}\"},\"query-input\":\"required name=search_term_string\"}],\"inLanguage\":\"pt-BR\"},{\"@type\":\"Organization\",\"@id\":\"https:\/\/bohngass.com.br\/#organization\",\"name\":\"Deputado Bohn Gass\",\"url\":\"https:\/\/bohngass.com.br\/\",\"logo\":{\"@type\":\"ImageObject\",\"inLanguage\":\"pt-BR\",\"@id\":\"https:\/\/bohngass.com.br\/#\/schema\/logo\/image\/\",\"url\":\"http:\/\/bohngass.com.br\/wp-content\/uploads\/2021\/01\/logo.png\",\"contentUrl\":\"http:\/\/bohngass.com.br\/wp-content\/uploads\/2021\/01\/logo.png\",\"width\":357,\"height\":355,\"caption\":\"Deputado Bohn Gass\"},\"image\":{\"@id\":\"https:\/\/bohngass.com.br\/#\/schema\/logo\/image\/\"},\"sameAs\":[\"https:\/\/www.facebook.com\/bohngass13\",\"https:\/\/x.com\/BohnGass\",\"https:\/\/www.instagram.com\/bohn_gass\/\",\"https:\/\/www.youtube.com\/BohnGass13\/\",\"https:\/\/pt.wikipedia.org\/wiki\/Bohn_Gass\"]}]}<\/script>\n<!-- \/ Yoast SEO plugin. -->","yoast_head_json":{"title":"Sistemas Produtivos de Agricultura Urbana - Deputado Federal Bohn Gass \u2605 PT\/RS","robots":{"index":"index","follow":"follow","max-snippet":"max-snippet:-1","max-image-preview":"max-image-preview:large","max-video-preview":"max-video-preview:-1"},"canonical":"https:\/\/bohngass.com.br\/?page_id=2333","og_locale":"pt_BR","og_type":"article","og_title":"Sistemas Produtivos de Agricultura Urbana - Deputado Federal Bohn Gass \u2605 PT\/RS","og_description":"PL 4074\/2021 (Com outros deputados) &#8211; Disp\u00f5e sobre a sobre a reserva de \u00e1reas para implementa\u00e7\u00e3o de sistemas produtivos de agricultura urbana ou periurbana no \u00e2mbito de programas habitacionais p\u00fablicos federais ou financiados com recursos p\u00fablicos federais. Ementa: Disp\u00f5e sobre a sobre a reserva de \u00e1reas para implementa\u00e7\u00e3o de sistemas produtivos de agricultura urbana ou [&hellip;]","og_url":"https:\/\/bohngass.com.br\/?page_id=2333","og_site_name":"Deputado Federal Bohn Gass \u2605 PT\/RS","article_publisher":"https:\/\/www.facebook.com\/bohngass13","article_modified_time":"2023-02-07T18:10:29+00:00","twitter_card":"summary_large_image","twitter_site":"@BohnGass","twitter_misc":{"Est. tempo de leitura":"4 minutos"},"schema":{"@context":"https:\/\/schema.org","@graph":[{"@type":"WebPage","@id":"https:\/\/bohngass.com.br\/?page_id=2333","url":"https:\/\/bohngass.com.br\/?page_id=2333","name":"Sistemas Produtivos de Agricultura Urbana - Deputado Federal Bohn Gass \u2605 PT\/RS","isPartOf":{"@id":"https:\/\/bohngass.com.br\/#website"},"datePublished":"2023-02-07T18:10:28+00:00","dateModified":"2023-02-07T18:10:29+00:00","breadcrumb":{"@id":"https:\/\/bohngass.com.br\/?page_id=2333#breadcrumb"},"inLanguage":"pt-BR","potentialAction":[{"@type":"ReadAction","target":["https:\/\/bohngass.com.br\/?page_id=2333"]}]},{"@type":"BreadcrumbList","@id":"https:\/\/bohngass.com.br\/?page_id=2333#breadcrumb","itemListElement":[{"@type":"ListItem","position":1,"name":"In\u00edcio","item":"https:\/\/bohngass.com.br\/"},{"@type":"ListItem","position":2,"name":"Sistemas Produtivos de Agricultura Urbana"}]},{"@type":"WebSite","@id":"https:\/\/bohngass.com.br\/#website","url":"https:\/\/bohngass.com.br\/","name":"Deputado Federal Bohn Gass \u2605 PT\/RS","description":"Deputado Federal Bohn Gass","publisher":{"@id":"https:\/\/bohngass.com.br\/#organization"},"potentialAction":[{"@type":"SearchAction","target":{"@type":"EntryPoint","urlTemplate":"https:\/\/bohngass.com.br\/?s={search_term_string}"},"query-input":"required name=search_term_string"}],"inLanguage":"pt-BR"},{"@type":"Organization","@id":"https:\/\/bohngass.com.br\/#organization","name":"Deputado Bohn Gass","url":"https:\/\/bohngass.com.br\/","logo":{"@type":"ImageObject","inLanguage":"pt-BR","@id":"https:\/\/bohngass.com.br\/#\/schema\/logo\/image\/","url":"http:\/\/bohngass.com.br\/wp-content\/uploads\/2021\/01\/logo.png","contentUrl":"http:\/\/bohngass.com.br\/wp-content\/uploads\/2021\/01\/logo.png","width":357,"height":355,"caption":"Deputado Bohn Gass"},"image":{"@id":"https:\/\/bohngass.com.br\/#\/schema\/logo\/image\/"},"sameAs":["https:\/\/www.facebook.com\/bohngass13","https:\/\/x.com\/BohnGass","https:\/\/www.instagram.com\/bohn_gass\/","https:\/\/www.youtube.com\/BohnGass13\/","https:\/\/pt.wikipedia.org\/wiki\/Bohn_Gass"]}]}},"_links":{"self":[{"href":"https:\/\/bohngass.com.br\/index.php?rest_route=\/wp\/v2\/pages\/2333","targetHints":{"allow":["GET"]}}],"collection":[{"href":"https:\/\/bohngass.com.br\/index.php?rest_route=\/wp\/v2\/pages"}],"about":[{"href":"https:\/\/bohngass.com.br\/index.php?rest_route=\/wp\/v2\/types\/page"}],"author":[{"embeddable":true,"href":"https:\/\/bohngass.com.br\/index.php?rest_route=\/wp\/v2\/users\/1"}],"replies":[{"embeddable":true,"href":"https:\/\/bohngass.com.br\/index.php?rest_route=%2Fwp%2Fv2%2Fcomments&post=2333"}],"version-history":[{"count":0,"href":"https:\/\/bohngass.com.br\/index.php?rest_route=\/wp\/v2\/pages\/2333\/revisions"}],"wp:attachment":[{"href":"https:\/\/bohngass.com.br\/index.php?rest_route=%2Fwp%2Fv2%2Fmedia&parent=2333"}],"curies":[{"name":"wp","href":"https:\/\/api.w.org\/{rel}","templated":true}]}}