{"id":2460,"date":"2023-02-23T14:52:45","date_gmt":"2023-02-23T17:52:45","guid":{"rendered":"http:\/\/bohngass.com.br\/?page_id=2460"},"modified":"2024-01-30T11:49:15","modified_gmt":"2024-01-30T14:49:15","slug":"2023-2","status":"publish","type":"page","link":"https:\/\/bohngass.com.br\/?page_id=2460","title":{"rendered":"2023"},"content":{"rendered":"\n<p><strong><a href=\"https:\/\/bohngass.com.br\/?page_id=2445\">Janeiro 2023<\/a>\u00a0\u2013 41 cita\u00e7\u00f5es<br><a href=\"https:\/\/bohngass.com.br\/?page_id=2559\">Fevereiro 2023<\/a>\u00a0\u2013 57 cita\u00e7\u00f5es<br><a href=\"https:\/\/bohngass.com.br\/?page_id=2714\">Mar\u00e7o 2023\u00a0<\/a>\u2013<\/strong> <strong>82 cita\u00e7\u00f5es<\/strong>\u00a0<br><strong><a href=\"https:\/\/bohngass.com.br\/?page_id=2940\">Abril 2023<\/a><\/strong>\u00a0\u2013<strong> \u00a054 cita\u00e7\u00f5es<\/strong><br><strong><a href=\"https:\/\/bohngass.com.br\/?page_id=2902\">Maio 2023<\/a>\u00a0\u2013 57 cita\u00e7\u00f5es <br><a href=\"https:\/\/bohngass.com.br\/?page_id=2889\">Junho 2023<\/a>\u00a0\u2013  57 cita\u00e7\u00f5es<br><a href=\"https:\/\/bohngass.com.br\/?page_id=2867\">Julho 2023<\/a> \u2013 <strong>63 cita\u00e7\u00f5es<\/strong><br><a href=\"https:\/\/bohngass.com.br\/?page_id=2968\">Agosto 2023<\/a> \u2013 89 cita\u00e7\u00f5es<br><a href=\"https:\/\/bohngass.com.br\/?page_id=3047\">Setembro 2023<\/a> \u2013 48 cita\u00e7\u00f5es<br><a href=\"https:\/\/bohngass.com.br\/?page_id=3075\">Outubro 2023<\/a> \u2013 88 cita\u00e7\u00f5es<br><a href=\"https:\/\/bohngass.com.br\/?page_id=3126\">Novembro 2023<\/a> \u2013 87 cita\u00e7\u00f5es<br><a href=\"https:\/\/bohngass.com.br\/?page_id=3167\">Dezembro 2023<\/a> \u2013 146 cita\u00e7\u00f5es<\/strong><\/p>\n","protected":false},"excerpt":{"rendered":"<p>Janeiro 2023\u00a0\u2013 41 cita\u00e7\u00f5esFevereiro 2023\u00a0\u2013 57 cita\u00e7\u00f5esMar\u00e7o 2023\u00a0\u2013 82 cita\u00e7\u00f5es\u00a0Abril 2023\u00a0\u2013 \u00a054 cita\u00e7\u00f5esMaio 2023\u00a0\u2013 57 cita\u00e7\u00f5es Junho 2023\u00a0\u2013 57 cita\u00e7\u00f5esJulho 2023 \u2013 63 cita\u00e7\u00f5esAgosto 2023 \u2013 89 cita\u00e7\u00f5esSetembro 2023 \u2013 48 cita\u00e7\u00f5esOutubro 2023 \u2013 88 cita\u00e7\u00f5esNovembro 2023 \u2013 87 cita\u00e7\u00f5esDezembro 2023 \u2013 146 cita\u00e7\u00f5es<\/p>\n","protected":false},"author":1,"featured_media":0,"parent":0,"menu_order":0,"comment_status":"closed","ping_status":"closed","template":"","meta":{"footnotes":""},"class_list":["post-2460","page","type-page","status-publish","hentry"],"yoast_head":"<!-- This site is optimized with the Yoast SEO plugin v22.7 - https:\/\/yoast.com\/wordpress\/plugins\/seo\/ -->\n<title>2023 - Deputado Federal Bohn Gass \u2605 PT\/RS<\/title>\n<meta name=\"robots\" content=\"index, follow, max-snippet:-1, max-image-preview:large, max-video-preview:-1\" \/>\n<link rel=\"canonical\" href=\"https:\/\/bohngass.com.br\/?page_id=2460\" \/>\n<meta property=\"og:locale\" content=\"pt_BR\" \/>\n<meta property=\"og:type\" content=\"article\" \/>\n<meta property=\"og:title\" content=\"2023 - Deputado Federal Bohn Gass \u2605 PT\/RS\" \/>\n<meta property=\"og:description\" content=\"Janeiro 2023\u00a0\u2013 41 cita\u00e7\u00f5esFevereiro 2023\u00a0\u2013 57 cita\u00e7\u00f5esMar\u00e7o 2023\u00a0\u2013 82 cita\u00e7\u00f5es\u00a0Abril 2023\u00a0\u2013 \u00a054 cita\u00e7\u00f5esMaio 2023\u00a0\u2013 57 cita\u00e7\u00f5es Junho 2023\u00a0\u2013 57 cita\u00e7\u00f5esJulho 2023 \u2013 63 cita\u00e7\u00f5esAgosto 2023 \u2013 89 cita\u00e7\u00f5esSetembro 2023 \u2013 48 cita\u00e7\u00f5esOutubro 2023 \u2013 88 cita\u00e7\u00f5esNovembro 2023 \u2013 87 cita\u00e7\u00f5esDezembro 2023 \u2013 146 cita\u00e7\u00f5es\" \/>\n<meta property=\"og:url\" content=\"https:\/\/bohngass.com.br\/?page_id=2460\" \/>\n<meta property=\"og:site_name\" content=\"Deputado Federal Bohn Gass \u2605 PT\/RS\" \/>\n<meta property=\"article:publisher\" content=\"https:\/\/www.facebook.com\/bohngass13\" \/>\n<meta property=\"article:modified_time\" content=\"2024-01-30T14:49:15+00:00\" \/>\n<meta name=\"twitter:card\" content=\"summary_large_image\" \/>\n<meta name=\"twitter:site\" content=\"@BohnGass\" \/>\n<meta name=\"twitter:label1\" content=\"Est. tempo de leitura\" \/>\n\t<meta name=\"twitter:data1\" content=\"1 minuto\" \/>\n<script type=\"application\/ld+json\" class=\"yoast-schema-graph\">{\"@context\":\"https:\/\/schema.org\",\"@graph\":[{\"@type\":\"WebPage\",\"@id\":\"https:\/\/bohngass.com.br\/?page_id=2460\",\"url\":\"https:\/\/bohngass.com.br\/?page_id=2460\",\"name\":\"2023 - Deputado Federal Bohn Gass \u2605 PT\/RS\",\"isPartOf\":{\"@id\":\"https:\/\/bohngass.com.br\/#website\"},\"datePublished\":\"2023-02-23T17:52:45+00:00\",\"dateModified\":\"2024-01-30T14:49:15+00:00\",\"breadcrumb\":{\"@id\":\"https:\/\/bohngass.com.br\/?page_id=2460#breadcrumb\"},\"inLanguage\":\"pt-BR\",\"potentialAction\":[{\"@type\":\"ReadAction\",\"target\":[\"https:\/\/bohngass.com.br\/?page_id=2460\"]}]},{\"@type\":\"BreadcrumbList\",\"@id\":\"https:\/\/bohngass.com.br\/?page_id=2460#breadcrumb\",\"itemListElement\":[{\"@type\":\"ListItem\",\"position\":1,\"name\":\"In\u00edcio\",\"item\":\"https:\/\/bohngass.com.br\/\"},{\"@type\":\"ListItem\",\"position\":2,\"name\":\"2023\"}]},{\"@type\":\"WebSite\",\"@id\":\"https:\/\/bohngass.com.br\/#website\",\"url\":\"https:\/\/bohngass.com.br\/\",\"name\":\"Deputado Federal Bohn Gass \u2605 PT\/RS\",\"description\":\"Deputado Federal Bohn Gass\",\"publisher\":{\"@id\":\"https:\/\/bohngass.com.br\/#organization\"},\"potentialAction\":[{\"@type\":\"SearchAction\",\"target\":{\"@type\":\"EntryPoint\",\"urlTemplate\":\"https:\/\/bohngass.com.br\/?s={search_term_string}\"},\"query-input\":\"required name=search_term_string\"}],\"inLanguage\":\"pt-BR\"},{\"@type\":\"Organization\",\"@id\":\"https:\/\/bohngass.com.br\/#organization\",\"name\":\"Deputado Bohn Gass\",\"url\":\"https:\/\/bohngass.com.br\/\",\"logo\":{\"@type\":\"ImageObject\",\"inLanguage\":\"pt-BR\",\"@id\":\"https:\/\/bohngass.com.br\/#\/schema\/logo\/image\/\",\"url\":\"http:\/\/bohngass.com.br\/wp-content\/uploads\/2021\/01\/logo.png\",\"contentUrl\":\"http:\/\/bohngass.com.br\/wp-content\/uploads\/2021\/01\/logo.png\",\"width\":357,\"height\":355,\"caption\":\"Deputado Bohn Gass\"},\"image\":{\"@id\":\"https:\/\/bohngass.com.br\/#\/schema\/logo\/image\/\"},\"sameAs\":[\"https:\/\/www.facebook.com\/bohngass13\",\"https:\/\/x.com\/BohnGass\",\"https:\/\/www.instagram.com\/bohn_gass\/\",\"https:\/\/www.youtube.com\/BohnGass13\/\",\"https:\/\/pt.wikipedia.org\/wiki\/Bohn_Gass\"]}]}<\/script>\n<!-- \/ Yoast SEO plugin. -->","yoast_head_json":{"title":"2023 - Deputado Federal Bohn Gass \u2605 PT\/RS","robots":{"index":"index","follow":"follow","max-snippet":"max-snippet:-1","max-image-preview":"max-image-preview:large","max-video-preview":"max-video-preview:-1"},"canonical":"https:\/\/bohngass.com.br\/?page_id=2460","og_locale":"pt_BR","og_type":"article","og_title":"2023 - Deputado Federal Bohn Gass \u2605 PT\/RS","og_description":"Janeiro 2023\u00a0\u2013 41 cita\u00e7\u00f5esFevereiro 2023\u00a0\u2013 57 cita\u00e7\u00f5esMar\u00e7o 2023\u00a0\u2013 82 cita\u00e7\u00f5es\u00a0Abril 2023\u00a0\u2013 \u00a054 cita\u00e7\u00f5esMaio 2023\u00a0\u2013 57 cita\u00e7\u00f5es Junho 2023\u00a0\u2013 57 cita\u00e7\u00f5esJulho 2023 \u2013 63 cita\u00e7\u00f5esAgosto 2023 \u2013 89 cita\u00e7\u00f5esSetembro 2023 \u2013 48 cita\u00e7\u00f5esOutubro 2023 \u2013 88 cita\u00e7\u00f5esNovembro 2023 \u2013 87 cita\u00e7\u00f5esDezembro 2023 \u2013 146 cita\u00e7\u00f5es","og_url":"https:\/\/bohngass.com.br\/?page_id=2460","og_site_name":"Deputado Federal Bohn Gass \u2605 PT\/RS","article_publisher":"https:\/\/www.facebook.com\/bohngass13","article_modified_time":"2024-01-30T14:49:15+00:00","twitter_card":"summary_large_image","twitter_site":"@BohnGass","twitter_misc":{"Est. tempo de leitura":"1 minuto"},"schema":{"@context":"https:\/\/schema.org","@graph":[{"@type":"WebPage","@id":"https:\/\/bohngass.com.br\/?page_id=2460","url":"https:\/\/bohngass.com.br\/?page_id=2460","name":"2023 - Deputado Federal Bohn Gass \u2605 PT\/RS","isPartOf":{"@id":"https:\/\/bohngass.com.br\/#website"},"datePublished":"2023-02-23T17:52:45+00:00","dateModified":"2024-01-30T14:49:15+00:00","breadcrumb":{"@id":"https:\/\/bohngass.com.br\/?page_id=2460#breadcrumb"},"inLanguage":"pt-BR","potentialAction":[{"@type":"ReadAction","target":["https:\/\/bohngass.com.br\/?page_id=2460"]}]},{"@type":"BreadcrumbList","@id":"https:\/\/bohngass.com.br\/?page_id=2460#breadcrumb","itemListElement":[{"@type":"ListItem","position":1,"name":"In\u00edcio","item":"https:\/\/bohngass.com.br\/"},{"@type":"ListItem","position":2,"name":"2023"}]},{"@type":"WebSite","@id":"https:\/\/bohngass.com.br\/#website","url":"https:\/\/bohngass.com.br\/","name":"Deputado Federal Bohn Gass \u2605 PT\/RS","description":"Deputado Federal Bohn Gass","publisher":{"@id":"https:\/\/bohngass.com.br\/#organization"},"potentialAction":[{"@type":"SearchAction","target":{"@type":"EntryPoint","urlTemplate":"https:\/\/bohngass.com.br\/?s={search_term_string}"},"query-input":"required name=search_term_string"}],"inLanguage":"pt-BR"},{"@type":"Organization","@id":"https:\/\/bohngass.com.br\/#organization","name":"Deputado Bohn Gass","url":"https:\/\/bohngass.com.br\/","logo":{"@type":"ImageObject","inLanguage":"pt-BR","@id":"https:\/\/bohngass.com.br\/#\/schema\/logo\/image\/","url":"http:\/\/bohngass.com.br\/wp-content\/uploads\/2021\/01\/logo.png","contentUrl":"http:\/\/bohngass.com.br\/wp-content\/uploads\/2021\/01\/logo.png","width":357,"height":355,"caption":"Deputado Bohn Gass"},"image":{"@id":"https:\/\/bohngass.com.br\/#\/schema\/logo\/image\/"},"sameAs":["https:\/\/www.facebook.com\/bohngass13","https:\/\/x.com\/BohnGass","https:\/\/www.instagram.com\/bohn_gass\/","https:\/\/www.youtube.com\/BohnGass13\/","https:\/\/pt.wikipedia.org\/wiki\/Bohn_Gass"]}]}},"_links":{"self":[{"href":"https:\/\/bohngass.com.br\/index.php?rest_route=\/wp\/v2\/pages\/2460","targetHints":{"allow":["GET"]}}],"collection":[{"href":"https:\/\/bohngass.com.br\/index.php?rest_route=\/wp\/v2\/pages"}],"about":[{"href":"https:\/\/bohngass.com.br\/index.php?rest_route=\/wp\/v2\/types\/page"}],"author":[{"embeddable":true,"href":"https:\/\/bohngass.com.br\/index.php?rest_route=\/wp\/v2\/users\/1"}],"replies":[{"embeddable":true,"href":"https:\/\/bohngass.com.br\/index.php?rest_route=%2Fwp%2Fv2%2Fcomments&post=2460"}],"version-history":[{"count":0,"href":"https:\/\/bohngass.com.br\/index.php?rest_route=\/wp\/v2\/pages\/2460\/revisions"}],"wp:attachment":[{"href":"https:\/\/bohngass.com.br\/index.php?rest_route=%2Fwp%2Fv2%2Fmedia&parent=2460"}],"curies":[{"name":"wp","href":"https:\/\/api.w.org\/{rel}","templated":true}]}}