{"id":2518,"date":"2023-02-24T15:10:53","date_gmt":"2023-02-24T18:10:53","guid":{"rendered":"http:\/\/bohngass.com.br\/?page_id=2518"},"modified":"2023-02-24T15:41:49","modified_gmt":"2023-02-24T18:41:49","slug":"julho-2022","status":"publish","type":"page","link":"https:\/\/bohngass.com.br\/?page_id=2518","title":{"rendered":"Julho 2022"},"content":{"rendered":"\n<p><strong>Ana Maria<\/strong><br><a href=\"https:\/\/anamaria.uol.com.br\/noticias\/ultimas\/politicos-lamentam-morte-de-sergio-paulo-rouanet-que-deu-nome-lei-de-incentivo-cultura.phtml\">Pol\u00edticos lamentam a morte de S\u00e9rgio Paulo Rouanet, que deu nome \u00e0 Lei de Incentivo \u00e0 Cultura<\/a><br>J\u00e1 o deputado federal <strong>Bohn Gass (PT)<\/strong> lamentou a morte do intelectual e ainda relembrou a cr\u00edticas de Jair Bolsonaro (PL) \u00e0 lei desenvolvida por S\u00e9rgio: \u201cMorreu, hoje, no Rio, o ex-ministro da Cultura S\u00e9rgio Paulo Rouanet, autor da Lei de Incentivo \u00e0 Cultura no Brasil [Lei Rouanet], um dos alvos preferidos das cal\u00fanias do bolsonarismo tosco, desonesto e ignorante. Obrigado, Rouanet, por sua contribui\u00e7\u00e3o \u00e0 cultura brasileira\u201d.<\/p>\n\n\n\n<p><strong>Voz do Brasil<\/strong><br><a href=\"https:\/\/www.camara.leg.br\/radio\/programas\/895700-plenario-aprova-projeto-que-cria-a-lei-geral-do-esporte\/\">Plen\u00e1rio aprova projeto que cria a Lei Geral do Esporte<\/a><br>A medida provis\u00f3ria foi editada em mar\u00e7o, com efic\u00e1cia imediata, e a aprova\u00e7\u00e3o na C\u00e2mara foi simb\u00f3lica, sem votos contr\u00e1rios. Mas a oposi\u00e7\u00e3o classificou o benef\u00edcio como insuficiente. Para o deputado\u00a0<strong>Bohn Gass (PT-RS)<\/strong>, os agricultores que obtiveram financiamento no segundo semestre do ano passado tamb\u00e9m deveriam ser atendidos.<\/p>\n\n\n\n<p><strong>Revista RPA News<\/strong><br><a href=\"https:\/\/revistarpanews.com.br\/setor-de-biocombustiveis-defende-aprovacao-de-pec-de-estimulo-ao-etanol\/\">Setor de biocombust\u00edveis defende aprova\u00e7\u00e3o de PEC de est\u00edmulo ao etanol<\/a><br>O deputado <strong>Bohn Gass (PT-RS)<\/strong> criticou a articula\u00e7\u00e3o governista para fazer com que a PEC de est\u00edmulos a biocombust\u00edveis fosse analisada juntamente com a PEC do estado de emerg\u00eancia, para ampliar o pagamento de benef\u00edcios sociais.\u00a0\u201cN\u00f3s estamos aqui na PEC 15 e foi apensada a PEC 1, que \u00e9 eleitoreira: o governo agora tem pressa em ajudar quem ele nunca quis ajudar, que s\u00e3o os caminhoneiros e as pessoas com R$ 400 que est\u00e3o passando fome\u201d, disse.<\/p>\n\n\n\n<p><strong>Voz do Brasil<\/strong><br><a href=\"https:\/\/www.camara.leg.br\/radio\/programas\/896257-proposta-que-aumenta-valor-do-auxilio-brasil-e-concede-r-41-bilhoes-em-beneficios-sera-votada-na-proxima-semana\/\">Proposta que aumenta valor do Aux\u00edlio-Brasil e concede R$ 41 bilh\u00f5es em benef\u00edcios ser\u00e1 votada na pr\u00f3xima semana<\/a><br><strong>Bohn Gass (PT-RS)<\/strong>\u00a0critica o governo federal pela fila que se formou com quase tr\u00eas milh\u00f5es de fam\u00edlias esperando pelo Aux\u00edlio Brasil. Segundo o deputado, estudo feito pela Confedera\u00e7\u00e3o Nacional de Munic\u00edpios mostra que, apesar de atenderem aos requisitos, as fam\u00edlias ainda n\u00e3o conseguiram acessar o benef\u00edcio.<\/p>\n\n\n\n<p><strong>Revista News<\/strong><br><a href=\"https:\/\/revistanews.com.br\/2022\/07\/08\/santa-maria-sedia-feira-internacional-do-cooperativismo\/\">Santa Maria sedia Feira Internacional do Cooperativismo<\/a><br>A destina\u00e7\u00e3o vem dos deputados federais Paulo Pimenta e<strong> Elvino Bohn Gass,<\/strong> e dos vereadores Valdir Oliveira, Maria Rita Py Dutra, Ricardo Blattes, Paulo Ricardo Pedroso, Get\u00falio de Vargas e Tubias Calil.<\/p>\n\n\n\n<p><strong>Di\u00e1rio do Nordeste<\/strong><br><a href=\"https:\/\/revistanews.com.br\/2022\/07\/08\/santa-maria-sedia-feira-internacional-do-cooperativismo\/\">Piso salarial da enfermagem \u00e9 aprovado pela C\u00e2mara dos Deputados<\/a><br>Segundo o deputado federal <strong>Bohn Gass (PT-RS)<\/strong>, \u00e9 preciso manter a\u00a0mobiliza\u00e7\u00e3o dos enfermeiros para garantir que n\u00e3o haja veto\u00a0do presidente. \u201cEsta mobiliza\u00e7\u00e3o precisa continuar para que, votado no dia de hoje, o piso para a enfermagem n\u00e3o tenha por parte de [Jair] Bolsonaro o veto, j\u00e1 que Bolsonaro tem vetado quest\u00f5es importantes\u201d, disse.<\/p>\n\n\n\n<p><strong>Brasil de Fato<\/strong><br><a href=\"https:\/\/www.brasildefato.com.br\/2022\/07\/10\/parlamentares-politicos-e-internautas-lamentam-execucao-de-tesoureiro-do-pt-em-foz-do-iguacu\">Parlamentares, pol\u00edticos e internautas lamentam execu\u00e7\u00e3o de tesoureiro do PT em Foz do Igua\u00e7u<\/a><br><strong>@BohnGass<\/strong> &#8211; \u00c0 esquerda, Marcelo Arruda, l\u00edder do PT que celebrava seus 50 anos com amigos numa festa tem\u00e1tica petista. \u00c0 direita, Jorge Guaranho, bandido que invadiu a festa gritando &#8220;aqui \u00e9 Bolsonaro, porra!&#8221; e matou Marcelo a tiros. Mais uma morte causada pelo bolsonarismo.<\/p>\n\n\n\n<p><strong>Hora do Povo<\/strong><br><a href=\"https:\/\/horadopovo.com.br\/reeleger-bolsonaro-e-decretar-o-exterminio-da-amazonia-diz-marina-apos-recorde-de-desmatamento\/\">\u201cReeleger Bolsonaro \u00e9 decretar o exterm\u00ednio da Amaz\u00f4nia\u201d, diz Marina ap\u00f3s recorde de desmatamento<\/a><br><strong>@BohnGass<\/strong> &#8211; Tr\u00eas vezes o tamanho da cidade do Rio de Janeiro. Este \u00e9 o total do desmatamento ocorrido na Amaz\u00f4nia s\u00f3 este ano (de janeiro a 24 de junho). Estamos falando de 3.750 km\u00b2. Ou seja, enquanto Bolsonaro fala de urna eletr\u00f4nica, o Brasil segue sendo devastado.<\/p>\n\n\n\n<p><strong>Voz do Brasil<\/strong><br><a href=\"https:\/\/www.camara.leg.br\/radio\/programas\/896740-plenario-deve-votar-proposta-sobre-estado-de-emergencia-esta-semana\/\">Plen\u00e1rio deve votar proposta sobre estado de emerg\u00eancia esta semana<\/a><br><strong>Bohn Gass (PT-RS)\u00a0<\/strong>afirma que n\u00e3o h\u00e1 como atribuir a mis\u00e9ria do Brasil \u00e0 guerra e \u00e0 pandemia, j\u00e1 que o mundo todo sofre com os efeitos do conflito na Ucr\u00e2nia e da crise sanit\u00e1ria.<\/p>\n\n\n\n<p><strong>Ga\u00fachaZH<\/strong><br><a href=\"https:\/\/gauchazh.clicrbs.com.br\/politica\/noticia\/2022\/07\/camara-aprova-pec-que-preve-estado-de-emergencia-para-ampliar-beneficios-sociais-cl5k5n1s600c0017mmt2g7efx.html\">C\u00e2mara aprova PEC que prev\u00ea estado de emerg\u00eancia para ampliar benef\u00edcios sociais<\/a><br>Da bancada ga\u00facha, o deputado <strong>Bohn Gass (PT)<\/strong> disse acreditar que as medidas do pacote n\u00e3o resolver\u00e3o a fome e ainda v\u00e3o colaborar para elevar a infla\u00e7\u00e3o.<\/p>\n\n\n\n<p><strong>CUT<\/strong><br><a href=\"https:\/\/www.cut.org.br\/noticias\/cut-e-demais-centrais-preparam-forum-nacional-em-defesa-da-saude-do-trabalhador-2eeb\">CUT e demais centrais preparam F\u00f3rum Nacional em defesa da sa\u00fade do trabalhador<\/a><br>Estar\u00e3o presentes os deputados Orlando Silva (PC do B- SP), pela Comiss\u00e3o de Direitos Humanos e Minoria; <strong>Bohn Gass (PT-RS),<\/strong> pela \u00a0Comiss\u00e3o do Trabalho, Administra\u00e7\u00e3o e Servi\u00e7o P\u00fablico; o senador Paulo Paim (PT-RS) pela Comiss\u00e3o de Assuntos Sociais, e Fernando Pigatto, presidente do Conselho Nacional de Sa\u00fade.<\/p>\n\n\n\n<p><strong>Ag\u00eancia C\u00e2mara de Not\u00edcias<\/strong><br><a href=\"https:\/\/www.camara.leg.br\/noticias\/897749-camara-aprova-pec-do-estado-de-emergencia-em-2-turno\/\">C\u00e2mara aprova PEC do Estado de Emerg\u00eancia em 2\u00b0 turno<\/a><br>Para o deputado <strong>Bohn Gass (PT-RS)<\/strong>, a proposta est\u00e1 sendo votada em um momento pol\u00edtico inadequado. \u201cH\u00e1 mais um elemento importante que poder\u00edamos abordar aqui: por que ele n\u00e3o fez antes essa medida?\u201d, questionou.<\/p>\n\n\n\n<p><strong>Di\u00e1rio de Santa Maria<\/strong><br><a href=\"https:\/\/diariosm.com.br\/infraestrutura-da-28a-edicao-da-feicoop-comeca-a-ser-montada\/\">Infraestrutura da 28\u00aa edi\u00e7\u00e3o da Feicoop come\u00e7a a ser montada<\/a><br>Conforme divulgado pela organiza\u00e7\u00e3o da Feicoop, foram repassados aproximadamente\u00a0R$ 450 mil\u00a0em emendas impositivas para a feira. As destina\u00e7\u00f5es partem dos deputados federais\u00a0<strong>Elvino Bohn Gass (PT)<\/strong>\u00a0e\u00a0Paulo Pimenta (PT), e dos vereadores santa-marienses\u00a0Get\u00falio de Vargas (Republicanos),\u00a0Maria Rita Py Dutra (PCdoB),\u00a0Paulo Ricardo Pedroso (PSB),\u00a0Ricardo Blattes (PT),\u00a0Tubias Calil (MDB)\u00a0e\u00a0Valdir Oliveira (PT).<\/p>\n\n\n\n<p><strong>Brasil de Fato<\/strong><br><a href=\"https:\/\/www.brasildefato.com.br\/2022\/07\/14\/santa-maria-rs-volta-a-ser-a-capital-da-economia-solidaria-neste-final-de-semana\">Santa Maria (RS) volta a ser a capital da Economia Solid\u00e1ria neste final de semana<\/a><br>Nesta edi\u00e7\u00e3o o evento conta ainda com emendas destinadas pelos deputados federais Paulo Pimenta (PT) e <strong>Elvino Bohn Gass (PT)<\/strong>, e pelos vereadores santa-marienses Valdir Oliveira (PT), Maria Rita Py Dutra (PCdoB), Ricardo Blattes (PT), Paulo Ricardo Pedroso (PSB), Get\u00falio de Vargas (Republicanos) e Tubias Calil (MDB).<\/p>\n\n\n\n<p><strong>Di\u00e1rio de Santa Maria<\/strong><br><a href=\"https:\/\/diariosm.com.br\/a-feicoop-e-a-mentora-que-une-adversarios-a-irma-lourdes-dill\/\">Claudemir Pereira: a Feicoop e a mentora que une advers\u00e1rios, a irm\u00e3 Lourdes Dill<\/a><br>Veja-se que, al\u00e9m dos deputados petistas Paulo Pimenta e <strong>Elvino Bohn Gass<\/strong>, e dos vereadores da mesma agremia\u00e7\u00e3o, Valdir Oliveira e Ricardo Blattes, da comunista do B Rita Py, tamb\u00e9m os edis do PSB, Paulo Ricardo, MDB, Tubias Calil, e Republicanos, Get\u00falio de Vargas, contribuem para a sustenta\u00e7\u00e3o econ\u00f4mica da feira.<\/p>\n\n\n\n<p><strong>PT no Senado<\/strong><br><a href=\"https:\/\/ptnosenado.org.br\/bolsonaro-protagoniza-vexame-ao-mentir-sobre-urnas-a-embaixadores\/\">Bolsonaro protagoniza vexame ao mentir sobre urnas a embaixadores<\/a><br>\u201cLeviano, Bolsonaro reuniu embaixadores estrangeiros e repetiu acusa\u00e7\u00f5es sem provas contra urnas eletr\u00f4nicas\u201d , disparou o deputado federal <strong>Bohn Gass (PT-RS)<\/strong>. \u201cIncoerente, levantou suspeitas sobre o sistema pelo qual ele mesmo foi eleito. Irrespons\u00e1vel, ataca institui\u00e7\u00f5es e detona imagem do pa\u00eds\u201d, atacou.<\/p>\n\n\n\n<p><strong>Ache Concursos<\/strong><br><a href=\"https:\/\/www.acheconcursos.com.br\/governo\/novo-piso-da-enfermagem-de-r-4-750-tem-prazo-definido-para-ser-aprovado-por-bolsonaro-54362\">Novo Piso da Enfermagem de R$ 4.750 tem prazo definido para ser aprovado por Bolsonaro<\/a><br>O projeto foi aprovado no Senado e passou tamb\u00e9m na C\u00e2mara, aguardando a san\u00e7\u00e3o do presidente Jair Bolsonaro. O deputado <strong>Bohn Gass (PT-RS)<\/strong> pediu mobiliza\u00e7\u00e3o dos enfermeiros para garantir que n\u00e3o haja veto do presidente. &#8220;<em>Esta mobiliza\u00e7\u00e3o precisa continuar para que, votado no dia de hoje, o piso para a enfermagem n\u00e3o tenha por parte de Bolsonaro o veto, j\u00e1 que Bolsonaro tem vetado\u00a0quest\u00f5es\u00a0importantes<\/em>&#8220;, citou.<\/p>\n\n\n\n<p><strong>Rede Brasil Atual<\/strong><br><a href=\"https:\/\/www.redebrasilatual.com.br\/politica\/olivio-dutra-candidato-senado-pt-rio-grande-do-sul\/\">Ol\u00edvio Dutra \u00e9 candidato ao Senado pelo PT do Rio Grande do Sul e defende mandato coletivo<\/a><br>\u201cGrande not\u00edcia! Ol\u00edvio Dutra, presidente de honra do PT ga\u00facho, oferece seu nome como pr\u00e9-candidato ao Senado na chapa que tem Edegar Pretto como pr\u00e9-candidato a governador e Lula como pr\u00e9-candidato a presidente\u201d, escreveu o tamb\u00e9m deputado federal pelo PT ga\u00facho <strong>Bohn Gass<\/strong>.<\/p>\n\n\n\n<p><strong>Sul 21<\/strong><br><a href=\"https:\/\/sul21.com.br\/noticias\/politica\/2022\/07\/olivio-dutra-sera-o-candidato-do-pt-ao-senado\/\">Ol\u00edvio Dutra ser\u00e1 o candidato do PT ao Senado<\/a><br>\u201cGrande not\u00edcia! Ol\u00edvio Dutra, presidente de honra do PT ga\u00facho, oferece seu nome como pr\u00e9-candidato ao Senado na chapa que tem Edegar Pretto como pr\u00e9-candidato a governador e Lula como pr\u00e9-candidato a presidente\u201d, escreveu o tamb\u00e9m deputado federal pelo PT ga\u00facho <strong>Bohn Gass<\/strong>.<\/p>\n\n\n\n<p><strong>Brasil 247<\/strong><br><a href=\"https:\/\/www.brasil247.com\/regionais\/sul\/olivio-dutra-sera-o-candidato-do-pt-ao-senado-no-rio-grande-do-sul\">Ol\u00edvio Dutra ser\u00e1 o candidato do PT ao Senado no Rio Grande do Sul<\/a><br>\u201cGrande not\u00edcia! Ol\u00edvio Dutra, presidente de honra do PT ga\u00facho, oferece seu nome como pr\u00e9-candidato ao Senado na chapa que tem Edegar Pretto como pr\u00e9-candidato a governador e Lula como pr\u00e9-candidato a presidente\u201d, escreveu o tamb\u00e9m deputado federal pelo PT ga\u00facho <strong>Bohn Gass<\/strong>.<\/p>\n\n\n\n<p><strong>Di\u00e1rio do Nordeste<\/strong><br><a href=\"https:\/\/diariodonordeste.verdesmares.com.br\/pontopoder\/deputados-pedem-que-tcu-impeca-troca-de-cartoes-do-bolsa-familia-por-auxilio-brasil-1.3233042\">Deputados pedem que TCU impe\u00e7a troca de cart\u00f5es do Bolsa Fam\u00edlia por Aux\u00edlio Brasil<\/a><br>Al\u00e9m de Idilvan Alencar, assinam o documento os deputados Milton Coelho (PSB-PE), Daniel Almeida (PCdoB-BA), Renildo Calheiros (PCdoB-PE), <strong>Bohn Gass (PT-RS),<\/strong> Reginaldo Lopes (PT-MG), \u00c1urea Carolina (Psol-MG), Fernanda Melchiona (Psol-RS), Ivan Valente (Psol-SP), Luiza Erundina (Psol-SP), S\u00e2mia Bonfim (Psol-SP), Taliria Petrone (Psol-RJ) e Vivi Reis (Psol-PA).<\/p>\n\n\n\n<p><strong>Grupo A Hora<\/strong><br><a href=\"https:\/\/grupoahora.net.br\/conteudos\/2022\/07\/27\/quando-desisto-de-comprar-e-vou-embora\/\">Quando desisto de comprar e vou embora<\/a><br>O PT far\u00e1 no dia 8 de agosto um encontro em Travesseiro. O diret\u00f3rio reunir\u00e1 filiados para mobiliza\u00e7\u00e3o visando a elei\u00e7\u00e3o deste ano. O presidente do PT local \u00e9 Jos\u00e9 Deves. O deputado federal <strong>Elvino Bohn Gass <\/strong>confirmou presen\u00e7a.<\/p>\n\n\n\n<p><strong>Assembleia Legislativa RS<\/strong><br><a href=\"https:\/\/ww4.al.rs.gov.br\/noticia\/329191\">Abertura da 8\u00aa Confer\u00eancia de Soberania e Seguran\u00e7a Alimentar re\u00fane especialistas e ativistas na AL<\/a><br>Participaram da cerim\u00f4nia a deputada Sofia Cavedon (PT); o deputado federal <strong>Elvino Bohn Gass (PT\/RS),<\/strong> representando a C\u00e2mara de Deputados;&#8230;<\/p>\n\n\n\n<p><strong>Di\u00e1rio do Centro do Mundo (DCM)<\/strong><br><a href=\"https:\/\/www.diariodocentrodomundo.com.br\/essencial\/allan-dos-santos-vira-piada-nas-redes-apos-ser-condenado-a-1-ano-e-sete-meses-de-prisao\/\">Allan dos Santos vira piada nas redes ap\u00f3s ser condenado a 1 ano e 7 meses de pris\u00e3o<\/a><br><strong>@BohnGass<\/strong> &#8211; Era FORAGIDO, agora \u00e9 CONDENADO. Sim, estou falando de Allan dos Santos, blogueiro bolsonarista disseminador de \u00f3dio e mentiras. Ele fugiu para os EUA quando teve pris\u00e3o preventiva decretada por seus ataques \u00e0 democracia, mas, agora, foi condenado a 1 ano e 7 meses, por cal\u00fania.<\/p>\n\n\n\n<p><strong>Brasil de Fato<\/strong><br><a href=\"https:\/\/www.brasildefators.com.br\/2022\/07\/29\/conferencia-estadual-de-soberania-e-seguranca-alimentar-aponta-diretrizes-para-combater-a-fome\">Confer\u00eancia estadual de Soberania e Seguran\u00e7a Alimentar aponta diretrizes para combater a fome<\/a><br>O deputado Edegar Pretto (PT), presidente da Comiss\u00e3o de Seguran\u00e7a, Servi\u00e7os P\u00fablicos e Moderniza\u00e7\u00e3o do Estado, representou o presidente do Parlamento ga\u00facho, Valdeci Oliveira (PT), na cerim\u00f4nia. Participaram ainda a deputada Sofia Cavedon (PT); o deputado federal <strong>Elvino Bohn Gass (PT\/RS), representando a C\u00e2mara de Deputados;<\/strong>&#8230;.<\/p>\n","protected":false},"excerpt":{"rendered":"<p>Ana MariaPol\u00edticos lamentam a morte de S\u00e9rgio Paulo Rouanet, que deu nome \u00e0 Lei de Incentivo \u00e0 CulturaJ\u00e1 o deputado federal Bohn Gass (PT) lamentou a morte do intelectual e ainda relembrou a cr\u00edticas de Jair Bolsonaro (PL) \u00e0 lei desenvolvida por S\u00e9rgio: \u201cMorreu, hoje, no Rio, o ex-ministro da Cultura S\u00e9rgio Paulo Rouanet, autor [&hellip;]<\/p>\n","protected":false},"author":1,"featured_media":0,"parent":0,"menu_order":0,"comment_status":"closed","ping_status":"closed","template":"","meta":{"footnotes":""},"class_list":["post-2518","page","type-page","status-publish","hentry"],"yoast_head":"<!-- This site is optimized with the Yoast SEO plugin v22.7 - https:\/\/yoast.com\/wordpress\/plugins\/seo\/ -->\n<title>Julho 2022 - Deputado Federal Bohn Gass \u2605 PT\/RS<\/title>\n<meta name=\"robots\" content=\"index, follow, max-snippet:-1, max-image-preview:large, max-video-preview:-1\" \/>\n<link rel=\"canonical\" href=\"https:\/\/bohngass.com.br\/?page_id=2518\" \/>\n<meta property=\"og:locale\" content=\"pt_BR\" \/>\n<meta property=\"og:type\" content=\"article\" \/>\n<meta property=\"og:title\" content=\"Julho 2022 - Deputado Federal Bohn Gass \u2605 PT\/RS\" \/>\n<meta property=\"og:description\" content=\"Ana MariaPol\u00edticos lamentam a morte de S\u00e9rgio Paulo Rouanet, que deu nome \u00e0 Lei de Incentivo \u00e0 CulturaJ\u00e1 o deputado federal Bohn Gass (PT) lamentou a morte do intelectual e ainda relembrou a cr\u00edticas de Jair Bolsonaro (PL) \u00e0 lei desenvolvida por S\u00e9rgio: \u201cMorreu, hoje, no Rio, o ex-ministro da Cultura S\u00e9rgio Paulo Rouanet, autor [&hellip;]\" \/>\n<meta property=\"og:url\" content=\"https:\/\/bohngass.com.br\/?page_id=2518\" \/>\n<meta property=\"og:site_name\" content=\"Deputado Federal Bohn Gass \u2605 PT\/RS\" \/>\n<meta property=\"article:publisher\" content=\"https:\/\/www.facebook.com\/bohngass13\" \/>\n<meta property=\"article:modified_time\" content=\"2023-02-24T18:41:49+00:00\" \/>\n<meta name=\"twitter:card\" content=\"summary_large_image\" \/>\n<meta name=\"twitter:site\" content=\"@BohnGass\" \/>\n<meta name=\"twitter:label1\" content=\"Est. tempo de leitura\" \/>\n\t<meta name=\"twitter:data1\" content=\"4 minutos\" \/>\n<script type=\"application\/ld+json\" class=\"yoast-schema-graph\">{\"@context\":\"https:\/\/schema.org\",\"@graph\":[{\"@type\":\"WebPage\",\"@id\":\"https:\/\/bohngass.com.br\/?page_id=2518\",\"url\":\"https:\/\/bohngass.com.br\/?page_id=2518\",\"name\":\"Julho 2022 - Deputado Federal Bohn Gass \u2605 PT\/RS\",\"isPartOf\":{\"@id\":\"https:\/\/bohngass.com.br\/#website\"},\"datePublished\":\"2023-02-24T18:10:53+00:00\",\"dateModified\":\"2023-02-24T18:41:49+00:00\",\"breadcrumb\":{\"@id\":\"https:\/\/bohngass.com.br\/?page_id=2518#breadcrumb\"},\"inLanguage\":\"pt-BR\",\"potentialAction\":[{\"@type\":\"ReadAction\",\"target\":[\"https:\/\/bohngass.com.br\/?page_id=2518\"]}]},{\"@type\":\"BreadcrumbList\",\"@id\":\"https:\/\/bohngass.com.br\/?page_id=2518#breadcrumb\",\"itemListElement\":[{\"@type\":\"ListItem\",\"position\":1,\"name\":\"In\u00edcio\",\"item\":\"https:\/\/bohngass.com.br\/\"},{\"@type\":\"ListItem\",\"position\":2,\"name\":\"Julho 2022\"}]},{\"@type\":\"WebSite\",\"@id\":\"https:\/\/bohngass.com.br\/#website\",\"url\":\"https:\/\/bohngass.com.br\/\",\"name\":\"Deputado Federal Bohn Gass \u2605 PT\/RS\",\"description\":\"Deputado Federal Bohn Gass\",\"publisher\":{\"@id\":\"https:\/\/bohngass.com.br\/#organization\"},\"potentialAction\":[{\"@type\":\"SearchAction\",\"target\":{\"@type\":\"EntryPoint\",\"urlTemplate\":\"https:\/\/bohngass.com.br\/?s={search_term_string}\"},\"query-input\":\"required name=search_term_string\"}],\"inLanguage\":\"pt-BR\"},{\"@type\":\"Organization\",\"@id\":\"https:\/\/bohngass.com.br\/#organization\",\"name\":\"Deputado Bohn Gass\",\"url\":\"https:\/\/bohngass.com.br\/\",\"logo\":{\"@type\":\"ImageObject\",\"inLanguage\":\"pt-BR\",\"@id\":\"https:\/\/bohngass.com.br\/#\/schema\/logo\/image\/\",\"url\":\"http:\/\/bohngass.com.br\/wp-content\/uploads\/2021\/01\/logo.png\",\"contentUrl\":\"http:\/\/bohngass.com.br\/wp-content\/uploads\/2021\/01\/logo.png\",\"width\":357,\"height\":355,\"caption\":\"Deputado Bohn Gass\"},\"image\":{\"@id\":\"https:\/\/bohngass.com.br\/#\/schema\/logo\/image\/\"},\"sameAs\":[\"https:\/\/www.facebook.com\/bohngass13\",\"https:\/\/x.com\/BohnGass\",\"https:\/\/www.instagram.com\/bohn_gass\/\",\"https:\/\/www.youtube.com\/BohnGass13\/\",\"https:\/\/pt.wikipedia.org\/wiki\/Bohn_Gass\"]}]}<\/script>\n<!-- \/ Yoast SEO plugin. -->","yoast_head_json":{"title":"Julho 2022 - Deputado Federal Bohn Gass \u2605 PT\/RS","robots":{"index":"index","follow":"follow","max-snippet":"max-snippet:-1","max-image-preview":"max-image-preview:large","max-video-preview":"max-video-preview:-1"},"canonical":"https:\/\/bohngass.com.br\/?page_id=2518","og_locale":"pt_BR","og_type":"article","og_title":"Julho 2022 - Deputado Federal Bohn Gass \u2605 PT\/RS","og_description":"Ana MariaPol\u00edticos lamentam a morte de S\u00e9rgio Paulo Rouanet, que deu nome \u00e0 Lei de Incentivo \u00e0 CulturaJ\u00e1 o deputado federal Bohn Gass (PT) lamentou a morte do intelectual e ainda relembrou a cr\u00edticas de Jair Bolsonaro (PL) \u00e0 lei desenvolvida por S\u00e9rgio: \u201cMorreu, hoje, no Rio, o ex-ministro da Cultura S\u00e9rgio Paulo Rouanet, autor [&hellip;]","og_url":"https:\/\/bohngass.com.br\/?page_id=2518","og_site_name":"Deputado Federal Bohn Gass \u2605 PT\/RS","article_publisher":"https:\/\/www.facebook.com\/bohngass13","article_modified_time":"2023-02-24T18:41:49+00:00","twitter_card":"summary_large_image","twitter_site":"@BohnGass","twitter_misc":{"Est. tempo de leitura":"4 minutos"},"schema":{"@context":"https:\/\/schema.org","@graph":[{"@type":"WebPage","@id":"https:\/\/bohngass.com.br\/?page_id=2518","url":"https:\/\/bohngass.com.br\/?page_id=2518","name":"Julho 2022 - Deputado Federal Bohn Gass \u2605 PT\/RS","isPartOf":{"@id":"https:\/\/bohngass.com.br\/#website"},"datePublished":"2023-02-24T18:10:53+00:00","dateModified":"2023-02-24T18:41:49+00:00","breadcrumb":{"@id":"https:\/\/bohngass.com.br\/?page_id=2518#breadcrumb"},"inLanguage":"pt-BR","potentialAction":[{"@type":"ReadAction","target":["https:\/\/bohngass.com.br\/?page_id=2518"]}]},{"@type":"BreadcrumbList","@id":"https:\/\/bohngass.com.br\/?page_id=2518#breadcrumb","itemListElement":[{"@type":"ListItem","position":1,"name":"In\u00edcio","item":"https:\/\/bohngass.com.br\/"},{"@type":"ListItem","position":2,"name":"Julho 2022"}]},{"@type":"WebSite","@id":"https:\/\/bohngass.com.br\/#website","url":"https:\/\/bohngass.com.br\/","name":"Deputado Federal Bohn Gass \u2605 PT\/RS","description":"Deputado Federal Bohn Gass","publisher":{"@id":"https:\/\/bohngass.com.br\/#organization"},"potentialAction":[{"@type":"SearchAction","target":{"@type":"EntryPoint","urlTemplate":"https:\/\/bohngass.com.br\/?s={search_term_string}"},"query-input":"required name=search_term_string"}],"inLanguage":"pt-BR"},{"@type":"Organization","@id":"https:\/\/bohngass.com.br\/#organization","name":"Deputado Bohn Gass","url":"https:\/\/bohngass.com.br\/","logo":{"@type":"ImageObject","inLanguage":"pt-BR","@id":"https:\/\/bohngass.com.br\/#\/schema\/logo\/image\/","url":"http:\/\/bohngass.com.br\/wp-content\/uploads\/2021\/01\/logo.png","contentUrl":"http:\/\/bohngass.com.br\/wp-content\/uploads\/2021\/01\/logo.png","width":357,"height":355,"caption":"Deputado Bohn Gass"},"image":{"@id":"https:\/\/bohngass.com.br\/#\/schema\/logo\/image\/"},"sameAs":["https:\/\/www.facebook.com\/bohngass13","https:\/\/x.com\/BohnGass","https:\/\/www.instagram.com\/bohn_gass\/","https:\/\/www.youtube.com\/BohnGass13\/","https:\/\/pt.wikipedia.org\/wiki\/Bohn_Gass"]}]}},"_links":{"self":[{"href":"https:\/\/bohngass.com.br\/index.php?rest_route=\/wp\/v2\/pages\/2518","targetHints":{"allow":["GET"]}}],"collection":[{"href":"https:\/\/bohngass.com.br\/index.php?rest_route=\/wp\/v2\/pages"}],"about":[{"href":"https:\/\/bohngass.com.br\/index.php?rest_route=\/wp\/v2\/types\/page"}],"author":[{"embeddable":true,"href":"https:\/\/bohngass.com.br\/index.php?rest_route=\/wp\/v2\/users\/1"}],"replies":[{"embeddable":true,"href":"https:\/\/bohngass.com.br\/index.php?rest_route=%2Fwp%2Fv2%2Fcomments&post=2518"}],"version-history":[{"count":0,"href":"https:\/\/bohngass.com.br\/index.php?rest_route=\/wp\/v2\/pages\/2518\/revisions"}],"wp:attachment":[{"href":"https:\/\/bohngass.com.br\/index.php?rest_route=%2Fwp%2Fv2%2Fmedia&parent=2518"}],"curies":[{"name":"wp","href":"https:\/\/api.w.org\/{rel}","templated":true}]}}