{"id":315,"date":"2021-02-07T17:44:38","date_gmt":"2021-02-07T20:44:38","guid":{"rendered":"http:\/\/bohngass.com.br\/?page_id=315"},"modified":"2023-08-24T11:11:03","modified_gmt":"2023-08-24T14:11:03","slug":"pl-5298-2020","status":"publish","type":"page","link":"https:\/\/bohngass.com.br\/?page_id=315","title":{"rendered":"&#8220;Queijo Fake&#8221;"},"content":{"rendered":"\n<h2 class=\"wp-block-heading\">PL 5298\/2020<\/h2>\n\n\n\n<p><strong>Ementa:<\/strong> Disp\u00f5e sobre a obrigatoriedade de estabelecimentos comerciais que atuem no ramo aliment\u00edcio a informar, de forma transparente, simples e compreens\u00edvel ao consumidor, a substitui\u00e7\u00e3o de queijo, requeij\u00e3o e\/ou outros l\u00e1cteos por produtos an\u00e1logos no preparo dos alimentos e d\u00e1 outras provid\u00eancias.<\/p>\n\n\n\n<p><strong>Situa\u00e7\u00e3o: <\/strong>Aguardando despacho do Presidente da C\u00e2mara dos Deputados para as comiss\u00f5es<\/p>\n\n\n\n<h3 class=\"wp-block-heading\">Justificativa<\/h3>\n\n\n\n<p>No Rio Grande do Sul muitos agricultores familiares est\u00e3o sendo prejudicados pela forte estiagem e pela queda na comercializa\u00e7\u00e3o do leite. Com essa mat\u00e9ria prima s\u00e3o produzidos queijos, requeij\u00f5es e outros produtos l\u00e1cteos. Ocorre que alguns empreendimentos comerciais do ramo aliment\u00edcio podem estar utilizando produtos an\u00e1logos aos l\u00e1cteos no preparo de alimentos, sem informar tal procedimento ao consumidor.<\/p>\n\n\n\n<p>O presente projeto de lei determina obrigatoriedade de estabelecimentos comerciais, que atuam no ramo de alimenta\u00e7\u00e3o, informar de forma transparente, simples e compreens\u00edvel ao consumidor quando houver a<br>substitui\u00e7\u00e3o de queijo, requeij\u00e3o e outros l\u00e1cteos por produtos an\u00e1logos no<br>preparo dos alimentos. Caso haja mistura de ambos, devem indicar as devidas propor\u00e7\u00f5es.<\/p>\n\n\n\n<p>O que se quer \u00e9 que o consumidor saiba exatamente o que est\u00e1 consumindo, se \u00e9 um produto de queijos leg\u00edtimos, oriundos de 100% de<br>leite natural, ou se \u00e9 um produto an\u00e1logo feito de componentes como a gordura vegetal hidrogenada e amido e\/ou amido modificado.<\/p>\n\n\n\n<p>\u00c9 compet\u00eancia concorrente da Uni\u00e3o, Estados e Distrito Federal legislar sobre produ\u00e7\u00e3o e consumo (Art. 24, V, CF\/88). Nesse sentido, o C\u00f3digo de Defesa do Consumidor (Lei n\u00b0 8.078\/1990) estabelece normas de prote\u00e7\u00e3o e defesa do consumidor, para tanto, foi institu\u00edda a Pol\u00edtica Nacional das Rela\u00e7\u00f5es de Consumo. Essa pol\u00edtica nacional reconhece a vulnerabilidade<br>do consumidor e o protege para que tenha garantia de produtos com padr\u00f5es adequados de qualidade e seguran\u00e7a. Nos termos da Lei:<\/p>\n\n\n\n<pre class=\"wp-block-verse\">\u201cArt. 4\u00ba A Pol\u00edtica Nacional das Rela\u00e7\u00f5es de Consumo tem por objetivo o atendimento das necessidades dos consumidores, o respeito \u00e0 sua dignidade, sa\u00fade e seguran\u00e7a, a prote\u00e7\u00e3o de seus interesses econ\u00f4micos, a melhoria da sua qualidade de vida, bem como a transpar\u00eancia e harmonia das rela\u00e7\u00f5es de consumo, atendidos os seguintes princ\u00edpios: (Reda\u00e7\u00e3o dada pela Lei n\u00ba 9.008, de 21.3.1995)\n<strong>I - reconhecimento da vulnerabilidade do consumidor no mercado de consumo;\nII - a\u00e7\u00e3o governamental no sentido de proteger efetivamente o consumidor:<\/strong>\na) por iniciativa direta;\nb) por incentivos \u00e0 cria\u00e7\u00e3o e desenvolvimento de associa\u00e7\u00f5es representativas;\nc) pela presen\u00e7a do Estado no mercado de consumo;\n<strong>d) pela garantia dos produtos e servi\u00e7os com padr\u00f5es adequados de qualidade, seguran\u00e7a,<\/strong> durabilidade e desempenho.\u201d\n(Grifamos)<\/pre>\n\n\n\n<p>Ainda, deve-se considerar que os consumidores t\u00eam direitos b\u00e1sicos que lhes garante direitos b\u00e1sicos de prote\u00e7\u00e3o \u00e0 vida e \u00e0 sa\u00fade, bem como o acesso \u00e0 informa\u00e7\u00e3o adequada e clara sobre os produtos, conforme prev\u00ea o art. 6 da Lei:<\/p>\n\n\n\n<pre class=\"wp-block-verse\">Art. 6\u00ba S\u00e3o direitos b\u00e1sicos do consumidor:\n I - <strong>a prote\u00e7\u00e3o da vida, sa\u00fade<\/strong> e seguran\u00e7a contra os riscos provocados por pr\u00e1ticas no fornecimento de produtos e servi\u00e7os considerados perigosos ou nocivos;\n II - a educa\u00e7\u00e3o e divulga\u00e7\u00e3o sobre o consumo adequado dos produtos e servi\u00e7os, asseguradas a <strong>liberdade de escolha<\/strong> e a igualdade nas contrata\u00e7\u00f5es;\n III - <strong>a informa\u00e7\u00e3o adequada e clara sobre os diferentes produtos e servi\u00e7os, com especifica\u00e7\u00e3o correta de quantidade, caracter\u00edsticas, composi\u00e7\u00e3o<\/strong>, qualidade, tributos incidentes e pre\u00e7o, bem como sobre os riscos que apresentem; (Reda\u00e7\u00e3o dada pela Lei n\u00ba 12.741, de 2012)\u201d (Grifamos) <\/pre>\n\n\n\n<p>\u00c9 fundamental a prote\u00e7\u00e3o ao consumidor e o seu acesso a informa\u00e7\u00f5es adequadas, por isso o artigo 8\u00b0 prev\u00ea que:<\/p>\n\n\n\n<pre class=\"wp-block-verse\">\u201cArt. 8\u00b0 <strong>Os produtos e servi\u00e7os colocados no mercado de consumo n\u00e3o acarretar\u00e3o riscos \u00e0 sa\u00fade<\/strong> ou seguran\u00e7a dos consumidores, exceto os considerados normais e previs\u00edveis em decorr\u00eancia de sua natureza e frui\u00e7\u00e3o, <strong>obrigando-se os fornecedores, em qualquer hip\u00f3tese, a dar as informa\u00e7\u00f5es necess\u00e1rias e adequadas a seu respeito<\/strong>.\u201d (Grifamos)<\/pre>\n\n\n\n<p>Reitera-se que com o presente projeto de lei pretende-se defender o consumidor para que saiba o que est\u00e1 consumindo, se \u00e9 um produto l\u00e1cteo ou n\u00e3o. Caso seja um produto an\u00e1logo, compreende-se que o consumidor deve ser informado sobre a composi\u00e7\u00e3o nutricional de todos os ingredientes utilizados na sua fabrica\u00e7\u00e3o, principalmente, se cont\u00e9m adi\u00e7\u00e3o de subst\u00e2ncias como gordura vegetal hidrogenada, amido e amido modificado. Produtos l\u00e1cteos, via de regra, possuem um percentual de prote\u00edna enquanto que os an\u00e1logos t\u00eam carboidratos em sua composi\u00e7\u00e3o nutricional a qual \u00e9 bastante diferente \u00e0queles feitos \u00e0 base de leite. Assim, o consumidor tem garantido o direito de escolher se quer ou n\u00e3o consumir tal produto.<\/p>\n\n\n\n<p>Produtos an\u00e1logos ao queijo podem ser feitos com a adi\u00e7\u00e3o de subst\u00e2ncias como gordura vegetal hidrogenada, amido e amido modificado. Entretanto, determinadas quantidades desse tipo de gordura (trans e\/ou hidrogenada) pode ser prejudicial \u00e0 sa\u00fade e pode favorecer o desenvolvimento de doen\u00e7as cardiovasculares<a href=\"#1\" data-type=\"internal\" data-id=\"#1\">\u00b9<\/a>.<\/p>\n\n\n\n<p>Os estabelecimentos comerciais que preparam alimentos com produtos an\u00e1logos aos l\u00e1cteos dever\u00e3o destacar no card\u00e1pio e em toda e qualquer forma de publicidade a express\u00e3o \u201ceste produto n\u00e3o \u00e9 queijo\u201d quando<br>se tratar de produto an\u00e1logo ao queijo, \u201ceste produto n\u00e3o \u00e9 requeij\u00e3o\u201c quando se tratar de produto an\u00e1logo ao requeij\u00e3o, e \u201ceste produto n\u00e3o tem origem l\u00e1ctea\u201d quando se tratar de produto an\u00e1logo aos l\u00e1cteos. Tal divulga\u00e7\u00e3o dever\u00e1 ser feita tamb\u00e9m por meio eletr\u00f4nico quando o card\u00e1pio estiver dispon\u00edvel dessa forma cuja publicidade tamb\u00e9m seja veiculada por esse meio. <\/p>\n\n\n\n<p>O nosso objetivo com esse PL \u00e9 facilitar ao consumidor a realiza\u00e7\u00e3o de escolhas alimentares conscientes, ao aumentar o seu acesso a<br>informa\u00e7\u00f5es sobre quais ingredientes est\u00e1 consumindo, para n\u00e3o ser enganado pensando que est\u00e1 se alimentando com um produto 100% l\u00e1cteo quando est\u00e1 consumindo algo an\u00e1logo. Apenas a t\u00edtulo exemplificativo, um consumidor pode ir a um restaurante, bar ou pizzaria e escolher um produto \u00e0 base de queijo (pizza, pastel, coxinha, etc) e receber\/ ser servidor prato feito com produto an\u00e1logo, que contenha cor, sabor e textura parecidos a ponto de n\u00e3o distinguir que n\u00e3o \u00e9 de origem l\u00e1ctea.<\/p>\n\n\n\n<p>\u00c9 poss\u00edvel que o produto similar represente um menor pre\u00e7o de custo para os estabelecimentos comerciais e estabelecimentos podem us\u00e1-lo desde que o consumidor seja informado. \u00c9 importante o consumidor saber exatamente o produto que est\u00e1 ingerindo.<\/p>\n\n\n\n<p>Com escolhas conscientes os consumidores poder\u00e3o escolher o produto. E poder\u00e3o estar fortalecendo pequenos agricultores familiares quando escolhem queijos e l\u00e1cteos produzidos com 100% de leite, que pode ser alimento mais saud\u00e1vel do que um feito com gordura vegetal hidrogenada e<br>amido, por exemplo.<\/p>\n\n\n\n<p>Est\u00e1 se propondo que, caso algum estabelecimento descumpra a Lei, essa seja considerada uma infra\u00e7\u00e3o sanit\u00e1ria, nos termos da Lei n\u00ba 6.437, de 20 de agosto de 1977, ou de outra que vier a substitu\u00ed-la, sem preju\u00edzo de outras responsabilidades porventura cab\u00edveis.<\/p>\n\n\n\n<p id=\"1\">\u00b9 Vide <a href=\"https:\/\/www.gov.br\/anvisa\/pt-br\/assuntos\/noticias-anvisa\/2020\/publicada-norma-sobre-gorduratrans-em-alimentos\">https:\/\/www.gov.br\/anvisa\/pt-br\/assuntos\/noticias-anvisa\/2020\/publicada-norma-sobre-gorduratrans-em-alimentos<\/a><\/p>\n\n\n\n<div class=\"wp-block-buttons is-layout-flex wp-block-buttons-is-layout-flex\">\n<div class=\"wp-block-button\"><a class=\"wp-block-button__link wp-element-button\" href=\"https:\/\/www.camara.leg.br\/proposicoesWeb\/prop_mostrarintegra?codteor=1944557&amp;filename=PL+5298\/2020\">Baixe o projeto na \u00edntegra<\/a><\/div>\n<\/div>\n\n\n\n<div class=\"wp-block-buttons is-layout-flex wp-block-buttons-is-layout-flex\">\n<div class=\"wp-block-button\"><a class=\"wp-block-button__link wp-element-button\" href=\"https:\/\/forms.camara.leg.br\/ex\/enquetes\/2265663\">O que voc\u00ea acha disso? Opine<\/a><\/div>\n<\/div>\n\n\n\n<iframe loading=\"lazy\" src=\"https:\/\/podcasters.spotify.com\/pod\/show\/bohn-gass\/embed\/episodes\/Novo-projeto-de-lei-de-Bohn-Gass-alerta-consumidores-sobre-o-queijo-fake-e28fmq5\" height=\"300px\" width=\"840px\" frameborder=\"0\" scrolling=\"no\"><\/iframe>\n\n\n\n<hr class=\"wp-block-separator has-alpha-channel-opacity\"\/>\n\n\n\n<figure class=\"wp-block-embed is-type-video is-provider-youtube wp-block-embed-youtube wp-embed-aspect-16-9 wp-has-aspect-ratio\"><div class=\"wp-block-embed__wrapper\">\n<iframe loading=\"lazy\" title=\"\u201cQUEIJO FAKE\u201d\" width=\"500\" height=\"281\" src=\"https:\/\/www.youtube.com\/embed\/Q30o4M-7wAQ?feature=oembed\" frameborder=\"0\" allow=\"accelerometer; autoplay; clipboard-write; encrypted-media; gyroscope; picture-in-picture; web-share\" referrerpolicy=\"strict-origin-when-cross-origin\" allowfullscreen><\/iframe>\n<\/div><\/figure>\n","protected":false},"excerpt":{"rendered":"<p>PL 5298\/2020 Ementa: Disp\u00f5e sobre a obrigatoriedade de estabelecimentos comerciais que atuem no ramo aliment\u00edcio a informar, de forma transparente, simples e compreens\u00edvel ao consumidor, a substitui\u00e7\u00e3o de queijo, requeij\u00e3o e\/ou outros l\u00e1cteos por produtos an\u00e1logos no preparo dos alimentos e d\u00e1 outras provid\u00eancias. Situa\u00e7\u00e3o: Aguardando despacho do Presidente da C\u00e2mara dos Deputados para as [&hellip;]<\/p>\n","protected":false},"author":1,"featured_media":0,"parent":0,"menu_order":0,"comment_status":"open","ping_status":"closed","template":"","meta":{"footnotes":""},"class_list":["post-315","page","type-page","status-publish","hentry"],"yoast_head":"<!-- This site is optimized with the Yoast SEO plugin v22.7 - https:\/\/yoast.com\/wordpress\/plugins\/seo\/ -->\n<title>&quot;Queijo Fake&quot; - Deputado Federal Bohn Gass \u2605 PT\/RS<\/title>\n<meta name=\"robots\" content=\"index, follow, max-snippet:-1, max-image-preview:large, max-video-preview:-1\" \/>\n<link rel=\"canonical\" href=\"https:\/\/bohngass.com.br\/?page_id=315\" \/>\n<meta property=\"og:locale\" content=\"pt_BR\" \/>\n<meta property=\"og:type\" content=\"article\" \/>\n<meta property=\"og:title\" content=\"&quot;Queijo Fake&quot; - Deputado Federal Bohn Gass \u2605 PT\/RS\" \/>\n<meta property=\"og:description\" content=\"PL 5298\/2020 Ementa: Disp\u00f5e sobre a obrigatoriedade de estabelecimentos comerciais que atuem no ramo aliment\u00edcio a informar, de forma transparente, simples e compreens\u00edvel ao consumidor, a substitui\u00e7\u00e3o de queijo, requeij\u00e3o e\/ou outros l\u00e1cteos por produtos an\u00e1logos no preparo dos alimentos e d\u00e1 outras provid\u00eancias. Situa\u00e7\u00e3o: Aguardando despacho do Presidente da C\u00e2mara dos Deputados para as [&hellip;]\" \/>\n<meta property=\"og:url\" content=\"https:\/\/bohngass.com.br\/?page_id=315\" \/>\n<meta property=\"og:site_name\" content=\"Deputado Federal Bohn Gass \u2605 PT\/RS\" \/>\n<meta property=\"article:publisher\" content=\"https:\/\/www.facebook.com\/bohngass13\" \/>\n<meta property=\"article:modified_time\" content=\"2023-08-24T14:11:03+00:00\" \/>\n<meta name=\"twitter:card\" content=\"summary_large_image\" \/>\n<meta name=\"twitter:site\" content=\"@BohnGass\" \/>\n<meta name=\"twitter:label1\" content=\"Est. tempo de leitura\" \/>\n\t<meta name=\"twitter:data1\" content=\"5 minutos\" \/>\n<script type=\"application\/ld+json\" class=\"yoast-schema-graph\">{\"@context\":\"https:\/\/schema.org\",\"@graph\":[{\"@type\":\"WebPage\",\"@id\":\"https:\/\/bohngass.com.br\/?page_id=315\",\"url\":\"https:\/\/bohngass.com.br\/?page_id=315\",\"name\":\"\\\"Queijo Fake\\\" - Deputado Federal Bohn Gass \u2605 PT\/RS\",\"isPartOf\":{\"@id\":\"https:\/\/bohngass.com.br\/#website\"},\"datePublished\":\"2021-02-07T20:44:38+00:00\",\"dateModified\":\"2023-08-24T14:11:03+00:00\",\"breadcrumb\":{\"@id\":\"https:\/\/bohngass.com.br\/?page_id=315#breadcrumb\"},\"inLanguage\":\"pt-BR\",\"potentialAction\":[{\"@type\":\"ReadAction\",\"target\":[\"https:\/\/bohngass.com.br\/?page_id=315\"]}]},{\"@type\":\"BreadcrumbList\",\"@id\":\"https:\/\/bohngass.com.br\/?page_id=315#breadcrumb\",\"itemListElement\":[{\"@type\":\"ListItem\",\"position\":1,\"name\":\"In\u00edcio\",\"item\":\"https:\/\/bohngass.com.br\/\"},{\"@type\":\"ListItem\",\"position\":2,\"name\":\"&#8220;Queijo Fake&#8221;\"}]},{\"@type\":\"WebSite\",\"@id\":\"https:\/\/bohngass.com.br\/#website\",\"url\":\"https:\/\/bohngass.com.br\/\",\"name\":\"Deputado Federal Bohn Gass \u2605 PT\/RS\",\"description\":\"Deputado Federal Bohn Gass\",\"publisher\":{\"@id\":\"https:\/\/bohngass.com.br\/#organization\"},\"potentialAction\":[{\"@type\":\"SearchAction\",\"target\":{\"@type\":\"EntryPoint\",\"urlTemplate\":\"https:\/\/bohngass.com.br\/?s={search_term_string}\"},\"query-input\":\"required name=search_term_string\"}],\"inLanguage\":\"pt-BR\"},{\"@type\":\"Organization\",\"@id\":\"https:\/\/bohngass.com.br\/#organization\",\"name\":\"Deputado Bohn Gass\",\"url\":\"https:\/\/bohngass.com.br\/\",\"logo\":{\"@type\":\"ImageObject\",\"inLanguage\":\"pt-BR\",\"@id\":\"https:\/\/bohngass.com.br\/#\/schema\/logo\/image\/\",\"url\":\"http:\/\/bohngass.com.br\/wp-content\/uploads\/2021\/01\/logo.png\",\"contentUrl\":\"http:\/\/bohngass.com.br\/wp-content\/uploads\/2021\/01\/logo.png\",\"width\":357,\"height\":355,\"caption\":\"Deputado Bohn Gass\"},\"image\":{\"@id\":\"https:\/\/bohngass.com.br\/#\/schema\/logo\/image\/\"},\"sameAs\":[\"https:\/\/www.facebook.com\/bohngass13\",\"https:\/\/x.com\/BohnGass\",\"https:\/\/www.instagram.com\/bohn_gass\/\",\"https:\/\/www.youtube.com\/BohnGass13\/\",\"https:\/\/pt.wikipedia.org\/wiki\/Bohn_Gass\"]}]}<\/script>\n<!-- \/ Yoast SEO plugin. -->","yoast_head_json":{"title":"\"Queijo Fake\" - Deputado Federal Bohn Gass \u2605 PT\/RS","robots":{"index":"index","follow":"follow","max-snippet":"max-snippet:-1","max-image-preview":"max-image-preview:large","max-video-preview":"max-video-preview:-1"},"canonical":"https:\/\/bohngass.com.br\/?page_id=315","og_locale":"pt_BR","og_type":"article","og_title":"\"Queijo Fake\" - Deputado Federal Bohn Gass \u2605 PT\/RS","og_description":"PL 5298\/2020 Ementa: Disp\u00f5e sobre a obrigatoriedade de estabelecimentos comerciais que atuem no ramo aliment\u00edcio a informar, de forma transparente, simples e compreens\u00edvel ao consumidor, a substitui\u00e7\u00e3o de queijo, requeij\u00e3o e\/ou outros l\u00e1cteos por produtos an\u00e1logos no preparo dos alimentos e d\u00e1 outras provid\u00eancias. Situa\u00e7\u00e3o: Aguardando despacho do Presidente da C\u00e2mara dos Deputados para as [&hellip;]","og_url":"https:\/\/bohngass.com.br\/?page_id=315","og_site_name":"Deputado Federal Bohn Gass \u2605 PT\/RS","article_publisher":"https:\/\/www.facebook.com\/bohngass13","article_modified_time":"2023-08-24T14:11:03+00:00","twitter_card":"summary_large_image","twitter_site":"@BohnGass","twitter_misc":{"Est. tempo de leitura":"5 minutos"},"schema":{"@context":"https:\/\/schema.org","@graph":[{"@type":"WebPage","@id":"https:\/\/bohngass.com.br\/?page_id=315","url":"https:\/\/bohngass.com.br\/?page_id=315","name":"\"Queijo Fake\" - Deputado Federal Bohn Gass \u2605 PT\/RS","isPartOf":{"@id":"https:\/\/bohngass.com.br\/#website"},"datePublished":"2021-02-07T20:44:38+00:00","dateModified":"2023-08-24T14:11:03+00:00","breadcrumb":{"@id":"https:\/\/bohngass.com.br\/?page_id=315#breadcrumb"},"inLanguage":"pt-BR","potentialAction":[{"@type":"ReadAction","target":["https:\/\/bohngass.com.br\/?page_id=315"]}]},{"@type":"BreadcrumbList","@id":"https:\/\/bohngass.com.br\/?page_id=315#breadcrumb","itemListElement":[{"@type":"ListItem","position":1,"name":"In\u00edcio","item":"https:\/\/bohngass.com.br\/"},{"@type":"ListItem","position":2,"name":"&#8220;Queijo Fake&#8221;"}]},{"@type":"WebSite","@id":"https:\/\/bohngass.com.br\/#website","url":"https:\/\/bohngass.com.br\/","name":"Deputado Federal Bohn Gass \u2605 PT\/RS","description":"Deputado Federal Bohn Gass","publisher":{"@id":"https:\/\/bohngass.com.br\/#organization"},"potentialAction":[{"@type":"SearchAction","target":{"@type":"EntryPoint","urlTemplate":"https:\/\/bohngass.com.br\/?s={search_term_string}"},"query-input":"required name=search_term_string"}],"inLanguage":"pt-BR"},{"@type":"Organization","@id":"https:\/\/bohngass.com.br\/#organization","name":"Deputado Bohn Gass","url":"https:\/\/bohngass.com.br\/","logo":{"@type":"ImageObject","inLanguage":"pt-BR","@id":"https:\/\/bohngass.com.br\/#\/schema\/logo\/image\/","url":"http:\/\/bohngass.com.br\/wp-content\/uploads\/2021\/01\/logo.png","contentUrl":"http:\/\/bohngass.com.br\/wp-content\/uploads\/2021\/01\/logo.png","width":357,"height":355,"caption":"Deputado Bohn Gass"},"image":{"@id":"https:\/\/bohngass.com.br\/#\/schema\/logo\/image\/"},"sameAs":["https:\/\/www.facebook.com\/bohngass13","https:\/\/x.com\/BohnGass","https:\/\/www.instagram.com\/bohn_gass\/","https:\/\/www.youtube.com\/BohnGass13\/","https:\/\/pt.wikipedia.org\/wiki\/Bohn_Gass"]}]}},"_links":{"self":[{"href":"https:\/\/bohngass.com.br\/index.php?rest_route=\/wp\/v2\/pages\/315","targetHints":{"allow":["GET"]}}],"collection":[{"href":"https:\/\/bohngass.com.br\/index.php?rest_route=\/wp\/v2\/pages"}],"about":[{"href":"https:\/\/bohngass.com.br\/index.php?rest_route=\/wp\/v2\/types\/page"}],"author":[{"embeddable":true,"href":"https:\/\/bohngass.com.br\/index.php?rest_route=\/wp\/v2\/users\/1"}],"replies":[{"embeddable":true,"href":"https:\/\/bohngass.com.br\/index.php?rest_route=%2Fwp%2Fv2%2Fcomments&post=315"}],"version-history":[{"count":0,"href":"https:\/\/bohngass.com.br\/index.php?rest_route=\/wp\/v2\/pages\/315\/revisions"}],"wp:attachment":[{"href":"https:\/\/bohngass.com.br\/index.php?rest_route=%2Fwp%2Fv2%2Fmedia&parent=315"}],"curies":[{"name":"wp","href":"https:\/\/api.w.org\/{rel}","templated":true}]}}