{"id":321,"date":"2021-02-07T17:54:46","date_gmt":"2021-02-07T20:54:46","guid":{"rendered":"http:\/\/bohngass.com.br\/?page_id=321"},"modified":"2023-08-24T11:04:55","modified_gmt":"2023-08-24T14:04:55","slug":"fogos-de-artificio","status":"publish","type":"page","link":"https:\/\/bohngass.com.br\/?page_id=321","title":{"rendered":"Fogos de Artif\u00edcio"},"content":{"rendered":"\n<h2 class=\"wp-block-heading\">PL 4325\/2019<\/h2>\n\n\n\n<p><strong>Ementa:<\/strong> Disp\u00f5e sobre a veda\u00e7\u00e3o da fabrica\u00e7\u00e3o, comercializa\u00e7\u00e3o e utiliza\u00e7\u00e3o fogos de artif\u00edcios e artefatos pirot\u00e9cnicos que produzam ru\u00eddos sonoros e estampidos.<\/p>\n\n\n\n<p><strong>Situa\u00e7\u00e3o: <\/strong>Apensado (tramitando em conjunto) com o PL 6881\/2017. <\/p>\n\n\n\n<p>Comiss\u00e3o de Meio Ambiente e Desenvolvimento Sustent\u00e1vel (CMADS), parecer contr\u00e1rio do deputado Valdir Colatto (PMDB\/SC) foi derrotado. Parecer favor\u00e1vel do deputado Nilto Tatto (PT\/SP) aprovado.<\/p>\n\n\n\n<p>Comiss\u00e3o de Desenvolvimento Econ\u00f4mico, Ind\u00fastria, Com\u00e9rcio e Servi\u00e7os (CDEICS), relator designado deputado Glaustins da Fokus (PSC\/GO). Parecer pela aprova\u00e7\u00e3o aprovado.<\/p>\n\n\n\n<p>Comiss\u00e3o de Constitui\u00e7\u00e3o e Justi\u00e7a e de Cidadania (CCJC), relator designado deputado Waldemar Oliveira (AVANTE\/PE). Parecer pela aprova\u00e7\u00e3o com substitutivo.<\/p>\n\n\n\n<h3 class=\"wp-block-heading\">Justificativa<\/h3>\n\n\n\n<p>Fogos de artif\u00edcio e artefatos pirot\u00e9cnicos s\u00e3o utilizados em datas comemorativas e em celebra\u00e7\u00f5es festivas. Ocorre que, para os autistas, os fogos podem variar de um pequeno inc\u00f4modo para uma ocorr\u00eancia dolorosa e assustadora.<\/p>\n\n\n\n<p>Crian\u00e7as e adultos com autismo podem apresentar, de maneira mais ou menos intensa, dificuldades no processamento sensorial. H\u00e1 pouco tempo, a dificuldade sensorial foi incorporada como crit\u00e9rio para o diagn\u00f3stico do espectro do autismo. A \u00faltima edi\u00e7\u00e3o do Manual Diagn\u00f3stico e Estat\u00edstico de Transtornos Mentais da Associa\u00e7\u00e3o Americana de Psiquiatria \u2013 o DSM 5, indica que pessoas com autismo tamb\u00e9m apresentam hiper ou hiporreatividade aos est\u00edmulos sensoriais do ambiente.<\/p>\n\n\n\n<p>Muitas crian\u00e7as com TEA (Transtorno do Espectro do Autismo) t\u00eam dificuldade em regular a informa\u00e7\u00e3o sensorial do ambiente que as cerca.<br>Elas podem ser excessivamente sens\u00edveis ou sub-sens\u00edveis a sons e podem<br>ter dificuldade em interpretar informa\u00e7\u00f5es sensoriais que seu c\u00e9rebro<br>recebe. Isso deixa muitos pais perdidos sobre o que fazer a respeito para<br>ajudar seu filho a viver em um mundo barulhento, sem ansiedade e medo.<br>As crian\u00e7as com autismo e audi\u00e7\u00e3o supersens\u00edvel a ru\u00eddos passam por<br>experi\u00eancia de rea\u00e7\u00f5es intensificadas a press\u00f5es s\u00fabitas, estalos ou estouros, especialmente com os fogos de artif\u00edcio.<\/p>\n\n\n\n<p>Por\u00e9m, nem sempre \u00e9 poss\u00edvel controlar a forma como as pessoas podem decidir comemorar em festas e eventos, ainda mais no Brasil, onde n\u00e3o h\u00e1 proibi\u00e7\u00e3o dos fogos nem fiscaliza\u00e7\u00e3o e aplica\u00e7\u00e3o devida da Lei Ambiental N\u00ba 9.605\/98 (Polui\u00e7\u00e3o Sonora).<\/p>\n\n\n\n<p>Os ru\u00eddos produzidos pelos fogos de artif\u00edcio podem afetar muito a vida dessas crian\u00e7as. E n\u00e3o s\u00e3o apenas elas que sofrem. Pessoas hospitalizadas e idosos tamb\u00e9m, sem contar que quem os manuseia pode sofrer acidentes causando risco \u00e0 vida.<\/p>\n\n\n\n<p>N\u00e3o bastasse isso, os animais tamb\u00e9m sofrem. Por exemplo, os c\u00e3es possuem a audi\u00e7\u00e3o quatro vezes mais potente que os humanos. Alguns c\u00e3es<br>incomodam-se muito com o barulho, mas outros podem desenvolver fobias<br>e entrar em p\u00e2nico, sendo comum ocorrerem fugas, atropelamentos, enforcamentos com suas pr\u00f3prias coleiras e correntes, jogarem-se em portas e janelas de vidro, convulsionarem e, at\u00e9, terem ataques card\u00edacos<br>por causa do pavor provocado pelo barulho dos fogos.<\/p>\n\n\n\n<p>Ressalta-se que alguns animais mudam o seu comportamento ap\u00f3s a queima de fogos, ficam ansiosos, tr\u00eamulos, escondem-se, arfam, choram,<br>ladram, demonstrando todo o mal-estar em seu organismo. Os p\u00e1ssaros<br>tamb\u00e9m sofrem com os barulhos, muitas vezes, vindo a morrer do cora\u00e7\u00e3o.<\/p>\n\n\n\n<p>Por esses motivos, h\u00e1 uma tend\u00eancia no uso de pirotecnia sem ru\u00eddo e a proibi\u00e7\u00e3o da fabrica\u00e7\u00e3o, comercializa\u00e7\u00e3o e venda dos fogos tradicionais. Salienta-se que algumas capitais de estado, no Brasil, como Belo Horizonte e Florian\u00f3polis, j\u00e1 h\u00e1 utiliza\u00e7\u00e3o de fogos de artif\u00edcio silenciosos. Inclusive, a mesma medida est\u00e1 sendo adotada por v\u00e1rios munic\u00edpios.<\/p>\n\n\n\n<div class=\"wp-block-buttons is-layout-flex wp-block-buttons-is-layout-flex\">\n<div class=\"wp-block-button\"><a class=\"wp-block-button__link wp-element-button\" href=\"https:\/\/www.camara.leg.br\/proposicoesWeb\/prop_mostrarintegra?codteor=1786281&amp;filename=PL+4325\/2019\">Baixe o projeto na \u00edntegra<\/a><\/div>\n<\/div>\n\n\n\n<div class=\"wp-block-buttons is-layout-flex wp-block-buttons-is-layout-flex\">\n<div class=\"wp-block-button\"><a class=\"wp-block-button__link wp-element-button\" href=\"https:\/\/forms.camara.leg.br\/ex\/enquetes\/2214049\">O que voc\u00ea acha disso? Opine<\/a><\/div>\n<\/div>\n\n\n\n<iframe loading=\"lazy\" src=\"https:\/\/podcasters.spotify.com\/pod\/show\/bohn-gass\/embed\/episodes\/Projeto-de-Bohn-Gass-probe-fogos-de-artifcio-com-estrondo--que-s-causam-sofrimento-e28fmcl\" height=\"102px\" width=\"400px\" frameborder=\"0\" scrolling=\"no\"><\/iframe>\n\n\n\n<figure class=\"wp-block-embed is-type-video is-provider-youtube wp-block-embed-youtube wp-embed-aspect-16-9 wp-has-aspect-ratio\"><div class=\"wp-block-embed__wrapper\">\n<iframe loading=\"lazy\" title=\"PELO FIM DOS FOGOS DE ARTIF\u00cdCIO COM BARULHO\" width=\"500\" height=\"281\" src=\"https:\/\/www.youtube.com\/embed\/A4vVWNsNQ9U?feature=oembed\" frameborder=\"0\" allow=\"accelerometer; autoplay; clipboard-write; encrypted-media; gyroscope; picture-in-picture; web-share\" referrerpolicy=\"strict-origin-when-cross-origin\" allowfullscreen><\/iframe>\n<\/div><\/figure>\n","protected":false},"excerpt":{"rendered":"<p>PL 4325\/2019 Ementa: Disp\u00f5e sobre a veda\u00e7\u00e3o da fabrica\u00e7\u00e3o, comercializa\u00e7\u00e3o e utiliza\u00e7\u00e3o fogos de artif\u00edcios e artefatos pirot\u00e9cnicos que produzam ru\u00eddos sonoros e estampidos. Situa\u00e7\u00e3o: Apensado (tramitando em conjunto) com o PL 6881\/2017. Comiss\u00e3o de Meio Ambiente e Desenvolvimento Sustent\u00e1vel (CMADS), parecer contr\u00e1rio do deputado Valdir Colatto (PMDB\/SC) foi derrotado. Parecer favor\u00e1vel do deputado Nilto [&hellip;]<\/p>\n","protected":false},"author":1,"featured_media":0,"parent":0,"menu_order":0,"comment_status":"open","ping_status":"closed","template":"","meta":{"footnotes":""},"class_list":["post-321","page","type-page","status-publish","hentry"],"yoast_head":"<!-- This site is optimized with the Yoast SEO plugin v22.7 - https:\/\/yoast.com\/wordpress\/plugins\/seo\/ -->\n<title>Fogos de Artif\u00edcio - Deputado Federal Bohn Gass \u2605 PT\/RS<\/title>\n<meta name=\"robots\" content=\"index, follow, max-snippet:-1, max-image-preview:large, max-video-preview:-1\" \/>\n<link rel=\"canonical\" href=\"https:\/\/bohngass.com.br\/?page_id=321\" \/>\n<meta property=\"og:locale\" content=\"pt_BR\" \/>\n<meta property=\"og:type\" content=\"article\" \/>\n<meta property=\"og:title\" content=\"Fogos de Artif\u00edcio - Deputado Federal Bohn Gass \u2605 PT\/RS\" \/>\n<meta property=\"og:description\" content=\"PL 4325\/2019 Ementa: Disp\u00f5e sobre a veda\u00e7\u00e3o da fabrica\u00e7\u00e3o, comercializa\u00e7\u00e3o e utiliza\u00e7\u00e3o fogos de artif\u00edcios e artefatos pirot\u00e9cnicos que produzam ru\u00eddos sonoros e estampidos. Situa\u00e7\u00e3o: Apensado (tramitando em conjunto) com o PL 6881\/2017. Comiss\u00e3o de Meio Ambiente e Desenvolvimento Sustent\u00e1vel (CMADS), parecer contr\u00e1rio do deputado Valdir Colatto (PMDB\/SC) foi derrotado. Parecer favor\u00e1vel do deputado Nilto [&hellip;]\" \/>\n<meta property=\"og:url\" content=\"https:\/\/bohngass.com.br\/?page_id=321\" \/>\n<meta property=\"og:site_name\" content=\"Deputado Federal Bohn Gass \u2605 PT\/RS\" \/>\n<meta property=\"article:publisher\" content=\"https:\/\/www.facebook.com\/bohngass13\" \/>\n<meta property=\"article:modified_time\" content=\"2023-08-24T14:04:55+00:00\" \/>\n<meta name=\"twitter:card\" content=\"summary_large_image\" \/>\n<meta name=\"twitter:site\" content=\"@BohnGass\" \/>\n<meta name=\"twitter:label1\" content=\"Est. tempo de leitura\" \/>\n\t<meta name=\"twitter:data1\" content=\"4 minutos\" \/>\n<script type=\"application\/ld+json\" class=\"yoast-schema-graph\">{\"@context\":\"https:\/\/schema.org\",\"@graph\":[{\"@type\":\"WebPage\",\"@id\":\"https:\/\/bohngass.com.br\/?page_id=321\",\"url\":\"https:\/\/bohngass.com.br\/?page_id=321\",\"name\":\"Fogos de Artif\u00edcio - Deputado Federal Bohn Gass \u2605 PT\/RS\",\"isPartOf\":{\"@id\":\"https:\/\/bohngass.com.br\/#website\"},\"datePublished\":\"2021-02-07T20:54:46+00:00\",\"dateModified\":\"2023-08-24T14:04:55+00:00\",\"breadcrumb\":{\"@id\":\"https:\/\/bohngass.com.br\/?page_id=321#breadcrumb\"},\"inLanguage\":\"pt-BR\",\"potentialAction\":[{\"@type\":\"ReadAction\",\"target\":[\"https:\/\/bohngass.com.br\/?page_id=321\"]}]},{\"@type\":\"BreadcrumbList\",\"@id\":\"https:\/\/bohngass.com.br\/?page_id=321#breadcrumb\",\"itemListElement\":[{\"@type\":\"ListItem\",\"position\":1,\"name\":\"In\u00edcio\",\"item\":\"https:\/\/bohngass.com.br\/\"},{\"@type\":\"ListItem\",\"position\":2,\"name\":\"Fogos de Artif\u00edcio\"}]},{\"@type\":\"WebSite\",\"@id\":\"https:\/\/bohngass.com.br\/#website\",\"url\":\"https:\/\/bohngass.com.br\/\",\"name\":\"Deputado Federal Bohn Gass \u2605 PT\/RS\",\"description\":\"Deputado Federal Bohn Gass\",\"publisher\":{\"@id\":\"https:\/\/bohngass.com.br\/#organization\"},\"potentialAction\":[{\"@type\":\"SearchAction\",\"target\":{\"@type\":\"EntryPoint\",\"urlTemplate\":\"https:\/\/bohngass.com.br\/?s={search_term_string}\"},\"query-input\":\"required name=search_term_string\"}],\"inLanguage\":\"pt-BR\"},{\"@type\":\"Organization\",\"@id\":\"https:\/\/bohngass.com.br\/#organization\",\"name\":\"Deputado Bohn Gass\",\"url\":\"https:\/\/bohngass.com.br\/\",\"logo\":{\"@type\":\"ImageObject\",\"inLanguage\":\"pt-BR\",\"@id\":\"https:\/\/bohngass.com.br\/#\/schema\/logo\/image\/\",\"url\":\"http:\/\/bohngass.com.br\/wp-content\/uploads\/2021\/01\/logo.png\",\"contentUrl\":\"http:\/\/bohngass.com.br\/wp-content\/uploads\/2021\/01\/logo.png\",\"width\":357,\"height\":355,\"caption\":\"Deputado Bohn Gass\"},\"image\":{\"@id\":\"https:\/\/bohngass.com.br\/#\/schema\/logo\/image\/\"},\"sameAs\":[\"https:\/\/www.facebook.com\/bohngass13\",\"https:\/\/x.com\/BohnGass\",\"https:\/\/www.instagram.com\/bohn_gass\/\",\"https:\/\/www.youtube.com\/BohnGass13\/\",\"https:\/\/pt.wikipedia.org\/wiki\/Bohn_Gass\"]}]}<\/script>\n<!-- \/ Yoast SEO plugin. -->","yoast_head_json":{"title":"Fogos de Artif\u00edcio - Deputado Federal Bohn Gass \u2605 PT\/RS","robots":{"index":"index","follow":"follow","max-snippet":"max-snippet:-1","max-image-preview":"max-image-preview:large","max-video-preview":"max-video-preview:-1"},"canonical":"https:\/\/bohngass.com.br\/?page_id=321","og_locale":"pt_BR","og_type":"article","og_title":"Fogos de Artif\u00edcio - Deputado Federal Bohn Gass \u2605 PT\/RS","og_description":"PL 4325\/2019 Ementa: Disp\u00f5e sobre a veda\u00e7\u00e3o da fabrica\u00e7\u00e3o, comercializa\u00e7\u00e3o e utiliza\u00e7\u00e3o fogos de artif\u00edcios e artefatos pirot\u00e9cnicos que produzam ru\u00eddos sonoros e estampidos. Situa\u00e7\u00e3o: Apensado (tramitando em conjunto) com o PL 6881\/2017. Comiss\u00e3o de Meio Ambiente e Desenvolvimento Sustent\u00e1vel (CMADS), parecer contr\u00e1rio do deputado Valdir Colatto (PMDB\/SC) foi derrotado. Parecer favor\u00e1vel do deputado Nilto [&hellip;]","og_url":"https:\/\/bohngass.com.br\/?page_id=321","og_site_name":"Deputado Federal Bohn Gass \u2605 PT\/RS","article_publisher":"https:\/\/www.facebook.com\/bohngass13","article_modified_time":"2023-08-24T14:04:55+00:00","twitter_card":"summary_large_image","twitter_site":"@BohnGass","twitter_misc":{"Est. tempo de leitura":"4 minutos"},"schema":{"@context":"https:\/\/schema.org","@graph":[{"@type":"WebPage","@id":"https:\/\/bohngass.com.br\/?page_id=321","url":"https:\/\/bohngass.com.br\/?page_id=321","name":"Fogos de Artif\u00edcio - Deputado Federal Bohn Gass \u2605 PT\/RS","isPartOf":{"@id":"https:\/\/bohngass.com.br\/#website"},"datePublished":"2021-02-07T20:54:46+00:00","dateModified":"2023-08-24T14:04:55+00:00","breadcrumb":{"@id":"https:\/\/bohngass.com.br\/?page_id=321#breadcrumb"},"inLanguage":"pt-BR","potentialAction":[{"@type":"ReadAction","target":["https:\/\/bohngass.com.br\/?page_id=321"]}]},{"@type":"BreadcrumbList","@id":"https:\/\/bohngass.com.br\/?page_id=321#breadcrumb","itemListElement":[{"@type":"ListItem","position":1,"name":"In\u00edcio","item":"https:\/\/bohngass.com.br\/"},{"@type":"ListItem","position":2,"name":"Fogos de Artif\u00edcio"}]},{"@type":"WebSite","@id":"https:\/\/bohngass.com.br\/#website","url":"https:\/\/bohngass.com.br\/","name":"Deputado Federal Bohn Gass \u2605 PT\/RS","description":"Deputado Federal Bohn Gass","publisher":{"@id":"https:\/\/bohngass.com.br\/#organization"},"potentialAction":[{"@type":"SearchAction","target":{"@type":"EntryPoint","urlTemplate":"https:\/\/bohngass.com.br\/?s={search_term_string}"},"query-input":"required name=search_term_string"}],"inLanguage":"pt-BR"},{"@type":"Organization","@id":"https:\/\/bohngass.com.br\/#organization","name":"Deputado Bohn Gass","url":"https:\/\/bohngass.com.br\/","logo":{"@type":"ImageObject","inLanguage":"pt-BR","@id":"https:\/\/bohngass.com.br\/#\/schema\/logo\/image\/","url":"http:\/\/bohngass.com.br\/wp-content\/uploads\/2021\/01\/logo.png","contentUrl":"http:\/\/bohngass.com.br\/wp-content\/uploads\/2021\/01\/logo.png","width":357,"height":355,"caption":"Deputado Bohn Gass"},"image":{"@id":"https:\/\/bohngass.com.br\/#\/schema\/logo\/image\/"},"sameAs":["https:\/\/www.facebook.com\/bohngass13","https:\/\/x.com\/BohnGass","https:\/\/www.instagram.com\/bohn_gass\/","https:\/\/www.youtube.com\/BohnGass13\/","https:\/\/pt.wikipedia.org\/wiki\/Bohn_Gass"]}]}},"_links":{"self":[{"href":"https:\/\/bohngass.com.br\/index.php?rest_route=\/wp\/v2\/pages\/321","targetHints":{"allow":["GET"]}}],"collection":[{"href":"https:\/\/bohngass.com.br\/index.php?rest_route=\/wp\/v2\/pages"}],"about":[{"href":"https:\/\/bohngass.com.br\/index.php?rest_route=\/wp\/v2\/types\/page"}],"author":[{"embeddable":true,"href":"https:\/\/bohngass.com.br\/index.php?rest_route=\/wp\/v2\/users\/1"}],"replies":[{"embeddable":true,"href":"https:\/\/bohngass.com.br\/index.php?rest_route=%2Fwp%2Fv2%2Fcomments&post=321"}],"version-history":[{"count":0,"href":"https:\/\/bohngass.com.br\/index.php?rest_route=\/wp\/v2\/pages\/321\/revisions"}],"wp:attachment":[{"href":"https:\/\/bohngass.com.br\/index.php?rest_route=%2Fwp%2Fv2%2Fmedia&parent=321"}],"curies":[{"name":"wp","href":"https:\/\/api.w.org\/{rel}","templated":true}]}}