{"id":3242,"date":"2024-02-06T17:42:56","date_gmt":"2024-02-06T20:42:56","guid":{"rendered":"https:\/\/bohngass.com.br\/?page_id=3242"},"modified":"2025-01-06T12:29:15","modified_gmt":"2025-01-06T15:29:15","slug":"2024-2","status":"publish","type":"page","link":"https:\/\/bohngass.com.br\/?page_id=3242","title":{"rendered":"2024"},"content":{"rendered":"\n<p><strong><a href=\"https:\/\/bohngass.com.br\/?page_id=3239\">Janeiro 2024<\/a>\u00a0\u2013 44 cita\u00e7\u00f5es<br><a href=\"https:\/\/bohngass.com.br\/?page_id=3262\">Fevereiro 2024<\/a>\u00a0\u2013 66 cita\u00e7\u00f5es<br><a href=\"https:\/\/bohngass.com.br\/?page_id=3283\">Mar\u00e7o 2024<\/a>\u00a0\u2013 75 cita\u00e7\u00f5es<\/strong>\u00a0\u00a0<br><strong><a href=\"https:\/\/bohngass.com.br\/?page_id=3320\">Abril 2024<\/a><\/strong>\u00a0\u2013 <strong>84 cita\u00e7\u00f5es\u00a0\u00a0<\/strong><br><strong><a href=\"https:\/\/bohngass.com.br\/?page_id=3361\">Maio 2024<\/a>\u00a0\u2013 66 cita\u00e7\u00f5es <br><a href=\"https:\/\/bohngass.com.br\/?page_id=3387\">Junho 2024<\/a>\u00a0\u2013 70 cita\u00e7\u00f5es <br><a href=\"https:\/\/bohngass.com.br\/?page_id=3531\">Julho 2024<\/a>\u00a0\u2013 68 cita\u00e7\u00f5es\u00a0<br><a href=\"https:\/\/bohngass.com.br\/?page_id=3626\">Agosto 2024<\/a>\u00a0\u2013 60 cita\u00e7\u00f5es<br><a href=\"https:\/\/bohngass.com.br\/?page_id=3653\">Setembro 2024<\/a>\u00a0\u2013 69 cita\u00e7\u00f5es<br><a href=\"https:\/\/bohngass.com.br\/?page_id=3667\">Outubro 2024<\/a>\u00a0\u2013 40 cita\u00e7\u00f5es <br><a href=\"https:\/\/bohngass.com.br\/?page_id=3692\">Novembro 2024<\/a>\u00a0\u2013 139 cita\u00e7\u00f5es<br><a href=\"https:\/\/bohngass.com.br\/?page_id=3736\">Dezembro 2024<\/a>\u00a0\u2013 71 cita\u00e7\u00f5es<\/strong><\/p>\n","protected":false},"excerpt":{"rendered":"<p>Janeiro 2024\u00a0\u2013 44 cita\u00e7\u00f5esFevereiro 2024\u00a0\u2013 66 cita\u00e7\u00f5esMar\u00e7o 2024\u00a0\u2013 75 cita\u00e7\u00f5es\u00a0\u00a0Abril 2024\u00a0\u2013 84 cita\u00e7\u00f5es\u00a0\u00a0Maio 2024\u00a0\u2013 66 cita\u00e7\u00f5es Junho 2024\u00a0\u2013 70 cita\u00e7\u00f5es Julho 2024\u00a0\u2013 68 cita\u00e7\u00f5es\u00a0Agosto 2024\u00a0\u2013 60 cita\u00e7\u00f5esSetembro 2024\u00a0\u2013 69 cita\u00e7\u00f5esOutubro 2024\u00a0\u2013 40 cita\u00e7\u00f5es Novembro 2024\u00a0\u2013 139 cita\u00e7\u00f5esDezembro 2024\u00a0\u2013 71 cita\u00e7\u00f5es<\/p>\n","protected":false},"author":1,"featured_media":0,"parent":0,"menu_order":0,"comment_status":"closed","ping_status":"closed","template":"","meta":{"footnotes":""},"class_list":["post-3242","page","type-page","status-publish","hentry"],"yoast_head":"<!-- This site is optimized with the Yoast SEO plugin v27.4 - https:\/\/yoast.com\/product\/yoast-seo-wordpress\/ -->\n<title>2024 - Deputado Federal Bohn Gass \u2605 PT\/RS<\/title>\n<meta name=\"robots\" content=\"index, follow, max-snippet:-1, max-image-preview:large, max-video-preview:-1\" \/>\n<link rel=\"canonical\" href=\"https:\/\/bohngass.com.br\/?page_id=3242\" \/>\n<meta property=\"og:locale\" content=\"pt_BR\" \/>\n<meta property=\"og:type\" content=\"article\" \/>\n<meta property=\"og:title\" content=\"2024 - Deputado Federal Bohn Gass \u2605 PT\/RS\" \/>\n<meta property=\"og:description\" content=\"Janeiro 2024\u00a0\u2013 44 cita\u00e7\u00f5esFevereiro 2024\u00a0\u2013 66 cita\u00e7\u00f5esMar\u00e7o 2024\u00a0\u2013 75 cita\u00e7\u00f5es\u00a0\u00a0Abril 2024\u00a0\u2013 84 cita\u00e7\u00f5es\u00a0\u00a0Maio 2024\u00a0\u2013 66 cita\u00e7\u00f5es Junho 2024\u00a0\u2013 70 cita\u00e7\u00f5es Julho 2024\u00a0\u2013 68 cita\u00e7\u00f5es\u00a0Agosto 2024\u00a0\u2013 60 cita\u00e7\u00f5esSetembro 2024\u00a0\u2013 69 cita\u00e7\u00f5esOutubro 2024\u00a0\u2013 40 cita\u00e7\u00f5es Novembro 2024\u00a0\u2013 139 cita\u00e7\u00f5esDezembro 2024\u00a0\u2013 71 cita\u00e7\u00f5es\" \/>\n<meta property=\"og:url\" content=\"https:\/\/bohngass.com.br\/?page_id=3242\" \/>\n<meta property=\"og:site_name\" content=\"Deputado Federal Bohn Gass \u2605 PT\/RS\" \/>\n<meta property=\"article:publisher\" content=\"https:\/\/www.facebook.com\/bohngass13\" \/>\n<meta property=\"article:modified_time\" content=\"2025-01-06T15:29:15+00:00\" \/>\n<meta name=\"twitter:card\" content=\"summary_large_image\" \/>\n<meta name=\"twitter:site\" content=\"@BohnGass\" \/>\n<meta name=\"twitter:label1\" content=\"Est. tempo de leitura\" \/>\n\t<meta name=\"twitter:data1\" content=\"1 minuto\" \/>\n<script type=\"application\/ld+json\" class=\"yoast-schema-graph\">{\"@context\":\"https:\\\/\\\/schema.org\",\"@graph\":[{\"@type\":\"WebPage\",\"@id\":\"https:\\\/\\\/bohngass.com.br\\\/?page_id=3242\",\"url\":\"https:\\\/\\\/bohngass.com.br\\\/?page_id=3242\",\"name\":\"2024 - Deputado Federal Bohn Gass \u2605 PT\\\/RS\",\"isPartOf\":{\"@id\":\"https:\\\/\\\/bohngass.com.br\\\/#website\"},\"datePublished\":\"2024-02-06T20:42:56+00:00\",\"dateModified\":\"2025-01-06T15:29:15+00:00\",\"breadcrumb\":{\"@id\":\"https:\\\/\\\/bohngass.com.br\\\/?page_id=3242#breadcrumb\"},\"inLanguage\":\"pt-BR\",\"potentialAction\":[{\"@type\":\"ReadAction\",\"target\":[\"https:\\\/\\\/bohngass.com.br\\\/?page_id=3242\"]}]},{\"@type\":\"BreadcrumbList\",\"@id\":\"https:\\\/\\\/bohngass.com.br\\\/?page_id=3242#breadcrumb\",\"itemListElement\":[{\"@type\":\"ListItem\",\"position\":1,\"name\":\"In\u00edcio\",\"item\":\"https:\\\/\\\/bohngass.com.br\\\/\"},{\"@type\":\"ListItem\",\"position\":2,\"name\":\"2024\"}]},{\"@type\":\"WebSite\",\"@id\":\"https:\\\/\\\/bohngass.com.br\\\/#website\",\"url\":\"https:\\\/\\\/bohngass.com.br\\\/\",\"name\":\"Deputado Federal Bohn Gass \u2605 PT\\\/RS\",\"description\":\"Deputado Federal Bohn Gass\",\"publisher\":{\"@id\":\"https:\\\/\\\/bohngass.com.br\\\/#organization\"},\"potentialAction\":[{\"@type\":\"SearchAction\",\"target\":{\"@type\":\"EntryPoint\",\"urlTemplate\":\"https:\\\/\\\/bohngass.com.br\\\/?s={search_term_string}\"},\"query-input\":{\"@type\":\"PropertyValueSpecification\",\"valueRequired\":true,\"valueName\":\"search_term_string\"}}],\"inLanguage\":\"pt-BR\"},{\"@type\":\"Organization\",\"@id\":\"https:\\\/\\\/bohngass.com.br\\\/#organization\",\"name\":\"Deputado Bohn Gass\",\"url\":\"https:\\\/\\\/bohngass.com.br\\\/\",\"logo\":{\"@type\":\"ImageObject\",\"inLanguage\":\"pt-BR\",\"@id\":\"https:\\\/\\\/bohngass.com.br\\\/#\\\/schema\\\/logo\\\/image\\\/\",\"url\":\"http:\\\/\\\/bohngass.com.br\\\/wp-content\\\/uploads\\\/2021\\\/01\\\/logo.png\",\"contentUrl\":\"http:\\\/\\\/bohngass.com.br\\\/wp-content\\\/uploads\\\/2021\\\/01\\\/logo.png\",\"width\":357,\"height\":355,\"caption\":\"Deputado Bohn Gass\"},\"image\":{\"@id\":\"https:\\\/\\\/bohngass.com.br\\\/#\\\/schema\\\/logo\\\/image\\\/\"},\"sameAs\":[\"https:\\\/\\\/www.facebook.com\\\/bohngass13\",\"https:\\\/\\\/x.com\\\/BohnGass\",\"https:\\\/\\\/www.instagram.com\\\/bohn_gass\\\/\",\"https:\\\/\\\/www.youtube.com\\\/BohnGass13\\\/\",\"https:\\\/\\\/pt.wikipedia.org\\\/wiki\\\/Bohn_Gass\"]}]}<\/script>\n<!-- \/ Yoast SEO plugin. -->","yoast_head_json":{"title":"2024 - Deputado Federal Bohn Gass \u2605 PT\/RS","robots":{"index":"index","follow":"follow","max-snippet":"max-snippet:-1","max-image-preview":"max-image-preview:large","max-video-preview":"max-video-preview:-1"},"canonical":"https:\/\/bohngass.com.br\/?page_id=3242","og_locale":"pt_BR","og_type":"article","og_title":"2024 - Deputado Federal Bohn Gass \u2605 PT\/RS","og_description":"Janeiro 2024\u00a0\u2013 44 cita\u00e7\u00f5esFevereiro 2024\u00a0\u2013 66 cita\u00e7\u00f5esMar\u00e7o 2024\u00a0\u2013 75 cita\u00e7\u00f5es\u00a0\u00a0Abril 2024\u00a0\u2013 84 cita\u00e7\u00f5es\u00a0\u00a0Maio 2024\u00a0\u2013 66 cita\u00e7\u00f5es Junho 2024\u00a0\u2013 70 cita\u00e7\u00f5es Julho 2024\u00a0\u2013 68 cita\u00e7\u00f5es\u00a0Agosto 2024\u00a0\u2013 60 cita\u00e7\u00f5esSetembro 2024\u00a0\u2013 69 cita\u00e7\u00f5esOutubro 2024\u00a0\u2013 40 cita\u00e7\u00f5es Novembro 2024\u00a0\u2013 139 cita\u00e7\u00f5esDezembro 2024\u00a0\u2013 71 cita\u00e7\u00f5es","og_url":"https:\/\/bohngass.com.br\/?page_id=3242","og_site_name":"Deputado Federal Bohn Gass \u2605 PT\/RS","article_publisher":"https:\/\/www.facebook.com\/bohngass13","article_modified_time":"2025-01-06T15:29:15+00:00","twitter_card":"summary_large_image","twitter_site":"@BohnGass","twitter_misc":{"Est. tempo de leitura":"1 minuto"},"schema":{"@context":"https:\/\/schema.org","@graph":[{"@type":"WebPage","@id":"https:\/\/bohngass.com.br\/?page_id=3242","url":"https:\/\/bohngass.com.br\/?page_id=3242","name":"2024 - Deputado Federal Bohn Gass \u2605 PT\/RS","isPartOf":{"@id":"https:\/\/bohngass.com.br\/#website"},"datePublished":"2024-02-06T20:42:56+00:00","dateModified":"2025-01-06T15:29:15+00:00","breadcrumb":{"@id":"https:\/\/bohngass.com.br\/?page_id=3242#breadcrumb"},"inLanguage":"pt-BR","potentialAction":[{"@type":"ReadAction","target":["https:\/\/bohngass.com.br\/?page_id=3242"]}]},{"@type":"BreadcrumbList","@id":"https:\/\/bohngass.com.br\/?page_id=3242#breadcrumb","itemListElement":[{"@type":"ListItem","position":1,"name":"In\u00edcio","item":"https:\/\/bohngass.com.br\/"},{"@type":"ListItem","position":2,"name":"2024"}]},{"@type":"WebSite","@id":"https:\/\/bohngass.com.br\/#website","url":"https:\/\/bohngass.com.br\/","name":"Deputado Federal Bohn Gass \u2605 PT\/RS","description":"Deputado Federal Bohn Gass","publisher":{"@id":"https:\/\/bohngass.com.br\/#organization"},"potentialAction":[{"@type":"SearchAction","target":{"@type":"EntryPoint","urlTemplate":"https:\/\/bohngass.com.br\/?s={search_term_string}"},"query-input":{"@type":"PropertyValueSpecification","valueRequired":true,"valueName":"search_term_string"}}],"inLanguage":"pt-BR"},{"@type":"Organization","@id":"https:\/\/bohngass.com.br\/#organization","name":"Deputado Bohn Gass","url":"https:\/\/bohngass.com.br\/","logo":{"@type":"ImageObject","inLanguage":"pt-BR","@id":"https:\/\/bohngass.com.br\/#\/schema\/logo\/image\/","url":"http:\/\/bohngass.com.br\/wp-content\/uploads\/2021\/01\/logo.png","contentUrl":"http:\/\/bohngass.com.br\/wp-content\/uploads\/2021\/01\/logo.png","width":357,"height":355,"caption":"Deputado Bohn Gass"},"image":{"@id":"https:\/\/bohngass.com.br\/#\/schema\/logo\/image\/"},"sameAs":["https:\/\/www.facebook.com\/bohngass13","https:\/\/x.com\/BohnGass","https:\/\/www.instagram.com\/bohn_gass\/","https:\/\/www.youtube.com\/BohnGass13\/","https:\/\/pt.wikipedia.org\/wiki\/Bohn_Gass"]}]}},"_links":{"self":[{"href":"https:\/\/bohngass.com.br\/index.php?rest_route=\/wp\/v2\/pages\/3242","targetHints":{"allow":["GET"]}}],"collection":[{"href":"https:\/\/bohngass.com.br\/index.php?rest_route=\/wp\/v2\/pages"}],"about":[{"href":"https:\/\/bohngass.com.br\/index.php?rest_route=\/wp\/v2\/types\/page"}],"author":[{"embeddable":true,"href":"https:\/\/bohngass.com.br\/index.php?rest_route=\/wp\/v2\/users\/1"}],"replies":[{"embeddable":true,"href":"https:\/\/bohngass.com.br\/index.php?rest_route=%2Fwp%2Fv2%2Fcomments&post=3242"}],"version-history":[{"count":12,"href":"https:\/\/bohngass.com.br\/index.php?rest_route=\/wp\/v2\/pages\/3242\/revisions"}],"predecessor-version":[{"id":3747,"href":"https:\/\/bohngass.com.br\/index.php?rest_route=\/wp\/v2\/pages\/3242\/revisions\/3747"}],"wp:attachment":[{"href":"https:\/\/bohngass.com.br\/index.php?rest_route=%2Fwp%2Fv2%2Fmedia&parent=3242"}],"curies":[{"name":"wp","href":"https:\/\/api.w.org\/{rel}","templated":true}]}}