{"id":3759,"date":"2025-01-21T12:32:01","date_gmt":"2025-01-21T15:32:01","guid":{"rendered":"https:\/\/bohngass.com.br\/?page_id=3759"},"modified":"2026-01-30T12:03:35","modified_gmt":"2026-01-30T15:03:35","slug":"2025-2","status":"publish","type":"page","link":"https:\/\/bohngass.com.br\/?page_id=3759","title":{"rendered":"2025"},"content":{"rendered":"\n<p><strong><a href=\"https:\/\/bohngass.com.br\/?page_id=3757\">Janeiro 2025<\/a>\u00a0\u2013 34 cita\u00e7\u00f5es<br><a href=\"https:\/\/bohngass.com.br\/?page_id=3771\">Fevereiro 2025<\/a>\u00a0\u2013 65 cita\u00e7\u00f5es<br><a href=\"https:\/\/bohngass.com.br\/?page_id=3810\">Mar\u00e7o 2025<\/a>\u00a0\u2013 62 cita\u00e7\u00f5es \u00a0\u00a0<br><a href=\"https:\/\/bohngass.com.br\/?page_id=3859\">Abril 2025<\/a>\u00a0\u2013 \u00a065 cita\u00e7\u00f5es<br><a href=\"https:\/\/bohngass.com.br\/?page_id=3882\">Maio 2025<\/a>\u00a0\u2013 69 cita\u00e7\u00f5es<br><a href=\"https:\/\/bohngass.com.br\/?page_id=3937\">Junho 2025<\/a>\u00a0\u2013 68 cita\u00e7\u00f5es<br><a href=\"https:\/\/bohngass.com.br\/?page_id=3957\">Julho 2025<\/a>\u00a0\u2013 104 cita\u00e7\u00f5es<br><a href=\"https:\/\/bohngass.com.br\/?page_id=4008\">Agosto 2025<\/a>\u00a0\u2013 63 cita\u00e7\u00f5es<br><a href=\"https:\/\/bohngass.com.br\/?page_id=4065\">Setembro 2025\u00a0<\/a>\u2013 134 cita\u00e7\u00f5es<br><a href=\"https:\/\/bohngass.com.br\/?page_id=4115\">Outubro 2025<\/a>\u00a0\u2013 67 cita\u00e7\u00f5es<br><a href=\"https:\/\/bohngass.com.br\/?page_id=4062\">Novembro<\/a> 2025\u00a0\u2013 90 cita\u00e7\u00f5es<br><a href=\"https:\/\/bohngass.com.br\/?page_id=4173\">Dezembro 2025<\/a>\u00a0\u2013 120 cita\u00e7\u00f5es<\/strong><\/p>\n\n\n\n<p><\/p>\n","protected":false},"excerpt":{"rendered":"<p>Janeiro 2025\u00a0\u2013 34 cita\u00e7\u00f5esFevereiro 2025\u00a0\u2013 65 cita\u00e7\u00f5esMar\u00e7o 2025\u00a0\u2013 62 cita\u00e7\u00f5es \u00a0\u00a0Abril 2025\u00a0\u2013 \u00a065 cita\u00e7\u00f5esMaio 2025\u00a0\u2013 69 cita\u00e7\u00f5esJunho 2025\u00a0\u2013 68 cita\u00e7\u00f5esJulho 2025\u00a0\u2013 104 cita\u00e7\u00f5esAgosto 2025\u00a0\u2013 63 cita\u00e7\u00f5esSetembro 2025\u00a0\u2013 134 cita\u00e7\u00f5esOutubro 2025\u00a0\u2013 67 cita\u00e7\u00f5esNovembro 2025\u00a0\u2013 90 cita\u00e7\u00f5esDezembro 2025\u00a0\u2013 120 cita\u00e7\u00f5es<\/p>\n","protected":false},"author":2,"featured_media":0,"parent":0,"menu_order":0,"comment_status":"closed","ping_status":"closed","template":"","meta":{"footnotes":""},"class_list":["post-3759","page","type-page","status-publish","hentry"],"yoast_head":"<!-- This site is optimized with the Yoast SEO plugin v22.7 - https:\/\/yoast.com\/wordpress\/plugins\/seo\/ -->\n<title>2025 - Deputado Federal Bohn Gass \u2605 PT\/RS<\/title>\n<meta name=\"robots\" content=\"index, follow, max-snippet:-1, max-image-preview:large, max-video-preview:-1\" \/>\n<link rel=\"canonical\" href=\"https:\/\/bohngass.com.br\/?page_id=3759\" \/>\n<meta property=\"og:locale\" content=\"pt_BR\" \/>\n<meta property=\"og:type\" content=\"article\" \/>\n<meta property=\"og:title\" content=\"2025 - Deputado Federal Bohn Gass \u2605 PT\/RS\" \/>\n<meta property=\"og:description\" content=\"Janeiro 2025\u00a0\u2013 34 cita\u00e7\u00f5esFevereiro 2025\u00a0\u2013 65 cita\u00e7\u00f5esMar\u00e7o 2025\u00a0\u2013 62 cita\u00e7\u00f5es \u00a0\u00a0Abril 2025\u00a0\u2013 \u00a065 cita\u00e7\u00f5esMaio 2025\u00a0\u2013 69 cita\u00e7\u00f5esJunho 2025\u00a0\u2013 68 cita\u00e7\u00f5esJulho 2025\u00a0\u2013 104 cita\u00e7\u00f5esAgosto 2025\u00a0\u2013 63 cita\u00e7\u00f5esSetembro 2025\u00a0\u2013 134 cita\u00e7\u00f5esOutubro 2025\u00a0\u2013 67 cita\u00e7\u00f5esNovembro 2025\u00a0\u2013 90 cita\u00e7\u00f5esDezembro 2025\u00a0\u2013 120 cita\u00e7\u00f5es\" \/>\n<meta property=\"og:url\" content=\"https:\/\/bohngass.com.br\/?page_id=3759\" \/>\n<meta property=\"og:site_name\" content=\"Deputado Federal Bohn Gass \u2605 PT\/RS\" \/>\n<meta property=\"article:publisher\" content=\"https:\/\/www.facebook.com\/bohngass13\" \/>\n<meta property=\"article:modified_time\" content=\"2026-01-30T15:03:35+00:00\" \/>\n<meta name=\"twitter:card\" content=\"summary_large_image\" \/>\n<meta name=\"twitter:site\" content=\"@BohnGass\" \/>\n<meta name=\"twitter:label1\" content=\"Est. tempo de leitura\" \/>\n\t<meta name=\"twitter:data1\" content=\"1 minuto\" \/>\n<script type=\"application\/ld+json\" class=\"yoast-schema-graph\">{\"@context\":\"https:\/\/schema.org\",\"@graph\":[{\"@type\":\"WebPage\",\"@id\":\"https:\/\/bohngass.com.br\/?page_id=3759\",\"url\":\"https:\/\/bohngass.com.br\/?page_id=3759\",\"name\":\"2025 - Deputado Federal Bohn Gass \u2605 PT\/RS\",\"isPartOf\":{\"@id\":\"https:\/\/bohngass.com.br\/#website\"},\"datePublished\":\"2025-01-21T15:32:01+00:00\",\"dateModified\":\"2026-01-30T15:03:35+00:00\",\"breadcrumb\":{\"@id\":\"https:\/\/bohngass.com.br\/?page_id=3759#breadcrumb\"},\"inLanguage\":\"pt-BR\",\"potentialAction\":[{\"@type\":\"ReadAction\",\"target\":[\"https:\/\/bohngass.com.br\/?page_id=3759\"]}]},{\"@type\":\"BreadcrumbList\",\"@id\":\"https:\/\/bohngass.com.br\/?page_id=3759#breadcrumb\",\"itemListElement\":[{\"@type\":\"ListItem\",\"position\":1,\"name\":\"In\u00edcio\",\"item\":\"https:\/\/bohngass.com.br\/\"},{\"@type\":\"ListItem\",\"position\":2,\"name\":\"2025\"}]},{\"@type\":\"WebSite\",\"@id\":\"https:\/\/bohngass.com.br\/#website\",\"url\":\"https:\/\/bohngass.com.br\/\",\"name\":\"Deputado Federal Bohn Gass \u2605 PT\/RS\",\"description\":\"Deputado Federal Bohn Gass\",\"publisher\":{\"@id\":\"https:\/\/bohngass.com.br\/#organization\"},\"potentialAction\":[{\"@type\":\"SearchAction\",\"target\":{\"@type\":\"EntryPoint\",\"urlTemplate\":\"https:\/\/bohngass.com.br\/?s={search_term_string}\"},\"query-input\":\"required name=search_term_string\"}],\"inLanguage\":\"pt-BR\"},{\"@type\":\"Organization\",\"@id\":\"https:\/\/bohngass.com.br\/#organization\",\"name\":\"Deputado Bohn Gass\",\"url\":\"https:\/\/bohngass.com.br\/\",\"logo\":{\"@type\":\"ImageObject\",\"inLanguage\":\"pt-BR\",\"@id\":\"https:\/\/bohngass.com.br\/#\/schema\/logo\/image\/\",\"url\":\"http:\/\/bohngass.com.br\/wp-content\/uploads\/2021\/01\/logo.png\",\"contentUrl\":\"http:\/\/bohngass.com.br\/wp-content\/uploads\/2021\/01\/logo.png\",\"width\":357,\"height\":355,\"caption\":\"Deputado Bohn Gass\"},\"image\":{\"@id\":\"https:\/\/bohngass.com.br\/#\/schema\/logo\/image\/\"},\"sameAs\":[\"https:\/\/www.facebook.com\/bohngass13\",\"https:\/\/x.com\/BohnGass\",\"https:\/\/www.instagram.com\/bohn_gass\/\",\"https:\/\/www.youtube.com\/BohnGass13\/\",\"https:\/\/pt.wikipedia.org\/wiki\/Bohn_Gass\"]}]}<\/script>\n<!-- \/ Yoast SEO plugin. -->","yoast_head_json":{"title":"2025 - Deputado Federal Bohn Gass \u2605 PT\/RS","robots":{"index":"index","follow":"follow","max-snippet":"max-snippet:-1","max-image-preview":"max-image-preview:large","max-video-preview":"max-video-preview:-1"},"canonical":"https:\/\/bohngass.com.br\/?page_id=3759","og_locale":"pt_BR","og_type":"article","og_title":"2025 - Deputado Federal Bohn Gass \u2605 PT\/RS","og_description":"Janeiro 2025\u00a0\u2013 34 cita\u00e7\u00f5esFevereiro 2025\u00a0\u2013 65 cita\u00e7\u00f5esMar\u00e7o 2025\u00a0\u2013 62 cita\u00e7\u00f5es \u00a0\u00a0Abril 2025\u00a0\u2013 \u00a065 cita\u00e7\u00f5esMaio 2025\u00a0\u2013 69 cita\u00e7\u00f5esJunho 2025\u00a0\u2013 68 cita\u00e7\u00f5esJulho 2025\u00a0\u2013 104 cita\u00e7\u00f5esAgosto 2025\u00a0\u2013 63 cita\u00e7\u00f5esSetembro 2025\u00a0\u2013 134 cita\u00e7\u00f5esOutubro 2025\u00a0\u2013 67 cita\u00e7\u00f5esNovembro 2025\u00a0\u2013 90 cita\u00e7\u00f5esDezembro 2025\u00a0\u2013 120 cita\u00e7\u00f5es","og_url":"https:\/\/bohngass.com.br\/?page_id=3759","og_site_name":"Deputado Federal Bohn Gass \u2605 PT\/RS","article_publisher":"https:\/\/www.facebook.com\/bohngass13","article_modified_time":"2026-01-30T15:03:35+00:00","twitter_card":"summary_large_image","twitter_site":"@BohnGass","twitter_misc":{"Est. tempo de leitura":"1 minuto"},"schema":{"@context":"https:\/\/schema.org","@graph":[{"@type":"WebPage","@id":"https:\/\/bohngass.com.br\/?page_id=3759","url":"https:\/\/bohngass.com.br\/?page_id=3759","name":"2025 - Deputado Federal Bohn Gass \u2605 PT\/RS","isPartOf":{"@id":"https:\/\/bohngass.com.br\/#website"},"datePublished":"2025-01-21T15:32:01+00:00","dateModified":"2026-01-30T15:03:35+00:00","breadcrumb":{"@id":"https:\/\/bohngass.com.br\/?page_id=3759#breadcrumb"},"inLanguage":"pt-BR","potentialAction":[{"@type":"ReadAction","target":["https:\/\/bohngass.com.br\/?page_id=3759"]}]},{"@type":"BreadcrumbList","@id":"https:\/\/bohngass.com.br\/?page_id=3759#breadcrumb","itemListElement":[{"@type":"ListItem","position":1,"name":"In\u00edcio","item":"https:\/\/bohngass.com.br\/"},{"@type":"ListItem","position":2,"name":"2025"}]},{"@type":"WebSite","@id":"https:\/\/bohngass.com.br\/#website","url":"https:\/\/bohngass.com.br\/","name":"Deputado Federal Bohn Gass \u2605 PT\/RS","description":"Deputado Federal Bohn Gass","publisher":{"@id":"https:\/\/bohngass.com.br\/#organization"},"potentialAction":[{"@type":"SearchAction","target":{"@type":"EntryPoint","urlTemplate":"https:\/\/bohngass.com.br\/?s={search_term_string}"},"query-input":"required name=search_term_string"}],"inLanguage":"pt-BR"},{"@type":"Organization","@id":"https:\/\/bohngass.com.br\/#organization","name":"Deputado Bohn Gass","url":"https:\/\/bohngass.com.br\/","logo":{"@type":"ImageObject","inLanguage":"pt-BR","@id":"https:\/\/bohngass.com.br\/#\/schema\/logo\/image\/","url":"http:\/\/bohngass.com.br\/wp-content\/uploads\/2021\/01\/logo.png","contentUrl":"http:\/\/bohngass.com.br\/wp-content\/uploads\/2021\/01\/logo.png","width":357,"height":355,"caption":"Deputado Bohn Gass"},"image":{"@id":"https:\/\/bohngass.com.br\/#\/schema\/logo\/image\/"},"sameAs":["https:\/\/www.facebook.com\/bohngass13","https:\/\/x.com\/BohnGass","https:\/\/www.instagram.com\/bohn_gass\/","https:\/\/www.youtube.com\/BohnGass13\/","https:\/\/pt.wikipedia.org\/wiki\/Bohn_Gass"]}]}},"_links":{"self":[{"href":"https:\/\/bohngass.com.br\/index.php?rest_route=\/wp\/v2\/pages\/3759","targetHints":{"allow":["GET"]}}],"collection":[{"href":"https:\/\/bohngass.com.br\/index.php?rest_route=\/wp\/v2\/pages"}],"about":[{"href":"https:\/\/bohngass.com.br\/index.php?rest_route=\/wp\/v2\/types\/page"}],"author":[{"embeddable":true,"href":"https:\/\/bohngass.com.br\/index.php?rest_route=\/wp\/v2\/users\/2"}],"replies":[{"embeddable":true,"href":"https:\/\/bohngass.com.br\/index.php?rest_route=%2Fwp%2Fv2%2Fcomments&post=3759"}],"version-history":[{"count":19,"href":"https:\/\/bohngass.com.br\/index.php?rest_route=\/wp\/v2\/pages\/3759\/revisions"}],"predecessor-version":[{"id":4186,"href":"https:\/\/bohngass.com.br\/index.php?rest_route=\/wp\/v2\/pages\/3759\/revisions\/4186"}],"wp:attachment":[{"href":"https:\/\/bohngass.com.br\/index.php?rest_route=%2Fwp%2Fv2%2Fmedia&parent=3759"}],"curies":[{"name":"wp","href":"https:\/\/api.w.org\/{rel}","templated":true}]}}