{"id":4136,"date":"2026-01-26T10:48:27","date_gmt":"2026-01-26T13:48:27","guid":{"rendered":"https:\/\/bohngass.com.br\/?page_id=4136"},"modified":"2026-04-22T12:21:13","modified_gmt":"2026-04-22T15:21:13","slug":"2026-2","status":"publish","type":"page","link":"https:\/\/bohngass.com.br\/?page_id=4136","title":{"rendered":"2026"},"content":{"rendered":"\n<p><strong><a href=\"https:\/\/bohngass.com.br\/?page_id=4138\">Janeiro 2026<\/a>\u00a0\u2013 31 cita\u00e7\u00f5es<br><a href=\"https:\/\/bohngass.com.br\/?page_id=4189\">Fevereiro 2026<\/a>\u00a0\u2013 79 cita\u00e7\u00f5es<br><a href=\"https:\/\/bohngass.com.br\/?page_id=4222\">Mar\u00e7o 2026<\/a>\u00a0\u2013 76 cita\u00e7\u00f5es<br><a href=\"https:\/\/bohngass.com.br\/?page_id=4256\">Abril 2026<\/a>\u00a0\u2013<br>Maio 2026\u00a0\u2013<br>Junho 2026\u00a0\u2013<br>Julho 2026\u00a0\u2013<br>Agosto 2026\u00a0\u2013<br>Setembro 2026\u00a0\u2013<br>Outubro 2026\u00a0\u2013<br>Novembro 2026\u00a0\u2013<br>Dezembro 2026\u00a0\u2013<\/strong><\/p>\n\n\n\n<p><\/p>\n","protected":false},"excerpt":{"rendered":"<p>Janeiro 2026\u00a0\u2013 31 cita\u00e7\u00f5esFevereiro 2026\u00a0\u2013 79 cita\u00e7\u00f5esMar\u00e7o 2026\u00a0\u2013 76 cita\u00e7\u00f5esAbril 2026\u00a0\u2013Maio 2026\u00a0\u2013Junho 2026\u00a0\u2013Julho 2026\u00a0\u2013Agosto 2026\u00a0\u2013Setembro 2026\u00a0\u2013Outubro 2026\u00a0\u2013Novembro 2026\u00a0\u2013Dezembro 2026\u00a0\u2013<\/p>\n","protected":false},"author":1,"featured_media":0,"parent":0,"menu_order":0,"comment_status":"closed","ping_status":"closed","template":"","meta":{"footnotes":""},"class_list":["post-4136","page","type-page","status-publish","hentry"],"yoast_head":"<!-- This site is optimized with the Yoast SEO plugin v27.4 - https:\/\/yoast.com\/product\/yoast-seo-wordpress\/ -->\n<title>2026 - Deputado Federal Bohn Gass \u2605 PT\/RS<\/title>\n<meta name=\"robots\" content=\"index, follow, max-snippet:-1, max-image-preview:large, max-video-preview:-1\" \/>\n<link rel=\"canonical\" href=\"https:\/\/bohngass.com.br\/?page_id=4136\" \/>\n<meta property=\"og:locale\" content=\"pt_BR\" \/>\n<meta property=\"og:type\" content=\"article\" \/>\n<meta property=\"og:title\" content=\"2026 - Deputado Federal Bohn Gass \u2605 PT\/RS\" \/>\n<meta property=\"og:description\" content=\"Janeiro 2026\u00a0\u2013 31 cita\u00e7\u00f5esFevereiro 2026\u00a0\u2013 79 cita\u00e7\u00f5esMar\u00e7o 2026\u00a0\u2013 76 cita\u00e7\u00f5esAbril 2026\u00a0\u2013Maio 2026\u00a0\u2013Junho 2026\u00a0\u2013Julho 2026\u00a0\u2013Agosto 2026\u00a0\u2013Setembro 2026\u00a0\u2013Outubro 2026\u00a0\u2013Novembro 2026\u00a0\u2013Dezembro 2026\u00a0\u2013\" \/>\n<meta property=\"og:url\" content=\"https:\/\/bohngass.com.br\/?page_id=4136\" \/>\n<meta property=\"og:site_name\" content=\"Deputado Federal Bohn Gass \u2605 PT\/RS\" \/>\n<meta property=\"article:publisher\" content=\"https:\/\/www.facebook.com\/bohngass13\" \/>\n<meta property=\"article:modified_time\" content=\"2026-04-22T15:21:13+00:00\" \/>\n<meta name=\"twitter:card\" content=\"summary_large_image\" \/>\n<meta name=\"twitter:site\" content=\"@BohnGass\" \/>\n<meta name=\"twitter:label1\" content=\"Est. tempo de leitura\" \/>\n\t<meta name=\"twitter:data1\" content=\"1 minuto\" \/>\n<script type=\"application\/ld+json\" class=\"yoast-schema-graph\">{\"@context\":\"https:\\\/\\\/schema.org\",\"@graph\":[{\"@type\":\"WebPage\",\"@id\":\"https:\\\/\\\/bohngass.com.br\\\/?page_id=4136\",\"url\":\"https:\\\/\\\/bohngass.com.br\\\/?page_id=4136\",\"name\":\"2026 - Deputado Federal Bohn Gass \u2605 PT\\\/RS\",\"isPartOf\":{\"@id\":\"https:\\\/\\\/bohngass.com.br\\\/#website\"},\"datePublished\":\"2026-01-26T13:48:27+00:00\",\"dateModified\":\"2026-04-22T15:21:13+00:00\",\"breadcrumb\":{\"@id\":\"https:\\\/\\\/bohngass.com.br\\\/?page_id=4136#breadcrumb\"},\"inLanguage\":\"pt-BR\",\"potentialAction\":[{\"@type\":\"ReadAction\",\"target\":[\"https:\\\/\\\/bohngass.com.br\\\/?page_id=4136\"]}]},{\"@type\":\"BreadcrumbList\",\"@id\":\"https:\\\/\\\/bohngass.com.br\\\/?page_id=4136#breadcrumb\",\"itemListElement\":[{\"@type\":\"ListItem\",\"position\":1,\"name\":\"In\u00edcio\",\"item\":\"https:\\\/\\\/bohngass.com.br\\\/\"},{\"@type\":\"ListItem\",\"position\":2,\"name\":\"2026\"}]},{\"@type\":\"WebSite\",\"@id\":\"https:\\\/\\\/bohngass.com.br\\\/#website\",\"url\":\"https:\\\/\\\/bohngass.com.br\\\/\",\"name\":\"Deputado Federal Bohn Gass \u2605 PT\\\/RS\",\"description\":\"Deputado Federal Bohn Gass\",\"publisher\":{\"@id\":\"https:\\\/\\\/bohngass.com.br\\\/#organization\"},\"potentialAction\":[{\"@type\":\"SearchAction\",\"target\":{\"@type\":\"EntryPoint\",\"urlTemplate\":\"https:\\\/\\\/bohngass.com.br\\\/?s={search_term_string}\"},\"query-input\":{\"@type\":\"PropertyValueSpecification\",\"valueRequired\":true,\"valueName\":\"search_term_string\"}}],\"inLanguage\":\"pt-BR\"},{\"@type\":\"Organization\",\"@id\":\"https:\\\/\\\/bohngass.com.br\\\/#organization\",\"name\":\"Deputado Bohn Gass\",\"url\":\"https:\\\/\\\/bohngass.com.br\\\/\",\"logo\":{\"@type\":\"ImageObject\",\"inLanguage\":\"pt-BR\",\"@id\":\"https:\\\/\\\/bohngass.com.br\\\/#\\\/schema\\\/logo\\\/image\\\/\",\"url\":\"http:\\\/\\\/bohngass.com.br\\\/wp-content\\\/uploads\\\/2021\\\/01\\\/logo.png\",\"contentUrl\":\"http:\\\/\\\/bohngass.com.br\\\/wp-content\\\/uploads\\\/2021\\\/01\\\/logo.png\",\"width\":357,\"height\":355,\"caption\":\"Deputado Bohn Gass\"},\"image\":{\"@id\":\"https:\\\/\\\/bohngass.com.br\\\/#\\\/schema\\\/logo\\\/image\\\/\"},\"sameAs\":[\"https:\\\/\\\/www.facebook.com\\\/bohngass13\",\"https:\\\/\\\/x.com\\\/BohnGass\",\"https:\\\/\\\/www.instagram.com\\\/bohn_gass\\\/\",\"https:\\\/\\\/www.youtube.com\\\/BohnGass13\\\/\",\"https:\\\/\\\/pt.wikipedia.org\\\/wiki\\\/Bohn_Gass\"]}]}<\/script>\n<!-- \/ Yoast SEO plugin. -->","yoast_head_json":{"title":"2026 - Deputado Federal Bohn Gass \u2605 PT\/RS","robots":{"index":"index","follow":"follow","max-snippet":"max-snippet:-1","max-image-preview":"max-image-preview:large","max-video-preview":"max-video-preview:-1"},"canonical":"https:\/\/bohngass.com.br\/?page_id=4136","og_locale":"pt_BR","og_type":"article","og_title":"2026 - Deputado Federal Bohn Gass \u2605 PT\/RS","og_description":"Janeiro 2026\u00a0\u2013 31 cita\u00e7\u00f5esFevereiro 2026\u00a0\u2013 79 cita\u00e7\u00f5esMar\u00e7o 2026\u00a0\u2013 76 cita\u00e7\u00f5esAbril 2026\u00a0\u2013Maio 2026\u00a0\u2013Junho 2026\u00a0\u2013Julho 2026\u00a0\u2013Agosto 2026\u00a0\u2013Setembro 2026\u00a0\u2013Outubro 2026\u00a0\u2013Novembro 2026\u00a0\u2013Dezembro 2026\u00a0\u2013","og_url":"https:\/\/bohngass.com.br\/?page_id=4136","og_site_name":"Deputado Federal Bohn Gass \u2605 PT\/RS","article_publisher":"https:\/\/www.facebook.com\/bohngass13","article_modified_time":"2026-04-22T15:21:13+00:00","twitter_card":"summary_large_image","twitter_site":"@BohnGass","twitter_misc":{"Est. tempo de leitura":"1 minuto"},"schema":{"@context":"https:\/\/schema.org","@graph":[{"@type":"WebPage","@id":"https:\/\/bohngass.com.br\/?page_id=4136","url":"https:\/\/bohngass.com.br\/?page_id=4136","name":"2026 - Deputado Federal Bohn Gass \u2605 PT\/RS","isPartOf":{"@id":"https:\/\/bohngass.com.br\/#website"},"datePublished":"2026-01-26T13:48:27+00:00","dateModified":"2026-04-22T15:21:13+00:00","breadcrumb":{"@id":"https:\/\/bohngass.com.br\/?page_id=4136#breadcrumb"},"inLanguage":"pt-BR","potentialAction":[{"@type":"ReadAction","target":["https:\/\/bohngass.com.br\/?page_id=4136"]}]},{"@type":"BreadcrumbList","@id":"https:\/\/bohngass.com.br\/?page_id=4136#breadcrumb","itemListElement":[{"@type":"ListItem","position":1,"name":"In\u00edcio","item":"https:\/\/bohngass.com.br\/"},{"@type":"ListItem","position":2,"name":"2026"}]},{"@type":"WebSite","@id":"https:\/\/bohngass.com.br\/#website","url":"https:\/\/bohngass.com.br\/","name":"Deputado Federal Bohn Gass \u2605 PT\/RS","description":"Deputado Federal Bohn Gass","publisher":{"@id":"https:\/\/bohngass.com.br\/#organization"},"potentialAction":[{"@type":"SearchAction","target":{"@type":"EntryPoint","urlTemplate":"https:\/\/bohngass.com.br\/?s={search_term_string}"},"query-input":{"@type":"PropertyValueSpecification","valueRequired":true,"valueName":"search_term_string"}}],"inLanguage":"pt-BR"},{"@type":"Organization","@id":"https:\/\/bohngass.com.br\/#organization","name":"Deputado Bohn Gass","url":"https:\/\/bohngass.com.br\/","logo":{"@type":"ImageObject","inLanguage":"pt-BR","@id":"https:\/\/bohngass.com.br\/#\/schema\/logo\/image\/","url":"http:\/\/bohngass.com.br\/wp-content\/uploads\/2021\/01\/logo.png","contentUrl":"http:\/\/bohngass.com.br\/wp-content\/uploads\/2021\/01\/logo.png","width":357,"height":355,"caption":"Deputado Bohn Gass"},"image":{"@id":"https:\/\/bohngass.com.br\/#\/schema\/logo\/image\/"},"sameAs":["https:\/\/www.facebook.com\/bohngass13","https:\/\/x.com\/BohnGass","https:\/\/www.instagram.com\/bohn_gass\/","https:\/\/www.youtube.com\/BohnGass13\/","https:\/\/pt.wikipedia.org\/wiki\/Bohn_Gass"]}]}},"_links":{"self":[{"href":"https:\/\/bohngass.com.br\/index.php?rest_route=\/wp\/v2\/pages\/4136","targetHints":{"allow":["GET"]}}],"collection":[{"href":"https:\/\/bohngass.com.br\/index.php?rest_route=\/wp\/v2\/pages"}],"about":[{"href":"https:\/\/bohngass.com.br\/index.php?rest_route=\/wp\/v2\/types\/page"}],"author":[{"embeddable":true,"href":"https:\/\/bohngass.com.br\/index.php?rest_route=\/wp\/v2\/users\/1"}],"replies":[{"embeddable":true,"href":"https:\/\/bohngass.com.br\/index.php?rest_route=%2Fwp%2Fv2%2Fcomments&post=4136"}],"version-history":[{"count":6,"href":"https:\/\/bohngass.com.br\/index.php?rest_route=\/wp\/v2\/pages\/4136\/revisions"}],"predecessor-version":[{"id":4259,"href":"https:\/\/bohngass.com.br\/index.php?rest_route=\/wp\/v2\/pages\/4136\/revisions\/4259"}],"wp:attachment":[{"href":"https:\/\/bohngass.com.br\/index.php?rest_route=%2Fwp%2Fv2%2Fmedia&parent=4136"}],"curies":[{"name":"wp","href":"https:\/\/api.w.org\/{rel}","templated":true}]}}