{"id":4146,"date":"2026-01-26T14:39:23","date_gmt":"2026-01-26T17:39:23","guid":{"rendered":"https:\/\/bohngass.com.br\/?page_id=4146"},"modified":"2026-01-26T14:44:22","modified_gmt":"2026-01-26T17:44:22","slug":"desenrola-rural-e-renegociacao-de-dividas","status":"publish","type":"page","link":"https:\/\/bohngass.com.br\/?page_id=4146","title":{"rendered":"Desenrola Rural e Renegocia\u00e7\u00e3o de d\u00edvidas"},"content":{"rendered":"\n<h2 class=\"wp-block-heading\"><strong>PL 4448\/2024&nbsp;(Jos\u00e9 Guimar\u00e3es ,&nbsp; Bohn Gass)<\/strong> \u2013&nbsp;Desenrola Rural e Renegocia\u00e7\u00e3o de d\u00edvidas dos agricultores do RS<\/h2>\n\n\n\n<p><strong>Ementa:<\/strong> Autoriza o Poder Executivo federal a conceder subven\u00e7\u00e3o econ\u00f4mica, sob a forma de desconto para liquida\u00e7\u00e3o ou renegocia\u00e7\u00e3o de parcelas de opera\u00e7\u00f5es de cr\u00e9dito rural de custeio, de investimento e de industrializa\u00e7\u00e3o contratadas por mutu\u00e1rios que tiveram perdas materiais decorrentes dos eventos clim\u00e1ticos extremos ocorridos nos meses de abril e maio de 2024, nos termos do Decreto Legislativo n\u00ba 36, de 7 de maio de 2024, em Munic\u00edpios do Estado do Rio Grande do Sul que tiveram estado de calamidade p\u00fablica ou situa\u00e7\u00e3o de emerg\u00eancia reconhecido pelo Poder Executivo federal, e altera a Lei n\u00ba 14.042, de 19 de agosto de 2020, que institui o Programa Emergencial de Acesso a Cr\u00e9dito altera a Lei n\u00ba 14.981, de 20 de setembro de 2024, e altera a Lei n\u00ba 8.427, de 27 de maio de 1992.<\/p>\n\n\n\n<h3 class=\"wp-block-heading\"><strong>Situa\u00e7\u00e3o:<\/strong><\/h3>\n\n\n\n<p><strong>Transformada na <a href=\"https:\/\/www2.camara.leg.br\/legin\/fed\/lei\/2024\/lei-15038-29-novembro-2024-796606-publicacaooriginal-173607-pl.html\">Lei Ordin\u00e1ria 15.038\/2024<\/a><\/strong><\/p>\n\n\n\n<p>Esta lei autoriza o Poder Executivo federal a conceder subven\u00e7\u00e3o econ\u00f4mica sob a forma de desconto para liquida\u00e7\u00e3o ou renegocia\u00e7\u00e3o de parcelas de opera\u00e7\u00f5es de cr\u00e9dito rural. Seu foco principal \u00e9 mitigar os preju\u00edzos de produtores rurais afetados por eventos clim\u00e1ticos extremos. A lei foi sancionada em resposta \u00e0s perdas materiais decorrentes, em especial, das enchentes que atingiram o Rio Grande do Sul nos meses de abril e maio de 2024.<\/p>\n\n\n\n<h3 class=\"wp-block-heading\"><strong>Explica\u00e7\u00e3o<\/strong><\/h3>\n\n\n\n<p>O desconto \u00e9 concedido a mutu\u00e1rios do cr\u00e9dito rural (custeio, investimento ou industrializa\u00e7\u00e3o) que tiveram perdas superiores a 30% em suas rendas ou propriedades. Para ter direito ao benef\u00edcio, o percentual de perdas deve ser validado pelo Conselho Municipal de Desenvolvimento Rural Sustent\u00e1vel (CMDRS), e o valor do desconto \u00e9 estabelecido por meio de laudo t\u00e9cnico. A legisla\u00e7\u00e3o beneficia produtores rurais em geral e participantes do Programa Nacional de Fortalecimento da Agricultura Familiar (Pronaf).<\/p>\n\n\n\n<p>Criou o Desenrola Rural.<\/p>\n\n\n\n<div class=\"wp-block-buttons is-layout-flex wp-block-buttons-is-layout-flex\">\n<div class=\"wp-block-button\"><a class=\"wp-block-button__link wp-element-button\" href=\"https:\/\/www.camara.leg.br\/proposicoesWeb\/fichadetramitacao?idProposicao=2470433\">Veja aqui a p\u00e1gina do projeto<\/a><\/div>\n<\/div>\n\n\n\n<p><\/p>\n\n\n\n<figure class=\"wp-block-embed is-type-video is-provider-youtube wp-block-embed-youtube wp-embed-aspect-16-9 wp-has-aspect-ratio\"><div class=\"wp-block-embed__wrapper\">\n<iframe loading=\"lazy\" title=\"PROJETO DE BOHN GASS PREV\u00ca DESNEGATIVA\u00c7\u00c3O DE PRODUTORES RURAIS\" width=\"500\" height=\"281\" src=\"https:\/\/www.youtube.com\/embed\/0Dx8zWmUfps?feature=oembed\" frameborder=\"0\" allow=\"accelerometer; autoplay; clipboard-write; encrypted-media; gyroscope; picture-in-picture; web-share\" referrerpolicy=\"strict-origin-when-cross-origin\" allowfullscreen><\/iframe>\n<\/div><\/figure>\n","protected":false},"excerpt":{"rendered":"<p>PL 4448\/2024&nbsp;(Jos\u00e9 Guimar\u00e3es ,&nbsp; Bohn Gass) \u2013&nbsp;Desenrola Rural e Renegocia\u00e7\u00e3o de d\u00edvidas dos agricultores do RS Ementa: Autoriza o Poder Executivo federal a conceder subven\u00e7\u00e3o econ\u00f4mica, sob a forma de desconto para liquida\u00e7\u00e3o ou renegocia\u00e7\u00e3o de parcelas de opera\u00e7\u00f5es de cr\u00e9dito rural de custeio, de investimento e de industrializa\u00e7\u00e3o contratadas por mutu\u00e1rios que tiveram perdas [&hellip;]<\/p>\n","protected":false},"author":1,"featured_media":0,"parent":0,"menu_order":0,"comment_status":"closed","ping_status":"closed","template":"","meta":{"footnotes":""},"class_list":["post-4146","page","type-page","status-publish","hentry"],"yoast_head":"<!-- This site is optimized with the Yoast SEO plugin v27.4 - https:\/\/yoast.com\/product\/yoast-seo-wordpress\/ -->\n<title>Desenrola Rural e Renegocia\u00e7\u00e3o de d\u00edvidas - Deputado Federal Bohn Gass \u2605 PT\/RS<\/title>\n<meta name=\"robots\" content=\"index, follow, max-snippet:-1, max-image-preview:large, max-video-preview:-1\" \/>\n<link rel=\"canonical\" href=\"https:\/\/bohngass.com.br\/?page_id=4146\" \/>\n<meta property=\"og:locale\" content=\"pt_BR\" \/>\n<meta property=\"og:type\" content=\"article\" \/>\n<meta property=\"og:title\" content=\"Desenrola Rural e Renegocia\u00e7\u00e3o de d\u00edvidas - Deputado Federal Bohn Gass \u2605 PT\/RS\" \/>\n<meta property=\"og:description\" content=\"PL 4448\/2024&nbsp;(Jos\u00e9 Guimar\u00e3es ,&nbsp; Bohn Gass) \u2013&nbsp;Desenrola Rural e Renegocia\u00e7\u00e3o de d\u00edvidas dos agricultores do RS Ementa: Autoriza o Poder Executivo federal a conceder subven\u00e7\u00e3o econ\u00f4mica, sob a forma de desconto para liquida\u00e7\u00e3o ou renegocia\u00e7\u00e3o de parcelas de opera\u00e7\u00f5es de cr\u00e9dito rural de custeio, de investimento e de industrializa\u00e7\u00e3o contratadas por mutu\u00e1rios que tiveram perdas [&hellip;]\" \/>\n<meta property=\"og:url\" content=\"https:\/\/bohngass.com.br\/?page_id=4146\" \/>\n<meta property=\"og:site_name\" content=\"Deputado Federal Bohn Gass \u2605 PT\/RS\" \/>\n<meta property=\"article:publisher\" content=\"https:\/\/www.facebook.com\/bohngass13\" \/>\n<meta property=\"article:modified_time\" content=\"2026-01-26T17:44:22+00:00\" \/>\n<meta name=\"twitter:card\" content=\"summary_large_image\" \/>\n<meta name=\"twitter:site\" content=\"@BohnGass\" \/>\n<meta name=\"twitter:label1\" content=\"Est. tempo de leitura\" \/>\n\t<meta name=\"twitter:data1\" content=\"2 minutos\" \/>\n<script type=\"application\/ld+json\" class=\"yoast-schema-graph\">{\"@context\":\"https:\\\/\\\/schema.org\",\"@graph\":[{\"@type\":\"WebPage\",\"@id\":\"https:\\\/\\\/bohngass.com.br\\\/?page_id=4146\",\"url\":\"https:\\\/\\\/bohngass.com.br\\\/?page_id=4146\",\"name\":\"Desenrola Rural e Renegocia\u00e7\u00e3o de d\u00edvidas - Deputado Federal Bohn Gass \u2605 PT\\\/RS\",\"isPartOf\":{\"@id\":\"https:\\\/\\\/bohngass.com.br\\\/#website\"},\"datePublished\":\"2026-01-26T17:39:23+00:00\",\"dateModified\":\"2026-01-26T17:44:22+00:00\",\"breadcrumb\":{\"@id\":\"https:\\\/\\\/bohngass.com.br\\\/?page_id=4146#breadcrumb\"},\"inLanguage\":\"pt-BR\",\"potentialAction\":[{\"@type\":\"ReadAction\",\"target\":[\"https:\\\/\\\/bohngass.com.br\\\/?page_id=4146\"]}]},{\"@type\":\"BreadcrumbList\",\"@id\":\"https:\\\/\\\/bohngass.com.br\\\/?page_id=4146#breadcrumb\",\"itemListElement\":[{\"@type\":\"ListItem\",\"position\":1,\"name\":\"In\u00edcio\",\"item\":\"https:\\\/\\\/bohngass.com.br\\\/\"},{\"@type\":\"ListItem\",\"position\":2,\"name\":\"Desenrola Rural e Renegocia\u00e7\u00e3o de d\u00edvidas\"}]},{\"@type\":\"WebSite\",\"@id\":\"https:\\\/\\\/bohngass.com.br\\\/#website\",\"url\":\"https:\\\/\\\/bohngass.com.br\\\/\",\"name\":\"Deputado Federal Bohn Gass \u2605 PT\\\/RS\",\"description\":\"Deputado Federal Bohn Gass\",\"publisher\":{\"@id\":\"https:\\\/\\\/bohngass.com.br\\\/#organization\"},\"potentialAction\":[{\"@type\":\"SearchAction\",\"target\":{\"@type\":\"EntryPoint\",\"urlTemplate\":\"https:\\\/\\\/bohngass.com.br\\\/?s={search_term_string}\"},\"query-input\":{\"@type\":\"PropertyValueSpecification\",\"valueRequired\":true,\"valueName\":\"search_term_string\"}}],\"inLanguage\":\"pt-BR\"},{\"@type\":\"Organization\",\"@id\":\"https:\\\/\\\/bohngass.com.br\\\/#organization\",\"name\":\"Deputado Bohn Gass\",\"url\":\"https:\\\/\\\/bohngass.com.br\\\/\",\"logo\":{\"@type\":\"ImageObject\",\"inLanguage\":\"pt-BR\",\"@id\":\"https:\\\/\\\/bohngass.com.br\\\/#\\\/schema\\\/logo\\\/image\\\/\",\"url\":\"http:\\\/\\\/bohngass.com.br\\\/wp-content\\\/uploads\\\/2021\\\/01\\\/logo.png\",\"contentUrl\":\"http:\\\/\\\/bohngass.com.br\\\/wp-content\\\/uploads\\\/2021\\\/01\\\/logo.png\",\"width\":357,\"height\":355,\"caption\":\"Deputado Bohn Gass\"},\"image\":{\"@id\":\"https:\\\/\\\/bohngass.com.br\\\/#\\\/schema\\\/logo\\\/image\\\/\"},\"sameAs\":[\"https:\\\/\\\/www.facebook.com\\\/bohngass13\",\"https:\\\/\\\/x.com\\\/BohnGass\",\"https:\\\/\\\/www.instagram.com\\\/bohn_gass\\\/\",\"https:\\\/\\\/www.youtube.com\\\/BohnGass13\\\/\",\"https:\\\/\\\/pt.wikipedia.org\\\/wiki\\\/Bohn_Gass\"]}]}<\/script>\n<!-- \/ Yoast SEO plugin. -->","yoast_head_json":{"title":"Desenrola Rural e Renegocia\u00e7\u00e3o de d\u00edvidas - Deputado Federal Bohn Gass \u2605 PT\/RS","robots":{"index":"index","follow":"follow","max-snippet":"max-snippet:-1","max-image-preview":"max-image-preview:large","max-video-preview":"max-video-preview:-1"},"canonical":"https:\/\/bohngass.com.br\/?page_id=4146","og_locale":"pt_BR","og_type":"article","og_title":"Desenrola Rural e Renegocia\u00e7\u00e3o de d\u00edvidas - Deputado Federal Bohn Gass \u2605 PT\/RS","og_description":"PL 4448\/2024&nbsp;(Jos\u00e9 Guimar\u00e3es ,&nbsp; Bohn Gass) \u2013&nbsp;Desenrola Rural e Renegocia\u00e7\u00e3o de d\u00edvidas dos agricultores do RS Ementa: Autoriza o Poder Executivo federal a conceder subven\u00e7\u00e3o econ\u00f4mica, sob a forma de desconto para liquida\u00e7\u00e3o ou renegocia\u00e7\u00e3o de parcelas de opera\u00e7\u00f5es de cr\u00e9dito rural de custeio, de investimento e de industrializa\u00e7\u00e3o contratadas por mutu\u00e1rios que tiveram perdas [&hellip;]","og_url":"https:\/\/bohngass.com.br\/?page_id=4146","og_site_name":"Deputado Federal Bohn Gass \u2605 PT\/RS","article_publisher":"https:\/\/www.facebook.com\/bohngass13","article_modified_time":"2026-01-26T17:44:22+00:00","twitter_card":"summary_large_image","twitter_site":"@BohnGass","twitter_misc":{"Est. tempo de leitura":"2 minutos"},"schema":{"@context":"https:\/\/schema.org","@graph":[{"@type":"WebPage","@id":"https:\/\/bohngass.com.br\/?page_id=4146","url":"https:\/\/bohngass.com.br\/?page_id=4146","name":"Desenrola Rural e Renegocia\u00e7\u00e3o de d\u00edvidas - Deputado Federal Bohn Gass \u2605 PT\/RS","isPartOf":{"@id":"https:\/\/bohngass.com.br\/#website"},"datePublished":"2026-01-26T17:39:23+00:00","dateModified":"2026-01-26T17:44:22+00:00","breadcrumb":{"@id":"https:\/\/bohngass.com.br\/?page_id=4146#breadcrumb"},"inLanguage":"pt-BR","potentialAction":[{"@type":"ReadAction","target":["https:\/\/bohngass.com.br\/?page_id=4146"]}]},{"@type":"BreadcrumbList","@id":"https:\/\/bohngass.com.br\/?page_id=4146#breadcrumb","itemListElement":[{"@type":"ListItem","position":1,"name":"In\u00edcio","item":"https:\/\/bohngass.com.br\/"},{"@type":"ListItem","position":2,"name":"Desenrola Rural e Renegocia\u00e7\u00e3o de d\u00edvidas"}]},{"@type":"WebSite","@id":"https:\/\/bohngass.com.br\/#website","url":"https:\/\/bohngass.com.br\/","name":"Deputado Federal Bohn Gass \u2605 PT\/RS","description":"Deputado Federal Bohn Gass","publisher":{"@id":"https:\/\/bohngass.com.br\/#organization"},"potentialAction":[{"@type":"SearchAction","target":{"@type":"EntryPoint","urlTemplate":"https:\/\/bohngass.com.br\/?s={search_term_string}"},"query-input":{"@type":"PropertyValueSpecification","valueRequired":true,"valueName":"search_term_string"}}],"inLanguage":"pt-BR"},{"@type":"Organization","@id":"https:\/\/bohngass.com.br\/#organization","name":"Deputado Bohn Gass","url":"https:\/\/bohngass.com.br\/","logo":{"@type":"ImageObject","inLanguage":"pt-BR","@id":"https:\/\/bohngass.com.br\/#\/schema\/logo\/image\/","url":"http:\/\/bohngass.com.br\/wp-content\/uploads\/2021\/01\/logo.png","contentUrl":"http:\/\/bohngass.com.br\/wp-content\/uploads\/2021\/01\/logo.png","width":357,"height":355,"caption":"Deputado Bohn Gass"},"image":{"@id":"https:\/\/bohngass.com.br\/#\/schema\/logo\/image\/"},"sameAs":["https:\/\/www.facebook.com\/bohngass13","https:\/\/x.com\/BohnGass","https:\/\/www.instagram.com\/bohn_gass\/","https:\/\/www.youtube.com\/BohnGass13\/","https:\/\/pt.wikipedia.org\/wiki\/Bohn_Gass"]}]}},"_links":{"self":[{"href":"https:\/\/bohngass.com.br\/index.php?rest_route=\/wp\/v2\/pages\/4146","targetHints":{"allow":["GET"]}}],"collection":[{"href":"https:\/\/bohngass.com.br\/index.php?rest_route=\/wp\/v2\/pages"}],"about":[{"href":"https:\/\/bohngass.com.br\/index.php?rest_route=\/wp\/v2\/types\/page"}],"author":[{"embeddable":true,"href":"https:\/\/bohngass.com.br\/index.php?rest_route=\/wp\/v2\/users\/1"}],"replies":[{"embeddable":true,"href":"https:\/\/bohngass.com.br\/index.php?rest_route=%2Fwp%2Fv2%2Fcomments&post=4146"}],"version-history":[{"count":3,"href":"https:\/\/bohngass.com.br\/index.php?rest_route=\/wp\/v2\/pages\/4146\/revisions"}],"predecessor-version":[{"id":4149,"href":"https:\/\/bohngass.com.br\/index.php?rest_route=\/wp\/v2\/pages\/4146\/revisions\/4149"}],"wp:attachment":[{"href":"https:\/\/bohngass.com.br\/index.php?rest_route=%2Fwp%2Fv2%2Fmedia&parent=4146"}],"curies":[{"name":"wp","href":"https:\/\/api.w.org\/{rel}","templated":true}]}}