{"id":4152,"date":"2026-01-26T14:49:56","date_gmt":"2026-01-26T17:49:56","guid":{"rendered":"https:\/\/bohngass.com.br\/?page_id=4152"},"modified":"2026-01-26T14:57:15","modified_gmt":"2026-01-26T17:57:15","slug":"pl-4113-2020-afonso-florence-bohn-gass-e-outros-ajuda-a-ongs-durante-a-pandemia","status":"publish","type":"page","link":"https:\/\/bohngass.com.br\/?page_id=4152","title":{"rendered":"Ajuda a ONGs durante a pandemia"},"content":{"rendered":"\n<h2 class=\"wp-block-heading\">PL 4113\/2020 (Afonso Florence, Bohn Gass e outros) <\/h2>\n\n\n\n<p><strong>Ementa:<\/strong> &nbsp;Institui normas de car\u00e1ter transit\u00f3rio aplic\u00e1veis a parcerias celebradas pela administra\u00e7\u00e3o p\u00fablica, durante o estado de calamidade p\u00fablica reconhecido pelo Decreto Legislativo n\u00ba 6, de 20 de mar\u00e7o de 2020; e d\u00e1 outras provid\u00eancias.<\/p>\n\n\n\n<h3 class=\"wp-block-heading\"><strong>Situa\u00e7\u00e3o:<\/strong><\/h3>\n\n\n\n<p><strong>Transformada na <a href=\"https:\/\/www2.camara.leg.br\/legin\/fed\/lei\/2021\/lei-14215-7-outubro-2021-791828-publicacaooriginal-163564-pl.html\">Lei Ordin\u00e1ria 14.215\/2021<\/a><\/strong><\/p>\n\n\n\n<h3 class=\"wp-block-heading\"><strong>Explica\u00e7\u00e3o<\/strong><\/h3>\n\n\n\n<p>Esta lei estabelece normas de car\u00e1ter transit\u00f3rio aplic\u00e1veis \u00e0s parcerias celebradas pela administra\u00e7\u00e3o p\u00fablica federal com as organiza\u00e7\u00f5es da sociedade civil (OSCs) durante o per\u00edodo de vig\u00eancia de medidas restritivas relacionadas ao combate \u00e0 pandemia de Covid-19. O objetivo foi dar flexibilidade e seguran\u00e7a jur\u00eddica para a execu\u00e7\u00e3o dessas parcerias em um contexto de emerg\u00eancia sanit\u00e1ria.<\/p>\n\n\n\n<p>A principal atua\u00e7\u00e3o da lei \u00e9 estabelecer regras espec\u00edficas para a Lei n\u00ba 13.019\/2014 (Marco Regulat\u00f3rio das Organiza\u00e7\u00f5es da Sociedade Civil), permitindo ajustes na execu\u00e7\u00e3o dos conv\u00eanios e termos de parceria, como a prorroga\u00e7\u00e3o de prazos de vig\u00eancia e de presta\u00e7\u00e3o de contas. A legisla\u00e7\u00e3o reconheceu as dificuldades operacionais e log\u00edsticas impostas pela pandemia, visando evitar a paralisa\u00e7\u00e3o ou preju\u00edzo de projetos e atividades de interesse p\u00fablico executados pelas OSCs.<\/p>\n\n\n\n<div class=\"wp-block-buttons is-layout-flex wp-block-buttons-is-layout-flex\">\n<div class=\"wp-block-button\"><a class=\"wp-block-button__link wp-element-button\" href=\"https:\/\/www.camara.leg.br\/proposicoesWeb\/fichadetramitacao?idProposicao=2259697#:~:text=PL%204113%2F2020%20Inteiro%20teor,Projeto%20de%20Lei&amp;text=NOVA%20EMENTA%3A%20Institui%20normas%20de,2020%3B%20e%20d%C3%A1%20outras%20provid%C3%AAncias.\">Veja aqui a p\u00e1gina do projeto<\/a><\/div>\n<\/div>\n\n\n\n<p><\/p>\n","protected":false},"excerpt":{"rendered":"<p>PL 4113\/2020 (Afonso Florence, Bohn Gass e outros) Ementa: &nbsp;Institui normas de car\u00e1ter transit\u00f3rio aplic\u00e1veis a parcerias celebradas pela administra\u00e7\u00e3o p\u00fablica, durante o estado de calamidade p\u00fablica reconhecido pelo Decreto Legislativo n\u00ba 6, de 20 de mar\u00e7o de 2020; e d\u00e1 outras provid\u00eancias. Situa\u00e7\u00e3o: Transformada na Lei Ordin\u00e1ria 14.215\/2021 Explica\u00e7\u00e3o Esta lei estabelece normas de [&hellip;]<\/p>\n","protected":false},"author":1,"featured_media":0,"parent":0,"menu_order":0,"comment_status":"closed","ping_status":"closed","template":"","meta":{"footnotes":""},"class_list":["post-4152","page","type-page","status-publish","hentry"],"yoast_head":"<!-- This site is optimized with the Yoast SEO plugin v27.4 - https:\/\/yoast.com\/product\/yoast-seo-wordpress\/ -->\n<title>Ajuda a ONGs durante a pandemia - Deputado Federal Bohn Gass \u2605 PT\/RS<\/title>\n<meta name=\"robots\" content=\"index, follow, max-snippet:-1, max-image-preview:large, max-video-preview:-1\" \/>\n<link rel=\"canonical\" href=\"https:\/\/bohngass.com.br\/?page_id=4152\" \/>\n<meta property=\"og:locale\" content=\"pt_BR\" \/>\n<meta property=\"og:type\" content=\"article\" \/>\n<meta property=\"og:title\" content=\"Ajuda a ONGs durante a pandemia - Deputado Federal Bohn Gass \u2605 PT\/RS\" \/>\n<meta property=\"og:description\" content=\"PL 4113\/2020 (Afonso Florence, Bohn Gass e outros) Ementa: &nbsp;Institui normas de car\u00e1ter transit\u00f3rio aplic\u00e1veis a parcerias celebradas pela administra\u00e7\u00e3o p\u00fablica, durante o estado de calamidade p\u00fablica reconhecido pelo Decreto Legislativo n\u00ba 6, de 20 de mar\u00e7o de 2020; e d\u00e1 outras provid\u00eancias. Situa\u00e7\u00e3o: Transformada na Lei Ordin\u00e1ria 14.215\/2021 Explica\u00e7\u00e3o Esta lei estabelece normas de [&hellip;]\" \/>\n<meta property=\"og:url\" content=\"https:\/\/bohngass.com.br\/?page_id=4152\" \/>\n<meta property=\"og:site_name\" content=\"Deputado Federal Bohn Gass \u2605 PT\/RS\" \/>\n<meta property=\"article:publisher\" content=\"https:\/\/www.facebook.com\/bohngass13\" \/>\n<meta property=\"article:modified_time\" content=\"2026-01-26T17:57:15+00:00\" \/>\n<meta name=\"twitter:card\" content=\"summary_large_image\" \/>\n<meta name=\"twitter:site\" content=\"@BohnGass\" \/>\n<meta name=\"twitter:label1\" content=\"Est. tempo de leitura\" \/>\n\t<meta name=\"twitter:data1\" content=\"2 minutos\" \/>\n<script type=\"application\/ld+json\" class=\"yoast-schema-graph\">{\"@context\":\"https:\\\/\\\/schema.org\",\"@graph\":[{\"@type\":\"WebPage\",\"@id\":\"https:\\\/\\\/bohngass.com.br\\\/?page_id=4152\",\"url\":\"https:\\\/\\\/bohngass.com.br\\\/?page_id=4152\",\"name\":\"Ajuda a ONGs durante a pandemia - Deputado Federal Bohn Gass \u2605 PT\\\/RS\",\"isPartOf\":{\"@id\":\"https:\\\/\\\/bohngass.com.br\\\/#website\"},\"datePublished\":\"2026-01-26T17:49:56+00:00\",\"dateModified\":\"2026-01-26T17:57:15+00:00\",\"breadcrumb\":{\"@id\":\"https:\\\/\\\/bohngass.com.br\\\/?page_id=4152#breadcrumb\"},\"inLanguage\":\"pt-BR\",\"potentialAction\":[{\"@type\":\"ReadAction\",\"target\":[\"https:\\\/\\\/bohngass.com.br\\\/?page_id=4152\"]}]},{\"@type\":\"BreadcrumbList\",\"@id\":\"https:\\\/\\\/bohngass.com.br\\\/?page_id=4152#breadcrumb\",\"itemListElement\":[{\"@type\":\"ListItem\",\"position\":1,\"name\":\"In\u00edcio\",\"item\":\"https:\\\/\\\/bohngass.com.br\\\/\"},{\"@type\":\"ListItem\",\"position\":2,\"name\":\"Ajuda a ONGs durante a pandemia\"}]},{\"@type\":\"WebSite\",\"@id\":\"https:\\\/\\\/bohngass.com.br\\\/#website\",\"url\":\"https:\\\/\\\/bohngass.com.br\\\/\",\"name\":\"Deputado Federal Bohn Gass \u2605 PT\\\/RS\",\"description\":\"Deputado Federal Bohn Gass\",\"publisher\":{\"@id\":\"https:\\\/\\\/bohngass.com.br\\\/#organization\"},\"potentialAction\":[{\"@type\":\"SearchAction\",\"target\":{\"@type\":\"EntryPoint\",\"urlTemplate\":\"https:\\\/\\\/bohngass.com.br\\\/?s={search_term_string}\"},\"query-input\":{\"@type\":\"PropertyValueSpecification\",\"valueRequired\":true,\"valueName\":\"search_term_string\"}}],\"inLanguage\":\"pt-BR\"},{\"@type\":\"Organization\",\"@id\":\"https:\\\/\\\/bohngass.com.br\\\/#organization\",\"name\":\"Deputado Bohn Gass\",\"url\":\"https:\\\/\\\/bohngass.com.br\\\/\",\"logo\":{\"@type\":\"ImageObject\",\"inLanguage\":\"pt-BR\",\"@id\":\"https:\\\/\\\/bohngass.com.br\\\/#\\\/schema\\\/logo\\\/image\\\/\",\"url\":\"http:\\\/\\\/bohngass.com.br\\\/wp-content\\\/uploads\\\/2021\\\/01\\\/logo.png\",\"contentUrl\":\"http:\\\/\\\/bohngass.com.br\\\/wp-content\\\/uploads\\\/2021\\\/01\\\/logo.png\",\"width\":357,\"height\":355,\"caption\":\"Deputado Bohn Gass\"},\"image\":{\"@id\":\"https:\\\/\\\/bohngass.com.br\\\/#\\\/schema\\\/logo\\\/image\\\/\"},\"sameAs\":[\"https:\\\/\\\/www.facebook.com\\\/bohngass13\",\"https:\\\/\\\/x.com\\\/BohnGass\",\"https:\\\/\\\/www.instagram.com\\\/bohn_gass\\\/\",\"https:\\\/\\\/www.youtube.com\\\/BohnGass13\\\/\",\"https:\\\/\\\/pt.wikipedia.org\\\/wiki\\\/Bohn_Gass\"]}]}<\/script>\n<!-- \/ Yoast SEO plugin. -->","yoast_head_json":{"title":"Ajuda a ONGs durante a pandemia - Deputado Federal Bohn Gass \u2605 PT\/RS","robots":{"index":"index","follow":"follow","max-snippet":"max-snippet:-1","max-image-preview":"max-image-preview:large","max-video-preview":"max-video-preview:-1"},"canonical":"https:\/\/bohngass.com.br\/?page_id=4152","og_locale":"pt_BR","og_type":"article","og_title":"Ajuda a ONGs durante a pandemia - Deputado Federal Bohn Gass \u2605 PT\/RS","og_description":"PL 4113\/2020 (Afonso Florence, Bohn Gass e outros) Ementa: &nbsp;Institui normas de car\u00e1ter transit\u00f3rio aplic\u00e1veis a parcerias celebradas pela administra\u00e7\u00e3o p\u00fablica, durante o estado de calamidade p\u00fablica reconhecido pelo Decreto Legislativo n\u00ba 6, de 20 de mar\u00e7o de 2020; e d\u00e1 outras provid\u00eancias. Situa\u00e7\u00e3o: Transformada na Lei Ordin\u00e1ria 14.215\/2021 Explica\u00e7\u00e3o Esta lei estabelece normas de [&hellip;]","og_url":"https:\/\/bohngass.com.br\/?page_id=4152","og_site_name":"Deputado Federal Bohn Gass \u2605 PT\/RS","article_publisher":"https:\/\/www.facebook.com\/bohngass13","article_modified_time":"2026-01-26T17:57:15+00:00","twitter_card":"summary_large_image","twitter_site":"@BohnGass","twitter_misc":{"Est. tempo de leitura":"2 minutos"},"schema":{"@context":"https:\/\/schema.org","@graph":[{"@type":"WebPage","@id":"https:\/\/bohngass.com.br\/?page_id=4152","url":"https:\/\/bohngass.com.br\/?page_id=4152","name":"Ajuda a ONGs durante a pandemia - Deputado Federal Bohn Gass \u2605 PT\/RS","isPartOf":{"@id":"https:\/\/bohngass.com.br\/#website"},"datePublished":"2026-01-26T17:49:56+00:00","dateModified":"2026-01-26T17:57:15+00:00","breadcrumb":{"@id":"https:\/\/bohngass.com.br\/?page_id=4152#breadcrumb"},"inLanguage":"pt-BR","potentialAction":[{"@type":"ReadAction","target":["https:\/\/bohngass.com.br\/?page_id=4152"]}]},{"@type":"BreadcrumbList","@id":"https:\/\/bohngass.com.br\/?page_id=4152#breadcrumb","itemListElement":[{"@type":"ListItem","position":1,"name":"In\u00edcio","item":"https:\/\/bohngass.com.br\/"},{"@type":"ListItem","position":2,"name":"Ajuda a ONGs durante a pandemia"}]},{"@type":"WebSite","@id":"https:\/\/bohngass.com.br\/#website","url":"https:\/\/bohngass.com.br\/","name":"Deputado Federal Bohn Gass \u2605 PT\/RS","description":"Deputado Federal Bohn Gass","publisher":{"@id":"https:\/\/bohngass.com.br\/#organization"},"potentialAction":[{"@type":"SearchAction","target":{"@type":"EntryPoint","urlTemplate":"https:\/\/bohngass.com.br\/?s={search_term_string}"},"query-input":{"@type":"PropertyValueSpecification","valueRequired":true,"valueName":"search_term_string"}}],"inLanguage":"pt-BR"},{"@type":"Organization","@id":"https:\/\/bohngass.com.br\/#organization","name":"Deputado Bohn Gass","url":"https:\/\/bohngass.com.br\/","logo":{"@type":"ImageObject","inLanguage":"pt-BR","@id":"https:\/\/bohngass.com.br\/#\/schema\/logo\/image\/","url":"http:\/\/bohngass.com.br\/wp-content\/uploads\/2021\/01\/logo.png","contentUrl":"http:\/\/bohngass.com.br\/wp-content\/uploads\/2021\/01\/logo.png","width":357,"height":355,"caption":"Deputado Bohn Gass"},"image":{"@id":"https:\/\/bohngass.com.br\/#\/schema\/logo\/image\/"},"sameAs":["https:\/\/www.facebook.com\/bohngass13","https:\/\/x.com\/BohnGass","https:\/\/www.instagram.com\/bohn_gass\/","https:\/\/www.youtube.com\/BohnGass13\/","https:\/\/pt.wikipedia.org\/wiki\/Bohn_Gass"]}]}},"_links":{"self":[{"href":"https:\/\/bohngass.com.br\/index.php?rest_route=\/wp\/v2\/pages\/4152","targetHints":{"allow":["GET"]}}],"collection":[{"href":"https:\/\/bohngass.com.br\/index.php?rest_route=\/wp\/v2\/pages"}],"about":[{"href":"https:\/\/bohngass.com.br\/index.php?rest_route=\/wp\/v2\/types\/page"}],"author":[{"embeddable":true,"href":"https:\/\/bohngass.com.br\/index.php?rest_route=\/wp\/v2\/users\/1"}],"replies":[{"embeddable":true,"href":"https:\/\/bohngass.com.br\/index.php?rest_route=%2Fwp%2Fv2%2Fcomments&post=4152"}],"version-history":[{"count":2,"href":"https:\/\/bohngass.com.br\/index.php?rest_route=\/wp\/v2\/pages\/4152\/revisions"}],"predecessor-version":[{"id":4157,"href":"https:\/\/bohngass.com.br\/index.php?rest_route=\/wp\/v2\/pages\/4152\/revisions\/4157"}],"wp:attachment":[{"href":"https:\/\/bohngass.com.br\/index.php?rest_route=%2Fwp%2Fv2%2Fmedia&parent=4152"}],"curies":[{"name":"wp","href":"https:\/\/api.w.org\/{rel}","templated":true}]}}