{"id":4256,"date":"2026-04-22T12:20:16","date_gmt":"2026-04-22T15:20:16","guid":{"rendered":"https:\/\/bohngass.com.br\/?page_id=4256"},"modified":"2026-04-22T12:20:16","modified_gmt":"2026-04-22T15:20:16","slug":"abril-2026","status":"publish","type":"page","link":"https:\/\/bohngass.com.br\/?page_id=4256","title":{"rendered":"Abril 2026"},"content":{"rendered":"\n<p><strong>R\u00e1dio Pe\u00e3o Brasil<br><\/strong><a href=\"https:\/\/radiopeaobrasil.com.br\/cnta-participa-de-audiencia-publica-sobre-reducao-da-jornada-no-rs\/\">CNTA participa de Audi\u00eancia P\u00fablica sobre redu\u00e7\u00e3o da jornada no RS<br><\/a>J\u00e1<strong> Elvino Bohn Gass (PT-RS)<\/strong> destacou que mudan\u00e7as s\u00f3 ocorrem com press\u00e3o social organizada. \u201cQuando h\u00e1 mobiliza\u00e7\u00e3o, o Congresso responde. O fim da escala 6\u00d71 pode ser a principal conquista da classe trabalhadora neste per\u00edodo\u201d, disse.<\/p>\n\n\n\n<p><strong>Grupo Chiru<br><\/strong><a href=\"https:\/\/www.grupochiru.com\/noticias\/barra-do-guarita-garante-mais-de-r-900-mil-em-emendas-no-mes-de-aniversario\/\">Barra do Guarita garante mais de R$ 900 mil em emendas no m\u00eas de anivers\u00e1rio<br><\/a>Outro destaque \u00e9 o conjunto de investimentos na \u00e1rea da sa\u00fade, que somam R$ 250 mil. O <strong>deputado federal Elvino Bohn Gass (PT)<\/strong> destinou R$ 150 mil ao Fundo Municipal de Sa\u00fade<\/p>\n\n\n\n<p><strong>R\u00e1dio Sobradinho<br><\/strong><a href=\"https:\/\/www.radiosobradinho.com.br\/lagoa-bonita-do-sul-recebe-motoniveladora-por-emenda-do-deputado-elvino-bohn-gass\/\">Lagoa Bonita do Sul recebe motoniveladora por emenda do deputado Elvino Bohn Gass<br><\/a>O munic\u00edpio de Lagoa Bonita do Sul recebeu uma motoniveladora por meio de emenda da bancada ga\u00facha, indicada pelo <strong>deputado federal Elvino Bohn Gass<\/strong>, em cerim\u00f4nia realizada em Porto Alegre no dia 30 de mar\u00e7o.<\/p>\n\n\n\n<p><strong>Clicr<\/strong><br><a href=\"https:\/\/clicr.com.br\/agentes-territoriais-do-mda-rs-participam-de-seminario-na-fetag-rs\/\">Agentes territoriais do MDA-RS participam de semin\u00e1rio na Fetag-RS<br><\/a>Na abertura pol\u00edtica o semin\u00e1rio teve a participa\u00e7\u00e3o do <strong>deputado federal Bohn Gass (PT)<\/strong> que \u00e9 um dos incentivadores da forma\u00e7\u00e3o e capacita\u00e7\u00e3o de jovens rurais e que destina recursos financeiros via emendas parlamentares ao IFSIM para esta e outras finalidades.<\/p>\n\n\n\n<p><strong>Hospital S\u00e3o Francisco de Assis<br><\/strong><a href=\"https:\/\/www.hospitalparobe.com.br\/noticias\/bohn-gass-destina-nova-emenda-parlamentar\/836\">Bohn Gass destina nova emenda parlamentar<br><\/a>O Hospital S\u00e3o Francisco de Assis (HSFA) recebeu a confirma\u00e7\u00e3o de mais uma importante emenda parlamentar destinada pelo <strong>deputado federal Bohn Gass<\/strong>.<br>Reconhecido como um apoiador da institui\u00e7\u00e3o, o parlamentar tem destinado recursos de forma peri\u00f3dica ao hospital, contribuindo diretamente para a manuten\u00e7\u00e3o das atividades e a qualifica\u00e7\u00e3o dos servi\u00e7os prestados \u00e0 popula\u00e7\u00e3o.<br>O valor anunciado \u00e9 de R$ 200 mil, com foco no custeio dos servi\u00e7os de assist\u00eancia hospitalar e ambulatorial, visando o cumprimento de metas e o fortalecimento do atendimento.<\/p>\n\n\n\n<p><strong>Instituto de F\u00edsica<br><\/strong><a href=\"https:\/\/www.if.ufrgs.br\/if\/instituto-de-fisica-recebe-apoio-via-emenda-parlamentar-do-deputado-federal-bohn-gass-pt-rs-para-curso-de-extensao-da-fisica\/\">Instituto de F\u00edsica recebe apoio, via emenda parlamentar do Deputado Federal Bohn Gass (PT\/RS), para \u201cCurso de Extens\u00e3o da F\u00edsica\u201d<br><\/a>O Instituto de F\u00edsica da UFRGS recebeu, por meio de emenda parlamentar no valor de R$ 100 mil, destinada pelo<strong> Deputado Federal Bohn Gass (PT\/RS)<\/strong>, apoio para o desenvolvimento do projeto \u201cCurso de Extens\u00e3o da F\u00edsica\u201d. A articula\u00e7\u00e3o para a obten\u00e7\u00e3o do recurso foi desenvolvida pelo Prof. Dr. Dioni Paulo Pastorio, docente do Instituto de F\u00edsica da UFRGS e atual secret\u00e1rio estadual da Sociedade Brasileira de F\u00edsica (SBF) no Rio Grande do Sul.<\/p>\n\n\n\n<p><strong>Portal das Miss\u00f5es<br><\/strong><a href=\"https:\/\/www.portaldasmissoes.com.br\/sao-luiz-gonzaga\/noticias\/comunidade-de-afonso-rodrigues-recebe-novos-maquinarios-para-impulsionar-a-agric-14039?pagina=361\">Comunidade de Afonso Rodrigues recebe novos maquin\u00e1rios para impulsionar a agricultura local em S\u00e3o Luiz Gonzaga<br><\/a>Foram entregues uma segadeira, um ancinho e uma enfardadeira, equipamentos fundamentais para a moderniza\u00e7\u00e3o e efici\u00eancia do trabalho dos produtores locais. Os maquin\u00e1rios foram destinados ao munic\u00edpio por meio da articula\u00e7\u00e3o do <strong>deputado federal Elvino Bohn Gass (PT).<\/strong><\/p>\n\n\n\n<p><strong>Ag\u00eancia C\u00e2mara de Not\u00edcias<br><\/strong><a href=\"https:\/\/www.camara.leg.br\/noticias\/1260840-especialistas-responsabilizam-distribuidoras-e-revendedoras-pela-alta-nos-precos-dos-combustiveis\/\">Especialistas responsabilizam distribuidoras e revendedoras pela alta nos pre\u00e7os dos combust\u00edveis<br><\/a>Para o <strong>deputado Bohn Gass (PT-RS)<\/strong>, \u00e9 preciso reestatizar a distribui\u00e7\u00e3o de combust\u00edveis porque o cen\u00e1rio de instabilidade deve continuar.<br>\u201cUma reestatiza\u00e7\u00e3o vai regular pre\u00e7o, vai voltar do po\u00e7o ao posto, o sistema todo verticalizado. Essa estrutura \u00e9 que n\u00f3s precisamos fazer.\u201d<\/p>\n\n\n\n<p><strong>R\u00e1dio Progresso de Iju\u00ed<br><\/strong><a href=\"https:\/\/radioprogresso.com.br\/deputados-jeferson-e-bohn-gass-entregam-emendas-em-ijui\/\">Deputados J\u00e9ferson e Bohn Gass entregam emendas em Iju\u00ed<br><\/a>O deputado estadual, Jeferson Fernandes, do PT, entregou 800 mil reais em emendas parlamentares em Iju\u00ed. S\u00e3o recursos do pr\u00f3prio parlamentar e tamb\u00e9m do<strong> deputado federal, Bohn Gass<\/strong>, da mesma sigla.A Escola Municipal Infantil Dalva Weinmann, do bairro Industrial, recebeu 400 mil reais para amplia\u00e7\u00e3o. Outros 200 mil foram para a associa\u00e7\u00e3o de atletismo Noroeste Runners; 100 mil para o rojeto Justi\u00e7a Restaurativa a fim de contemplar as escolas municipais Deolinda Barufaldi, Ruy Ramos e Anita Garibaldi; ainda 50 mil reais para escola estadual S\u00e3o Geraldo, a fim de ajudar na reforma da rede el\u00e9trica; tamb\u00e9m 50 mil reais para a AIPAN implementar projetos nas \u00e1reas da cultura e meio ambiente.<\/p>\n\n\n\n<p><strong>Jornal de Bras\u00edlia<br><\/strong><a href=\"https:\/\/jornaldebrasilia.com.br\/noticias\/economia\/especialistas-culpam-distribuidoras-por-alta-nos-precos-de-combustiveis\/\">Especialistas culpam distribuidoras por alta nos pre\u00e7os de combust\u00edveis<br><\/a>No debate, o<strong> deputado Bohn Gass (PT-RS)<\/strong> defendeu a reestatiza\u00e7\u00e3o da distribui\u00e7\u00e3o de combust\u00edveis para regular pre\u00e7os em um cen\u00e1rio de instabilidade prolongada, propondo uma estrutura verticalizada do po\u00e7o ao posto.<\/p>\n\n\n\n<p><strong>Tribuna do Sert\u00e3o<br><\/strong><a href=\"https:\/\/www.tribunadosertao.com.br\/politica\/2026\/04\/07\/884269-especialistas-apontam-distribuidoras-e-revendedoras-como-responsaveis-pela-alta-dos-combustiveis\">Especialistas apontam distribuidoras e revendedoras como respons\u00e1veis pela alta dos combust\u00edveis<br><\/a>Para o <strong>deputado Bohn Gass (PT-RS)<\/strong>, a reestatiza\u00e7\u00e3o da distribui\u00e7\u00e3o de combust\u00edveis \u00e9 necess\u00e1ria diante do cen\u00e1rio de instabilidade. \u201cUma reestatiza\u00e7\u00e3o vai regular o pre\u00e7o, vai retomar o sistema verticalizado, do po\u00e7o ao posto. \u00c9 essa estrutura que precisamos resgatar\u201d, defendeu.<\/p>\n\n\n\n<p><strong>Vermelho<br><\/strong><a href=\"https:\/\/vermelho.org.br\/2026\/04\/08\/lancada-na-camara-campanha-pela-taxacao-dos-super-ricos-vai-para-os-estados\/\">Lan\u00e7ada na C\u00e2mara, campanha pela taxa\u00e7\u00e3o dos super-ricos vai para os estados<br><\/a>O <strong>deputado Bohn Gass (PT-RS) <\/strong>prop\u00f4s que a campanha fosse pedag\u00f3gica no sentido de explicar que a popula\u00e7\u00e3o mais pobre \u00e9 quem paga mais impostos. \u201cIsso \u00e9 t\u00e3o harm\u00f4nico para a gente dizer: o imposto no Brasil n\u00e3o deve incidir na sua maior parte sobre o consumo, mas sobre patrim\u00f4nio, renda, lucros, bens. Essa \u00e9 a quest\u00e3o pedag\u00f3gica\u201d, prop\u00f4s.<\/p>\n\n\n\n<p><strong>R\u00e1dio Mundial<br><\/strong><a href=\"https:\/\/mundial.fm.br\/ijui-garante-r-800-mil-em-recursos-para-educacao-esporte-e-acoes-sociais\/\">Iju\u00ed garante R$ 800 mil em recursos para educa\u00e7\u00e3o, esporte e a\u00e7\u00f5es sociais<br><\/a>O munic\u00edpio de Iju\u00ed foi contemplado com R$ 800 mil em emendas parlamentares destinadas pelo deputado estadual Jeferson Fernandes e pelo <strong>deputado federal Bohn Gass<\/strong>. A entrega dos recursos contou com a participa\u00e7\u00e3o do vereador Rudimar Scheren e lideran\u00e7as locais.<\/p>\n\n\n\n<p><strong>Inesc<br><\/strong><a href=\"https:\/\/inesc.org.br\/sociedade-civil-lanca-campanha-para-taxar-super-ricos-e-reduzir-desigualdades-historicas\/\">Sociedade civil lan\u00e7a campanha para taxar super-ricos e reduzir desigualdades hist\u00f3ricas<br><\/a>Na C\u00e2mara dos Deputados, a causa recebeu o apoio direto de uma bancada de deputados federais que compareceram ao ato, incluindo <strong>Bohn Gass (PT\/RS),<\/strong> Chico Alencar (PSOL\/RJ), Pedro Campos (PSB\/PE), Tal\u00edria Petrone (PSOL\/RJ), Jandira Feghali (PCdoB\/RJ), Tarc\u00edsio Motta (PSOL\/RJ), Nilto Tatto (PT\/SP), Rog\u00e9rio Corr\u00eaa (PT\/MG), Reginaldo Veras (PV\/DF), Orlando Silva (PCdoB\/SP) e Pedro Uczai (PT\/SC).<\/p>\n\n\n\n<p><strong>O Di\u00e1rio<br><\/strong><a href=\"https:\/\/odiario.net\/noticias\/geral\/ivoti-recebe-mais-de-r11-mi-em-emendas-parlamentares-e-recursos-estaduais-e-federais\/\">Ivoti recebe mais de R$11 mi em emendas parlamentares e recursos estaduais e federais<br><\/a>Sa\u00fade<br>Foi a \u00e1rea da sa\u00fade que concentrou o maior volume de recursos, somando mais de R$ 2 milh\u00f5es destinados ao custeio dos servi\u00e7os. Os repasses foram encaminhados pelos parlamentares Paulo Paim (R$ 454.365,00), <strong>Bohn Gass (R$ 300 mil)<\/strong>&#8230;<\/p>\n\n\n\n<p><strong>Jornal Onze de Maio<br><\/strong><a href=\"https:\/\/onzedemaio.com.br\/lula-confirma-envio-de-projeto-sobre-fim-da-escala-6x1-e-critica-caiado-e-flavio-bolsonaro-por\/\">Lula confirma envio de projeto sobre fim da escala 6\u00d71 e critica Caiado e Fl\u00e1vio Bolsonaro por querer entregar terras-raras para Trump<\/a><\/p>\n\n\n\n<figure class=\"wp-block-embed is-type-rich is-provider-twitter wp-block-embed-twitter\"><div class=\"wp-block-embed__wrapper\">\n<blockquote class=\"twitter-tweet\" data-width=\"500\" data-dnt=\"true\"><p lang=\"pt\" dir=\"ltr\">&quot;Essa gente vai vender o Brasil&quot;, diz <a href=\"https:\/\/twitter.com\/LulaOficial?ref_src=twsrc%5Etfw\">@LulaOficial<\/a> ao falar sobre as posturas entreguistas de Fl\u00e1vio Bolsonaro e Ronaldo Caiado em rela\u00e7\u00e3o \u00e0s terras raras (\u00e1reas onde existem elementos qu\u00edmicos fundamentais para tecnologias como celulares e avi\u00f5es). <a href=\"https:\/\/t.co\/ZHhva7et3a\">pic.twitter.com\/ZHhva7et3a<\/a><\/p>&mdash; Bohn Gass (@BohnGass) <a href=\"https:\/\/twitter.com\/BohnGass\/status\/2041871830609248619?ref_src=twsrc%5Etfw\">April 8, 2026<\/a><\/blockquote><script async src=\"https:\/\/platform.twitter.com\/widgets.js\" charset=\"utf-8\"><\/script>\n<\/div><\/figure>\n\n\n\n<p><strong>R\u00e1dio Progresso de Iju\u00ed<br><\/strong><a href=\"https:\/\/radioprogresso.com.br\/elvino-bohn-gass-confirma-estrategia-do-pt-e-apoio-a-juliana-brizola-no-rs\/\">Elvino Bohn Gass confirma estrat\u00e9gia do PT com apoio a Juliana Brizola no RS<br><\/a><strong>O deputado federal Elvino Bohn Gass<\/strong> afirmou, em entrevista \u00e0 R\u00e1dio Progresso, que a decis\u00e3o do Partido dos Trabalhadores, PT, de retirar a candidatura pr\u00f3pria ao governo do estado faz parte de uma estrat\u00e9gia nacional para fortalecer o campo pol\u00edtico de esquerda. Com isso, o partido passa a apoiar a candidatura de Juliana Brizola, do PDT. Ele defende que o vice seja Edegar Pretto, PT.<\/p>\n\n\n\n<p><strong>R\u00e1dio Mundial<br><\/strong><a href=\"https:\/\/mundial.fm.br\/deputado-bohn-gass-reforca-apoio-ao-hospital-bom-pastor-com-repasse-de-r-200-mil\/\">Deputado Bohn Gass refor\u00e7a apoio ao Hospital Bom Pastor com repasse de R$ 200 mil<br><\/a>Nesta sexta-feira, o <strong>deputado federal do PT, Bohn Gass,<\/strong> esteve no Hospital Bom Pastor, em Iju\u00ed, para realizar a entrega de uma emenda parlamentar no valor de R$ 200 mil, destinada ao custeio da institui\u00e7\u00e3o.<\/p>\n","protected":false},"excerpt":{"rendered":"<p>R\u00e1dio Pe\u00e3o BrasilCNTA participa de Audi\u00eancia P\u00fablica sobre redu\u00e7\u00e3o da jornada no RSJ\u00e1 Elvino Bohn Gass (PT-RS) destacou que mudan\u00e7as s\u00f3 ocorrem com press\u00e3o social organizada. \u201cQuando h\u00e1 mobiliza\u00e7\u00e3o, o Congresso responde. O fim da escala 6\u00d71 pode ser a principal conquista da classe trabalhadora neste per\u00edodo\u201d, disse. Grupo ChiruBarra do Guarita garante mais de [&hellip;]<\/p>\n","protected":false},"author":1,"featured_media":0,"parent":0,"menu_order":0,"comment_status":"closed","ping_status":"closed","template":"","meta":{"footnotes":""},"class_list":["post-4256","page","type-page","status-publish","hentry"],"yoast_head":"<!-- This site is optimized with the Yoast SEO plugin v22.7 - https:\/\/yoast.com\/wordpress\/plugins\/seo\/ -->\n<title>Abril 2026 - Deputado Federal Bohn Gass \u2605 PT\/RS<\/title>\n<meta name=\"robots\" content=\"index, follow, max-snippet:-1, max-image-preview:large, max-video-preview:-1\" \/>\n<link rel=\"canonical\" href=\"https:\/\/bohngass.com.br\/?page_id=4256\" \/>\n<meta property=\"og:locale\" content=\"pt_BR\" \/>\n<meta property=\"og:type\" content=\"article\" \/>\n<meta property=\"og:title\" content=\"Abril 2026 - Deputado Federal Bohn Gass \u2605 PT\/RS\" \/>\n<meta property=\"og:description\" content=\"R\u00e1dio Pe\u00e3o BrasilCNTA participa de Audi\u00eancia P\u00fablica sobre redu\u00e7\u00e3o da jornada no RSJ\u00e1 Elvino Bohn Gass (PT-RS) destacou que mudan\u00e7as s\u00f3 ocorrem com press\u00e3o social organizada. \u201cQuando h\u00e1 mobiliza\u00e7\u00e3o, o Congresso responde. O fim da escala 6\u00d71 pode ser a principal conquista da classe trabalhadora neste per\u00edodo\u201d, disse. Grupo ChiruBarra do Guarita garante mais de [&hellip;]\" \/>\n<meta property=\"og:url\" content=\"https:\/\/bohngass.com.br\/?page_id=4256\" \/>\n<meta property=\"og:site_name\" content=\"Deputado Federal Bohn Gass \u2605 PT\/RS\" \/>\n<meta property=\"article:publisher\" content=\"https:\/\/www.facebook.com\/bohngass13\" \/>\n<meta name=\"twitter:card\" content=\"summary_large_image\" \/>\n<meta name=\"twitter:site\" content=\"@BohnGass\" \/>\n<meta name=\"twitter:label1\" content=\"Est. tempo de leitura\" \/>\n\t<meta name=\"twitter:data1\" content=\"7 minutos\" \/>\n<script type=\"application\/ld+json\" class=\"yoast-schema-graph\">{\"@context\":\"https:\/\/schema.org\",\"@graph\":[{\"@type\":\"WebPage\",\"@id\":\"https:\/\/bohngass.com.br\/?page_id=4256\",\"url\":\"https:\/\/bohngass.com.br\/?page_id=4256\",\"name\":\"Abril 2026 - Deputado Federal Bohn Gass \u2605 PT\/RS\",\"isPartOf\":{\"@id\":\"https:\/\/bohngass.com.br\/#website\"},\"datePublished\":\"2026-04-22T15:20:16+00:00\",\"dateModified\":\"2026-04-22T15:20:16+00:00\",\"breadcrumb\":{\"@id\":\"https:\/\/bohngass.com.br\/?page_id=4256#breadcrumb\"},\"inLanguage\":\"pt-BR\",\"potentialAction\":[{\"@type\":\"ReadAction\",\"target\":[\"https:\/\/bohngass.com.br\/?page_id=4256\"]}]},{\"@type\":\"BreadcrumbList\",\"@id\":\"https:\/\/bohngass.com.br\/?page_id=4256#breadcrumb\",\"itemListElement\":[{\"@type\":\"ListItem\",\"position\":1,\"name\":\"In\u00edcio\",\"item\":\"https:\/\/bohngass.com.br\/\"},{\"@type\":\"ListItem\",\"position\":2,\"name\":\"Abril 2026\"}]},{\"@type\":\"WebSite\",\"@id\":\"https:\/\/bohngass.com.br\/#website\",\"url\":\"https:\/\/bohngass.com.br\/\",\"name\":\"Deputado Federal Bohn Gass \u2605 PT\/RS\",\"description\":\"Deputado Federal Bohn Gass\",\"publisher\":{\"@id\":\"https:\/\/bohngass.com.br\/#organization\"},\"potentialAction\":[{\"@type\":\"SearchAction\",\"target\":{\"@type\":\"EntryPoint\",\"urlTemplate\":\"https:\/\/bohngass.com.br\/?s={search_term_string}\"},\"query-input\":\"required name=search_term_string\"}],\"inLanguage\":\"pt-BR\"},{\"@type\":\"Organization\",\"@id\":\"https:\/\/bohngass.com.br\/#organization\",\"name\":\"Deputado Bohn Gass\",\"url\":\"https:\/\/bohngass.com.br\/\",\"logo\":{\"@type\":\"ImageObject\",\"inLanguage\":\"pt-BR\",\"@id\":\"https:\/\/bohngass.com.br\/#\/schema\/logo\/image\/\",\"url\":\"http:\/\/bohngass.com.br\/wp-content\/uploads\/2021\/01\/logo.png\",\"contentUrl\":\"http:\/\/bohngass.com.br\/wp-content\/uploads\/2021\/01\/logo.png\",\"width\":357,\"height\":355,\"caption\":\"Deputado Bohn Gass\"},\"image\":{\"@id\":\"https:\/\/bohngass.com.br\/#\/schema\/logo\/image\/\"},\"sameAs\":[\"https:\/\/www.facebook.com\/bohngass13\",\"https:\/\/x.com\/BohnGass\",\"https:\/\/www.instagram.com\/bohn_gass\/\",\"https:\/\/www.youtube.com\/BohnGass13\/\",\"https:\/\/pt.wikipedia.org\/wiki\/Bohn_Gass\"]}]}<\/script>\n<!-- \/ Yoast SEO plugin. -->","yoast_head_json":{"title":"Abril 2026 - Deputado Federal Bohn Gass \u2605 PT\/RS","robots":{"index":"index","follow":"follow","max-snippet":"max-snippet:-1","max-image-preview":"max-image-preview:large","max-video-preview":"max-video-preview:-1"},"canonical":"https:\/\/bohngass.com.br\/?page_id=4256","og_locale":"pt_BR","og_type":"article","og_title":"Abril 2026 - Deputado Federal Bohn Gass \u2605 PT\/RS","og_description":"R\u00e1dio Pe\u00e3o BrasilCNTA participa de Audi\u00eancia P\u00fablica sobre redu\u00e7\u00e3o da jornada no RSJ\u00e1 Elvino Bohn Gass (PT-RS) destacou que mudan\u00e7as s\u00f3 ocorrem com press\u00e3o social organizada. \u201cQuando h\u00e1 mobiliza\u00e7\u00e3o, o Congresso responde. O fim da escala 6\u00d71 pode ser a principal conquista da classe trabalhadora neste per\u00edodo\u201d, disse. Grupo ChiruBarra do Guarita garante mais de [&hellip;]","og_url":"https:\/\/bohngass.com.br\/?page_id=4256","og_site_name":"Deputado Federal Bohn Gass \u2605 PT\/RS","article_publisher":"https:\/\/www.facebook.com\/bohngass13","twitter_card":"summary_large_image","twitter_site":"@BohnGass","twitter_misc":{"Est. tempo de leitura":"7 minutos"},"schema":{"@context":"https:\/\/schema.org","@graph":[{"@type":"WebPage","@id":"https:\/\/bohngass.com.br\/?page_id=4256","url":"https:\/\/bohngass.com.br\/?page_id=4256","name":"Abril 2026 - Deputado Federal Bohn Gass \u2605 PT\/RS","isPartOf":{"@id":"https:\/\/bohngass.com.br\/#website"},"datePublished":"2026-04-22T15:20:16+00:00","dateModified":"2026-04-22T15:20:16+00:00","breadcrumb":{"@id":"https:\/\/bohngass.com.br\/?page_id=4256#breadcrumb"},"inLanguage":"pt-BR","potentialAction":[{"@type":"ReadAction","target":["https:\/\/bohngass.com.br\/?page_id=4256"]}]},{"@type":"BreadcrumbList","@id":"https:\/\/bohngass.com.br\/?page_id=4256#breadcrumb","itemListElement":[{"@type":"ListItem","position":1,"name":"In\u00edcio","item":"https:\/\/bohngass.com.br\/"},{"@type":"ListItem","position":2,"name":"Abril 2026"}]},{"@type":"WebSite","@id":"https:\/\/bohngass.com.br\/#website","url":"https:\/\/bohngass.com.br\/","name":"Deputado Federal Bohn Gass \u2605 PT\/RS","description":"Deputado Federal Bohn Gass","publisher":{"@id":"https:\/\/bohngass.com.br\/#organization"},"potentialAction":[{"@type":"SearchAction","target":{"@type":"EntryPoint","urlTemplate":"https:\/\/bohngass.com.br\/?s={search_term_string}"},"query-input":"required name=search_term_string"}],"inLanguage":"pt-BR"},{"@type":"Organization","@id":"https:\/\/bohngass.com.br\/#organization","name":"Deputado Bohn Gass","url":"https:\/\/bohngass.com.br\/","logo":{"@type":"ImageObject","inLanguage":"pt-BR","@id":"https:\/\/bohngass.com.br\/#\/schema\/logo\/image\/","url":"http:\/\/bohngass.com.br\/wp-content\/uploads\/2021\/01\/logo.png","contentUrl":"http:\/\/bohngass.com.br\/wp-content\/uploads\/2021\/01\/logo.png","width":357,"height":355,"caption":"Deputado Bohn Gass"},"image":{"@id":"https:\/\/bohngass.com.br\/#\/schema\/logo\/image\/"},"sameAs":["https:\/\/www.facebook.com\/bohngass13","https:\/\/x.com\/BohnGass","https:\/\/www.instagram.com\/bohn_gass\/","https:\/\/www.youtube.com\/BohnGass13\/","https:\/\/pt.wikipedia.org\/wiki\/Bohn_Gass"]}]}},"_links":{"self":[{"href":"https:\/\/bohngass.com.br\/index.php?rest_route=\/wp\/v2\/pages\/4256","targetHints":{"allow":["GET"]}}],"collection":[{"href":"https:\/\/bohngass.com.br\/index.php?rest_route=\/wp\/v2\/pages"}],"about":[{"href":"https:\/\/bohngass.com.br\/index.php?rest_route=\/wp\/v2\/types\/page"}],"author":[{"embeddable":true,"href":"https:\/\/bohngass.com.br\/index.php?rest_route=\/wp\/v2\/users\/1"}],"replies":[{"embeddable":true,"href":"https:\/\/bohngass.com.br\/index.php?rest_route=%2Fwp%2Fv2%2Fcomments&post=4256"}],"version-history":[{"count":1,"href":"https:\/\/bohngass.com.br\/index.php?rest_route=\/wp\/v2\/pages\/4256\/revisions"}],"predecessor-version":[{"id":4257,"href":"https:\/\/bohngass.com.br\/index.php?rest_route=\/wp\/v2\/pages\/4256\/revisions\/4257"}],"wp:attachment":[{"href":"https:\/\/bohngass.com.br\/index.php?rest_route=%2Fwp%2Fv2%2Fmedia&parent=4256"}],"curies":[{"name":"wp","href":"https:\/\/api.w.org\/{rel}","templated":true}]}}