{"id":580,"date":"2021-04-16T10:50:17","date_gmt":"2021-04-16T13:50:17","guid":{"rendered":"http:\/\/bohngass.com.br\/?page_id=580"},"modified":"2021-04-16T10:50:17","modified_gmt":"2021-04-16T13:50:17","slug":"janeiro-2021","status":"publish","type":"page","link":"https:\/\/bohngass.com.br\/?page_id=580","title":{"rendered":"Janeiro 2021"},"content":{"rendered":"\n<p><strong>Folha do Mate<\/strong><br><a rel=\"noreferrer noopener\" href=\"https:\/\/www.google.com\/url?rct=j&amp;sa=t&amp;url=https:\/\/folhadomate.com\/noticias\/politica\/deputados-lucas-redecker-e-alceu-moreira-foram-os-que-mais-enviaram-recursos-para-mato-leitao\/&amp;ct=ga&amp;cd=CAEYACoTMzA4ODE0ODk1OTEzMTc2MTc3NDIdZDZlZjc2ZjMyMGYyYWNmNjpjb20uYnI6cHQ6QlI&amp;usg=AFQjCNEJgC-bOI5jBtXWvT_nBOvfuHxyug\" target=\"_blank\">Deputados Lucas Redecker e Alceu Moreira foram os que mais enviaram recursos para Mato Leit\u00e3o<\/a><br><em>Deputado federal&nbsp;<strong>Elvino Bohn Gass (PT)<\/strong>&nbsp;\u2013 R$ 230 mil \u2013 84 \u2013 \u00c1rea de custeio da Secretaria de Sa\u00fade e aquisi\u00e7\u00e3o de um trator agr\u00edcola<\/em><\/p>\n\n\n\n<p><strong>Ag\u00eancia C\u00e2mara de Not\u00edcias<\/strong><br><a rel=\"noreferrer noopener\" href=\"https:\/\/www.google.com\/url?rct=j&amp;sa=t&amp;url=https:\/\/www.camara.leg.br\/noticias\/723080-cinco-projetos-anulam-decreto-que-inclui-ceitec-no-plano-de-privatizacoes-do-governo-federal&amp;ct=ga&amp;cd=CAEYACoUMTU3NTcxNzAyNzIyNDE4MDQ5OTkyHWQ2ZWY3NmYzMjBmMmFjZjY6Y29tLmJyOnB0OkJS&amp;usg=AFQjCNGJw8KrjzkxuYnOX94BF6jWX3GtCQ\" target=\"_blank\">Cinco projetos anulam decreto que inclui Ceitec no plano de privatiza\u00e7\u00f5es do governo federal<\/a><br><em>O PDL 563\/20, dos deputados Pompeo de Mattos (PDT-RS), Fernanda Melchionna (Psol-RS),&nbsp;<strong>Bohn Gass (PT-RS)<\/strong>, Wolney Queiroz (PDT-PE), T\u00falio Gad\u00ealha (PDT-PE) e Glauber Braga (Psol-RJ), refor\u00e7a o mesmo entendimento. \u201cSe a institui\u00e7\u00e3o da empresa p\u00fablica foi autorizada por ato jur\u00eddico complexo \u2013 lei espec\u00edfica, que \u00e9 jun\u00e7\u00e3o das vontades dos poderes Executivo e Legislativo \u2013, somente pelo mesmo instrumento poder\u00e1 ser dissolvida ou privatizada\u201d, diz a justificativa que acompanha a proposta.<\/em><\/p>\n\n\n\n<p><strong>Jornal do Com\u00e9rcio<\/strong><br><a rel=\"noreferrer noopener\" href=\"https:\/\/www.google.com\/url?rct=j&amp;sa=t&amp;url=https:\/\/www.jornaldocomercio.com\/_conteudo\/colunas\/reporter_brasilia\/2021\/01\/774180-resposta-ao-presidente-frances.html&amp;ct=ga&amp;cd=CAEYACoUMTUxMzAyNTExNTU1NzA5ODI3MzAyHWQ2ZWY3NmYzMjBmMmFjZjY6Y29tLmJyOnB0OkJS&amp;usg=AFQjCNH5FNCVF6HFYA1Ux8IWc8dXlEyOgQ\" target=\"_blank\">Resposta ao presidente franc\u00eas<\/a><br><em>O deputado federal ga\u00facho&nbsp;<strong>Bohn Gass<\/strong>&nbsp;(PT), afirma que \u201ca Frente Parlamentar Mista em Defesa da Soberania Nacional&nbsp;<\/em><\/p>\n\n\n\n<p><strong>Brasil de Fato<\/strong><br><a rel=\"noreferrer noopener\" href=\"https:\/\/www.google.com\/url?rct=j&amp;sa=t&amp;url=https:\/\/www.brasildefato.com.br\/2021\/01\/13\/deputados-pedem-que-parlamentares-venezuelanos-se-manifestam-contra-bolsonaro&amp;ct=ga&amp;cd=CAEYASoUMTUxMzAyNTExNTU1NzA5ODI3MzAyHWQ2ZWY3NmYzMjBmMmFjZjY6Y29tLmJyOnB0OkJS&amp;usg=AFQjCNFUZPxCJUUu0kDpz_Mo2VUoDKRZyA\" target=\"_blank\">Deputados pedem que parlamentares venezuelanos se manifestem contra Bolsonaro<\/a><br><em>Deputados federais e senadores do PT, PSOL e PCdoB enviaram uma carta aos parlamentares da Venezuela e ao presidente da&nbsp;Assembleia Nacional, Jorge Rodriguez, afirmando que n\u00e3o compactuam com o comportamento do presidente brasileiro Jair Bolsonaro em rela\u00e7\u00e3o ao governo de&nbsp;Nicol\u00e1s Maduro.&nbsp;<\/em><\/p>\n\n\n\n<p><strong>Folha do Mate<\/strong><br><a rel=\"noreferrer noopener\" href=\"https:\/\/www.google.com\/url?rct=j&amp;sa=t&amp;url=https:\/\/folhadomate.com\/noticias\/economia\/administracao-de-mato-leitao-encerrou-2020-com-r-42-milhoes-em-caixa\/&amp;ct=ga&amp;cd=CAEYACoTNjE5ODg2MDgyODI4NzA4NTc2NTIdZDZlZjc2ZjMyMGYyYWNmNjpjb20uYnI6cHQ6QlI&amp;usg=AFQjCNGilD32DyNO-aPFMyTHO6XJCsBYlQ\" target=\"_blank\">Administra\u00e7\u00e3o de Mato Leit\u00e3o encerrou 2020 com R$ 4,2 milh\u00f5es em caixa<\/a><br><em>Parlamentares que destinaram emendas<br>Deputados federais: Lucas Redecker (PSDB), Alceu Moreira (MDB), Pompeo de Mattos (PDT), Afonso Hamm (Progressistas), Heitor Schuch (PSB), Yeda Crusius (PSDB),&nbsp;<strong>Bohn Gass (PT)<\/strong>&nbsp;Jer\u00f4nimo Goergen (Progressistas) e Maria do Ros\u00e1rio (PT).<br>Senadores: Paulo Paim (PT) e Luis Carlos Heinze (Progressistas).<\/em><\/p>\n\n\n\n<p><strong>Causa Oper\u00e1ria<\/strong><br><a rel=\"noreferrer noopener\" href=\"https:\/\/www.google.com\/url?rct=j&amp;sa=t&amp;url=https:\/\/www.causaoperaria.org.br\/apoio-a-baleia-fortalece-direita-golpista-cumplice-de-bolsonaro\/&amp;ct=ga&amp;cd=CAEYACoROTU0MzA0NDY1ODAzMTczNTUyHWQ2ZWY3NmYzMjBmMmFjZjY6Y29tLmJyOnB0OkJS&amp;usg=AFQjCNH06DyJEgjcNjiA_CR5V7gdy0WGqw\" target=\"_blank\">Apoio a Baleia \u201cfortalece direita golpista c\u00famplice de Bolsonaro\u201d<\/a><br><em>E 23 votaram contra: Afonso Florense, Arlindo Chinaglia,&nbsp;<strong>Bohn Gass<\/strong>, C\u00e9lio Moura, Frei Anastacio Ribeiro, Helder Salom\u00e3o, Henrique Fontana, Jorge Solla, Jos\u00e9 Ricardo, Joseildo Ramos, Marcon, Maria do Ros\u00e1ri,o Nat\u00e1lia Bonavides, Odair Cunha, Padre Jo\u00e3o, Paulo Teixeira, Pedro Uczai, Reginaldo Lopes, Rog\u00e9rio Correia, Rui Falc\u00e3o, Waldenor Pereira, Z\u00e9 Carlos e Zeca Dirceu.<\/em><\/p>\n\n\n\n<p><strong>Pensar Piau\u00ed<\/strong><br><a rel=\"noreferrer noopener\" href=\"https:\/\/www.google.com\/url?rct=j&amp;sa=t&amp;url=https:\/\/pensarpiaui.com\/noticia\/a-caminho-do-centrao.html&amp;ct=ga&amp;cd=CAEYACoTODI1MTUzNjE2MTc5MDgxMzQ5NzIdZDZlZjc2ZjMyMGYyYWNmNjpjb20uYnI6cHQ6QlI&amp;usg=AFQjCNHz8GjTxkGgZBLv4KNKr9yH13wHCQ\" target=\"_blank\">\u00c0 caminho do Centr\u00e3o<\/a><br><em>Antes, lembremos os 23 deputados federais do PT \u2013 a maior bancada da C\u00e2mara de Deputados \u2013 que foram contra o apoio ao Baleia: Afonso Florense, Arlindo Chinaglia,&nbsp;<strong>Bohn Gass<\/strong>, C\u00e9lio Moura, Frei Anastacio Ribeiro, Helder Salom\u00e3o, Henrique Fontana, Jorge Solla, Jos\u00e9 Ricardo, Joseildo Ramos, Marcon, Maria do Ros\u00e1rio, Nat\u00e1lia Bonavides, Odair Cunha, Padre Jo\u00e3o, Paulo Teixeira, Pedro Uczai, Reginaldo Lopes, Rog\u00e9rio Correia, Rui Falc\u00e3o, Waldenor Pereira, Z\u00e9 Carlos e Zeca Dirceu. Nomes de peso, deputados que comandaram o partido \u2013 como Rui Falc\u00e3o -, com amplo tr\u00e2nsito e respeito em processos de negocia\u00e7\u00e3o pol\u00edtica \u2013 como Elvino Bohn Gass -, deputados com muito destaque em seus Estados \u2013 como Maria do Ros\u00e1rio, Odair Cunha, Reginaldo Lopes, Paulo Teixeira, entre outros. Os vitoriosos decidiram divulgar aos quatro cantos que \u201cagora vai\u201d.&nbsp;<\/em><\/p>\n\n\n\n<p><strong>Brasil 247<\/strong><br><a rel=\"noreferrer noopener\" href=\"https:\/\/www.google.com\/url?rct=j&amp;sa=t&amp;url=https:\/\/www.brasil247.com\/regionais\/brasilia\/veja-como-votou-cada-deputado-do-pt-na-decisao-de-apoiar-baleia-rossi&amp;ct=ga&amp;cd=CAEYACoTMTQxMjgzODUxMzA3ODkyNjUwNDIdZDZlZjc2ZjMyMGYyYWNmNjpjb20uYnI6cHQ6QlI&amp;usg=AFQjCNFIdGoy5kTAIozNkEYtEquNFU_kTQ\" target=\"_blank\">Veja como votou cada deputado do PT na decis\u00e3o de apoiar Baleia Rossi<\/a><\/p>\n\n\n\n<p><strong>BR18<\/strong><br><a rel=\"noreferrer noopener\" href=\"https:\/\/www.google.com\/url?rct=j&amp;sa=t&amp;url=https:\/\/brpolitico.com.br\/noticias\/minimo-sem-ganho-real\/&amp;ct=ga&amp;cd=CAEYACoTNjQ5MTAyNzY4NDU2ODA3MjkwNDIdZDZlZjc2ZjMyMGYyYWNmNjpjb20uYnI6cHQ6QlI&amp;usg=AFQjCNGm0X9nkdjHyPIhenRdd5luUaS7TA\" target=\"_blank\">M\u00ednimo sem ganho real<\/a><br><em>Para o deputado federal&nbsp;<strong>Bohn Gass (PT-RS)<\/strong>, o reajuste dado pelo governo est\u00e1 abaixo do que deveria ser dado para garantir a reposi\u00e7\u00e3o das perdas causadas pela infla\u00e7\u00e3o.<\/em><\/p>\n","protected":false},"excerpt":{"rendered":"<p>Folha do MateDeputados Lucas Redecker e Alceu Moreira foram os que mais enviaram recursos para Mato Leit\u00e3oDeputado federal&nbsp;Elvino Bohn Gass (PT)&nbsp;\u2013 R$ 230 mil \u2013 84 \u2013 \u00c1rea de custeio da Secretaria de Sa\u00fade e aquisi\u00e7\u00e3o de um trator agr\u00edcola Ag\u00eancia C\u00e2mara de Not\u00edciasCinco projetos anulam decreto que inclui Ceitec no plano de privatiza\u00e7\u00f5es do [&hellip;]<\/p>\n","protected":false},"author":1,"featured_media":0,"parent":0,"menu_order":0,"comment_status":"closed","ping_status":"closed","template":"","meta":{"footnotes":""},"class_list":["post-580","page","type-page","status-publish","hentry"],"yoast_head":"<!-- This site is optimized with the Yoast SEO plugin v27.4 - https:\/\/yoast.com\/product\/yoast-seo-wordpress\/ -->\n<title>Janeiro 2021 - Deputado Federal Bohn Gass \u2605 PT\/RS<\/title>\n<meta name=\"robots\" content=\"index, follow, max-snippet:-1, max-image-preview:large, max-video-preview:-1\" \/>\n<link rel=\"canonical\" href=\"https:\/\/bohngass.com.br\/?page_id=580\" \/>\n<meta property=\"og:locale\" content=\"pt_BR\" \/>\n<meta property=\"og:type\" content=\"article\" \/>\n<meta property=\"og:title\" content=\"Janeiro 2021 - Deputado Federal Bohn Gass \u2605 PT\/RS\" \/>\n<meta property=\"og:description\" content=\"Folha do MateDeputados Lucas Redecker e Alceu Moreira foram os que mais enviaram recursos para Mato Leit\u00e3oDeputado federal&nbsp;Elvino Bohn Gass (PT)&nbsp;\u2013 R$ 230 mil \u2013 84 \u2013 \u00c1rea de custeio da Secretaria de Sa\u00fade e aquisi\u00e7\u00e3o de um trator agr\u00edcola Ag\u00eancia C\u00e2mara de Not\u00edciasCinco projetos anulam decreto que inclui Ceitec no plano de privatiza\u00e7\u00f5es do [&hellip;]\" \/>\n<meta property=\"og:url\" content=\"https:\/\/bohngass.com.br\/?page_id=580\" \/>\n<meta property=\"og:site_name\" content=\"Deputado Federal Bohn Gass \u2605 PT\/RS\" \/>\n<meta property=\"article:publisher\" content=\"https:\/\/www.facebook.com\/bohngass13\" \/>\n<meta name=\"twitter:card\" content=\"summary_large_image\" \/>\n<meta name=\"twitter:site\" content=\"@BohnGass\" \/>\n<meta name=\"twitter:label1\" content=\"Est. tempo de leitura\" \/>\n\t<meta name=\"twitter:data1\" content=\"3 minutos\" \/>\n<script type=\"application\/ld+json\" class=\"yoast-schema-graph\">{\"@context\":\"https:\\\/\\\/schema.org\",\"@graph\":[{\"@type\":\"WebPage\",\"@id\":\"https:\\\/\\\/bohngass.com.br\\\/?page_id=580\",\"url\":\"https:\\\/\\\/bohngass.com.br\\\/?page_id=580\",\"name\":\"Janeiro 2021 - Deputado Federal Bohn Gass \u2605 PT\\\/RS\",\"isPartOf\":{\"@id\":\"https:\\\/\\\/bohngass.com.br\\\/#website\"},\"datePublished\":\"2021-04-16T13:50:17+00:00\",\"breadcrumb\":{\"@id\":\"https:\\\/\\\/bohngass.com.br\\\/?page_id=580#breadcrumb\"},\"inLanguage\":\"pt-BR\",\"potentialAction\":[{\"@type\":\"ReadAction\",\"target\":[\"https:\\\/\\\/bohngass.com.br\\\/?page_id=580\"]}]},{\"@type\":\"BreadcrumbList\",\"@id\":\"https:\\\/\\\/bohngass.com.br\\\/?page_id=580#breadcrumb\",\"itemListElement\":[{\"@type\":\"ListItem\",\"position\":1,\"name\":\"In\u00edcio\",\"item\":\"https:\\\/\\\/bohngass.com.br\\\/\"},{\"@type\":\"ListItem\",\"position\":2,\"name\":\"Janeiro 2021\"}]},{\"@type\":\"WebSite\",\"@id\":\"https:\\\/\\\/bohngass.com.br\\\/#website\",\"url\":\"https:\\\/\\\/bohngass.com.br\\\/\",\"name\":\"Deputado Federal Bohn Gass \u2605 PT\\\/RS\",\"description\":\"Deputado Federal Bohn Gass\",\"publisher\":{\"@id\":\"https:\\\/\\\/bohngass.com.br\\\/#organization\"},\"potentialAction\":[{\"@type\":\"SearchAction\",\"target\":{\"@type\":\"EntryPoint\",\"urlTemplate\":\"https:\\\/\\\/bohngass.com.br\\\/?s={search_term_string}\"},\"query-input\":{\"@type\":\"PropertyValueSpecification\",\"valueRequired\":true,\"valueName\":\"search_term_string\"}}],\"inLanguage\":\"pt-BR\"},{\"@type\":\"Organization\",\"@id\":\"https:\\\/\\\/bohngass.com.br\\\/#organization\",\"name\":\"Deputado Bohn Gass\",\"url\":\"https:\\\/\\\/bohngass.com.br\\\/\",\"logo\":{\"@type\":\"ImageObject\",\"inLanguage\":\"pt-BR\",\"@id\":\"https:\\\/\\\/bohngass.com.br\\\/#\\\/schema\\\/logo\\\/image\\\/\",\"url\":\"http:\\\/\\\/bohngass.com.br\\\/wp-content\\\/uploads\\\/2021\\\/01\\\/logo.png\",\"contentUrl\":\"http:\\\/\\\/bohngass.com.br\\\/wp-content\\\/uploads\\\/2021\\\/01\\\/logo.png\",\"width\":357,\"height\":355,\"caption\":\"Deputado Bohn Gass\"},\"image\":{\"@id\":\"https:\\\/\\\/bohngass.com.br\\\/#\\\/schema\\\/logo\\\/image\\\/\"},\"sameAs\":[\"https:\\\/\\\/www.facebook.com\\\/bohngass13\",\"https:\\\/\\\/x.com\\\/BohnGass\",\"https:\\\/\\\/www.instagram.com\\\/bohn_gass\\\/\",\"https:\\\/\\\/www.youtube.com\\\/BohnGass13\\\/\",\"https:\\\/\\\/pt.wikipedia.org\\\/wiki\\\/Bohn_Gass\"]}]}<\/script>\n<!-- \/ Yoast SEO plugin. -->","yoast_head_json":{"title":"Janeiro 2021 - Deputado Federal Bohn Gass \u2605 PT\/RS","robots":{"index":"index","follow":"follow","max-snippet":"max-snippet:-1","max-image-preview":"max-image-preview:large","max-video-preview":"max-video-preview:-1"},"canonical":"https:\/\/bohngass.com.br\/?page_id=580","og_locale":"pt_BR","og_type":"article","og_title":"Janeiro 2021 - Deputado Federal Bohn Gass \u2605 PT\/RS","og_description":"Folha do MateDeputados Lucas Redecker e Alceu Moreira foram os que mais enviaram recursos para Mato Leit\u00e3oDeputado federal&nbsp;Elvino Bohn Gass (PT)&nbsp;\u2013 R$ 230 mil \u2013 84 \u2013 \u00c1rea de custeio da Secretaria de Sa\u00fade e aquisi\u00e7\u00e3o de um trator agr\u00edcola Ag\u00eancia C\u00e2mara de Not\u00edciasCinco projetos anulam decreto que inclui Ceitec no plano de privatiza\u00e7\u00f5es do [&hellip;]","og_url":"https:\/\/bohngass.com.br\/?page_id=580","og_site_name":"Deputado Federal Bohn Gass \u2605 PT\/RS","article_publisher":"https:\/\/www.facebook.com\/bohngass13","twitter_card":"summary_large_image","twitter_site":"@BohnGass","twitter_misc":{"Est. tempo de leitura":"3 minutos"},"schema":{"@context":"https:\/\/schema.org","@graph":[{"@type":"WebPage","@id":"https:\/\/bohngass.com.br\/?page_id=580","url":"https:\/\/bohngass.com.br\/?page_id=580","name":"Janeiro 2021 - Deputado Federal Bohn Gass \u2605 PT\/RS","isPartOf":{"@id":"https:\/\/bohngass.com.br\/#website"},"datePublished":"2021-04-16T13:50:17+00:00","breadcrumb":{"@id":"https:\/\/bohngass.com.br\/?page_id=580#breadcrumb"},"inLanguage":"pt-BR","potentialAction":[{"@type":"ReadAction","target":["https:\/\/bohngass.com.br\/?page_id=580"]}]},{"@type":"BreadcrumbList","@id":"https:\/\/bohngass.com.br\/?page_id=580#breadcrumb","itemListElement":[{"@type":"ListItem","position":1,"name":"In\u00edcio","item":"https:\/\/bohngass.com.br\/"},{"@type":"ListItem","position":2,"name":"Janeiro 2021"}]},{"@type":"WebSite","@id":"https:\/\/bohngass.com.br\/#website","url":"https:\/\/bohngass.com.br\/","name":"Deputado Federal Bohn Gass \u2605 PT\/RS","description":"Deputado Federal Bohn Gass","publisher":{"@id":"https:\/\/bohngass.com.br\/#organization"},"potentialAction":[{"@type":"SearchAction","target":{"@type":"EntryPoint","urlTemplate":"https:\/\/bohngass.com.br\/?s={search_term_string}"},"query-input":{"@type":"PropertyValueSpecification","valueRequired":true,"valueName":"search_term_string"}}],"inLanguage":"pt-BR"},{"@type":"Organization","@id":"https:\/\/bohngass.com.br\/#organization","name":"Deputado Bohn Gass","url":"https:\/\/bohngass.com.br\/","logo":{"@type":"ImageObject","inLanguage":"pt-BR","@id":"https:\/\/bohngass.com.br\/#\/schema\/logo\/image\/","url":"http:\/\/bohngass.com.br\/wp-content\/uploads\/2021\/01\/logo.png","contentUrl":"http:\/\/bohngass.com.br\/wp-content\/uploads\/2021\/01\/logo.png","width":357,"height":355,"caption":"Deputado Bohn Gass"},"image":{"@id":"https:\/\/bohngass.com.br\/#\/schema\/logo\/image\/"},"sameAs":["https:\/\/www.facebook.com\/bohngass13","https:\/\/x.com\/BohnGass","https:\/\/www.instagram.com\/bohn_gass\/","https:\/\/www.youtube.com\/BohnGass13\/","https:\/\/pt.wikipedia.org\/wiki\/Bohn_Gass"]}]}},"_links":{"self":[{"href":"https:\/\/bohngass.com.br\/index.php?rest_route=\/wp\/v2\/pages\/580","targetHints":{"allow":["GET"]}}],"collection":[{"href":"https:\/\/bohngass.com.br\/index.php?rest_route=\/wp\/v2\/pages"}],"about":[{"href":"https:\/\/bohngass.com.br\/index.php?rest_route=\/wp\/v2\/types\/page"}],"author":[{"embeddable":true,"href":"https:\/\/bohngass.com.br\/index.php?rest_route=\/wp\/v2\/users\/1"}],"replies":[{"embeddable":true,"href":"https:\/\/bohngass.com.br\/index.php?rest_route=%2Fwp%2Fv2%2Fcomments&post=580"}],"version-history":[{"count":0,"href":"https:\/\/bohngass.com.br\/index.php?rest_route=\/wp\/v2\/pages\/580\/revisions"}],"wp:attachment":[{"href":"https:\/\/bohngass.com.br\/index.php?rest_route=%2Fwp%2Fv2%2Fmedia&parent=580"}],"curies":[{"name":"wp","href":"https:\/\/api.w.org\/{rel}","templated":true}]}}